{"id":732,"date":"2025-02-28T10:32:16","date_gmt":"2025-02-28T10:32:16","guid":{"rendered":"https:\/\/www.diecastingschina.com\/?page_id=732"},"modified":"2026-02-20T16:00:05","modified_gmt":"2026-02-20T16:00:05","slug":"endustri%cc%87-serti%cc%87fi%cc%87kalari","status":"publish","type":"page","link":"https:\/\/www.diecastingschina.com\/tr\/endustri%cc%87-serti%cc%87fi%cc%87kalari\/","title":{"rendered":"Sertifikalar &amp; \u00dcyelikler"},"content":{"rendered":"<p>Biz <strong>IATF 16949 sertifikal\u0131 bas\u0131n\u00e7l\u0131 d\u00f6k\u00fcm \u015firketi<\/strong> \u00c7in'de, al\u00fcminyum, \u00e7inko ve magnezyumdan y\u00fcksek kaliteli bas\u0131n\u00e7l\u0131 d\u00f6k\u00fcm \u00fcr\u00fcnleri sunmaktad\u0131r. bize verileri g\u00f6ndermeden \u00f6nce NDA belgesini imzalamaya haz\u0131r\u0131z.<\/p>\n\n\n\n<p>IATF 16949:2016, ISO 14001 ve ISO 9001 kalite y\u00f6netim sistemleri, otomotiv bas\u0131n\u00e7l\u0131 d\u00f6k\u00fcm bile\u015fenleri \u00fcreten bir bas\u0131n\u00e7l\u0131 d\u00f6k\u00fcm \u00fcreticisi i\u00e7in s\u0131k\u0131 bir \u015fekilde uygulanmaktad\u0131r.<\/p>\n\n\n\n<p>Die Castings China'n\u0131n kalite kontrol \u00f6zellikleri <a href=\"\/tr\/dokum-muhendi%cc%87sli%cc%87k-eki%cc%87bi%cc%87\/\">son teknoloji\u0307 kontrol si\u0307stemleri\u0307<\/a>. Bu, bas\u0131n\u00e7l\u0131 d\u00f6k\u00fcm teknisyenlerimize bas\u0131n\u00e7l\u0131 d\u00f6k\u00fcmlerin derinliklerine bakma ve kal\u0131ptan ge\u00e7en metal ak\u0131\u015f\u0131n\u0131n derinli\u011fini ve \u00fcretimdeki di\u011fer kritik test parametrelerini analiz etme olana\u011f\u0131 sa\u011flar. <a href=\"\/tr\/dokum-hi%cc%87zmetleri%cc%87-ci%cc%87n\/ci%cc%87nko-dokum-ci%cc%87n\/\">y\u00fcksek kali\u0307te \u00e7i\u0307nko<\/a> ve <a href=\"\/tr\/dokum-hi%cc%87zmetleri%cc%87-ci%cc%87n\/alumi%cc%87nyum-dokum\/\">al\u00fcmi\u0307nyum d\u00f6k\u00fcmler<\/a>.<\/p>\n\n\n\n<p>Komple kal\u0131p d\u00f6k\u00fcm\u00fcm\u00fcz,&nbsp; <a href=\"\/tr\/ci%cc%87nde-dokum-i%cc%87sleme\/\">tala\u015fl\u0131 imalat<\/a>, m\u00fchendislik ve <a href=\"\/tr\/ningbo-xusheng-machinery-die-casting-china\/musteri%cc%87-guvencesi%cc%87\/\">y\u00f6netici kadrosu, g\u00fcn\u00fcm\u00fczde mevcut olan en y\u00fcksek kalitede al\u00fcminyum ve \u00e7inko d\u00f6k\u00fcm par\u00e7alar \u00fcretmeye kendini adam\u0131\u015ft\u0131r<\/a>.<\/p>\n\n\n\n<p><strong>Y\u00fcksek hacimli \u00fcretim i\u00e7in eksiksiz <a href=\"\/tr\/kali%cc%87te-kontrol-dokum\/\">kali\u0307te kontrol<\/a> bir projenin t\u00fcm a\u015famalar\u0131na odaklan\u0131r.<\/strong><\/p>\n\n\n\n<p>Bu proje felsefesini s\u00fcrd\u00fcrmek, <a href=\"https:\/\/www.diecastingschina.com\/tr\" data-type=\"link\" data-id=\"https:\/\/www.diecastingschina.com\/\">\u00c7in D\u00f6k\u00fcm Kal\u0131plar\u0131<\/a>&nbsp; d\u00fczenli olarak en son de\u011ferlendirme kaynaklar\u0131n\u0131n bak\u0131m\u0131n\u0131 yapmakta ve bunlara yat\u0131r\u0131m yapmaktad\u0131r. Bu ekipman\u0131 kalite g\u00fcvence uzmanlar\u0131m\u0131z\u0131n eline vererek, en \u00fcst d\u00fczey onay sertifikalar\u0131n\u0131 ve \u00fcyeliklerini alabildik.<\/p>\n\n\n\n<p>E\u011fer arad\u0131\u011f\u0131n\u0131z <strong>IATF16949 sertifikal\u0131 al\u00fcminyum y\u00fcksek bas\u0131n\u00e7l\u0131 d\u00f6k\u00fcm \u00fcreticisi<\/strong>bizimle ileti\u015fime ge\u00e7ebilirsiniz. 24 saat i\u00e7inde size fiyat teklif edece\u011fiz.<\/p>\n\n\n\n<figure class=\"wp-block-image size-large\"><img fetchpriority=\"high\" decoding=\"async\" width=\"717\" height=\"1024\" src=\"https:\/\/www.diecastingschina.com\/wp-content\/uploads\/2025\/06\/IATF16949-82132-717x1024.jpg\" alt=\"IATF16949-82132\" class=\"wp-image-1707\" srcset=\"https:\/\/www.diecastingschina.com\/wp-content\/uploads\/2025\/06\/IATF16949-82132-717x1024.jpg 717w, https:\/\/www.diecastingschina.com\/wp-content\/uploads\/2025\/06\/IATF16949-82132-210x300.jpg 210w, https:\/\/www.diecastingschina.com\/wp-content\/uploads\/2025\/06\/IATF16949-82132-768x1097.jpg 768w, https:\/\/www.diecastingschina.com\/wp-content\/uploads\/2025\/06\/IATF16949-82132-1075x1536.jpg 1075w, https:\/\/www.diecastingschina.com\/wp-content\/uploads\/2025\/06\/IATF16949-82132-8x12.jpg 8w, https:\/\/www.diecastingschina.com\/wp-content\/uploads\/2025\/06\/IATF16949-82132.jpg 1200w\" sizes=\"(max-width: 717px) 100vw, 717px\" \/><figcaption class=\"wp-element-caption\">IATF16949:2016-82132<\/figcaption><\/figure>\n\n\n\n<p><\/p>","protected":false},"excerpt":{"rendered":"<p>We are IATF 16949 certified die casting company in China, offering high quality die casting products from aluminum, zinc, and magnesium. we are willing to signed NDA document before you send us the data. The IATF 16949:2016, ISO 14001 and ISO 9001 quality management systems are strictly enforced to a die casting manufacturer who manufacutres [&hellip;]<\/p>\n","protected":false},"author":3,"featured_media":0,"parent":0,"menu_order":0,"comment_status":"closed","ping_status":"closed","template":"","meta":{"footnotes":""},"class_list":["post-732","page","type-page","status-publish","hentry"],"_links":{"self":[{"href":"https:\/\/www.diecastingschina.com\/tr\/wp-json\/wp\/v2\/pages\/732","targetHints":{"allow":["GET"]}}],"collection":[{"href":"https:\/\/www.diecastingschina.com\/tr\/wp-json\/wp\/v2\/pages"}],"about":[{"href":"https:\/\/www.diecastingschina.com\/tr\/wp-json\/wp\/v2\/types\/page"}],"author":[{"embeddable":true,"href":"https:\/\/www.diecastingschina.com\/tr\/wp-json\/wp\/v2\/users\/3"}],"replies":[{"embeddable":true,"href":"https:\/\/www.diecastingschina.com\/tr\/wp-json\/wp\/v2\/comments?post=732"}],"version-history":[{"count":0,"href":"https:\/\/www.diecastingschina.com\/tr\/wp-json\/wp\/v2\/pages\/732\/revisions"}],"wp:attachment":[{"href":"https:\/\/www.diecastingschina.com\/tr\/wp-json\/wp\/v2\/media?parent=732"}],"curies":[{"name":"wp","href":"https:\/\/api.w.org\/{rel}","templated":true}]}}