{"id":679,"date":"2025-02-28T09:59:56","date_gmt":"2025-02-28T09:59:56","guid":{"rendered":"https:\/\/www.diecastingschina.com\/?page_id=679"},"modified":"2025-10-10T05:06:30","modified_gmt":"2025-10-10T05:06:30","slug":"ci%cc%87nde-dokum-i%cc%87sleme","status":"publish","type":"page","link":"https:\/\/www.diecastingschina.com\/tr\/ci%cc%87nde-dokum-i%cc%87sleme\/","title":{"rendered":"Tala\u015fl\u0131 \u0130malat ve \u0130kincil Son \u0130\u015flem Hizmetleri"},"content":{"rendered":"<p>OEM m\u00fc\u015fterileri, \u00f6zel \u00fcr\u00fcnleri i\u00e7in d\u00fczenli olarak eksiksiz (hepsi bir arada) bir tedarik\u00e7i aramaktad\u0131r. Die Castings USA, bu m\u00fc\u015fteri ihtiyac\u0131na ince ayarlanm\u0131\u015f bir ikincil hizmetler listesi sunarak hizmet vermektedir.<\/p>\n\n\n\n<p>Ba\u015flang\u0131\u00e7 veya \u00e7ok tak\u0131ml\u0131 operasyonlar i\u00e7in CNC ekipman\u0131m\u0131z\u0131 kullanarak ekibimizin ikincil i\u015flemeyi tek bir istasyonda tamamlamas\u0131n\u0131 sa\u011fl\u0131yoruz. At <a href=\"https:\/\/www.diecastingschina.com\/tr\">\u00c7in D\u00f6k\u00fcm Kal\u0131plar\u0131<\/a>i\u015fleme hizmetlerimizi, kat\u0131 toleranslar\u0131 ve proje gereksinimlerini verimli bir \u015fekilde kar\u015f\u0131layacak \u015fekilde \u00f6zelle\u015ftiriyoruz.<\/p>\n\n\n\n<p>T\u00fcm \u015firket i\u00e7i i\u015fleme ve ikincil hizmetler, 40'tan fazla ithal CNC i\u015fleme merkezi seti, 30 set torna tezgah\u0131 ve p\u00fcsk\u00fcrtme makinelerinden Ultra Sonik y\u0131kama makinelerine kadar \u00e7e\u015fitli genel i\u015fleme ekipmanlar\u0131 ile tamamlanmaktad\u0131r. Sekt\u00f6r lideri tesisimiz, par\u00e7an\u0131z\u0131 \u015firket i\u00e7inde bitirmek ve d\u0131\u015f tedarik\u00e7ilerle a\u015f\u0131r\u0131 maliyetlerden ka\u00e7\u0131nmak i\u00e7in deneyimli M\u00fchendis, Operat\u00f6r ve M\u00fcfetti\u015f ekibine sahiptir. A\u015fa\u011f\u0131daki foto\u011fraflardan da g\u00f6rebilece\u011finiz gibi, \u00fcretim tesisimizin b\u00fcy\u00fck bir b\u00f6l\u00fcm\u00fc tala\u015fl\u0131 imalat ve finisaj hizmetlerine ayr\u0131lm\u0131\u015ft\u0131r.<\/p>\n\n\n\n<p>\u0130\u015fleme hizmetleri \u00c7in'deki tesisimizin temel avantajlar\u0131ndan biridir. OEM par\u00e7alar\u0131 otomatik ve kullan\u0131c\u0131 taraf\u0131ndan i\u015fletilen CNC i\u015fleme yoluyla i\u015flenir (CNC ekipman\u0131 t\u00fcrleri \u015funlar\u0131 i\u00e7erir: yatay, dikey veya 5 eksen). Bu ikincil hizmet operasyonlar\u0131 ta\u015flama, d\u00fczeltme, \u00e7apak alma, titre\u015fimli son i\u015flem, frezeleme, delme, k\u0131lavuz \u00e7ekme, di\u015f a\u00e7ma, parlatma, bas\u0131n\u00e7 testi, ultra y\u0131kama ve son montaj\u0131 i\u00e7erebilir. Bunlar ikincil \u00fcretim hizmetlerimizden sadece baz\u0131lar\u0131d\u0131r.<\/p>\n\n\n\n<p>Is\u0131l i\u015flem se\u00e7eneklerimiz aras\u0131nda \u015funlar bulunmaktad\u0131r: T4, T5, T6 ve T7. Bu i\u015flem hizmetleri \u00fcr\u00fcn\u00fcn kaynaklanabilirli\u011fini, per\u00e7in ve tutkalla birle\u015ftirilmesini ve d\u00fc\u015f\u00fck g\u00f6zenekli \u015fekiller elde edilmesini sa\u011flar.<\/p>\n\n\n\n<p>Ayr\u0131ca, m\u00fc\u015fteri spesifikasyonlar\u0131na ve ihtiya\u00e7lar\u0131na g\u00f6re \u00f6zel paketleme ile tam kitleme ve \u00fcr\u00fcn montajlar\u0131 sa\u011fl\u0131yoruz.<\/p>\n\n\n\n<figure class=\"wp-block-image aligncenter size-full\"><img fetchpriority=\"high\" decoding=\"async\" width=\"974\" height=\"250\" src=\"https:\/\/www.diecastingschina.com\/wp-content\/uploads\/2025\/02\/die-cast-machining-2.jpg\" alt=\"\" class=\"wp-image-683\" title=\"Bas\u0131n\u00e7l\u0131 D\u00f6k\u00fcm \u0130\u015fleme &amp; \u0130kincil Hizmetler\" srcset=\"https:\/\/www.diecastingschina.com\/wp-content\/uploads\/2025\/02\/die-cast-machining-2.jpg 974w, https:\/\/www.diecastingschina.com\/wp-content\/uploads\/2025\/02\/die-cast-machining-2-300x77.jpg 300w, https:\/\/www.diecastingschina.com\/wp-content\/uploads\/2025\/02\/die-cast-machining-2-768x197.jpg 768w\" sizes=\"(max-width: 974px) 100vw, 974px\" \/><\/figure>\n\n\n\n<h2 class=\"wp-block-heading\">\u0130\u015fleme ve ikincil hizmetlerimizin tam listesi \u015funlar\u0131 i\u00e7erir:<\/h2>\n\n\n\n<ul class=\"wp-block-list\">\n<li>Krom kaplama<\/li>\n\n\n\n<li>CNC \u0130\u015fleme<\/li>\n\n\n\n<li><a href=\"\/tr\/ci%cc%87nde-dokum-i%cc%87sleme\/capak-alma-hi%cc%87zmetleri%cc%87\/\">\u00c7apak alma<\/a><\/li>\n\n\n\n<li>Elektrostatik Boyama<\/li>\n\n\n\n<li><a href=\"\/tr\/ci%cc%87nde-dokum-i%cc%87sleme\/alumi%cc%87nyuma-isil-i%cc%87slem\/\">Is\u0131l \u0130\u015flem<\/a><\/li>\n\n\n\n<li><a href=\"\/tr\/ci%cc%87nde-dokum-i%cc%87sleme\/vakum-emdi%cc%87rme\/\">Emprenye<\/a><\/li>\n\n\n\n<li>Parlatma<\/li>\n\n\n\n<li>Toz Boya<\/li>\n\n\n\n<li><a href=\"\/tr\/ci%cc%87nde-dokum-i%cc%87sleme\/kumlama-hi%cc%87zmetleri%cc%87\/\">Kumlama<\/a><\/li>\n\n\n\n<li>Kumlama<\/li>\n\n\n\n<li>Ultrasonik Y\u0131kama<\/li>\n\n\n\n<li>Islak Boyama<\/li>\n\n\n\n<li><a href=\"https:\/\/www.diecastingschina.com\/tr\/eloksal-dokum-aluminyum\/\">Bas\u0131n\u00e7l\u0131 D\u00f6k\u00fcm Al\u00fcminyum Eloksal<\/a> <\/li>\n<\/ul>\n\n\n\n<p><em>Ultra Sonik \u00c7ama\u015f\u0131r makinesi | General Motors i\u00e7in par\u00e7a \u00fcretimi<\/em><\/p>\n\n\n\n<figure class=\"wp-block-image aligncenter size-full\"><img decoding=\"async\" width=\"974\" height=\"250\" src=\"https:\/\/www.diecastingschina.com\/wp-content\/uploads\/2025\/02\/new-machines.jpg\" alt=\"\" class=\"wp-image-682\" title=\"Ultra Sonik \u00c7ama\u015f\u0131r makinesi | General Motors i\u00e7in par\u00e7a \u00fcretimi\" srcset=\"https:\/\/www.diecastingschina.com\/wp-content\/uploads\/2025\/02\/new-machines.jpg 974w, https:\/\/www.diecastingschina.com\/wp-content\/uploads\/2025\/02\/new-machines-300x77.jpg 300w, https:\/\/www.diecastingschina.com\/wp-content\/uploads\/2025\/02\/new-machines-768x197.jpg 768w\" sizes=\"(max-width: 974px) 100vw, 974px\" \/><\/figure>\n\n\n\n<p><strong>CNC \u0130\u015fleme Merkezi Listesi<\/strong><\/p>\n\n\n\n<ul class=\"wp-block-list\">\n<li>(2) Haoyang A-650<\/li>\n\n\n\n<li>(1) Haoyang AS-500T<\/li>\n\n\n\n<li>(2) Orient (\u015eangay) Makine Teknik Merkezi TC-S2A-0<\/li>\n\n\n\n<li>(8) Mazak VTC-160AN<\/li>\n\n\n\n<li>(8) Feeler VM-32SA<\/li>\n\n\n\n<li>(1) Feeler VM-32S<\/li>\n\n\n\n<li>(4) Hundai-kia VX400FOi-MC<\/li>\n\n\n\n<li>(4) Hundai-kia VX500FOi-MC<\/li>\n\n\n\n<li>(3) Hundai-kia VX500<\/li>\n\n\n\n<li>(1) Hundai-kia VB-610<\/li>\n\n\n\n<li>(1) Hundai-kia QM-32<\/li>\n\n\n\n<li>(1) Leaderway Machinery Tayvan MV-1100<\/li>\n\n\n\n<li>(2) Akira Seiki V2.5XP<\/li>\n\n\n\n<li>(2) Hision HTM-850G<\/li>\n<\/ul>\n\n\n\n<p><strong>CNC Torna Tezgah\u0131 Listesi<\/strong><\/p>\n\n\n\n<ul class=\"wp-block-list\">\n<li>(5) Kaida CK6136S<\/li>\n\n\n\n<li>(6) Kaida CK6125S<\/li>\n\n\n\n<li>(2) Kaida KDCK-25<\/li>\n\n\n\n<li>(1) Yaofa CJK0640<\/li>\n\n\n\n<li>(2) Yunnan Cy Group CYNC-360TE<\/li>\n\n\n\n<li>(9) Hision HTM-TC16<\/li>\n\n\n\n<li>(2) Hision HTM-TC25<\/li>\n\n\n\n<li>(8) Xknc L20<\/li>\n\n\n\n<li>(1) Xknc L21<\/li>\n\n\n\n<li>(1) Xknc L22<\/li>\n\n\n\n<li>(1) Xknc L23<\/li>\n<\/ul>\n\n\n\n<p><strong>Kumlama Makinesi Listesi<\/strong><\/p>\n\n\n\n<ul class=\"wp-block-list\">\n<li>(2) Xingyang Makine 316<\/li>\n<\/ul>\n\n\n\n<p><strong>Ultrasonik Y\u0131kama Ekipmanlar\u0131 Listesi<\/strong><\/p>\n\n\n\n<ul class=\"wp-block-list\">\n<li>(1) Wxmeiji MJLH-7500B<\/li>\n\n\n\n<li>(1) Wxmeiji MJLH-6000<\/li>\n<\/ul>\n\n\n\n<p><strong>Is\u0131l \u0130\u015flem Ekipman Listesi<\/strong><\/p>\n\n\n\n<ul class=\"wp-block-list\">\n<li>(1) Zhejiang Sanmen Sanli P\u00fcsk\u00fcrtme ve Kal\u0131plama Ekipmanlar\u0131 Fabrikas\u0131 HK-435<\/li>\n<\/ul>\n\n\n\n<figure class=\"wp-block-embed is-type-video is-provider-youtube wp-block-embed-youtube wp-embed-aspect-16-9 wp-has-aspect-ratio\"><div class=\"wp-block-embed__wrapper\">\n<iframe title=\"Bas\u0131n\u00e7l\u0131 D\u00f6k\u00fcm \u0130\u015fleme ve \u0130kincil Hizmetler TS16949 QS9000 ISO14001\" width=\"800\" height=\"450\" src=\"https:\/\/www.youtube.com\/embed\/nO1VH-8_aQ4?feature=oembed\" frameborder=\"0\" allow=\"accelerometer; autoplay; clipboard-write; encrypted-media; gyroscope; picture-in-picture; web-share\" referrerpolicy=\"strict-origin-when-cross-origin\" allowfullscreen><\/iframe>\n<\/div><\/figure>\n\n\n\n<figure class=\"wp-block-image aligncenter size-full\"><a href=\"\/tr\/temas-kalip-dokumleri-cin\/\"><img decoding=\"async\" width=\"940\" height=\"80\" src=\"https:\/\/www.diecastingschina.com\/wp-content\/uploads\/2025\/02\/satisfaction.jpg\" alt=\"\" class=\"wp-image-652\" title=\"Fiyat teklifi isteyin ve bug\u00fcn ba\u015flay\u0131n\" srcset=\"https:\/\/www.diecastingschina.com\/wp-content\/uploads\/2025\/02\/satisfaction.jpg 940w, https:\/\/www.diecastingschina.com\/wp-content\/uploads\/2025\/02\/satisfaction-300x26.jpg 300w, https:\/\/www.diecastingschina.com\/wp-content\/uploads\/2025\/02\/satisfaction-768x65.jpg 768w\" sizes=\"(max-width: 940px) 100vw, 940px\" \/><\/a><\/figure>","protected":false},"excerpt":{"rendered":"<p>OEM customers are regularly seeking a complete (all-in-one-house) supplier for their custom products. Die Castings USA serves this customer need by providing an fine tuned list of secondary services. For start-up or multi-tool operations we utilize our CNC equipment, allowing our team to complete secondary machining at one station. At Die Castings China, we customize [&hellip;]<\/p>\n","protected":false},"author":3,"featured_media":0,"parent":0,"menu_order":0,"comment_status":"closed","ping_status":"closed","template":"","meta":{"footnotes":""},"class_list":["post-679","page","type-page","status-publish","hentry"],"_links":{"self":[{"href":"https:\/\/www.diecastingschina.com\/tr\/wp-json\/wp\/v2\/pages\/679","targetHints":{"allow":["GET"]}}],"collection":[{"href":"https:\/\/www.diecastingschina.com\/tr\/wp-json\/wp\/v2\/pages"}],"about":[{"href":"https:\/\/www.diecastingschina.com\/tr\/wp-json\/wp\/v2\/types\/page"}],"author":[{"embeddable":true,"href":"https:\/\/www.diecastingschina.com\/tr\/wp-json\/wp\/v2\/users\/3"}],"replies":[{"embeddable":true,"href":"https:\/\/www.diecastingschina.com\/tr\/wp-json\/wp\/v2\/comments?post=679"}],"version-history":[{"count":0,"href":"https:\/\/www.diecastingschina.com\/tr\/wp-json\/wp\/v2\/pages\/679\/revisions"}],"wp:attachment":[{"href":"https:\/\/www.diecastingschina.com\/tr\/wp-json\/wp\/v2\/media?parent=679"}],"curies":[{"name":"wp","href":"https:\/\/api.w.org\/{rel}","templated":true}]}}