{"id":673,"date":"2025-02-28T09:55:35","date_gmt":"2025-02-28T09:55:35","guid":{"rendered":"https:\/\/www.diecastingschina.com\/?page_id=673"},"modified":"2025-10-10T05:08:59","modified_gmt":"2025-10-10T05:08:59","slug":"kalip-dokum-kalip-yapimi-cin","status":"publish","type":"page","link":"https:\/\/www.diecastingschina.com\/tr\/kalip-dokum-kalip-yapimi-cin\/","title":{"rendered":"\u015eirket i\u00e7i D\u00f6k\u00fcm Kal\u0131p yap\u0131m\u0131 hizmetleri"},"content":{"rendered":"<p><a href=\"https:\/\/www.diecastingschina.com\/tr\">\u00c7in D\u00f6k\u00fcm Kal\u0131plar\u0131<\/a> \u00e7e\u015fitli malzeme t\u00fcrlerinden kal\u0131plar\u0131m\u0131z\u0131 olu\u015fturmak i\u00e7in birinci s\u0131n\u0131f bir bas\u0131n\u00e7l\u0131 d\u00f6k\u00fcm kal\u0131p tasar\u0131m s\u00fcreci kullan\u0131r. Bas\u0131n\u00e7l\u0131 d\u00f6k\u00fcm proje \u00f6zelliklerine ba\u011fl\u0131 olarak, tak\u0131m yap\u0131m\u0131 i\u00e7in \u00e7o\u011funlukla \u0130sve\u00e7 DIEVAR \u00c7eli\u011fini kullan\u0131yoruz. DIEVAR y\u00fcksek performansl\u0131, krom-molibden-vanadyum ala\u015f\u0131ml\u0131, s\u0131cak i\u015f tak\u0131m \u00e7eli\u011fi olarak bilinir. Ayr\u0131ca, DIEVAR en son \u00fcretim ve ar\u0131tma y\u00f6ntemleri ile \u00fcretilmektedir. DIEVAR'\u0131n \u00f6zel kimyas\u0131 ve \u00fcretim g\u00fcc\u00fc, \u0131s\u0131 kontrol\u00fcne, kaba \u00e7atlamaya, s\u0131cak a\u015f\u0131nmaya ve deforme olmaya kar\u015f\u0131 neredeyse e\u015fsiz bir diren\u00e7 sunar.<\/p>\n\n\n\n<h2 class=\"wp-block-heading\">Kal\u0131plar, Aletler ve U\u00e7lar par\u00e7alar\u0131n d\u00f6k\u00fcm\u00fcnde nas\u0131l kullan\u0131l\u0131r?<\/h2>\n\n\n\n<p>Erimi\u015f metal, y\u00fcksek bas\u0131n\u00e7 alt\u0131nda \u00f6zel olarak tasarlanm\u0131\u015f D\u0130EVAR'\u0131n i\u00e7ine itilir <a href=\"https:\/\/aludiecasting.com\/company\/\" target=\"_blank\" rel=\"noopener\">d\u00f6k\u00fcm kal\u0131b\u0131<\/a> par\u00e7a \u015feklini olu\u015fturmak i\u00e7in. Bu \u00e7ok y\u00f6nl\u00fc proses, \u00e7ok say\u0131da k\u00fc\u00e7\u00fck ila b\u00fcy\u00fck boyutlu par\u00e7an\u0131n \u00fcretilmesini sa\u011flar. Bu a\u011f\u0131r DIEVAR \u00e7elik kal\u0131plar, birbirinin ayn\u0131s\u0131 par\u00e7alar \u00fcretmek i\u00e7in binlerce metal enjeksiyon at\u0131\u015f\u0131 alabilir. <a href=\"\/tr\/dokum-hi%cc%87zmetleri%cc%87-ci%cc%87n\/alumi%cc%87nyum-dokum\/\">Al\u00fcminyum D\u00f6k\u00fcmler<\/a> ve <a href=\"\/tr\/dokum-hi%cc%87zmetleri%cc%87-ci%cc%87n\/ci%cc%87nko-dokum-ci%cc%87n\/\">\u00c7inko D\u00f6k\u00fcmler<\/a>.<\/p>\n\n\n\n<figure class=\"wp-block-embed is-type-video is-provider-youtube wp-block-embed-youtube wp-embed-aspect-16-9 wp-has-aspect-ratio\"><div class=\"wp-block-embed__wrapper\">\n<iframe title=\"Bas\u0131n\u00e7l\u0131 D\u00f6k\u00fcm Kal\u0131p Tasar\u0131m\u0131 ve \u00c7elik Kal\u0131p Yap\u0131m S\u00fcreci\" width=\"800\" height=\"450\" src=\"https:\/\/www.youtube.com\/embed\/M2oZKMlXlCU?feature=oembed\" frameborder=\"0\" allow=\"accelerometer; autoplay; clipboard-write; encrypted-media; gyroscope; picture-in-picture; web-share\" referrerpolicy=\"strict-origin-when-cross-origin\" allowfullscreen><\/iframe>\n<\/div><\/figure>\n\n\n\n<p>Bu <a href=\"https:\/\/www.diecastingschina.com\/tr\">DieCastingsChina<\/a> tak\u0131m ve kal\u0131p yap\u0131m at\u00f6lyesi, geli\u015fen bir pazar i\u00e7in h\u0131zla yeni \u00fcr\u00fcnler geli\u015ftirmek i\u00e7in modern bas\u0131n\u00e7l\u0131 d\u00f6k\u00fcm yeteneklerine sahiptir. 30'dan fazla profesyonel kal\u0131p i\u015fleme makinesi seti ile donat\u0131lm\u0131\u015f olarak, 160T - 2.500T aras\u0131 bas\u0131n\u00e7l\u0131 d\u00f6k\u00fcm makineleri i\u00e7in kullan\u0131lan t\u00fcm bas\u0131n\u00e7l\u0131 d\u00f6k\u00fcm kal\u0131plar\u0131n\u0131 geli\u015ftirebiliriz.<\/p>\n\n\n\n<figure class=\"wp-block-image size-full\"><img fetchpriority=\"high\" decoding=\"async\" width=\"980\" height=\"135\" src=\"https:\/\/www.diecastingschina.com\/wp-content\/uploads\/2025\/02\/tooling-mold-making-machines.jpg\" alt=\"\" class=\"wp-image-676\" title=\"Tak\u0131m ve Kal\u0131p Yapma Makineleri\" srcset=\"https:\/\/www.diecastingschina.com\/wp-content\/uploads\/2025\/02\/tooling-mold-making-machines.jpg 980w, https:\/\/www.diecastingschina.com\/wp-content\/uploads\/2025\/02\/tooling-mold-making-machines-300x41.jpg 300w, https:\/\/www.diecastingschina.com\/wp-content\/uploads\/2025\/02\/tooling-mold-making-machines-768x106.jpg 768w\" sizes=\"(max-width: 980px) 100vw, 980px\" \/><\/figure>\n\n\n\n<h2 class=\"wp-block-heading\">Tasar\u0131m, \u00dcretim ve Bak\u0131m<\/h2>\n\n\n\n<p>Die Castings China'da, tamamen tak\u0131m ve kal\u0131p tasar\u0131m\u0131na adanm\u0131\u015f ayr\u0131 bir \u015firket b\u00f6l\u00fcm\u00fcm\u00fcz var. Bizim <a href=\"\/tr\/dokum-muhendi%cc%87sli%cc%87k-eki%cc%87bi%cc%87\/\">m\u00fchendislik ekibi<\/a> son derece karma\u015f\u0131k bile\u015fenler i\u00e7in dolum, so\u011futma ve beklenen b\u00fcz\u00fclmeyi sim\u00fcle etmek i\u00e7in bilgisayarl\u0131 modelleme kullan\u0131r. Bu teknik, kal\u0131p yap\u0131m\u0131 ba\u015flamadan \u00f6nce kal\u0131p tasar\u0131m\u0131n\u0131n kapsaml\u0131 bir \u015fekilde de\u011ferlendirilmesine ve iyile\u015ftirilmesine olanak tan\u0131r ve kal\u0131b\u0131n optimum \u00fcretim verimlili\u011fi ile m\u00fcmk\u00fcn olan en iyi par\u00e7ay\u0131 \u00fcretmesini sa\u011flar. \u015eirket i\u00e7i kal\u0131p yap\u0131m ekibimiz ayr\u0131ca bir kal\u0131p tasar\u0131m\u0131n\u0131n form\u00fcle edilmesinde de yard\u0131mc\u0131 olabilir. <a href=\"\/tr\/kali%cc%87te-kontrol-dokum\/\">par\u00e7alar\u0131n\u0131z\u0131n nihai b\u00fct\u00fcnl\u00fc\u011f\u00fcn\u00fc sa\u011flamak i\u00e7in kapsaml\u0131 test program\u0131<\/a>.<\/p>\n\n\n\n<p>Deneyimli m\u00fchendislerimiz, m\u00fc\u015fteri projelerimizin \u00f6mr\u00fc boyunca s\u00fcrekli tak\u0131m ve kal\u0131p bak\u0131m\u0131 sa\u011flamaktad\u0131r. Bu, Amerika Birle\u015fik Devletleri ve Meksika'daki m\u00fc\u015fterilerimize aktar\u0131lan \u00f6nemli bir maliyet tasarrufu sa\u011flar. Tak\u0131mlar b\u00fcy\u00fck bir finansal yat\u0131r\u0131m gerektirir - bu tak\u0131mlar\u0131 ve kal\u0131plar\u0131 bozulmam\u0131\u015f durumda tutuyoruz.<\/p>\n\n\n\n<figure class=\"wp-block-embed is-type-video is-provider-youtube wp-block-embed-youtube wp-embed-aspect-4-3 wp-has-aspect-ratio\"><div class=\"wp-block-embed__wrapper\">\n<iframe title=\"Bas\u0131n\u00e7l\u0131 D\u00f6k\u00fcm Sim\u00fclasyonu - bas\u0131n\u00e7l\u0131 d\u00f6k\u00fcm kal\u0131b\u0131nda erimi\u015f metal malzeme ak\u0131\u015f\u0131\" width=\"800\" height=\"600\" src=\"https:\/\/www.youtube.com\/embed\/v1gSbk4bcns?feature=oembed\" frameborder=\"0\" allow=\"accelerometer; autoplay; clipboard-write; encrypted-media; gyroscope; picture-in-picture; web-share\" referrerpolicy=\"strict-origin-when-cross-origin\" allowfullscreen><\/iframe>\n<\/div><\/figure>\n\n\n\n<p><strong>Elektrikli De\u015farj Makinesi Listesi<\/strong><\/p>\n\n\n\n<ul class=\"wp-block-list\">\n<li>(1) Hanspark HE100<\/li>\n\n\n\n<li>(2) Hanspark HE70<\/li>\n\n\n\n<li>(1) Maxsee CNC54<\/li>\n\n\n\n<li>(1) Beilun Electric DB7155<\/li>\n\n\n\n<li>(1) Changzhou DB7130<\/li>\n<\/ul>\n\n\n\n<p><strong>Kal\u0131p Birle\u015ftirme Makine Listesi<br><\/strong><\/p>\n\n\n\n<ul class=\"wp-block-list\">\n<li>(1) Ningbo Shunxing SX100JM<\/li>\n<\/ul>\n\n\n\n<p><strong>Do\u011frusal Kesme Makinesi Listesi<br><\/strong><\/p>\n\n\n\n<ul class=\"wp-block-list\">\n<li>(1) Accutex AE-5<\/li>\n\n\n\n<li>(3) Adspark AR2000<\/li>\n\n\n\n<li>(1) Adspark AR3100<\/li>\n\n\n\n<li>(2) Cnskjc DK7740A<\/li>\n<\/ul>\n\n\n\n<figure class=\"wp-block-image aligncenter size-full\"><a href=\"\/tr\/temas-kalip-dokumleri-cin\/\"><img decoding=\"async\" width=\"940\" height=\"80\" src=\"https:\/\/www.diecastingschina.com\/wp-content\/uploads\/2025\/02\/satisfaction.jpg\" alt=\"\" class=\"wp-image-652\" title=\"Fiyat teklifi isteyin ve bug\u00fcn ba\u015flay\u0131n\" srcset=\"https:\/\/www.diecastingschina.com\/wp-content\/uploads\/2025\/02\/satisfaction.jpg 940w, https:\/\/www.diecastingschina.com\/wp-content\/uploads\/2025\/02\/satisfaction-300x26.jpg 300w, https:\/\/www.diecastingschina.com\/wp-content\/uploads\/2025\/02\/satisfaction-768x65.jpg 768w\" sizes=\"(max-width: 940px) 100vw, 940px\" \/><\/a><\/figure>","protected":false},"excerpt":{"rendered":"<p>Die Castings China uses a top-of-the-line die cast tooling design process for creating our molds from several material types. Depending upon the die cast project specifications, we mainly use Swedish DIEVAR Steel for tool construction. DIEVAR is known as a high performance, chromium-molybdenum-vanadium alloyed, hot work tool steel. Also, DIEVAR is produced with the very [&hellip;]<\/p>\n","protected":false},"author":3,"featured_media":0,"parent":0,"menu_order":0,"comment_status":"closed","ping_status":"closed","template":"","meta":{"footnotes":""},"class_list":["post-673","page","type-page","status-publish","hentry"],"_links":{"self":[{"href":"https:\/\/www.diecastingschina.com\/tr\/wp-json\/wp\/v2\/pages\/673","targetHints":{"allow":["GET"]}}],"collection":[{"href":"https:\/\/www.diecastingschina.com\/tr\/wp-json\/wp\/v2\/pages"}],"about":[{"href":"https:\/\/www.diecastingschina.com\/tr\/wp-json\/wp\/v2\/types\/page"}],"author":[{"embeddable":true,"href":"https:\/\/www.diecastingschina.com\/tr\/wp-json\/wp\/v2\/users\/3"}],"replies":[{"embeddable":true,"href":"https:\/\/www.diecastingschina.com\/tr\/wp-json\/wp\/v2\/comments?post=673"}],"version-history":[{"count":0,"href":"https:\/\/www.diecastingschina.com\/tr\/wp-json\/wp\/v2\/pages\/673\/revisions"}],"wp:attachment":[{"href":"https:\/\/www.diecastingschina.com\/tr\/wp-json\/wp\/v2\/media?parent=673"}],"curies":[{"name":"wp","href":"https:\/\/api.w.org\/{rel}","templated":true}]}}