{"id":668,"date":"2025-02-28T09:53:10","date_gmt":"2025-02-28T09:53:10","guid":{"rendered":"https:\/\/www.diecastingschina.com\/?page_id=668"},"modified":"2025-12-14T06:37:07","modified_gmt":"2025-12-14T06:37:07","slug":"ci%cc%87nko-dokum-ci%cc%87n","status":"publish","type":"page","link":"https:\/\/www.diecastingschina.com\/tr\/dokum-hi%cc%87zmetleri%cc%87-ci%cc%87n\/ci%cc%87nko-dokum-ci%cc%87n\/","title":{"rendered":"\u00c7inko Bas\u0131n\u00e7l\u0131 D\u00f6k\u00fcm Hizmetleri"},"content":{"rendered":"<p><a href=\"https:\/\/www.diecastingschina.com\/tr\/dokum-hi%cc%87zmetleri%cc%87-ci%cc%87n\/ci%cc%87nko-dokum-ci%cc%87n\/\">\u00c7inko bas\u0131n\u00e7l\u0131 d\u00f6k\u00fcm<\/a> par\u00e7alar, bas\u0131n\u00e7l\u0131 d\u00f6k\u00fcm i\u015fleminde kullan\u0131lan en pop\u00fcler ala\u015f\u0131mlardan bir di\u011feridir. \u00c7inko ala\u015f\u0131m\u0131 hassas toleranslara g\u00f6re d\u00f6k\u00fclebilir, daha ince duvar kesitlerine, karma\u015f\u0131k \u015fekillere ve \u00e7ok daha uzun tak\u0131m \u00f6mr\u00fcne sahip olabilir. Die Castings China a\u015fa\u011f\u0131daki par\u00e7alar\u0131 \u00fcretme kapasitesine sahiptir <strong><em>\u00e7i\u0307nko d\u00f6k\u00fcm par\u00e7alari<\/em><\/strong> \u00c7ok \u00e7e\u015fitli kurum i\u00e7i kaplama ve \/ veya boyal\u0131 y\u00fczeyler ile. Amac\u0131m\u0131z, \u00e7inko d\u00f6k\u00fcm \u00fcr\u00fcn\u00fcn\u00fcz\u00fc tam olarak bask\u0131 \u00f6zelliklerine g\u00f6re teslim etmektir. Al\u00fcminyum ve \u00e7inko d\u00f6k\u00fcm par\u00e7alar OEM pazar\u0131nda daha b\u00fcy\u00fck bir talebe sahip olsa da, IATF 16949 sertifikal\u0131 \u00fcretim tesisimizde birka\u00e7 Lktech \u00e7inko d\u00f6k\u00fcm makinesi bulunmaktad\u0131r. Bu makineler, boyutlar\u0131 birka\u00e7 gramdan yakla\u015f\u0131k 45 pound'a kadar de\u011fi\u015fen m\u00fchendislik d\u00f6k\u00fcm \u00fcr\u00fcnleri tedarik etmemizi sa\u011flar.<\/p>\n\n\n\n<figure class=\"wp-block-embed is-type-video is-provider-youtube wp-block-embed-youtube wp-embed-aspect-16-9 wp-has-aspect-ratio\"><div class=\"wp-block-embed__wrapper\">\n<iframe title=\"Bas\u0131n\u00e7l\u0131 D\u00f6k\u00fcm makinesi nas\u0131l \u00e7al\u0131\u015f\u0131r | Bas\u0131n\u00e7l\u0131 d\u00f6k\u00fcm motor g\u00f6vdesi\" width=\"800\" height=\"450\" src=\"https:\/\/www.youtube.com\/embed\/LkJ2ByG1Goo?feature=oembed\" frameborder=\"0\" allow=\"accelerometer; autoplay; clipboard-write; encrypted-media; gyroscope; picture-in-picture; web-share\" referrerpolicy=\"strict-origin-when-cross-origin\" allowfullscreen><\/iframe>\n<\/div><\/figure>\n\n\n\n<h2 class=\"wp-block-heading\">\u00c7inko bas\u0131n\u00e7l\u0131 d\u00f6k\u00fcm yerine ne zaman kullan\u0131lmal\u0131 <a href=\"https:\/\/www.diecastingschina.com\/tr\/dokum-hi%cc%87zmetleri%cc%87-ci%cc%87n\/alumi%cc%87nyum-dokum\/\">Al\u00fcminyum Bas\u0131n\u00e7l\u0131 D\u00f6k\u00fcm<\/a> Par\u00e7a m\u0131?<\/h2>\n\n\n\n<p>Birinci s\u0131n\u0131f \u00e7inko d\u00f6k\u00fcm makinelerimize ek olarak, deneyimli QC m\u00fchendislik personelimiz, herhangi bir sorunu tespit etmek ve \u00fcr\u00fcn\u00fc herhangi bir kusur a\u00e7\u0131s\u0131ndan incelemek i\u00e7in depo \u00fcretimi ile aray\u00fcz olu\u015fturur. \u00c7inko ala\u015f\u0131m\u0131 geli\u015fmi\u015f y\u00fczey toklu\u011funa ve sertli\u011fine sahiptir, bu da onu i\u015flenmi\u015f, preslenmi\u015f, damgalanm\u0131\u015f ve fabrikasyon \u00fcr\u00fcnlere ideal bir alternatif haline getirir. \u00c7inko ala\u015f\u0131ml\u0131 bas\u0131n\u00e7l\u0131 d\u00f6k\u00fcm par\u00e7alar, rakip malzemelere ve s\u00fcre\u00e7lere g\u00f6re tokluklar\u0131yla bilinir. Bu bas\u0131n\u00e7l\u0131 d\u00f6k\u00fcm malzemesinin toplam akma dayan\u0131m\u0131, al\u00fcminyum bas\u0131n\u00e7l\u0131 d\u00f6k\u00fcm ala\u015f\u0131m\u0131 ve magnezyum bas\u0131n\u00e7l\u0131 d\u00f6k\u00fcm ala\u015f\u0131m\u0131ndan 15 kat daha fazlad\u0131r. Ala\u015f\u0131m mukavemeti, \u00e7inko d\u00f6k\u00fcm i\u015fleminin di\u015fli kutusu muhafazalar\u0131, pencere bile\u015fenleri, donan\u0131m bile\u015fenleri, elektro-mekanik uygulamalar ve di\u011fer muhafaza t\u00fcrleri i\u00e7in yayg\u0131n olarak kullan\u0131lmas\u0131n\u0131n temel nedenidir.<\/p>\n\n\n\n<p>Hem al\u00fcminyum d\u00f6k\u00fcm hem de \u00e7inko d\u00f6k\u00fcm ile kar\u015f\u0131la\u015ft\u0131r\u0131ld\u0131\u011f\u0131nda, her ikisinin de avantajlar\u0131 ve dezavantajlar\u0131 vard\u0131r, normalde baz\u0131 b\u00fcy\u00fck ala\u015f\u0131ml\u0131 par\u00e7alar al\u00fcminyum ala\u015f\u0131mlardan ve baz\u0131 k\u00fc\u00e7\u00fck metal ala\u015f\u0131ml\u0131 par\u00e7alar \u00e7inko ala\u015f\u0131mlardan yap\u0131l\u0131r, ancak bu her zaman b\u00f6yle de\u011fildir. di\u011fer yandan, krom kaplama, nikel kaplama gibi y\u00fcksek kaliteli y\u00fczey kaplamas\u0131 gerektiren baz\u0131 metal par\u00e7alar, y\u00fczey kalitesini art\u0131rmak i\u00e7in Zamak ala\u015f\u0131mlar\u0131n\u0131 da kullanabilirler.<\/p>\n\n\n\n<p>Elinizde bir projeniz varsa ve hangi ala\u015f\u0131m malzemelerini kullanman\u0131z gerekti\u011finden emin de\u011filseniz, bizimle ileti\u015fime ge\u00e7ebilirsiniz, bunu sizin i\u00e7in inceleyece\u011fiz ve size en iyi se\u00e7enekleri sunaca\u011f\u0131z, hem al\u00fcminyum hem de \u00e7inko d\u00f6k\u00fcm \u00fcr\u00fcnlerine ihtiya\u00e7 duyan bir projeniz varsa, bize \u00e7iziminizi g\u00f6nderin, b\u00f6ylece size 24 saat i\u00e7inde teklif verebiliriz.<\/p>\n\n\n\n<figure class=\"wp-block-image size-large\"><img fetchpriority=\"high\" decoding=\"async\" width=\"1024\" height=\"515\" src=\"https:\/\/www.diecastingschina.com\/wp-content\/uploads\/2025\/12\/zinc-die-casting-1024x515.jpg\" alt=\"\u00e7i\u0307nko d\u00f6k\u00fcm\" class=\"wp-image-2402\" srcset=\"https:\/\/www.diecastingschina.com\/wp-content\/uploads\/2025\/12\/zinc-die-casting-1024x515.jpg 1024w, https:\/\/www.diecastingschina.com\/wp-content\/uploads\/2025\/12\/zinc-die-casting-300x151.jpg 300w, https:\/\/www.diecastingschina.com\/wp-content\/uploads\/2025\/12\/zinc-die-casting-768x386.jpg 768w, https:\/\/www.diecastingschina.com\/wp-content\/uploads\/2025\/12\/zinc-die-casting-1536x772.jpg 1536w, https:\/\/www.diecastingschina.com\/wp-content\/uploads\/2025\/12\/zinc-die-casting-18x9.jpg 18w, https:\/\/www.diecastingschina.com\/wp-content\/uploads\/2025\/12\/zinc-die-casting.jpg 1548w\" sizes=\"(max-width: 1024px) 100vw, 1024px\" \/><\/figure>\n\n\n\n<p>Zamak-3 ala\u015f\u0131m\u0131 \u015fu anda en pop\u00fcler ala\u015f\u0131md\u0131r, ancak Zamak-7 e\u015fit derecede iyi performans g\u00f6sterecek ve belirli ko\u015fullar alt\u0131nda Zamak-3'ten daha \u00fcst\u00fcn olacakt\u0131r. #7 ala\u015f\u0131ml\u0131 \u00e7inko d\u00f6k\u00fcmlerde magnezyum \u00f6zellikleri azalm\u0131\u015f, nikel miktar\u0131 artm\u0131\u015f ve safs\u0131zl\u0131k limitleri d\u00fc\u015fm\u00fc\u015ft\u00fcr. Daha d\u00fc\u015f\u00fck magnezyum i\u00e7eri\u011fi oldu\u011fu i\u00e7in daha fazla ak\u0131\u015fkanl\u0131\u011fa sahiptir. Sonu\u00e7 olarak, bu Zamak ala\u015f\u0131m tipi #3'e g\u00f6re daha iyi d\u00f6k\u00fcm kabiliyetine sahiptir. Ancak yine de neredeyse ayn\u0131 fiziksel, mekanik \u00f6zellikleri ve boyutsal kararl\u0131l\u0131\u011f\u0131 sa\u011flar. Zamak 7 ala\u015f\u0131m\u0131 daha b\u00fcy\u00fck boyutlu d\u00f6k\u00fcm par\u00e7alar \u00fcretirken \u00e7ok faydal\u0131d\u0131r. Ayr\u0131ca, bu malzeme t\u00fcr\u00fc \u00e7ok karma\u015f\u0131k \u015fekiller \u00fcretmek ve \u00fcst\u00fcn donan\u0131m kaplama t\u00fcrleri gerektiren \u00fcretim i\u00e7in m\u00fckemmeldir. Zamak-5 ala\u015f\u0131m\u0131n\u0131n kullan\u0131m\u0131, daha y\u00fcksek s\u00fcr\u00fcnme mukavemeti ve malzeme sertli\u011finin gerekli oldu\u011fu \u00f6zel durumlarla s\u0131n\u0131rl\u0131d\u0131r.<\/p>\n\n\n\n<ul class=\"wp-block-list\">\n<li>Makinelerin ve \"kapal\u0131 d\u00f6ng\u00fc h\u00fccrelerinin\" dengesini s\u00fcrekli olarak izler<\/li>\n\n\n\n<li>\"At\u0131\u015ftan at\u0131\u015fa\" \u00fcr\u00fcn tutarl\u0131l\u0131\u011f\u0131 sa\u011flar<\/li>\n\n\n\n<li>\u00c7al\u0131\u015fma s\u0131ras\u0131nda herhangi bir sorunun d\u00fczeltilmesini h\u0131zland\u0131r\u0131r<\/li>\n\n\n\n<li>\u00dcretim s\u00fcrecinin her g\u00fcn tutarl\u0131 olmas\u0131n\u0131 sa\u011flar<\/li>\n<\/ul>\n\n\n\n<figure class=\"wp-block-image alignright size-full\"><img decoding=\"async\" width=\"500\" height=\"313\" src=\"https:\/\/www.diecastingschina.com\/wp-content\/uploads\/2025\/02\/c-062-02.jpg\" alt=\"\u00c7inko d\u00f6k\u00fcm makinesi\" class=\"wp-image-669\" srcset=\"https:\/\/www.diecastingschina.com\/wp-content\/uploads\/2025\/02\/c-062-02.jpg 500w, https:\/\/www.diecastingschina.com\/wp-content\/uploads\/2025\/02\/c-062-02-300x188.jpg 300w\" sizes=\"(max-width: 500px) 100vw, 500px\" \/><\/figure>\n\n\n\n<p><br><strong>\u00c7inko bas\u0131n\u00e7l\u0131 d\u00f6k\u00fcm avantajlar\u0131:<\/strong><\/p>\n\n\n\n<ul class=\"wp-block-list\">\n<li>Y\u00fcksek mukavemet ve sertlik<\/li>\n\n\n\n<li>Y\u00fcksek korozyon direnci<\/li>\n\n\n\n<li>M\u00fckemmel elektrik iletkenli\u011fi<\/li>\n\n\n\n<li>Y\u00fcksek \u0131s\u0131 iletkenli\u011fi<\/li>\n\n\n\n<li>D\u00fc\u015f\u00fck maliyetli hammadde<\/li>\n\n\n\n<li>K\u00fc\u00e7\u00fck ve karma\u015f\u0131k \u015fekilleri m\u00fcmk\u00fcn k\u0131lan d\u00fc\u015f\u00fck viskozite<\/li>\n\n\n\n<li>Y\u00fcksek boyutsal do\u011fruluk ve kararl\u0131l\u0131k<\/li>\n\n\n\n<li>M\u00fckemmel ince duvar \u00f6zelli\u011fi<\/li>\n\n\n\n<li>Birle\u015ftirmeyi kolayla\u015ft\u0131ran so\u011fuk \u015fekillendirme yetene\u011fi<\/li>\n\n\n\n<li>G\u00f6rsel olarak \u00e7ekici g\u00f6r\u00fcn\u00fcmler<\/li>\n\n\n\n<li>\u00dcst\u00fcn korozyon direnci<\/li>\n\n\n\n<li>Uzun kal\u0131p \u00f6mr\u00fcn\u00fc destekler<\/li>\n\n\n\n<li>K\u00fc\u00e7\u00fck par\u00e7alar i\u00e7in ekonomik<\/li>\n<\/ul>\n\n\n\n<p><strong>Malzeme T\u00fcrleri:<\/strong><\/p>\n\n\n\n<ul class=\"wp-block-list\">\n<li>\u00c7inko 3<\/li>\n\n\n\n<li>\u00c7inko 5<\/li>\n\n\n\n<li>ZAMAK 8<\/li>\n<\/ul>\n\n\n\n<p><strong>Bas\u0131n\u00e7l\u0131 D\u00f6k\u00fcm Boyut ve A\u011f\u0131rl\u0131k Aral\u0131klar\u0131:<\/strong> 0.05-1kg Boyut: 200*200mm<\/p>\n\n\n\n<figure class=\"wp-block-image alignright size-full is-resized\"><img decoding=\"async\" width=\"480\" height=\"480\" src=\"https:\/\/www.diecastingschina.com\/wp-content\/uploads\/2025\/12\/zinc-die-casting-products.jpg\" alt=\"\u00e7i\u0307nko d\u00f6k\u00fcm \u00fcr\u00fcnleri\u0307\" class=\"wp-image-2401\" style=\"width:292px;height:auto\" srcset=\"https:\/\/www.diecastingschina.com\/wp-content\/uploads\/2025\/12\/zinc-die-casting-products.jpg 480w, https:\/\/www.diecastingschina.com\/wp-content\/uploads\/2025\/12\/zinc-die-casting-products-300x300.jpg 300w, https:\/\/www.diecastingschina.com\/wp-content\/uploads\/2025\/12\/zinc-die-casting-products-150x150.jpg 150w, https:\/\/www.diecastingschina.com\/wp-content\/uploads\/2025\/12\/zinc-die-casting-products-12x12.jpg 12w\" sizes=\"(max-width: 480px) 100vw, 480px\" \/><\/figure>\n\n\n\n<p><strong>Ekipman Listesi<\/strong><\/p>\n\n\n\n<ul class=\"wp-block-list\">\n<li>(2) Lktech88<\/li>\n\n\n\n<li>(2) Lktech160<\/li>\n<\/ul>\n\n\n\n<p><strong>Do\u011fal Gaz Konsantrasyonlu Ergitme F\u0131r\u0131n\u0131<\/strong><\/p>\n\n\n\n<ul class=\"wp-block-list\">\n<li>(2) Shoei STM-500<\/li>\n\n\n\n<li>(1) Shoei ALM-500<\/li>\n<\/ul>\n\n\n\n<p>\u00c7in'de al\u00fcminyum veya al\u00fcminyum ala\u015f\u0131mlar\u0131n\u0131z i\u00e7in IATF 16949 sertifikas\u0131na sahip bir bas\u0131n\u00e7l\u0131 d\u00f6k\u00fcm \u00fcreticisi ar\u0131yorsan\u0131z <a href=\"https:\/\/aludiecasting.com\/zamak-die-casting\/\" target=\"_blank\" rel=\"noopener\">Zamak bas\u0131n\u00e7l\u0131 d\u00f6k\u00fcm par\u00e7alar\u0131<\/a>, bizimle ileti\u015fime ge\u00e7ebilirsiniz.<\/p>\n\n\n\n<p><\/p>","protected":false},"excerpt":{"rendered":"<p>Zinc die casting parts is another mostly popular alloys that are used in die casting process. Zinc alloy can be casted to precision tolerances, have thinner wall sections, complex shapes and much longer tool life. Die Castings China has the capacity to produce zinc die casting parts with a wide variety of in-house plated and\/or [&hellip;]<\/p>\n","protected":false},"author":3,"featured_media":2402,"parent":645,"menu_order":0,"comment_status":"closed","ping_status":"closed","template":"","meta":{"footnotes":""},"class_list":["post-668","page","type-page","status-publish","has-post-thumbnail","hentry"],"_links":{"self":[{"href":"https:\/\/www.diecastingschina.com\/tr\/wp-json\/wp\/v2\/pages\/668","targetHints":{"allow":["GET"]}}],"collection":[{"href":"https:\/\/www.diecastingschina.com\/tr\/wp-json\/wp\/v2\/pages"}],"about":[{"href":"https:\/\/www.diecastingschina.com\/tr\/wp-json\/wp\/v2\/types\/page"}],"author":[{"embeddable":true,"href":"https:\/\/www.diecastingschina.com\/tr\/wp-json\/wp\/v2\/users\/3"}],"replies":[{"embeddable":true,"href":"https:\/\/www.diecastingschina.com\/tr\/wp-json\/wp\/v2\/comments?post=668"}],"version-history":[{"count":0,"href":"https:\/\/www.diecastingschina.com\/tr\/wp-json\/wp\/v2\/pages\/668\/revisions"}],"up":[{"embeddable":true,"href":"https:\/\/www.diecastingschina.com\/tr\/wp-json\/wp\/v2\/pages\/645"}],"wp:featuredmedia":[{"embeddable":true,"href":"https:\/\/www.diecastingschina.com\/tr\/wp-json\/wp\/v2\/media\/2402"}],"wp:attachment":[{"href":"https:\/\/www.diecastingschina.com\/tr\/wp-json\/wp\/v2\/media?parent=668"}],"curies":[{"name":"wp","href":"https:\/\/api.w.org\/{rel}","templated":true}]}}