{"id":739,"date":"2025-02-28T10:35:55","date_gmt":"2025-02-28T10:35:55","guid":{"rendered":"https:\/\/www.diecastingschina.com\/?page_id=739"},"modified":"2025-02-28T10:36:21","modified_gmt":"2025-02-28T10:36:21","slug":"usa-mexiko-kontor","status":"publish","type":"page","link":"https:\/\/www.diecastingschina.com\/sv\/cnm-tech-pressgjutning-kina\/usa-mexiko-kontor\/","title":{"rendered":"Kontor i USA \/ Mexiko"},"content":{"rendered":"<p>F\u00f6r m\u00e5nga tillverkare av originalutrustning \u00e4r det ett st\u00e4ndigt problem att f\u00e5 ut billiga produkter av h\u00f6g kvalitet p\u00e5 produktionsgolvet utan lagerh\u00e5llningsproblem. Om de minsta och enklaste delarna inte finns tillg\u00e4ngliga kan det leda till att en hel produktionslinje stannar - vilket skapar stress hos k\u00f6paren som m\u00e5ste best\u00e4lla delar i sista sekunden till extra kostnader.<\/p>\n\n\n\n<h2 class=\"wp-block-heading\">Har du sv\u00e5rt att m\u00f6ta efterfr\u00e5gan genom att alltid best\u00e4lla delar som inte finns i lager?<\/h2>\n\n\n\n<p>Genom att uppr\u00e4tta en lista \u00f6ver produktionsdelar och uppskattade anv\u00e4ndningsniv\u00e5er kommer vi \u00f6verens om en ink\u00f6psorder med en fastst\u00e4lld avtalsperiod och ett belopp som inte f\u00e5r \u00f6verskridas. Hela ditt lager hanteras p\u00e5 v\u00e5r <strong>Lager p\u00e5 50 000 kvadratmeter eller 75 000 kvadratmeter<\/strong>vilket g\u00f6r att du snabbt kan best\u00e4lla din produkt efter behov.<\/p>\n\n\n\n<figure class=\"wp-block-image aligncenter size-full\"><a href=\"\/sv\/kontakt-pressgjutgods-china\/\"><img fetchpriority=\"high\" decoding=\"async\" width=\"940\" height=\"80\" src=\"https:\/\/www.diecastingschina.com\/wp-content\/uploads\/2025\/02\/satisfaction.jpg\" alt=\"\" class=\"wp-image-652\" title=\"Beg\u00e4r en offert och kom ig\u00e5ng idag\" srcset=\"https:\/\/www.diecastingschina.com\/wp-content\/uploads\/2025\/02\/satisfaction.jpg 940w, https:\/\/www.diecastingschina.com\/wp-content\/uploads\/2025\/02\/satisfaction-300x26.jpg 300w, https:\/\/www.diecastingschina.com\/wp-content\/uploads\/2025\/02\/satisfaction-768x65.jpg 768w\" sizes=\"(max-width: 940px) 100vw, 940px\" \/><\/a><\/figure>","protected":false},"excerpt":{"rendered":"<p>For many original equipment manufacturers, getting low-cost, high quality products onto the production floor without stocking issues is an constant issue. Not having the smallest, simplest parts available, can shutdown an entire production line \u2013 creating purchaser stress by ordering last second parts at extra costs. Are you struggling with demand by always ordering out-of-stock [&hellip;]<\/p>\n","protected":false},"author":3,"featured_media":0,"parent":714,"menu_order":0,"comment_status":"closed","ping_status":"closed","template":"","meta":{"footnotes":""},"class_list":["post-739","page","type-page","status-publish","hentry"],"_links":{"self":[{"href":"https:\/\/www.diecastingschina.com\/sv\/wp-json\/wp\/v2\/pages\/739","targetHints":{"allow":["GET"]}}],"collection":[{"href":"https:\/\/www.diecastingschina.com\/sv\/wp-json\/wp\/v2\/pages"}],"about":[{"href":"https:\/\/www.diecastingschina.com\/sv\/wp-json\/wp\/v2\/types\/page"}],"author":[{"embeddable":true,"href":"https:\/\/www.diecastingschina.com\/sv\/wp-json\/wp\/v2\/users\/3"}],"replies":[{"embeddable":true,"href":"https:\/\/www.diecastingschina.com\/sv\/wp-json\/wp\/v2\/comments?post=739"}],"version-history":[{"count":0,"href":"https:\/\/www.diecastingschina.com\/sv\/wp-json\/wp\/v2\/pages\/739\/revisions"}],"up":[{"embeddable":true,"href":"https:\/\/www.diecastingschina.com\/sv\/wp-json\/wp\/v2\/pages\/714"}],"wp:attachment":[{"href":"https:\/\/www.diecastingschina.com\/sv\/wp-json\/wp\/v2\/media?parent=739"}],"curies":[{"name":"wp","href":"https:\/\/api.w.org\/{rel}","templated":true}]}}