{"id":735,"date":"2025-02-28T10:33:22","date_gmt":"2025-02-28T10:33:22","guid":{"rendered":"https:\/\/www.diecastingschina.com\/?page_id=735"},"modified":"2025-02-28T10:34:49","modified_gmt":"2025-02-28T10:34:49","slug":"kundforsakring","status":"publish","type":"page","link":"https:\/\/www.diecastingschina.com\/sv\/cnm-tech-pressgjutning-kina\/kundforsakring\/","title":{"rendered":"Kundf\u00f6rs\u00e4kring"},"content":{"rendered":"<h2 class=\"wp-block-heading\">Vi ser till att kvalitetsprodukter l\u00e4mnar v\u00e5r anl\u00e4ggning och kommer fram till din anl\u00e4ggning i tid<\/h2>\n\n\n\n<p>Vid <a href=\"\/sv\/ningbo-xusheng-machinery-die-casting-china\/\">Pressgjutgods Kina<\/a>, v\u00e5r <a href=\"\/sv\/pressgjutningstjanster-kina\/\">pressgjutning<\/a> V\u00e5ra processer bygger p\u00e5 \u00f6vertygelsen att tillverkning av pressgjutna delar \u00e4r en vetenskap. I \u00f6ver 20 \u00e5r har vi finjusterat v\u00e5rt protokoll f\u00f6r kunds\u00e4kring. F\u00f6r att bibeh\u00e5lla v\u00e5r position som ledande inom pressgjutning har vi leverant\u00f6rs- och kunds\u00e4kerhetsstandarder f\u00f6r att backa upp denna grund.<\/p>\n\n\n\n<p>V\u00e5r metod f\u00f6r kundgaranti omfattar varje fas i tillverknings- och leverant\u00f6rsprocessen f\u00f6r pressgjutgods. B\u00f6rjar med <a href=\"\/sv\/teknikteam-for-pressgjutning\/\">konstruktionsfas<\/a> och avslutas med JIT-leveranser. Eftersom vi h\u00e5ller oss uppdaterade och kontinuerligt f\u00f6rb\u00e4ttrar v\u00e5r projektledning kan vi h\u00e5lla v\u00e5ra leveranstider och delkostnader l\u00e5ga. Detta leder till en mycket h\u00f6g kundn\u00f6jdhet och en h\u00f6g andel kvarvarande produktion.<\/p>\n\n\n\n<figure class=\"wp-block-image aligncenter size-full\"><a href=\"\/sv\/kontakt-pressgjutgods-china\/\"><img fetchpriority=\"high\" decoding=\"async\" width=\"940\" height=\"80\" src=\"https:\/\/www.diecastingschina.com\/wp-content\/uploads\/2025\/02\/satisfaction.jpg\" alt=\"\" class=\"wp-image-652\" title=\"Beg\u00e4r en offert och kom ig\u00e5ng idag\" srcset=\"https:\/\/www.diecastingschina.com\/wp-content\/uploads\/2025\/02\/satisfaction.jpg 940w, https:\/\/www.diecastingschina.com\/wp-content\/uploads\/2025\/02\/satisfaction-300x26.jpg 300w, https:\/\/www.diecastingschina.com\/wp-content\/uploads\/2025\/02\/satisfaction-768x65.jpg 768w\" sizes=\"(max-width: 940px) 100vw, 940px\" \/><\/a><\/figure>","protected":false},"excerpt":{"rendered":"<p>We ensure quality products leave our facility and arrive at your facility on-time At Die Castings China, our die casting processes are built on the belief that manufacturing die cast parts is a science. For over 20 years we have fine tuned our customer assurance protocol. To maintain our position as a die casting leader, [&hellip;]<\/p>\n","protected":false},"author":3,"featured_media":0,"parent":714,"menu_order":0,"comment_status":"closed","ping_status":"closed","template":"","meta":{"footnotes":""},"class_list":["post-735","page","type-page","status-publish","hentry"],"_links":{"self":[{"href":"https:\/\/www.diecastingschina.com\/sv\/wp-json\/wp\/v2\/pages\/735","targetHints":{"allow":["GET"]}}],"collection":[{"href":"https:\/\/www.diecastingschina.com\/sv\/wp-json\/wp\/v2\/pages"}],"about":[{"href":"https:\/\/www.diecastingschina.com\/sv\/wp-json\/wp\/v2\/types\/page"}],"author":[{"embeddable":true,"href":"https:\/\/www.diecastingschina.com\/sv\/wp-json\/wp\/v2\/users\/3"}],"replies":[{"embeddable":true,"href":"https:\/\/www.diecastingschina.com\/sv\/wp-json\/wp\/v2\/comments?post=735"}],"version-history":[{"count":0,"href":"https:\/\/www.diecastingschina.com\/sv\/wp-json\/wp\/v2\/pages\/735\/revisions"}],"up":[{"embeddable":true,"href":"https:\/\/www.diecastingschina.com\/sv\/wp-json\/wp\/v2\/pages\/714"}],"wp:attachment":[{"href":"https:\/\/www.diecastingschina.com\/sv\/wp-json\/wp\/v2\/media?parent=735"}],"curies":[{"name":"wp","href":"https:\/\/api.w.org\/{rel}","templated":true}]}}