{"id":718,"date":"2025-02-28T10:22:29","date_gmt":"2025-02-28T10:22:29","guid":{"rendered":"https:\/\/www.diecastingschina.com\/?page_id=718"},"modified":"2025-02-28T10:23:37","modified_gmt":"2025-02-28T10:23:37","slug":"verksamhetsberattelse-ningbo-xusheng-machinery","status":"publish","type":"page","link":"https:\/\/www.diecastingschina.com\/sv\/cnm-tech-pressgjutning-kina\/verksamhetsberattelse-ningbo-xusheng-machinery\/","title":{"rendered":"Uppdragsbeskrivning"},"content":{"rendered":"<p>\"F\u00f6r att m\u00f6ta den snabbt f\u00f6r\u00e4nderliga marknadsf\u00f6ringssituationen och den horisontella h\u00e5rda konkurrensen, forts\u00e4tter vi Die Castings China-folk den h\u00e5rt arbetande och okuvliga kampandan, folkorienterad, integritetshantering, st\u00e4rker den interna ledningen och f\u00f6rb\u00e4ttrar FoU och tillverkningskapacitet st\u00e4ndigt och<a href=\"\/sv\/kvalitetskontroll-pressgjutning\/\"> st\u00e4ndigt f\u00f6rb\u00e4ttra niv\u00e5n p\u00e5 kvalitetsstyrningen<\/a>och st\u00e4ndigt f\u00f6rb\u00e4ttra f\u00f6rm\u00e5gan till aff\u00e4rsutveckling, f\u00f6rb\u00e4ttra den effektiva anv\u00e4ndningen av resurser, insistera p\u00e5 att utveckla h\u00e5llbar utveckling f\u00f6r att skapa \u00e5tervinningsekonomi. F\u00f6r n\u00e4rvarande, <a href=\"\/sv\/ningbo-xusheng-machinery-die-casting-china\/\">Pressgjutgods USA<\/a> har varit ett av de snabbast v\u00e4xande f\u00f6retagen inom omr\u00e5det <a href=\"\/sv\/pressgjutningstjanster-kina\/\">pressgjutningsindustrin i Kina<\/a>.<\/p>\n\n\n\n<p>N\u00e4r vi ser tillbaka p\u00e5 de senaste \u00e5rens utvecklingsprocess kommer vi alltid att t\u00e4nka p\u00e5 det enorma st\u00f6det och hj\u00e4lpen fr\u00e5n alla niv\u00e5er av regeringarna, m\u00e4nniskor i alla kretsar och v\u00e5ra kunder och partners i att dela vind och storm, utan st\u00f6d och hj\u00e4lp fr\u00e5n dem alla skulle Die Castings USA inte ha dagens resultat, h\u00e4r skulle jag vilja uttrycka mitt mest hj\u00e4rtliga tack och uppriktiga h\u00e4lsningar p\u00e5 uppdrag av alla anst\u00e4llda i vi f\u00f6r st\u00f6d och hj\u00e4lp fr\u00e5n alla v\u00e5ra gamla och nya v\u00e4nner!<\/p>\n\n\n\n<p>Ser vi fram\u00e5t, alla anst\u00e4llda i Die Castings China med f\u00f6retagsandan \"ansvar, innovation, sj\u00e4lvf\u00f6rtroende\", \u00e4r vi villiga att utveckla uppriktigt samarbete med alla inhemska och internationella kretsar, f\u00f6r att g\u00f6ra v\u00e5rt eget bidrag till f\u00f6retagsutvecklingen, de nationella industrierna som stiger och harmoniska samh\u00e4llets byggnad och f\u00f6r att skapa en b\u00e4ttre morgondag!<br><em>Vice ordf\u00f6rande<\/em><\/p>\n\n\n\n<figure class=\"wp-block-image aligncenter size-full\"><a href=\"\/sv\/kontakt-pressgjutgods-china\/\"><img fetchpriority=\"high\" decoding=\"async\" width=\"940\" height=\"80\" src=\"https:\/\/www.diecastingschina.com\/wp-content\/uploads\/2025\/02\/satisfaction.jpg\" alt=\"\" class=\"wp-image-652\" title=\"Beg\u00e4r en offert och kom ig\u00e5ng idag\" srcset=\"https:\/\/www.diecastingschina.com\/wp-content\/uploads\/2025\/02\/satisfaction.jpg 940w, https:\/\/www.diecastingschina.com\/wp-content\/uploads\/2025\/02\/satisfaction-300x26.jpg 300w, https:\/\/www.diecastingschina.com\/wp-content\/uploads\/2025\/02\/satisfaction-768x65.jpg 768w\" sizes=\"(max-width: 940px) 100vw, 940px\" \/><\/a><\/figure>","protected":false},"excerpt":{"rendered":"<p>\u201cTo face the rapid changeable marketing situation and the horizontal fierce competition, we Die Castings China people carry forward the hard working and indomitable fighting spirit, people-oriented, integrity management, strengthen internal management, and improve R &amp; D and manufacturing capabilities constantly and improve the level of quality management constantly, and improve the ability for business [&hellip;]<\/p>\n","protected":false},"author":3,"featured_media":0,"parent":714,"menu_order":0,"comment_status":"closed","ping_status":"closed","template":"","meta":{"footnotes":""},"class_list":["post-718","page","type-page","status-publish","hentry"],"_links":{"self":[{"href":"https:\/\/www.diecastingschina.com\/sv\/wp-json\/wp\/v2\/pages\/718","targetHints":{"allow":["GET"]}}],"collection":[{"href":"https:\/\/www.diecastingschina.com\/sv\/wp-json\/wp\/v2\/pages"}],"about":[{"href":"https:\/\/www.diecastingschina.com\/sv\/wp-json\/wp\/v2\/types\/page"}],"author":[{"embeddable":true,"href":"https:\/\/www.diecastingschina.com\/sv\/wp-json\/wp\/v2\/users\/3"}],"replies":[{"embeddable":true,"href":"https:\/\/www.diecastingschina.com\/sv\/wp-json\/wp\/v2\/comments?post=718"}],"version-history":[{"count":0,"href":"https:\/\/www.diecastingschina.com\/sv\/wp-json\/wp\/v2\/pages\/718\/revisions"}],"up":[{"embeddable":true,"href":"https:\/\/www.diecastingschina.com\/sv\/wp-json\/wp\/v2\/pages\/714"}],"wp:attachment":[{"href":"https:\/\/www.diecastingschina.com\/sv\/wp-json\/wp\/v2\/media?parent=718"}],"curies":[{"name":"wp","href":"https:\/\/api.w.org\/{rel}","templated":true}]}}