{"id":695,"date":"2025-02-28T10:09:04","date_gmt":"2025-02-28T10:09:04","guid":{"rendered":"https:\/\/www.diecastingschina.com\/?page_id=695"},"modified":"2025-10-10T05:04:14","modified_gmt":"2025-10-10T05:04:14","slug":"blastringstjanster","status":"publish","type":"page","link":"https:\/\/www.diecastingschina.com\/sv\/bearbetning-av-pressgjutgods-i-kina\/blastringstjanster\/","title":{"rendered":"Sand- och bl\u00e4string"},"content":{"rendered":"<figure class=\"wp-block-image alignright size-full\"><img fetchpriority=\"high\" decoding=\"async\" width=\"350\" height=\"271\" src=\"https:\/\/www.diecastingschina.com\/wp-content\/uploads\/2025\/02\/shot-blasting-services-die-casting-1.jpg\" alt=\"\" class=\"wp-image-698\" title=\"Bl\u00e4stringstj\u00e4nster f\u00f6r pressgjutningsprojekt\" srcset=\"https:\/\/www.diecastingschina.com\/wp-content\/uploads\/2025\/02\/shot-blasting-services-die-casting-1.jpg 350w, https:\/\/www.diecastingschina.com\/wp-content\/uploads\/2025\/02\/shot-blasting-services-die-casting-1-300x232.jpg 300w\" sizes=\"(max-width: 350px) 100vw, 350px\" \/><\/figure>\n\n\n\n<p>Bl\u00e4string av gjutgods \u00e4r en <a href=\"\/sv\/bearbetning-av-pressgjutgods-i-kina\/\">efterbearbetning efter produktion<\/a> som bearbetas genom att ytan p\u00e5 en gjuten komponent snabbt p\u00e5verkas av en definierad m\u00e4ngd slipmaterial. Detta resulterar i en snabbare och effektivare process j\u00e4mf\u00f6rt med filning f\u00f6r borttagning av flammor som finns kvar p\u00e5 en pressgjuten komponent efter att zink- eller <a href=\"\/sv\/pressgjutningstjanster-kina\/pressgjutning-av-aluminium\/\">pressgjutning av aluminium<\/a>. Genom att anv\u00e4nda mycket specifika typer och m\u00e4ngder av spr\u00e4ng\u00e4mne, <a href=\"https:\/\/www.diecastingschina.com\/sv\">Pressgjutgods Kina<\/a> kan <strong>skottsalva<\/strong> delar av alla storlekar och former. Till exempel anv\u00e4nds sm\u00e5 st\u00e5lkulor f\u00f6r att f\u00e5 en mycket polerad och sl\u00e4t yta. St\u00f6rre hagelstorlekar kan aggressivt avl\u00e4gsna kraftiga flammor.<\/p>\n\n\n\n<h2 class=\"wp-block-heading\">Bl\u00e4string \u00e4r perfekt f\u00f6r f\u00f6ljande till\u00e4mpningar:<\/h2>\n\n\n\n<ul class=\"wp-block-list\">\n<li>F\u00f6rl\u00e4ngning av utmattningslivsl\u00e4ngden f\u00f6r metall<\/li>\n\n\n\n<li>Avkalkning (avl\u00e4gsnande av v\u00e4rmebehandlingsskal)<\/li>\n\n\n\n<li>Ta bort blixten<\/li>\n\n\n\n<li>Texturering av produktens yta f\u00f6r \u00f6kad vidh\u00e4ftning<\/li>\n\n\n\n<li>Texturering f\u00f6r f\u00f6rb\u00e4ttrad mekanisk funktion<\/li>\n\n\n\n<li>Framst\u00e4llning av en kosmetisk finish av h\u00f6g kvalitet<\/li>\n<\/ul>\n\n\n\n<p><strong>Typer av slipande material som vi anv\u00e4nder under bl\u00e4stringsprocessen inkluderar:<\/strong><\/p>\n\n\n\n<p><em>Akryl<\/em> - Det mjukaste slipmedlet (plastfamiljen) som anv\u00e4nds f\u00f6r mycket k\u00e4nsliga ytor. Typ 5-kvalitet, plastmedia med l\u00e4ngst livsl\u00e4ngd - samtidigt som det ger en effektiv avverkningshastighet.<\/p>\n\n\n\n<p><em>Aluminiumoxid<\/em> - Vassa, l\u00e5nglivade slipmedel som kan \u00e5teranv\u00e4ndas under flera cykler. Aluminiumoxid finns i olika storlekar och \u00e4r mycket h\u00e5rdare \u00e4n de flesta torra bl\u00e4stermaterial och kan sk\u00e4ra n\u00e5gra av de h\u00e5rdaste metalltyperna och ytorna.<\/p>\n\n\n\n<p><em>Majskolv<\/em> - Biologiskt nedbrytbart bl\u00e4stermaterial som inte skadar eller repar den yta som bl\u00e4stras. Denna typ av bl\u00e4stermaterial \u00e4r perfekt f\u00f6r tunna metaller och plaster.<\/p>\n\n\n\n<p><em>Krossat glasgrus &amp; glasp\u00e4rlor<\/em> - kiselfritt, f\u00f6rbrukningsbart slipmedel f\u00f6r aggressiv ytprofilering och borttagning av bel\u00e4ggningar. Materialet \u00e4r helt framst\u00e4llt av \u00e5tervunnet glas och \u00e4r k\u00e4nt f\u00f6r att ge en ljusare och mycket ren yta j\u00e4mf\u00f6rt med slagg\/mineralslipmedel eller vinkelslipmedel. Glasp\u00e4rlor kan \u00e5tervinnas i upp till trettio bl\u00e4stercykler.<\/p>\n\n\n\n<p><em>Melamin<\/em> - Den h\u00e5rdaste plastfamiljens slipmedel, med en perfekt balans mellan hastighet, prestanda och kostnadseffektivitet. Melamin \u00e4r s\u00e4rskilt l\u00e4mpat f\u00f6r projekt som kr\u00e4ver h\u00f6g avverkningstakt utan att skada underlaget.<\/p>\n\n\n\n<p><em>Pimpsten<\/em> - Detta \u00e4r det mjukaste bl\u00e4stermaterialet. Pimpsten har dock en utm\u00e4rkt strippningsfunktion. Detta \u00e4r utm\u00e4rkt f\u00f6r bl\u00e4string av aluminium f\u00f6r att avl\u00e4gsna f\u00e4rg och bel\u00e4ggningar utan att p\u00e5verka underlaget.<\/p>\n\n\n\n<p><em>Kiselkarbid<\/em> - Det h\u00e5rdaste bl\u00e4stermedlet som finns tillg\u00e4ngligt hos Die Castings USA. Ger en mycket snabb sk\u00e4rhastighet och kan \u00e5teranv\u00e4ndas i mycket h\u00f6gre grad \u00e4n b\u00e5de sand och aluminiumoxid. Kiselkarbidh\u00e5rdheten m\u00f6jligg\u00f6r mycket kortare bl\u00e4stertider och l\u00e4gre totalkostnad per timme j\u00e4mf\u00f6rt med andra typer.<\/p>\n\n\n\n<p><em>St\u00e5lkorn<\/em> - Ett vinklat kolst\u00e5l; konstruerat f\u00f6r effektiv och snabb borttagning av ytf\u00f6roreningar fr\u00e5n metaller. Mycket mjukare \u00e4n aluminiumoxid. Ocks\u00e5 mycket mindre ben\u00e4get att spricka, samtidigt som det ger en etsad yta f\u00f6r f\u00f6rb\u00e4ttrad vidh\u00e4ftning av bel\u00e4ggningen.<\/p>\n\n\n\n<p>St\u00e5lskott - Detta \u00e4r den b\u00e4sta metoden f\u00f6r att f\u00e5 en ren, sl\u00e4t och polerad ytfinish. Ett mycket sl\u00e4tt och tungt bl\u00e4stermedel kan \u00e5teranv\u00e4ndas mer \u00e4n 3.000 g\u00e5nger f\u00f6r pressgjutna delar. Andra f\u00f6rdelar \u00e4r att det bildas minimalt med damm under bl\u00e4stringsprocessen och att produktens yta f\u00e5r \u00f6kad tryckh\u00e5llfasthet.<\/p>\n\n\n\n<p>Urea - Den \u00f6verl\u00e4gset vanligaste plasttypen. Kan anpassas i olika storlekar f\u00f6r att ge en effektiv strippningshastighet, samtidigt som materialet inte vrids eller ytan skadas.<\/p>\n\n\n\n<p>Walnut Shell Grit - m\u00e5ngsidig organisk slipmedelstyp. Anv\u00e4nds som ett mycket kostnadseffektivt bl\u00e4stermaterial f\u00f6r \u00f6mt\u00e5liga arbetsmoment som kr\u00e4ver en aggressiv avskalning utan att p\u00e5verka underlaget.<\/p>\n\n\n\n<figure class=\"wp-block-image aligncenter size-full\"><a href=\"\/sv\/kontakt-pressgjutgods-china\/\"><img decoding=\"async\" width=\"940\" height=\"80\" src=\"https:\/\/www.diecastingschina.com\/wp-content\/uploads\/2025\/02\/satisfaction.jpg\" alt=\"\" class=\"wp-image-652\" title=\"Beg\u00e4r en offert och kom ig\u00e5ng idag\" srcset=\"https:\/\/www.diecastingschina.com\/wp-content\/uploads\/2025\/02\/satisfaction.jpg 940w, https:\/\/www.diecastingschina.com\/wp-content\/uploads\/2025\/02\/satisfaction-300x26.jpg 300w, https:\/\/www.diecastingschina.com\/wp-content\/uploads\/2025\/02\/satisfaction-768x65.jpg 768w\" sizes=\"(max-width: 940px) 100vw, 940px\" \/><\/a><\/figure>","protected":false},"excerpt":{"rendered":"<p>Casting shot blasting is a post-production finishing service that is processed through the rapid impacting of a casting part\u2019s surface with a defined amount of abrasive material. This results in a faster and more efficient process when compared to filing for flash removal that remained on a die cast component after the zinc or aluminum [&hellip;]<\/p>\n","protected":false},"author":3,"featured_media":0,"parent":679,"menu_order":0,"comment_status":"closed","ping_status":"closed","template":"","meta":{"footnotes":""},"class_list":["post-695","page","type-page","status-publish","hentry"],"_links":{"self":[{"href":"https:\/\/www.diecastingschina.com\/sv\/wp-json\/wp\/v2\/pages\/695","targetHints":{"allow":["GET"]}}],"collection":[{"href":"https:\/\/www.diecastingschina.com\/sv\/wp-json\/wp\/v2\/pages"}],"about":[{"href":"https:\/\/www.diecastingschina.com\/sv\/wp-json\/wp\/v2\/types\/page"}],"author":[{"embeddable":true,"href":"https:\/\/www.diecastingschina.com\/sv\/wp-json\/wp\/v2\/users\/3"}],"replies":[{"embeddable":true,"href":"https:\/\/www.diecastingschina.com\/sv\/wp-json\/wp\/v2\/comments?post=695"}],"version-history":[{"count":0,"href":"https:\/\/www.diecastingschina.com\/sv\/wp-json\/wp\/v2\/pages\/695\/revisions"}],"up":[{"embeddable":true,"href":"https:\/\/www.diecastingschina.com\/sv\/wp-json\/wp\/v2\/pages\/679"}],"wp:attachment":[{"href":"https:\/\/www.diecastingschina.com\/sv\/wp-json\/wp\/v2\/media?parent=695"}],"curies":[{"name":"wp","href":"https:\/\/api.w.org\/{rel}","templated":true}]}}