{"id":668,"date":"2025-02-28T09:53:10","date_gmt":"2025-02-28T09:53:10","guid":{"rendered":"https:\/\/www.diecastingschina.com\/?page_id=668"},"modified":"2025-12-14T06:37:07","modified_gmt":"2025-12-14T06:37:07","slug":"gjutning-av-zink-i-kina","status":"publish","type":"page","link":"https:\/\/www.diecastingschina.com\/sv\/pressgjutningstjanster-kina\/gjutning-av-zink-i-kina\/","title":{"rendered":"Tj\u00e4nster f\u00f6r pressgjutning av zink"},"content":{"rendered":"<p><a href=\"https:\/\/www.diecastingschina.com\/sv\/pressgjutningstjanster-kina\/gjutning-av-zink-i-kina\/\">Pressgjutning av zink<\/a> \u00e4r en annan av de mest popul\u00e4ra legeringarna som anv\u00e4nds i pressgjutningsprocessen. Zinklegering kan gjutas till precisionstoleranser, har tunnare v\u00e4ggsektioner, komplexa former och mycket l\u00e4ngre verktygslivsl\u00e4ngd. Die Castings China har kapacitet att producera <strong><em>Delar av zinkgjutgods<\/em><\/strong> med ett brett utbud av pl\u00e4terade och\/eller m\u00e5lade ytbehandlingar. V\u00e5rt m\u00e5l \u00e4r att leverera din zinkgjutningsprodukt exakt enligt utskriftsspecifikationer. \u00c4ven om gjutna delar av aluminium och zink har en st\u00f6rre efterfr\u00e5gan p\u00e5 OEM-marknaden, har v\u00e5r IATF 16949-certifierade tillverkningsanl\u00e4ggning flera Lktech zinkgjutningsmaskiner. Dessa maskiner g\u00f6r det m\u00f6jligt f\u00f6r oss att leverera konstruerade gjutningsprodukter som str\u00e4cker sig i storlek fr\u00e5n flera gram till n\u00e4stan 45 pund.<\/p>\n\n\n\n<figure class=\"wp-block-embed is-type-video is-provider-youtube wp-block-embed-youtube wp-embed-aspect-16-9 wp-has-aspect-ratio\"><div class=\"wp-block-embed__wrapper\">\n<iframe title=\"Hur en pressgjutningsmaskin fungerar | Pressgjutet motorhus\" width=\"800\" height=\"450\" src=\"https:\/\/www.youtube.com\/embed\/LkJ2ByG1Goo?feature=oembed\" frameborder=\"0\" allow=\"accelerometer; autoplay; clipboard-write; encrypted-media; gyroscope; picture-in-picture; web-share\" referrerpolicy=\"strict-origin-when-cross-origin\" allowfullscreen><\/iframe>\n<\/div><\/figure>\n\n\n\n<h2 class=\"wp-block-heading\">N\u00e4r ska man anv\u00e4nda zinkgjutning i st\u00e4llet f\u00f6r <a href=\"https:\/\/www.diecastingschina.com\/sv\/pressgjutningstjanster-kina\/pressgjutning-av-aluminium\/\">Gjutning av aluminium<\/a> Delar?<\/h2>\n\n\n\n<p>F\u00f6rutom v\u00e5ra f\u00f6rstklassiga zinkgjutningsmaskiner har v\u00e5r erfarna QC-ingenj\u00f6rspersonal gr\u00e4nssnitt med lagerproduktionen f\u00f6r att uppt\u00e4cka eventuella problem och inspektera produkten f\u00f6r eventuella defekter. Zinklegering har f\u00f6rb\u00e4ttrat ytans seghet och h\u00e5rdhet vilket g\u00f6r den till ett idealiskt alternativ till bearbetade, pressade, st\u00e4mplade och tillverkade f\u00f6rem\u00e5l. Pressgjutningsdelar av zinklegering \u00e4r k\u00e4nda f\u00f6r sin seghet j\u00e4mf\u00f6rt med konkurrerande material och processer. Den totala str\u00e4ckgr\u00e4nsen f\u00f6r detta gjutningsmaterial \u00e4r 15 g\u00e5nger mer \u00e4n aluminiumgjutningslegering och magnesiumgjutningslegering. Legeringsstyrkan \u00e4r en prim\u00e4r anledning till att zinkgjutningsprocessen ofta anv\u00e4nds f\u00f6r v\u00e4xell\u00e5dshus, f\u00f6nsterkomponenter, h\u00e5rdvarukomponenter, elektromekaniska applikationer och andra h\u00f6ljen.<\/p>\n\n\n\n<p>J\u00e4mf\u00f6r med b\u00e5de gjutning av aluminium och gjutning av zink, b\u00e5da har sina f\u00f6rdelar och nackdelar, normalt tillverkas n\u00e5gra av stora legeringsdelar i aluminiumlegeringar och n\u00e5gra av sm\u00e5 metalllegeringsdelar tillverkade i zinklegeringar, men det \u00e4r inte alltid s\u00e5. \u00e5 andra sidan, n\u00e5gra av metalldelar som beh\u00f6ver h\u00f6gkvalitativ ytbehandling som f\u00f6rkromning, nickelpl\u00e4tering, f\u00f6r att f\u00f6rb\u00e4ttra ytkvaliteten som de ocks\u00e5 kan anv\u00e4nda Zamak-legeringar.<\/p>\n\n\n\n<p>Om du har ett projekt i h\u00e4nderna och inte \u00e4r s\u00e4ker p\u00e5 vilka legeringsmaterial som ska anv\u00e4ndas kan du kontakta oss, vi kommer att granska detta \u00e5t dig och ge dig de b\u00e4sta alternativen, om du har ett projekt som beh\u00f6ver b\u00e5de aluminium- och zinkgjutningsprodukter skickar du oss din ritning s\u00e5 att vi kan citera dig inom 24 timmar.<\/p>\n\n\n\n<figure class=\"wp-block-image size-large\"><img fetchpriority=\"high\" decoding=\"async\" width=\"1024\" height=\"515\" src=\"https:\/\/www.diecastingschina.com\/wp-content\/uploads\/2025\/12\/zinc-die-casting-1024x515.jpg\" alt=\"pressgjutning av zink\" class=\"wp-image-2402\" srcset=\"https:\/\/www.diecastingschina.com\/wp-content\/uploads\/2025\/12\/zinc-die-casting-1024x515.jpg 1024w, https:\/\/www.diecastingschina.com\/wp-content\/uploads\/2025\/12\/zinc-die-casting-300x151.jpg 300w, https:\/\/www.diecastingschina.com\/wp-content\/uploads\/2025\/12\/zinc-die-casting-768x386.jpg 768w, https:\/\/www.diecastingschina.com\/wp-content\/uploads\/2025\/12\/zinc-die-casting-1536x772.jpg 1536w, https:\/\/www.diecastingschina.com\/wp-content\/uploads\/2025\/12\/zinc-die-casting-18x9.jpg 18w, https:\/\/www.diecastingschina.com\/wp-content\/uploads\/2025\/12\/zinc-die-casting.jpg 1548w\" sizes=\"(max-width: 1024px) 100vw, 1024px\" \/><\/figure>\n\n\n\n<p>Legeringen Zamak-3 \u00e4r f\u00f6r n\u00e4rvarande den mest popul\u00e4ra legeringen, men Zamak-7 fungerar lika bra och \u00e4r under vissa f\u00f6rh\u00e5llanden \u00f6verl\u00e4gsen Zamak-3. Zinkgjutgods med legering #7 har minskade magnesiumegenskaper, med \u00f6kade m\u00e4ngder nickel - med minskade f\u00f6roreningsgr\u00e4nser. Eftersom det finns en l\u00e4gre magnesiumhalt har den st\u00f6rre flytbarhet. Som ett resultat har denna Zamak-legeringstyp b\u00e4ttre gjutf\u00f6rm\u00e5ga \u00e4n #3. Den ger dock fortfarande n\u00e4stan identiska fysiska, mekaniska egenskaper och dimensionsstabilitet. Zamak 7-legering \u00e4r mycket anv\u00e4ndbar vid tillverkning av gjutna delar i st\u00f6rre storlek. Dessutom \u00e4r denna materialtyp utm\u00e4rkt f\u00f6r att producera mycket komplexa former och f\u00f6r produktion som kr\u00e4ver \u00f6verl\u00e4gsna h\u00e5rdvarubehandlingstyper. Anv\u00e4ndningen av Zamak-5-legeringen \u00e4r begr\u00e4nsad till specialfall d\u00e4r \u00f6kad kryph\u00e5llfasthet och materialh\u00e5rdhet beh\u00f6vs.<\/p>\n\n\n\n<ul class=\"wp-block-list\">\n<li>St\u00e4ndig \u00f6vervakning av maskinernas balans och \"closed loop cells\"<\/li>\n\n\n\n<li>S\u00e4kerst\u00e4ller produktkonsistens \"fr\u00e5n skott till skott\"<\/li>\n\n\n\n<li>Snabbare korrigering av eventuella problem under drift<\/li>\n\n\n\n<li>S\u00e4kerst\u00e4ller en konsekvent produktionsprocess dag in och dag ut<\/li>\n<\/ul>\n\n\n\n<figure class=\"wp-block-image alignright size-full\"><img decoding=\"async\" width=\"500\" height=\"313\" src=\"https:\/\/www.diecastingschina.com\/wp-content\/uploads\/2025\/02\/c-062-02.jpg\" alt=\"Gjutmaskin f\u00f6r zink\" class=\"wp-image-669\" srcset=\"https:\/\/www.diecastingschina.com\/wp-content\/uploads\/2025\/02\/c-062-02.jpg 500w, https:\/\/www.diecastingschina.com\/wp-content\/uploads\/2025\/02\/c-062-02-300x188.jpg 300w\" sizes=\"(max-width: 500px) 100vw, 500px\" \/><\/figure>\n\n\n\n<p><br><strong>F\u00f6rdelar med gjutning av zink:<\/strong><\/p>\n\n\n\n<ul class=\"wp-block-list\">\n<li>H\u00f6g h\u00e5llfasthet och h\u00e5rdhet<\/li>\n\n\n\n<li>Mycket korrosionsbest\u00e4ndig<\/li>\n\n\n\n<li>Utm\u00e4rkt elektrisk ledningsf\u00f6rm\u00e5ga<\/li>\n\n\n\n<li>H\u00f6g v\u00e4rmeledningsf\u00f6rm\u00e5ga<\/li>\n\n\n\n<li>L\u00e5g kostnad f\u00f6r r\u00e5material<\/li>\n\n\n\n<li>L\u00e5g viskositet m\u00f6jligg\u00f6r sm\u00e5 och komplicerade former<\/li>\n\n\n\n<li>H\u00f6g dimensionell noggrannhet och stabilitet<\/li>\n\n\n\n<li>Utm\u00e4rkt kapacitet f\u00f6r tunna v\u00e4ggar<\/li>\n\n\n\n<li>M\u00f6jlighet till kallformning, vilket underl\u00e4ttar sammanfogning<\/li>\n\n\n\n<li>Visuellt tilltalande utseende<\/li>\n\n\n\n<li>Enast\u00e5ende korrosionsbest\u00e4ndighet<\/li>\n\n\n\n<li>Fr\u00e4mjar l\u00e5ng livsl\u00e4ngd<\/li>\n\n\n\n<li>Ekonomisk f\u00f6r sm\u00e5 delar<\/li>\n<\/ul>\n\n\n\n<p><strong>Materialtyper:<\/strong><\/p>\n\n\n\n<ul class=\"wp-block-list\">\n<li>Zink 3<\/li>\n\n\n\n<li>Zink 5<\/li>\n\n\n\n<li>ZAMAK 8<\/li>\n<\/ul>\n\n\n\n<p><strong>Pressgjutning Storleks- och viktintervall:<\/strong> 0,05-1kg Storlek: 200*200mm<\/p>\n\n\n\n<figure class=\"wp-block-image alignright size-full is-resized\"><img decoding=\"async\" width=\"480\" height=\"480\" src=\"https:\/\/www.diecastingschina.com\/wp-content\/uploads\/2025\/12\/zinc-die-casting-products.jpg\" alt=\"Produkter f\u00f6r pressgjutning av zink\" class=\"wp-image-2401\" style=\"width:292px;height:auto\" srcset=\"https:\/\/www.diecastingschina.com\/wp-content\/uploads\/2025\/12\/zinc-die-casting-products.jpg 480w, https:\/\/www.diecastingschina.com\/wp-content\/uploads\/2025\/12\/zinc-die-casting-products-300x300.jpg 300w, https:\/\/www.diecastingschina.com\/wp-content\/uploads\/2025\/12\/zinc-die-casting-products-150x150.jpg 150w, https:\/\/www.diecastingschina.com\/wp-content\/uploads\/2025\/12\/zinc-die-casting-products-12x12.jpg 12w\" sizes=\"(max-width: 480px) 100vw, 480px\" \/><\/figure>\n\n\n\n<p><strong>Lista \u00f6ver utrustning<\/strong><\/p>\n\n\n\n<ul class=\"wp-block-list\">\n<li>(2) Lktech88<\/li>\n\n\n\n<li>(2) Lktech160<\/li>\n<\/ul>\n\n\n\n<p><strong>Sm\u00e4ltugn f\u00f6r koncentration av naturgas<\/strong><\/p>\n\n\n\n<ul class=\"wp-block-list\">\n<li>(2) Shoei STM-500<\/li>\n\n\n\n<li>(1) Shoei ALM-500<\/li>\n<\/ul>\n\n\n\n<p>Om du letar efter en pressgjutningstillverkare i Kina som har IATF 16949-certifikat f\u00f6r din aluminium eller <a href=\"https:\/\/aludiecasting.com\/zamak-die-casting\/\" target=\"_blank\" rel=\"noopener\">Zamak pressgjutning delar<\/a>, \u00e4r du v\u00e4lkommen att kontakta oss.<\/p>\n\n\n\n<p><\/p>","protected":false},"excerpt":{"rendered":"<p>Zinc die casting parts is another mostly popular alloys that are used in die casting process. Zinc alloy can be casted to precision tolerances, have thinner wall sections, complex shapes and much longer tool life. Die Castings China has the capacity to produce zinc die casting parts with a wide variety of in-house plated and\/or [&hellip;]<\/p>\n","protected":false},"author":3,"featured_media":2402,"parent":645,"menu_order":0,"comment_status":"closed","ping_status":"closed","template":"","meta":{"footnotes":""},"class_list":["post-668","page","type-page","status-publish","has-post-thumbnail","hentry"],"_links":{"self":[{"href":"https:\/\/www.diecastingschina.com\/sv\/wp-json\/wp\/v2\/pages\/668","targetHints":{"allow":["GET"]}}],"collection":[{"href":"https:\/\/www.diecastingschina.com\/sv\/wp-json\/wp\/v2\/pages"}],"about":[{"href":"https:\/\/www.diecastingschina.com\/sv\/wp-json\/wp\/v2\/types\/page"}],"author":[{"embeddable":true,"href":"https:\/\/www.diecastingschina.com\/sv\/wp-json\/wp\/v2\/users\/3"}],"replies":[{"embeddable":true,"href":"https:\/\/www.diecastingschina.com\/sv\/wp-json\/wp\/v2\/comments?post=668"}],"version-history":[{"count":0,"href":"https:\/\/www.diecastingschina.com\/sv\/wp-json\/wp\/v2\/pages\/668\/revisions"}],"up":[{"embeddable":true,"href":"https:\/\/www.diecastingschina.com\/sv\/wp-json\/wp\/v2\/pages\/645"}],"wp:featuredmedia":[{"embeddable":true,"href":"https:\/\/www.diecastingschina.com\/sv\/wp-json\/wp\/v2\/media\/2402"}],"wp:attachment":[{"href":"https:\/\/www.diecastingschina.com\/sv\/wp-json\/wp\/v2\/media?parent=668"}],"curies":[{"name":"wp","href":"https:\/\/api.w.org\/{rel}","templated":true}]}}