{"id":657,"date":"2025-02-28T09:43:47","date_gmt":"2025-02-28T09:43:47","guid":{"rendered":"https:\/\/www.diecastingschina.com\/?page_id=657"},"modified":"2025-11-30T07:27:19","modified_gmt":"2025-11-30T07:27:19","slug":"pressgjutning-av-aluminium","status":"publish","type":"page","link":"https:\/\/www.diecastingschina.com\/sv\/pressgjutningstjanster-kina\/pressgjutning-av-aluminium\/","title":{"rendered":"Tj\u00e4nster f\u00f6r pressgjutning av aluminium"},"content":{"rendered":"<figure class=\"wp-block-image alignright size-full\"><img fetchpriority=\"high\" decoding=\"async\" width=\"406\" height=\"225\" src=\"https:\/\/www.diecastingschina.com\/wp-content\/uploads\/2025\/02\/aluminum-die-casting-facility-1.jpg\" alt=\"Tj\u00e4nster f\u00f6r pressgjutning av aluminium\" class=\"wp-image-660\" title=\"Anl\u00e4ggning f\u00f6r pressgjutning av aluminium\" srcset=\"https:\/\/www.diecastingschina.com\/wp-content\/uploads\/2025\/02\/aluminum-die-casting-facility-1.jpg 406w, https:\/\/www.diecastingschina.com\/wp-content\/uploads\/2025\/02\/aluminum-die-casting-facility-1-300x166.jpg 300w\" sizes=\"(max-width: 406px) 100vw, 406px\" \/><\/figure>\n\n\n\n<p>Pressgjutning av aluminium har varit en specialitet f\u00f6r <a href=\"\/sv\/ningbo-xusheng-machinery-die-casting-china\/\">Pressgjutgods Kina<\/a> sedan 1995. V\u00e5ra aluminium <a href=\"\/sv\/pressgjutningstjanster-kina\/\">tj\u00e4nster f\u00f6r pressgjutning<\/a> har hj\u00e4lpt OEM-tillverkare \u00f6ver hela v\u00e4rlden med att producera delar till l\u00e4gre kostnader med o\u00f6vertr\u00e4ffad konsistens, professionalism och leverans. V\u00e5r tillverkningsexpertis f\u00f6r gjutning av aluminiumgjutning, par med v\u00e5ra toppmoderna maskiner, s\u00e4kerst\u00e4ller att v\u00e5ra aluminiumlegeringsdelar f\u00e5r legeringsmaterial och gjutningsprocesser av h\u00f6gsta kvalitet. Vi har den n\u00f6dv\u00e4ndiga erfarenheten och expertisen f\u00f6r att s\u00e4kerst\u00e4lla alla faser i tillverkningsprocessen och leverera scheman till v\u00e5ra kunder.<\/p>\n\n\n\n<h2 class=\"wp-block-heading\">Tillverkningsprocess f\u00f6r pressgjutning av aluminium<\/h2>\n\n\n\n<p>Det finns ett antal olika <a href=\"\/sv\/egenskaper-for-gjutning-av-aluminiumlegering\/\">aluminiumlegeringar<\/a> som vi f\u00f6r n\u00e4rvarande anv\u00e4nder f\u00f6r gjutna aluminiumdelar. Varje materialkvalitet (listad i diagrammet nedan) erbjuder varierande kemiska nedbrytningar och mekaniska egenskaper. V\u00e5ra pressgjutningsdelar kan variera i storlekar fr\u00e5n mindre \u00e4n ett uns upp till 30 kg. Genom att strikt f\u00f6lja IATF16949-standarderna har vi optimerat utrustningens operat\u00f6rsfunktioner. Detta har resulterat i v\u00e5r \u201cleveranskedjenisch\u201d f\u00f6r att konsekvent kunna producera h\u00f6gkvalitativa aluminiumlegeringsdelar med \u00e5rliga anv\u00e4ndningar fr\u00e5n tusentals till miljoner.<\/p>\n\n\n\n<figure class=\"wp-block-embed is-type-video is-provider-youtube wp-block-embed-youtube wp-embed-aspect-16-9 wp-has-aspect-ratio\"><div class=\"wp-block-embed__wrapper\">\n<iframe title=\"Gjutning av motorskal i aluminium - Gjutgods Kina\" width=\"800\" height=\"450\" src=\"https:\/\/www.youtube.com\/embed\/m2nBLwaN7CM?feature=oembed\" frameborder=\"0\" allow=\"accelerometer; autoplay; clipboard-write; encrypted-media; gyroscope; picture-in-picture; web-share\" referrerpolicy=\"strict-origin-when-cross-origin\" allowfullscreen><\/iframe>\n<\/div><\/figure>\n\n\n\n<figure class=\"wp-block-image alignright size-full\"><img decoding=\"async\" width=\"250\" height=\"333\" src=\"https:\/\/www.diecastingschina.com\/wp-content\/uploads\/2025\/02\/automatic-aluminum-die-casting-machine.jpg\" alt=\"Pressgjutning av aluminium\" class=\"wp-image-662\" title=\"Automatisk gjutmaskin f\u00f6r aluminium\" srcset=\"https:\/\/www.diecastingschina.com\/wp-content\/uploads\/2025\/02\/automatic-aluminum-die-casting-machine.jpg 250w, https:\/\/www.diecastingschina.com\/wp-content\/uploads\/2025\/02\/automatic-aluminum-die-casting-machine-225x300.jpg 225w\" sizes=\"(max-width: 250px) 100vw, 250px\" \/><\/figure>\n\n\n\n<p><br>V\u00e5r gjutning av aluminium <a href=\"\/sv\/teknikteam-for-pressgjutning\/\">tillverkningsanl\u00e4ggning<\/a> har automatiserade LK- och Toshiba-maskiner med kl\u00e4mtryckstonnage som str\u00e4cker sig fr\u00e5n 160T till 2.500T. Detta g\u00f6r att vi kan gjuta ett brett utbud av mycket h\u00e5llbara, exakta former och komponenter f\u00f6r olika branscher och applikationer f\u00f6r tillverkare av originalutrustning fr\u00e5n n\u00e5gra gram till \u00f6ver 35 pund som anv\u00e4nds inom fordonsindustrin, jordbruksindustrin, elektronikindustrin, motorindustrin och m\u00e5nga fler. Liten eller ingen bearbetning kr\u00e4vs efter att en del har gjutits, eftersom processen ger mycket sn\u00e4va toleranser f\u00f6r \u00e4ven komplexa former. Aluminiumgjutgods kan ocks\u00e5 enkelt pl\u00e4teras eller bearbetas.<\/p>\n\n\n\n<h3 class=\"wp-block-heading\">\u00c5tg\u00e4rder f\u00f6r kvalitetskontroll<\/h3>\n\n\n\n<figure class=\"wp-block-image aligncenter size-full\"><img decoding=\"async\" width=\"864\" height=\"785\" src=\"https:\/\/www.diecastingschina.com\/wp-content\/uploads\/2025\/02\/aluminum-die-casting-shell-housing.jpg\" alt=\"Gjutgods av aluminium\" class=\"wp-image-663\" srcset=\"https:\/\/www.diecastingschina.com\/wp-content\/uploads\/2025\/02\/aluminum-die-casting-shell-housing.jpg 864w, https:\/\/www.diecastingschina.com\/wp-content\/uploads\/2025\/02\/aluminum-die-casting-shell-housing-300x273.jpg 300w, https:\/\/www.diecastingschina.com\/wp-content\/uploads\/2025\/02\/aluminum-die-casting-shell-housing-768x698.jpg 768w\" sizes=\"(max-width: 864px) 100vw, 864px\" \/><\/figure>\n\n\n\n<p>Die Castings China \u00e4r en IATF16949-, ISO 9001- och 1SO14001-certifierad anl\u00e4ggning.  Genom att proaktivt uppr\u00e4tth\u00e5lla ett strikt kvalitetsstyrningssystem har slarviga produktionsfel och materialavfall minskats fr\u00e5n fabrikens monteringslinjer.  Dessa processkontroller har skapat en milj\u00f6 d\u00e4r kvaliteten p\u00e5 gjutna delar och f\u00f6rv\u00e4ntningarna s\u00e4kerst\u00e4lls. Ingenj\u00f6rsteamet och den specialiserade kvalitetskontrollpersonalen samverkar dagligen med produktionslinjerna f\u00f6r att uppt\u00e4cka kvalitetsproblem innan de uppst\u00e5r.  Det viktigaste m\u00e5let f\u00f6r <a href=\"https:\/\/aludiecasting.com\/top-aluminum-die-casting-manufacturers-in-usa\/\" target=\"_blank\" rel=\"noopener\">Pressgjutgods Kina<\/a> \u00e4r att st\u00e4ndigt uppr\u00e4tth\u00e5lla v\u00e5r effektivitet i att m\u00f6ta eller \u00f6vertr\u00e4ffa v\u00e5ra kunders f\u00f6rv\u00e4ntningar i varje projekt, oavsett produktionsvolym.<\/p>\n\n\n\n<p><strong>Aluminiumlegering Materialtyper:<\/strong><\/p>\n\n\n\n<ul class=\"wp-block-list\">\n<li>A380<\/li>\n\n\n\n<li>ADC12<\/li>\n\n\n\n<li>ADC6<\/li>\n\n\n\n<li>ALSi10Mg<\/li>\n\n\n\n<li>ALSi12Fe<\/li>\n\n\n\n<li>ALSi9Cu3<\/li>\n\n\n\n<li>ALSi12Cu1Fe<\/li>\n\n\n\n<li>ALSi12CuNiMg<\/li>\n\n\n\n<li>ALSi12Cu2<\/li>\n\n\n\n<li>LM25\/A356<\/li>\n\n\n\n<li>Alu 6063\/6061<\/li>\n<\/ul>\n\n\n\n<p><strong>K\u00e4nnetecken f\u00f6r anv\u00e4ndning av aluminiumlegeringar f\u00f6r pressgjutning:<\/strong><\/p>\n\n\n\n<ul class=\"wp-block-list\">\n<li>H\u00f6gsta driftstemperaturer<\/li>\n\n\n\n<li>Enast\u00e5ende korrosionsbest\u00e4ndighet<\/li>\n\n\n\n<li>L\u00e4ttvikt<\/li>\n\n\n\n<li>L\u00e5g densitet<\/li>\n\n\n\n<li>Mycket god h\u00e5llfasthet och h\u00e5rdhet<\/li>\n\n\n\n<li>Bra styvhet och f\u00f6rh\u00e5llande mellan styrka och vikt<\/li>\n\n\n\n<li>Utm\u00e4rkta EMI- och RFI-skyddande egenskaper<\/li>\n\n\n\n<li>Utm\u00e4rkt v\u00e4rmeledningsf\u00f6rm\u00e5ga<\/li>\n\n\n\n<li>H\u00f6g elektrisk ledningsf\u00f6rm\u00e5ga<\/li>\n\n\n\n<li>Visuellt tilltalande utseende<\/li>\n\n\n\n<li>Effektiv bearbetningsprocess<\/li>\n<\/ul>\n\n\n\n<figure class=\"wp-block-image alignright size-full\"><img loading=\"lazy\" decoding=\"async\" width=\"500\" height=\"383\" src=\"https:\/\/www.diecastingschina.com\/wp-content\/uploads\/2025\/02\/lktech-dcc-die-casting-machine.jpg\" alt=\"Gjutmaskin f\u00f6r aluminium\" class=\"wp-image-664\" title=\"Lktech pressgjutningsmaskiner\" srcset=\"https:\/\/www.diecastingschina.com\/wp-content\/uploads\/2025\/02\/lktech-dcc-die-casting-machine.jpg 500w, https:\/\/www.diecastingschina.com\/wp-content\/uploads\/2025\/02\/lktech-dcc-die-casting-machine-300x230.jpg 300w\" sizes=\"(max-width: 500px) 100vw, 500px\" \/><\/figure>\n\n\n\n<p><strong>Storleks- och viktintervall:<\/strong> 0,01-30Kg<\/p>\n\n\n\n<p><strong>Lista \u00f6ver utrustning f\u00f6r pressgjutning<\/strong><\/p>\n\n\n\n<ul class=\"wp-block-list\">\n<li>(4) Toshiba DC350J-SX<\/li>\n\n\n\n<li>(2) Lktech DCC200B<\/li>\n\n\n\n<li>(1) DCC200<\/li>\n\n\n\n<li>(1) DCC500<\/li>\n\n\n\n<li>(1) DCC400<\/li>\n\n\n\n<li>(1) DCC700<\/li>\n\n\n\n<li>(1) DCC900<\/li>\n\n\n\n<li>(2) Ube UB350SH3<\/li>\n\n\n\n<li>(1) Buhler ECOLINE53<\/li>\n<\/ul>\n\n\n\n<p><strong>Sm\u00e4ltugn f\u00f6r koncentration av naturgas<\/strong><\/p>\n\n\n\n<ul class=\"wp-block-list\">\n<li>(2) Shoei STM-500<\/li>\n\n\n\n<li>(1) Shoei ALM-500<\/li>\n<\/ul>\n\n\n\n<figure class=\"wp-block-image aligncenter size-full\"><a href=\"\/sv\/kontakt-pressgjutgods-china\/\"><img loading=\"lazy\" decoding=\"async\" width=\"940\" height=\"80\" src=\"https:\/\/www.diecastingschina.com\/wp-content\/uploads\/2025\/02\/satisfaction.jpg\" alt=\"\" class=\"wp-image-652\" title=\"Beg\u00e4r en offert och kom ig\u00e5ng idag\" srcset=\"https:\/\/www.diecastingschina.com\/wp-content\/uploads\/2025\/02\/satisfaction.jpg 940w, https:\/\/www.diecastingschina.com\/wp-content\/uploads\/2025\/02\/satisfaction-300x26.jpg 300w, https:\/\/www.diecastingschina.com\/wp-content\/uploads\/2025\/02\/satisfaction-768x65.jpg 768w\" sizes=\"(max-width: 940px) 100vw, 940px\" \/><\/a><\/figure>","protected":false},"excerpt":{"rendered":"<p>Aluminum die casting has been a specialty of Die Castings China since 1995. Our aluminum die casting services have assisted OEMs all over the world with producing parts at lower costs with unrivaled consistency, professionalism and delivery. Our aluminum die casting manufacturing expertise, pair with our state-of-the-art machinery, assures that our aluminum alloy parts will [&hellip;]<\/p>\n","protected":false},"author":3,"featured_media":2303,"parent":645,"menu_order":0,"comment_status":"closed","ping_status":"closed","template":"","meta":{"footnotes":""},"class_list":["post-657","page","type-page","status-publish","has-post-thumbnail","hentry"],"_links":{"self":[{"href":"https:\/\/www.diecastingschina.com\/sv\/wp-json\/wp\/v2\/pages\/657","targetHints":{"allow":["GET"]}}],"collection":[{"href":"https:\/\/www.diecastingschina.com\/sv\/wp-json\/wp\/v2\/pages"}],"about":[{"href":"https:\/\/www.diecastingschina.com\/sv\/wp-json\/wp\/v2\/types\/page"}],"author":[{"embeddable":true,"href":"https:\/\/www.diecastingschina.com\/sv\/wp-json\/wp\/v2\/users\/3"}],"replies":[{"embeddable":true,"href":"https:\/\/www.diecastingschina.com\/sv\/wp-json\/wp\/v2\/comments?post=657"}],"version-history":[{"count":0,"href":"https:\/\/www.diecastingschina.com\/sv\/wp-json\/wp\/v2\/pages\/657\/revisions"}],"up":[{"embeddable":true,"href":"https:\/\/www.diecastingschina.com\/sv\/wp-json\/wp\/v2\/pages\/645"}],"wp:featuredmedia":[{"embeddable":true,"href":"https:\/\/www.diecastingschina.com\/sv\/wp-json\/wp\/v2\/media\/2303"}],"wp:attachment":[{"href":"https:\/\/www.diecastingschina.com\/sv\/wp-json\/wp\/v2\/media?parent=657"}],"curies":[{"name":"wp","href":"https:\/\/api.w.org\/{rel}","templated":true}]}}