{"id":735,"date":"2025-02-28T10:33:22","date_gmt":"2025-02-28T10:33:22","guid":{"rendered":"https:\/\/www.diecastingschina.com\/?page_id=735"},"modified":"2025-02-28T10:34:49","modified_gmt":"2025-02-28T10:34:49","slug":"asigurarea-clientilor","status":"publish","type":"page","link":"https:\/\/www.diecastingschina.com\/ro\/cnm-tech-turnare-sub-presiune-china\/asigurarea-clientilor\/","title":{"rendered":"Asigurarea clien\u021bilor"},"content":{"rendered":"<h2 class=\"wp-block-heading\">Ne asigur\u0103m c\u0103 produsele de calitate p\u0103r\u0103sesc unitatea noastr\u0103 \u0219i ajung la timp la unitatea dumneavoastr\u0103<\/h2>\n\n\n\n<p>La <a href=\"\/ro\/ningbo-xusheng-machinery-die-casting-china\/\">Piese turnate China<\/a>, noastr\u0103 <a href=\"\/ro\/servicii-de-turnare-sub-presiune-china\/\">turnare sub presiune<\/a> sunt construite pe credin\u021ba c\u0103 fabricarea pieselor turnate sub presiune este o \u0219tiin\u021b\u0103. Timp de peste 20 de ani am perfec\u021bionat protocolul nostru de asigurare a clien\u021bilor. Pentru a ne men\u021bine pozi\u021bia de lider \u00een domeniul turn\u0103rii sub presiune, avem standarde de asigurare a furnizorilor \u0219i clien\u021bilor care s\u0103 sus\u021bin\u0103 aceast\u0103 funda\u021bie.<\/p>\n\n\n\n<p>Metoda noastr\u0103 de asigurare a clien\u021bilor acoper\u0103 fiecare faz\u0103 a procesului de produc\u021bie \u0219i furnizare a pieselor turnate sub presiune. \u00cencep\u00e2nd cu <a href=\"\/ro\/echipa-de-inginerie-pentru-turnare-sub-presiune\/\">faza de inginerie<\/a> \u0219i se \u00eencheie cu livr\u0103ri JIT. Deoarece ne men\u021binem la curent \u0219i ne \u00eembun\u0103t\u0103\u021bim continuu gestionarea proiectelor, putem s\u0103 ne men\u021binem timpul de r\u0103spuns \u0219i costurile reduse ale pieselor. Acest lucru conduce la rate foarte ridicate de satisfac\u021bie a clien\u021bilor \u0219i la o rat\u0103 de reten\u021bie a produc\u021biei.<\/p>\n\n\n\n<figure class=\"wp-block-image aligncenter size-full\"><a href=\"\/ro\/contact-die-castings-china\/\"><img fetchpriority=\"high\" decoding=\"async\" width=\"940\" height=\"80\" src=\"https:\/\/www.diecastingschina.com\/wp-content\/uploads\/2025\/02\/satisfaction.jpg\" alt=\"\" class=\"wp-image-652\" title=\"Solicita\u021bi o ofert\u0103 \u0219i \u00eencepe\u021bi ast\u0103zi\" srcset=\"https:\/\/www.diecastingschina.com\/wp-content\/uploads\/2025\/02\/satisfaction.jpg 940w, https:\/\/www.diecastingschina.com\/wp-content\/uploads\/2025\/02\/satisfaction-300x26.jpg 300w, https:\/\/www.diecastingschina.com\/wp-content\/uploads\/2025\/02\/satisfaction-768x65.jpg 768w\" sizes=\"(max-width: 940px) 100vw, 940px\" \/><\/a><\/figure>","protected":false},"excerpt":{"rendered":"<p>We ensure quality products leave our facility and arrive at your facility on-time At Die Castings China, our die casting processes are built on the belief that manufacturing die cast parts is a science. For over 20 years we have fine tuned our customer assurance protocol. To maintain our position as a die casting leader, [&hellip;]<\/p>\n","protected":false},"author":3,"featured_media":0,"parent":714,"menu_order":0,"comment_status":"closed","ping_status":"closed","template":"","meta":{"footnotes":""},"class_list":["post-735","page","type-page","status-publish","hentry"],"_links":{"self":[{"href":"https:\/\/www.diecastingschina.com\/ro\/wp-json\/wp\/v2\/pages\/735","targetHints":{"allow":["GET"]}}],"collection":[{"href":"https:\/\/www.diecastingschina.com\/ro\/wp-json\/wp\/v2\/pages"}],"about":[{"href":"https:\/\/www.diecastingschina.com\/ro\/wp-json\/wp\/v2\/types\/page"}],"author":[{"embeddable":true,"href":"https:\/\/www.diecastingschina.com\/ro\/wp-json\/wp\/v2\/users\/3"}],"replies":[{"embeddable":true,"href":"https:\/\/www.diecastingschina.com\/ro\/wp-json\/wp\/v2\/comments?post=735"}],"version-history":[{"count":0,"href":"https:\/\/www.diecastingschina.com\/ro\/wp-json\/wp\/v2\/pages\/735\/revisions"}],"up":[{"embeddable":true,"href":"https:\/\/www.diecastingschina.com\/ro\/wp-json\/wp\/v2\/pages\/714"}],"wp:attachment":[{"href":"https:\/\/www.diecastingschina.com\/ro\/wp-json\/wp\/v2\/media?parent=735"}],"curies":[{"name":"wp","href":"https:\/\/api.w.org\/{rel}","templated":true}]}}