{"id":732,"date":"2025-02-28T10:32:16","date_gmt":"2025-02-28T10:32:16","guid":{"rendered":"https:\/\/www.diecastingschina.com\/?page_id=732"},"modified":"2026-02-20T16:00:05","modified_gmt":"2026-02-20T16:00:05","slug":"certificari-industriale","status":"publish","type":"page","link":"https:\/\/www.diecastingschina.com\/ro\/certificari-industriale\/","title":{"rendered":"Certific\u0103ri \u0219i afilieri"},"content":{"rendered":"<p>Noi suntem <strong>Companie de turnare sub presiune certificat\u0103 IATF 16949<\/strong> \u00een China, oferind produse de turnare sub presiune de \u00eenalt\u0103 calitate din aluminiu, zinc \u0219i magneziu. suntem dispu\u0219i s\u0103 semn\u0103m documentul NDA \u00eenainte de a ne trimite datele.<\/p>\n\n\n\n<p>Sistemele de management al calit\u0103\u021bii IATF 16949:2016, ISO 14001 \u0219i ISO 9001 sunt aplicate cu stricte\u021be la un produc\u0103tor de piese turnate sub presiune care produce componente auto turnate sub presiune.<\/p>\n\n\n\n<p>Capacit\u0103\u021bile de control al calit\u0103\u021bii ale Die Castings China includ <a href=\"\/ro\/echipa-de-inginerie-pentru-turnare-sub-presiune\/\">sisteme de inspec\u021bie de ultim\u0103 genera\u021bie<\/a>. Acest lucru permite tehnicienilor no\u0219tri de turnare sub presiune capacitatea de a privi ad\u00e2nc \u00een piesele turnate sub presiune \u0219i de a analiza ad\u00e2ncimea fluxului de metal prin matri\u021b\u0103 \u0219i al\u021bi parametri de testare critici \u00een produc\u021bia de <a href=\"\/ro\/servicii-de-turnare-sub-presiune-china\/zinc-turnare-china\/\">zinc de \u00eenalt\u0103 calitate<\/a> \u0219i <a href=\"\/ro\/servicii-de-turnare-sub-presiune-china\/aluminiu-turnat-sub-presiune\/\">aluminiu turnat sub presiune<\/a>.<\/p>\n\n\n\n<p>Turnarea noastr\u0103 complet\u0103 sub presiune,&nbsp; <a href=\"\/ro\/prelucrarea-pieselor-turnate-sub-presiune-in-china\/\">prelucrare<\/a>, inginerie \u0219i <a href=\"\/ro\/ningbo-xusheng-machinery-die-casting-china\/asigurarea-clientilor\/\">personalul executiv se angajeaz\u0103 s\u0103 produc\u0103 piese turnate din aluminiu \u0219i zinc de cea mai \u00eenalt\u0103 calitate disponibile ast\u0103zi<\/a>.<\/p>\n\n\n\n<p><strong>Produc\u021bia de volum mare necesit\u0103 <a href=\"\/ro\/controlul-calitatii-turnarii-sub-presiune\/\">controlul calit\u0103\u021bii<\/a> pe parcursul tuturor fazelor unui proiect.<\/strong><\/p>\n\n\n\n<p>Pentru a men\u021bine aceast\u0103 filosofie de proiect, <a href=\"https:\/\/www.diecastingschina.com\/ro\" data-type=\"link\" data-id=\"https:\/\/www.diecastingschina.com\/\">Piese turnate China<\/a>&nbsp; \u00eentre\u021bine \u0219i investe\u0219te \u00een mod regulat \u00een cele mai recente resurse de evaluare. Pun\u00e2nd acest echipament \u00een m\u00e2inile profesioni\u0219tilor no\u0219tri din domeniul asigur\u0103rii calit\u0103\u021bii, am reu\u0219it s\u0103 ob\u021binem certific\u0103ri de aprobare \u0219i ader\u0103ri la cel mai \u00eenalt nivel.<\/p>\n\n\n\n<p>Dac\u0103 sunte\u021bi \u00een c\u0103utarea pentru <strong>Produc\u0103tor de aluminiu turnat sub presiune de \u00eenalt\u0103 presiune cu certificare IATF16949<\/strong>, sunte\u021bi binevenit s\u0103 ne contacta\u021bi. v\u0103 vom cita pre\u021bul \u00een 24 de ore.<\/p>\n\n\n\n<figure class=\"wp-block-image size-large\"><img fetchpriority=\"high\" decoding=\"async\" width=\"717\" height=\"1024\" src=\"https:\/\/www.diecastingschina.com\/wp-content\/uploads\/2025\/06\/IATF16949-82132-717x1024.jpg\" alt=\"IATF16949-82132\" class=\"wp-image-1707\" srcset=\"https:\/\/www.diecastingschina.com\/wp-content\/uploads\/2025\/06\/IATF16949-82132-717x1024.jpg 717w, https:\/\/www.diecastingschina.com\/wp-content\/uploads\/2025\/06\/IATF16949-82132-210x300.jpg 210w, https:\/\/www.diecastingschina.com\/wp-content\/uploads\/2025\/06\/IATF16949-82132-768x1097.jpg 768w, https:\/\/www.diecastingschina.com\/wp-content\/uploads\/2025\/06\/IATF16949-82132-1075x1536.jpg 1075w, https:\/\/www.diecastingschina.com\/wp-content\/uploads\/2025\/06\/IATF16949-82132-8x12.jpg 8w, https:\/\/www.diecastingschina.com\/wp-content\/uploads\/2025\/06\/IATF16949-82132.jpg 1200w\" sizes=\"(max-width: 717px) 100vw, 717px\" \/><figcaption class=\"wp-element-caption\">IATF16949:2016-82132<\/figcaption><\/figure>\n\n\n\n<p><\/p>","protected":false},"excerpt":{"rendered":"<p>We are IATF 16949 certified die casting company in China, offering high quality die casting products from aluminum, zinc, and magnesium. we are willing to signed NDA document before you send us the data. The IATF 16949:2016, ISO 14001 and ISO 9001 quality management systems are strictly enforced to a die casting manufacturer who manufacutres [&hellip;]<\/p>\n","protected":false},"author":3,"featured_media":0,"parent":0,"menu_order":0,"comment_status":"closed","ping_status":"closed","template":"","meta":{"footnotes":""},"class_list":["post-732","page","type-page","status-publish","hentry"],"_links":{"self":[{"href":"https:\/\/www.diecastingschina.com\/ro\/wp-json\/wp\/v2\/pages\/732","targetHints":{"allow":["GET"]}}],"collection":[{"href":"https:\/\/www.diecastingschina.com\/ro\/wp-json\/wp\/v2\/pages"}],"about":[{"href":"https:\/\/www.diecastingschina.com\/ro\/wp-json\/wp\/v2\/types\/page"}],"author":[{"embeddable":true,"href":"https:\/\/www.diecastingschina.com\/ro\/wp-json\/wp\/v2\/users\/3"}],"replies":[{"embeddable":true,"href":"https:\/\/www.diecastingschina.com\/ro\/wp-json\/wp\/v2\/comments?post=732"}],"version-history":[{"count":0,"href":"https:\/\/www.diecastingschina.com\/ro\/wp-json\/wp\/v2\/pages\/732\/revisions"}],"wp:attachment":[{"href":"https:\/\/www.diecastingschina.com\/ro\/wp-json\/wp\/v2\/media?parent=732"}],"curies":[{"name":"wp","href":"https:\/\/api.w.org\/{rel}","templated":true}]}}