{"id":722,"date":"2025-02-28T10:24:40","date_gmt":"2025-02-28T10:24:40","guid":{"rendered":"https:\/\/www.diecastingschina.com\/?page_id=722"},"modified":"2025-02-28T10:27:04","modified_gmt":"2025-02-28T10:27:04","slug":"controlul-calitatii-turnarii-sub-presiune","status":"publish","type":"page","link":"https:\/\/www.diecastingschina.com\/ro\/controlul-calitatii-turnarii-sub-presiune\/","title":{"rendered":"Controlul calit\u0103\u021bii"},"content":{"rendered":"<p>Personalul de control al calit\u0103\u021bii de la <a href=\"\/ro\/ningbo-xusheng-machinery-die-casting-china\/\">Piese turnate China<\/a> s\u0103 ne asigur\u0103m c\u0103 <a href=\"\/ro\/servicii-de-turnare-sub-presiune-china\/\">turnare sub presiune<\/a> echipa continu\u0103 s\u0103 ofere cele mai bune<a href=\"\/ro\/servicii-de-turnare-sub-presiune-china\/aluminiu-turnat-sub-presiune\/\"> aluminiu turnat sub presiune<\/a> \u0219i <a href=\"\/ro\/servicii-de-turnare-sub-presiune-china\/zinc-turnare-china\/\">piese turnate din zinc<\/a>.<\/p>\n\n\n\n<p>Protocolul nostru de inspec\u021bie a turn\u0103rii sub presiune \u0219i de control al calit\u0103\u021bii este strict aplicat prin certific\u0103rile TS16949 \u0219i QS9000. Senzorii 3D CMM, c\u00e2ntarele \u0219i calibrele sunt \u00eentre\u021binute \u0219i calibrate \u00een mod regulat pentru a ne asigura c\u0103 piesele noastre turnate sub presiune sunt precise \u0219i \u00eendeplinesc specifica\u021biile necesare.<\/p>\n\n\n\n<p>Personalul de control al calit\u0103\u021bii beneficiaz\u0103 de educa\u021bie \u0219i formare continu\u0103 cu privire la toate ma\u0219inile de inspec\u021bie \u0219i la noile caracteristici. Filozofia noastr\u0103 este ca personalul de inspec\u021bie s\u0103 fie con\u0219tient de calitate; timpul \u0219i efortul suplimentar concentrat asupra proiectului dvs. va \u00eembun\u0103t\u0103\u021bi finisarea produsului final.<\/p>\n\n\n\n<figure class=\"wp-block-embed is-type-video is-provider-youtube wp-block-embed-youtube wp-embed-aspect-16-9 wp-has-aspect-ratio\"><div class=\"wp-block-embed__wrapper\">\n<iframe title=\"Ingineri de control al calit\u0103\u021bii la Die Castings USA\" width=\"800\" height=\"450\" src=\"https:\/\/www.youtube.com\/embed\/39Wtxm-XzjE?feature=oembed\" frameborder=\"0\" allow=\"accelerometer; autoplay; clipboard-write; encrypted-media; gyroscope; picture-in-picture; web-share\" referrerpolicy=\"strict-origin-when-cross-origin\" allowfullscreen><\/iframe>\n<\/div><\/figure>\n\n\n\n<h2 class=\"wp-block-heading\">Scopurile controlului calit\u0103\u021bii<\/h2>\n\n\n\n<p>Utiliz\u0103m o list\u0103 de verificare a asigur\u0103rii calit\u0103\u021bii pentru toate piesele noastre turnate sub presiune pentru a urm\u0103ri \u0219i verifica \u00een mod eficient dac\u0103 piesele turnate sub presiune produse pentru clien\u021bii no\u0219tri \u00eendeplinesc standardele \u0219i cerin\u021bele necesare.<\/p>\n\n\n\n<ul class=\"wp-block-list\">\n<li>Sistem de calitate conform ISO \u00een vigoare<\/li>\n\n\n\n<li>Inspec\u021bia primului articol \/ rapoarte<\/li>\n\n\n\n<li>Certificarea materialelor<\/li>\n\n\n\n<li>PPAP<\/li>\n<\/ul>\n\n\n\n<h2 class=\"wp-block-heading\">Lista echipamentelor de control al calit\u0103\u021bii<\/h2>\n\n\n\n<p><strong>Lista CMM de \u00eenalt\u0103 precizie<\/strong><\/p>\n\n\n\n<ul class=\"wp-block-list\">\n<li>(1) Metro-3D 7106<\/li>\n\n\n\n<li>(1) Metro-3D 675<\/li>\n\n\n\n<li>(1) Metro-3D 654<\/li>\n<\/ul>\n\n\n\n<p><strong>Lista ma\u0219inilor universale de testare la trac\u021biune<\/strong><\/p>\n\n\n\n<ul class=\"wp-block-list\">\n<li>(1) Greenster WDW-50<\/li>\n<\/ul>\n\n\n\n<p><strong>Lista instrumentelor de m\u0103surare a rugozit\u0103\u021bii<\/strong><\/p>\n\n\n\n<ul class=\"wp-block-list\">\n<li>(1) Accretech E35B<\/li>\n<\/ul>\n\n\n\n<p><strong>Lista de testere de duritate<\/strong><\/p>\n\n\n\n<ul class=\"wp-block-list\">\n<li>(1) Lianer 187.5HBW<\/li>\n<\/ul>\n\n\n\n<p><strong>Lista echipamentelor de testare a cur\u0103\u021beniei<\/strong><\/p>\n\n\n\n<ul class=\"wp-block-list\">\n<li>(1) Fengming<\/li>\n<\/ul>\n\n\n\n<p><strong>Lista spectrografelor<\/strong><\/p>\n\n\n\n<ul class=\"wp-block-list\">\n<li>(1) Spect SPECTRO MAXX<\/li>\n<\/ul>\n\n\n\n<p><strong>Lista detectoarelor de defecte cu raze X<\/strong><\/p>\n\n\n\n<ul class=\"wp-block-list\">\n<li>(1) Aolong XYD-1504<\/li>\n<\/ul>\n\n\n\n<p><strong>Lista de testere pentru cea\u021b\u0103 de sare<\/strong><\/p>\n\n\n\n<ul class=\"wp-block-list\">\n<li>(1) Wuxi Yingzhicheng YWX\/Q-150<\/li>\n<\/ul>\n\n\n\n<p><strong>Lista proiectoarelor<\/strong><\/p>\n\n\n\n<ul class=\"wp-block-list\">\n<li>(1) Easson EV3020<\/li>\n<\/ul>\n\n\n\n<h2 class=\"wp-block-heading\">Politica de mediu<\/h2>\n\n\n\n<p>La Die Castings China, promov\u0103m o instala\u021bie prietenoas\u0103 cu mediul. Prevenirea polu\u0103rii mediului; respectarea legilor \u0219i reglement\u0103rilor regionale ne permit s\u0103 realiz\u0103m o dezvoltare durabil\u0103, limit\u00e2nd \u00een acela\u0219i timp poluarea mediului.<\/p>\n\n\n\n<figure class=\"wp-block-image aligncenter size-full\"><a href=\"\/ro\/contact-die-castings-china\/\"><img fetchpriority=\"high\" decoding=\"async\" width=\"940\" height=\"80\" src=\"https:\/\/www.diecastingschina.com\/wp-content\/uploads\/2025\/02\/satisfaction.jpg\" alt=\"\" class=\"wp-image-652\" title=\"Solicita\u021bi o ofert\u0103 \u0219i \u00eencepe\u021bi ast\u0103zi\" srcset=\"https:\/\/www.diecastingschina.com\/wp-content\/uploads\/2025\/02\/satisfaction.jpg 940w, https:\/\/www.diecastingschina.com\/wp-content\/uploads\/2025\/02\/satisfaction-300x26.jpg 300w, https:\/\/www.diecastingschina.com\/wp-content\/uploads\/2025\/02\/satisfaction-768x65.jpg 768w\" sizes=\"(max-width: 940px) 100vw, 940px\" \/><\/a><\/figure>","protected":false},"excerpt":{"rendered":"<p>The quality control staff at Die Castings China ensure that our die casting team continues to provide the best aluminum die casting and zinc die cast parts. Our die casting inspection and quality control protocol are strictly enforced through TS16949 and QS9000 certifications. The 3D CMM sensors, scales and calipers are regularly serviced and calibrated [&hellip;]<\/p>\n","protected":false},"author":3,"featured_media":0,"parent":0,"menu_order":0,"comment_status":"closed","ping_status":"closed","template":"","meta":{"footnotes":""},"class_list":["post-722","page","type-page","status-publish","hentry"],"_links":{"self":[{"href":"https:\/\/www.diecastingschina.com\/ro\/wp-json\/wp\/v2\/pages\/722","targetHints":{"allow":["GET"]}}],"collection":[{"href":"https:\/\/www.diecastingschina.com\/ro\/wp-json\/wp\/v2\/pages"}],"about":[{"href":"https:\/\/www.diecastingschina.com\/ro\/wp-json\/wp\/v2\/types\/page"}],"author":[{"embeddable":true,"href":"https:\/\/www.diecastingschina.com\/ro\/wp-json\/wp\/v2\/users\/3"}],"replies":[{"embeddable":true,"href":"https:\/\/www.diecastingschina.com\/ro\/wp-json\/wp\/v2\/comments?post=722"}],"version-history":[{"count":0,"href":"https:\/\/www.diecastingschina.com\/ro\/wp-json\/wp\/v2\/pages\/722\/revisions"}],"wp:attachment":[{"href":"https:\/\/www.diecastingschina.com\/ro\/wp-json\/wp\/v2\/media?parent=722"}],"curies":[{"name":"wp","href":"https:\/\/api.w.org\/{rel}","templated":true}]}}