{"id":714,"date":"2025-02-28T10:20:03","date_gmt":"2025-02-28T10:20:03","guid":{"rendered":"https:\/\/www.diecastingschina.com\/?page_id=714"},"modified":"2026-04-15T09:04:32","modified_gmt":"2026-04-15T09:04:32","slug":"cnm-tech-turnare-sub-presiune-china","status":"publish","type":"page","link":"https:\/\/www.diecastingschina.com\/ro\/cnm-tech-turnare-sub-presiune-china\/","title":{"rendered":"Despre compania noastr\u0103-Die Casting China"},"content":{"rendered":"<p>CNM TECH Co., Ltd (Jiazhan) este un lider <strong>China mor turnare companie<\/strong>, specializat\u0103 \u00een produse de \u00eenalt\u0103 calitate <strong>aluminiu turnat sub presiune<\/strong> \u0219i <strong>zinc turnare sub presiune<\/strong> solu\u021bii pentru clien\u021bii globali. Cu peste un deceniu de experien\u021b\u0103 \u00een produc\u021bie, furniz\u0103m piese turnate sub presiune fiabile \u0219i rentabile pentru industriile din \u00eentreaga lume. Instala\u021bia noastr\u0103 de produc\u021bie de turnare sub presiune este situat\u0103 \u00een Dongguan, provincia Guangdong, cunoscut\u0103 \u0219i sub numele de \"<a href=\"https:\/\/www.thediecasting.com\/\" target=\"_blank\" rel=\"noopener\">ora\u0219 de turnare sub presiune\" din China<\/a>. Aceast\u0103 loca\u021bie strategic\u0103 ofer\u0103 resurse industriale excelente, avantaje avansate ale lan\u021bului de aprovizionare \u0219i acces convenabil la transport. Fiind aproape de unul dintre cele mai mari porturi de containere din China \u0219i la doar o scurt\u0103 c\u0103l\u0103torie cu trenul din Hong Kong, asigur\u0103m o livrare rapid\u0103 \u0219i o logistic\u0103 eficient\u0103 pentru clien\u021bii no\u0219tri interna\u021bionali.<\/p>\n\n\n\n<p>CNM TECH a \u00eenceput ca o mic\u0103 fabric\u0103 de matri\u021be pentru turnare sub presiune \u0219i a devenit un serviciu complet <strong>produc\u0103tor de turnare sub presiune<\/strong> prin ani de \u00eembun\u0103t\u0103\u021bire continu\u0103 \u0219i inovare. Ast\u0103zi, instala\u021bia noastr\u0103 modern\u0103 integreaz\u0103 proiectarea matri\u021belor, produc\u021bia de turnare sub presiune de \u00eenalt\u0103 presiune, prelucrarea de precizie CNC, finisarea suprafe\u021belor \u0219i serviciile de asamblare. Oferind solu\u021bii interne complete, ajut\u0103m clien\u021bii s\u0103 reduc\u0103 costurile, s\u0103 scurteze termenele de execu\u021bie \u0219i s\u0103 ob\u021bin\u0103 o calitate constant\u0103 a produselor.<\/p>\n\n\n\n<p>Pentru a garanta fiabilitatea, opera\u021biunile noastre respect\u0103 standarde interna\u021bionale stricte. Suntem certifica\u021bi cu ISO9001 pentru managementul calit\u0103\u021bii, <a href=\"https:\/\/www.diecastingschina.com\/ro\/certificari-industriale\/\">IATF16949 pentru aplica\u021bii auto<\/a>, ISO14001 pentru managementul mediului \u0219i OHSAS18001 pentru s\u0103n\u0103tatea \u0219i siguran\u021ba ocupa\u021bional\u0103. Aceste certific\u0103ri dovedesc angajamentul nostru de a produce piese turnate sub presiune care \u00eendeplinesc cele mai \u00eenalte standarde globale.<\/p>\n\n\n\n<p>Capacit\u0103\u021bile noastre principale de produc\u021bie includ <strong><a href=\"https:\/\/www.diecastingschina.com\/ro\/servicii-de-turnare-sub-presiune-china\/aluminiu-turnat-sub-presiune\/\">aliaj de aluminiu turnare sub presiune<\/a><\/strong>, <strong><a href=\"https:\/\/www.diecastingschina.com\/ro\/servicii-de-turnare-sub-presiune-china\/zinc-turnare-china\/\">aliaj de zinc turnare sub presiune<\/a><\/strong>, <a href=\"https:\/\/www.diecastingschina.com\/ro\/prelucrarea-pieselor-turnate-sub-presiune-in-china\/\">prelucrare de precizie \u0219i servicii secundare<\/a>. Acoperind o gam\u0103 larg\u0103 de piese turnate sub presiune personalizate, cum ar fi carcase, suporturi, radiatoare, conectori \u0219i componente de precizie. Deservim diverse industrii, inclusiv industria auto, agricultur\u0103, electronic\u0103, echipamente industriale, dispozitive medicale, ap\u0103rare \u0219i utilaje off-highway. Cu echipamente de produc\u021bie avansate, ingineri califica\u021bi \u0219i o echip\u0103 profesionist\u0103 de gestionare a proiectelor, suntem capabili s\u0103 gestion\u0103m cu aceea\u0219i eficien\u021b\u0103 at\u00e2t prototipuri de volum redus, c\u00e2t \u0219i produc\u021bia de volum mare.<\/p>\n\n\n\n<p>La CNM TECH <strong><a href=\"https:\/\/www.diecastingschina.com\/ro\">China turnare sub presiune<\/a><\/strong> satisfac\u021bia clien\u021bilor este \u00eentotdeauna prioritatea noastr\u0103 principal\u0103. De la stadiul incipient de proiectare \u0219i fabricare a matri\u021belor p\u00e2n\u0103 la livrarea final\u0103 a produsului, echipa noastr\u0103 ofer\u0103 management complet al proiectului \u0219i suport pentru lan\u021bul de aprovizionare. Nu numai c\u0103 asigur\u0103m o produc\u021bie de \u00eenalt\u0103 calitate, dar oferim \u0219i pre\u021buri competitive \u0219i livr\u0103ri la timp. Experien\u021ba noastr\u0103 \u00een lucrul cu pie\u021bele din America de Nord \u0219i Europa ne face un partener de \u00eencredere pentru companiile care doresc s\u0103 ob\u021bin\u0103 <strong>piese turnate sub presiune din China<\/strong>.<\/p>\n\n\n\n<p>Dac\u0103 sunte\u021bi \u00een c\u0103utarea unui <strong>companie de turnare sub presiune \u00een China<\/strong>, CNM TECH Co., Ltd este cea mai bun\u0103 alegere. Combin\u0103m expertiza tehnic\u0103, controlul strict al calit\u0103\u021bii \u0219i serviciile axate pe client pentru a oferi servicii de clas\u0103 mondial\u0103 <strong>solu\u021bii personalizate de turnare sub presiune<\/strong>. Contacta\u021bi-ne ast\u0103zi pentru a discuta despre proiectul dvs. \u0219i pentru a descoperi cum capacit\u0103\u021bile noastre de turnare sub presiune v\u0103 pot ajuta s\u0103 da\u021bi via\u021b\u0103 ideilor dvs. de produse.<\/p>","protected":false},"excerpt":{"rendered":"<p>CNM TECH Co., Ltd (Jiazhan) is a leading China die casting company, specializing in high-quality aluminum die casting and zinc die casting solutions for global customers. With over a decade of manufacturing experience, we provide reliable and cost-effective die casting parts for industries worldwide. Our die casting manufacturing facility is located in Dongguan, Guangdong Province, [&hellip;]<\/p>\n","protected":false},"author":3,"featured_media":0,"parent":0,"menu_order":0,"comment_status":"closed","ping_status":"closed","template":"","meta":{"footnotes":""},"class_list":["post-714","page","type-page","status-publish","hentry"],"_links":{"self":[{"href":"https:\/\/www.diecastingschina.com\/ro\/wp-json\/wp\/v2\/pages\/714","targetHints":{"allow":["GET"]}}],"collection":[{"href":"https:\/\/www.diecastingschina.com\/ro\/wp-json\/wp\/v2\/pages"}],"about":[{"href":"https:\/\/www.diecastingschina.com\/ro\/wp-json\/wp\/v2\/types\/page"}],"author":[{"embeddable":true,"href":"https:\/\/www.diecastingschina.com\/ro\/wp-json\/wp\/v2\/users\/3"}],"replies":[{"embeddable":true,"href":"https:\/\/www.diecastingschina.com\/ro\/wp-json\/wp\/v2\/comments?post=714"}],"version-history":[{"count":3,"href":"https:\/\/www.diecastingschina.com\/ro\/wp-json\/wp\/v2\/pages\/714\/revisions"}],"predecessor-version":[{"id":2544,"href":"https:\/\/www.diecastingschina.com\/ro\/wp-json\/wp\/v2\/pages\/714\/revisions\/2544"}],"wp:attachment":[{"href":"https:\/\/www.diecastingschina.com\/ro\/wp-json\/wp\/v2\/media?parent=714"}],"curies":[{"name":"wp","href":"https:\/\/api.w.org\/{rel}","templated":true}]}}