{"id":692,"date":"2025-02-28T10:06:21","date_gmt":"2025-02-28T10:06:21","guid":{"rendered":"https:\/\/www.diecastingschina.com\/?page_id=692"},"modified":"2025-02-28T10:06:52","modified_gmt":"2025-02-28T10:06:52","slug":"tratarea-termica-a-aluminiului","status":"publish","type":"page","link":"https:\/\/www.diecastingschina.com\/ro\/prelucrarea-pieselor-turnate-sub-presiune-in-china\/tratarea-termica-a-aluminiului\/","title":{"rendered":"Tratarea termic\u0103"},"content":{"rendered":"<p>Tratarea termic\u0103 este utilizat\u0103 ca un <a href=\"\/ro\/prelucrarea-pieselor-turnate-sub-presiune-in-china\/\">proces secundar de turnare sub presiune<\/a>, dup\u0103 faza ini\u021bial\u0103 de turnare. Acest proces este utilizat pentru a \u00eembun\u0103t\u0103\u021bi propriet\u0103\u021bile mecanice \u0219i fizice ale unui <a href=\"\/ro\/servicii-de-turnare-sub-presiune-china\/aluminiu-turnat-sub-presiune\/\">aluminiu turnat sub presiune<\/a>. Acest proces const\u0103 \u00een \u00eenc\u0103lzirea \u0219i r\u0103cirea unei piese turnate sub presiune, care nu modific\u0103 sau nu afecteaz\u0103 forma unei piese turnate. Acest lucru va \u00eembun\u0103t\u0103\u021bi considerabil rezisten\u021ba, duritatea \u0219i conductivitatea electric\u0103 a piesei turnate sub presiune. \u00cen plus, tratarea termic\u0103 \u00eembun\u0103t\u0103\u021be\u0219te, de asemenea, prelucrarea final\u0103 a unei piese turnate din aluminiu.<\/p>\n\n\n\n<p>Exist\u0103 mai multe etape \u00een timpul procesului de tratare termic\u0103 a aluminiului:<\/p>\n\n\n\n<p><em>Pre\u00eenc\u0103lzire \/ omogenizare<\/em> - Prima opera\u021bie termic\u0103 aplicat\u0103 lingourilor de aluminiu \u00eenainte de prelucrarea la cald. Principalul obiectiv al pre\u00eenc\u0103lzirii este \u00eembun\u0103t\u0103\u021birea semnificativ\u0103 a prelucrabilit\u0103\u021bii. Omogenizarea permite reducerea sau eliminarea segreg\u0103rii chimice \u0219i a structurilor dendritice \u00een cadrul unei piese turnate sub presiune.<\/p>\n\n\n\n<p><em>Recoacere<\/em> - Aceast\u0103 opera\u021bie de tratare termic\u0103 va elimina tensiunile sau va \u00eenmuia materialul pentru a \u00eembun\u0103t\u0103\u021bi r\u0103spunsul la prelucrare, va modifica propriet\u0103\u021bile fizice sau mecanice \u0219i poate produce o structur\u0103 definit\u0103.<\/p>\n\n\n\n<p><em>\u00cent\u0103rire \/ c\u0103lire<\/em> - \u00cent\u0103rirea prin c\u0103lire cu ap\u0103, c\u0103lire cu ulei, c\u0103lire cu aer for\u021bat sau c\u0103lire cu aer sta\u021bionar va duce la \u00eembun\u0103t\u0103\u021birea propriet\u0103\u021bilor mecanice, durit\u0103\u021bii \u0219i durit\u0103\u021bii structurii aliajului de aluminiu.<\/p>\n\n\n\n<p>\u00cen concluzie, combina\u021bia noastr\u0103 de echipamente \u0219i personal de tratare termic\u0103 de prim\u0103 clas\u0103 ofer\u0103 servicii eficiente de tratare termic\u0103. Die Castings China are capacitatea de a oferi multe tipuri diferite de op\u021biuni de tratament pentru clien\u021bii no\u0219tri.<\/p>\n\n\n\n<figure class=\"wp-block-image aligncenter size-full\"><a href=\"\/ro\/contact-die-castings-china\/\"><img fetchpriority=\"high\" decoding=\"async\" width=\"940\" height=\"80\" src=\"https:\/\/www.diecastingschina.com\/wp-content\/uploads\/2025\/02\/satisfaction.jpg\" alt=\"\" class=\"wp-image-652\" title=\"Solicita\u021bi o ofert\u0103 \u0219i \u00eencepe\u021bi ast\u0103zi\" srcset=\"https:\/\/www.diecastingschina.com\/wp-content\/uploads\/2025\/02\/satisfaction.jpg 940w, https:\/\/www.diecastingschina.com\/wp-content\/uploads\/2025\/02\/satisfaction-300x26.jpg 300w, https:\/\/www.diecastingschina.com\/wp-content\/uploads\/2025\/02\/satisfaction-768x65.jpg 768w\" sizes=\"(max-width: 940px) 100vw, 940px\" \/><\/a><\/figure>","protected":false},"excerpt":{"rendered":"<p>Heat treating is used as a secondary die casting process, after the initial casting phase. This process is used to improve the mechanical and physical properties of an aluminum die casting. This process consists of the heating and cooling of a die casting, which does not change or affect the shape of a casting. This [&hellip;]<\/p>\n","protected":false},"author":3,"featured_media":0,"parent":679,"menu_order":0,"comment_status":"closed","ping_status":"closed","template":"","meta":{"footnotes":""},"class_list":["post-692","page","type-page","status-publish","hentry"],"_links":{"self":[{"href":"https:\/\/www.diecastingschina.com\/ro\/wp-json\/wp\/v2\/pages\/692","targetHints":{"allow":["GET"]}}],"collection":[{"href":"https:\/\/www.diecastingschina.com\/ro\/wp-json\/wp\/v2\/pages"}],"about":[{"href":"https:\/\/www.diecastingschina.com\/ro\/wp-json\/wp\/v2\/types\/page"}],"author":[{"embeddable":true,"href":"https:\/\/www.diecastingschina.com\/ro\/wp-json\/wp\/v2\/users\/3"}],"replies":[{"embeddable":true,"href":"https:\/\/www.diecastingschina.com\/ro\/wp-json\/wp\/v2\/comments?post=692"}],"version-history":[{"count":0,"href":"https:\/\/www.diecastingschina.com\/ro\/wp-json\/wp\/v2\/pages\/692\/revisions"}],"up":[{"embeddable":true,"href":"https:\/\/www.diecastingschina.com\/ro\/wp-json\/wp\/v2\/pages\/679"}],"wp:attachment":[{"href":"https:\/\/www.diecastingschina.com\/ro\/wp-json\/wp\/v2\/media?parent=692"}],"curies":[{"name":"wp","href":"https:\/\/api.w.org\/{rel}","templated":true}]}}