{"id":657,"date":"2025-02-28T09:43:47","date_gmt":"2025-02-28T09:43:47","guid":{"rendered":"https:\/\/www.diecastingschina.com\/?page_id=657"},"modified":"2025-11-30T07:27:19","modified_gmt":"2025-11-30T07:27:19","slug":"aluminiu-turnat-sub-presiune","status":"publish","type":"page","link":"https:\/\/www.diecastingschina.com\/ro\/servicii-de-turnare-sub-presiune-china\/aluminiu-turnat-sub-presiune\/","title":{"rendered":"Servicii de turnare sub presiune a aluminiului"},"content":{"rendered":"<figure class=\"wp-block-image alignright size-full\"><img fetchpriority=\"high\" decoding=\"async\" width=\"406\" height=\"225\" src=\"https:\/\/www.diecastingschina.com\/wp-content\/uploads\/2025\/02\/aluminum-die-casting-facility-1.jpg\" alt=\"Servicii de turnare sub presiune a aluminiului\" class=\"wp-image-660\" title=\"Aluminum Die turnare facilitate\" srcset=\"https:\/\/www.diecastingschina.com\/wp-content\/uploads\/2025\/02\/aluminum-die-casting-facility-1.jpg 406w, https:\/\/www.diecastingschina.com\/wp-content\/uploads\/2025\/02\/aluminum-die-casting-facility-1-300x166.jpg 300w\" sizes=\"(max-width: 406px) 100vw, 406px\" \/><\/figure>\n\n\n\n<p>Turnarea sub presiune a aluminiului a fost o specialitate a <a href=\"\/ro\/ningbo-xusheng-machinery-die-casting-china\/\">Piese turnate China<\/a> din 1995. Aluminiul nostru <a href=\"\/ro\/servicii-de-turnare-sub-presiune-china\/\">servicii de turnare sub presiune<\/a> au ajutat OEM-urile din \u00eentreaga lume s\u0103 produc\u0103 piese la costuri mai mici, cu consecven\u021b\u0103, profesionalism \u0219i livrare de neegalat. Expertiza noastr\u0103 \u00een produc\u021bia de aluminiu turnat sub presiune, \u00eempreun\u0103 cu utilajele noastre de ultim\u0103 genera\u021bie, asigur\u0103 faptul c\u0103 piesele noastre din aliaj de aluminiu vor primi materiale din aliaj \u0219i procese de turnare de cea mai \u00eenalt\u0103 calitate. Avem experien\u021ba \u0219i expertiza necesare pentru a asigura toate fazele procesului de fabrica\u021bie \u0219i livrarea de programe pentru clien\u021bii no\u0219tri.<\/p>\n\n\n\n<h2 class=\"wp-block-heading\">Procesul de fabrica\u021bie al aluminiului turnat sub presiune<\/h2>\n\n\n\n<p>Exist\u0103 un num\u0103r diferit de <a href=\"\/ro\/proprietati-de-turnare-din-aliaj-de-aluminiu\/\">aliaje de aluminiu<\/a> pe care le folosim \u00een prezent pentru piesele turnate din aluminiu. Fiecare grad de material (enumerat \u00een graficul de mai jos) ofer\u0103 diferite defalc\u0103ri chimice \u0219i propriet\u0103\u021bi mecanice. Piesele noastre turnate sub presiune pot varia \u00een dimensiuni de la mai pu\u021bin de o uncie p\u00e2n\u0103 la 30KG. Prin respectarea strict\u0103 a standardelor IATF16949, am optimizat func\u021biile operatorilor echipamentelor. Acest lucru a dus la \u201cni\u0219a lan\u021bului nostru de aprovizionare\u201d de a putea produce \u00een mod constant piese din aliaj de aluminiu de \u00eenalt\u0103 calitate cu utiliz\u0103ri anuale de la mii la milioane.<\/p>\n\n\n\n<figure class=\"wp-block-embed is-type-video is-provider-youtube wp-block-embed-youtube wp-embed-aspect-16-9 wp-has-aspect-ratio\"><div class=\"wp-block-embed__wrapper\">\n<iframe title=\"Aluminum Motor Shell Die Casting - Die Castings China\" width=\"800\" height=\"450\" src=\"https:\/\/www.youtube.com\/embed\/m2nBLwaN7CM?feature=oembed\" frameborder=\"0\" allow=\"accelerometer; autoplay; clipboard-write; encrypted-media; gyroscope; picture-in-picture; web-share\" referrerpolicy=\"strict-origin-when-cross-origin\" allowfullscreen><\/iframe>\n<\/div><\/figure>\n\n\n\n<figure class=\"wp-block-image alignright size-full\"><img decoding=\"async\" width=\"250\" height=\"333\" src=\"https:\/\/www.diecastingschina.com\/wp-content\/uploads\/2025\/02\/automatic-aluminum-die-casting-machine.jpg\" alt=\"Aluminum die casting\" class=\"wp-image-662\" title=\"Ma\u0219in\u0103 automat\u0103 de turnare a aluminiului\" srcset=\"https:\/\/www.diecastingschina.com\/wp-content\/uploads\/2025\/02\/automatic-aluminum-die-casting-machine.jpg 250w, https:\/\/www.diecastingschina.com\/wp-content\/uploads\/2025\/02\/automatic-aluminum-die-casting-machine-225x300.jpg 225w\" sizes=\"(max-width: 250px) 100vw, 250px\" \/><\/figure>\n\n\n\n<p><br>Turnarea noastr\u0103 de aluminiu <a href=\"\/ro\/echipa-de-inginerie-pentru-turnare-sub-presiune\/\">unitate de produc\u021bie<\/a> dispune de ma\u0219ini automate LK \u0219i Toshiba cu tonaje de presiune de str\u00e2ngere care variaz\u0103 de la 160T la 2.500T. Acest lucru ne permite s\u0103 turn\u0103m o gam\u0103 larg\u0103 de forme \u0219i componente foarte durabile \u0219i precise pentru diverse domenii industriale \u0219i aplica\u021bii ale produc\u0103torilor de echipamente originale, de la c\u00e2teva grame la peste 35 de kilograme, care sunt utilizate \u00een industria auto, industria agricol\u0103, industria electronic\u0103, industria motoarelor \u0219i multe altele. Dup\u0103 ce o pies\u0103 este turnat\u0103 sub presiune, este necesar\u0103 o prelucrare redus\u0103 sau inexistent\u0103, deoarece procesul asigur\u0103 toleran\u021be foarte str\u00e2nse chiar \u0219i pentru forme complexe. Piesele turnate sub presiune din aluminiu pot fi, de asemenea, placate sau finisate cu u\u0219urin\u021b\u0103.<\/p>\n\n\n\n<h3 class=\"wp-block-heading\">M\u0103suri de control al calit\u0103\u021bii<\/h3>\n\n\n\n<figure class=\"wp-block-image aligncenter size-full\"><img decoding=\"async\" width=\"864\" height=\"785\" src=\"https:\/\/www.diecastingschina.com\/wp-content\/uploads\/2025\/02\/aluminum-die-casting-shell-housing.jpg\" alt=\"Aluminum die castings\" class=\"wp-image-663\" srcset=\"https:\/\/www.diecastingschina.com\/wp-content\/uploads\/2025\/02\/aluminum-die-casting-shell-housing.jpg 864w, https:\/\/www.diecastingschina.com\/wp-content\/uploads\/2025\/02\/aluminum-die-casting-shell-housing-300x273.jpg 300w, https:\/\/www.diecastingschina.com\/wp-content\/uploads\/2025\/02\/aluminum-die-casting-shell-housing-768x698.jpg 768w\" sizes=\"(max-width: 864px) 100vw, 864px\" \/><\/figure>\n\n\n\n<p>Die Castings China este o unitate certificat\u0103 IATF16949, ISO 9001 \u0219i 1SO14001.  Prin men\u021binerea proactiv\u0103 a unui sistem strict de management al calit\u0103\u021bii, erorile de produc\u021bie neglijente \u0219i risipa de materiale au fost reduse de pe liniile de asamblare ale fabricii.  Aceste controale ale procesului au creat un mediu \u00een care calitatea pieselor turnate sub presiune \u0219i a\u0219tept\u0103rile sunt asigurate. Echipa de ingineri \u0219i personalul specializat \u00een controlul calit\u0103\u021bii interac\u021bioneaz\u0103 zilnic cu liniile de produc\u021bie, pentru a detecta problemele de calitate \u00eenainte ca acestea s\u0103 apar\u0103.  Cel mai important obiectiv al <a href=\"https:\/\/aludiecasting.com\/top-aluminum-die-casting-manufacturers-in-usa\/\" target=\"_blank\" rel=\"noopener\">Piese turnate China<\/a> este s\u0103 ne men\u021binem \u00een mod constant eficien\u021ba \u00een \u00eendeplinirea sau dep\u0103\u0219irea a\u0219tept\u0103rilor clien\u021bilor no\u0219tri pentru fiecare proiect, indiferent de cantitatea de produc\u021bie.<\/p>\n\n\n\n<p><strong>Aliaj de aluminiu Tipuri de materiale:<\/strong><\/p>\n\n\n\n<ul class=\"wp-block-list\">\n<li>A380<\/li>\n\n\n\n<li>ADC12<\/li>\n\n\n\n<li>ADC6<\/li>\n\n\n\n<li>ALSi10Mg<\/li>\n\n\n\n<li>ALSi12Fe<\/li>\n\n\n\n<li>ALSi9Cu3<\/li>\n\n\n\n<li>ALSi12Cu1Fe<\/li>\n\n\n\n<li>ALSi12CuNiMg<\/li>\n\n\n\n<li>ALSi12Cu2<\/li>\n\n\n\n<li>LM25\/A356<\/li>\n\n\n\n<li>Alu 6063\/6061<\/li>\n<\/ul>\n\n\n\n<p><strong>Caracteristicile utiliz\u0103rii materialelor din aliaj de aluminiu pentru turnarea sub presiune:<\/strong><\/p>\n\n\n\n<ul class=\"wp-block-list\">\n<li>Cele mai ridicate temperaturi de func\u021bionare<\/li>\n\n\n\n<li>Rezisten\u021b\u0103 excep\u021bional\u0103 la coroziune<\/li>\n\n\n\n<li>Greutate redus\u0103<\/li>\n\n\n\n<li>Densitate redus\u0103<\/li>\n\n\n\n<li>Rezisten\u021b\u0103 \u0219i duritate foarte bune<\/li>\n\n\n\n<li>Rigiditate bun\u0103 \u0219i raport rezisten\u021b\u0103\/greutate<\/li>\n\n\n\n<li>Propriet\u0103\u021bi excelente de ecranare EMI \u0219i RFI<\/li>\n\n\n\n<li>Conductivitate termic\u0103 excelent\u0103<\/li>\n\n\n\n<li>Conductivitate electric\u0103 ridicat\u0103<\/li>\n\n\n\n<li>Aspect vizual atr\u0103g\u0103tor<\/li>\n\n\n\n<li>Proces de prelucrare eficient<\/li>\n<\/ul>\n\n\n\n<figure class=\"wp-block-image alignright size-full\"><img loading=\"lazy\" decoding=\"async\" width=\"500\" height=\"383\" src=\"https:\/\/www.diecastingschina.com\/wp-content\/uploads\/2025\/02\/lktech-dcc-die-casting-machine.jpg\" alt=\"Aluminiu mor turnare ma\u0219in\u0103\" class=\"wp-image-664\" title=\"Lktech Die Casting Ma\u0219ini\" srcset=\"https:\/\/www.diecastingschina.com\/wp-content\/uploads\/2025\/02\/lktech-dcc-die-casting-machine.jpg 500w, https:\/\/www.diecastingschina.com\/wp-content\/uploads\/2025\/02\/lktech-dcc-die-casting-machine-300x230.jpg 300w\" sizes=\"(max-width: 500px) 100vw, 500px\" \/><\/figure>\n\n\n\n<p><strong>Gam\u0103 de dimensiuni \u0219i greutate:<\/strong> 0.01-30Kg<\/p>\n\n\n\n<p><strong>Lista echipamentelor de turnare sub presiune<\/strong><\/p>\n\n\n\n<ul class=\"wp-block-list\">\n<li>(4) Toshiba DC350J-SX<\/li>\n\n\n\n<li>(2) Lktech DCC200B<\/li>\n\n\n\n<li>(1) DCC200<\/li>\n\n\n\n<li>(1) DCC500<\/li>\n\n\n\n<li>(1) DCC400<\/li>\n\n\n\n<li>(1) DCC700<\/li>\n\n\n\n<li>(1) DCC900<\/li>\n\n\n\n<li>(2) Ube UB350SH3<\/li>\n\n\n\n<li>(1) Buhler ECOLINE53<\/li>\n<\/ul>\n\n\n\n<p><strong>Cuptor de topire cu concentra\u021bie de gaze naturale<\/strong><\/p>\n\n\n\n<ul class=\"wp-block-list\">\n<li>(2) Shoei STM-500<\/li>\n\n\n\n<li>(1) Shoei ALM-500<\/li>\n<\/ul>\n\n\n\n<figure class=\"wp-block-image aligncenter size-full\"><a href=\"\/ro\/contact-die-castings-china\/\"><img loading=\"lazy\" decoding=\"async\" width=\"940\" height=\"80\" src=\"https:\/\/www.diecastingschina.com\/wp-content\/uploads\/2025\/02\/satisfaction.jpg\" alt=\"\" class=\"wp-image-652\" title=\"Solicita\u021bi o ofert\u0103 \u0219i \u00eencepe\u021bi ast\u0103zi\" srcset=\"https:\/\/www.diecastingschina.com\/wp-content\/uploads\/2025\/02\/satisfaction.jpg 940w, https:\/\/www.diecastingschina.com\/wp-content\/uploads\/2025\/02\/satisfaction-300x26.jpg 300w, https:\/\/www.diecastingschina.com\/wp-content\/uploads\/2025\/02\/satisfaction-768x65.jpg 768w\" sizes=\"(max-width: 940px) 100vw, 940px\" \/><\/a><\/figure>","protected":false},"excerpt":{"rendered":"<p>Aluminum die casting has been a specialty of Die Castings China since 1995. Our aluminum die casting services have assisted OEMs all over the world with producing parts at lower costs with unrivaled consistency, professionalism and delivery. Our aluminum die casting manufacturing expertise, pair with our state-of-the-art machinery, assures that our aluminum alloy parts will [&hellip;]<\/p>\n","protected":false},"author":3,"featured_media":2303,"parent":645,"menu_order":0,"comment_status":"closed","ping_status":"closed","template":"","meta":{"footnotes":""},"class_list":["post-657","page","type-page","status-publish","has-post-thumbnail","hentry"],"_links":{"self":[{"href":"https:\/\/www.diecastingschina.com\/ro\/wp-json\/wp\/v2\/pages\/657","targetHints":{"allow":["GET"]}}],"collection":[{"href":"https:\/\/www.diecastingschina.com\/ro\/wp-json\/wp\/v2\/pages"}],"about":[{"href":"https:\/\/www.diecastingschina.com\/ro\/wp-json\/wp\/v2\/types\/page"}],"author":[{"embeddable":true,"href":"https:\/\/www.diecastingschina.com\/ro\/wp-json\/wp\/v2\/users\/3"}],"replies":[{"embeddable":true,"href":"https:\/\/www.diecastingschina.com\/ro\/wp-json\/wp\/v2\/comments?post=657"}],"version-history":[{"count":0,"href":"https:\/\/www.diecastingschina.com\/ro\/wp-json\/wp\/v2\/pages\/657\/revisions"}],"up":[{"embeddable":true,"href":"https:\/\/www.diecastingschina.com\/ro\/wp-json\/wp\/v2\/pages\/645"}],"wp:featuredmedia":[{"embeddable":true,"href":"https:\/\/www.diecastingschina.com\/ro\/wp-json\/wp\/v2\/media\/2303"}],"wp:attachment":[{"href":"https:\/\/www.diecastingschina.com\/ro\/wp-json\/wp\/v2\/media?parent=657"}],"curies":[{"name":"wp","href":"https:\/\/api.w.org\/{rel}","templated":true}]}}