{"id":722,"date":"2025-02-28T10:24:40","date_gmt":"2025-02-28T10:24:40","guid":{"rendered":"https:\/\/www.diecastingschina.com\/?page_id=722"},"modified":"2025-02-28T10:27:04","modified_gmt":"2025-02-28T10:27:04","slug":"controle-de-qualidade-de-fundicao-sob-pressao","status":"publish","type":"page","link":"https:\/\/www.diecastingschina.com\/pt\/controle-de-qualidade-de-fundicao-sob-pressao\/","title":{"rendered":"Controle de qualidade"},"content":{"rendered":"<p>A equipe de controle de qualidade da <a href=\"\/pt\/ningbo-xusheng-machinery-die-casting-china\/\">Fundi\u00e7\u00e3o sob press\u00e3o China<\/a> garantir que nossos <a href=\"\/pt\/servicos-de-fundicao-sob-pressao-na-china\/\">fundi\u00e7\u00e3o sob press\u00e3o<\/a> A equipe continua a oferecer o melhor<a href=\"\/pt\/servicos-de-fundicao-sob-pressao-na-china\/fundicao-sob-pressao-de-aluminio\/\"> fundi\u00e7\u00e3o sob press\u00e3o de alum\u00ednio<\/a> e <a href=\"\/pt\/servicos-de-fundicao-sob-pressao-na-china\/fundicao-de-zinco-na-china\/\">pe\u00e7as fundidas em zinco<\/a>.<\/p>\n\n\n\n<p>Nosso protocolo de inspe\u00e7\u00e3o e controle de qualidade de fundi\u00e7\u00e3o sob press\u00e3o \u00e9 rigorosamente aplicado por meio das certifica\u00e7\u00f5es TS16949 e QS9000. Os sensores, as balan\u00e7as e os calibradores 3D CMM passam por manuten\u00e7\u00e3o e s\u00e3o calibrados regularmente para garantir que nossas pe\u00e7as fundidas sejam precisas e atendam \u00e0s especifica\u00e7\u00f5es exigidas.<\/p>\n\n\n\n<p>A equipe de controle de qualidade recebe educa\u00e7\u00e3o e treinamento cont\u00ednuos sobre todas as m\u00e1quinas de inspe\u00e7\u00e3o e novos recursos. \u00c9 nossa filosofia que a equipe de inspe\u00e7\u00e3o seja consciente da qualidade; o tempo e o esfor\u00e7o extras concentrados no seu projeto melhorar\u00e3o o acabamento do produto final.<\/p>\n\n\n\n<figure class=\"wp-block-embed is-type-video is-provider-youtube wp-block-embed-youtube wp-embed-aspect-16-9 wp-has-aspect-ratio\"><div class=\"wp-block-embed__wrapper\">\n<iframe title=\"Engenheiros de controle de qualidade na Die Castings USA\" width=\"800\" height=\"450\" src=\"https:\/\/www.youtube.com\/embed\/39Wtxm-XzjE?feature=oembed\" frameborder=\"0\" allow=\"accelerometer; autoplay; clipboard-write; encrypted-media; gyroscope; picture-in-picture; web-share\" referrerpolicy=\"strict-origin-when-cross-origin\" allowfullscreen><\/iframe>\n<\/div><\/figure>\n\n\n\n<h2 class=\"wp-block-heading\">Objetivos do controle de qualidade<\/h2>\n\n\n\n<p>Usamos uma lista de verifica\u00e7\u00e3o de garantia de qualidade para todas as nossas pe\u00e7as fundidas para rastrear e verificar com efic\u00e1cia se as pe\u00e7as fundidas produzidas para nossos clientes atendem aos padr\u00f5es e requisitos necess\u00e1rios.<\/p>\n\n\n\n<ul class=\"wp-block-list\">\n<li>Sistema de qualidade em conformidade com a ISO em vigor<\/li>\n\n\n\n<li>Inspe\u00e7\u00e3o de primeiro artigo \/ relat\u00f3rios<\/li>\n\n\n\n<li>Certifica\u00e7\u00e3o de materiais<\/li>\n\n\n\n<li>PPAP<\/li>\n<\/ul>\n\n\n\n<h2 class=\"wp-block-heading\">Lista de equipamentos de controle de qualidade<\/h2>\n\n\n\n<p><strong>Lista de CMMs de alta precis\u00e3o<\/strong><\/p>\n\n\n\n<ul class=\"wp-block-list\">\n<li>(1) Metro-3D 7106<\/li>\n\n\n\n<li>(1) Metro-3D 675<\/li>\n\n\n\n<li>(1) Metro-3D 654<\/li>\n<\/ul>\n\n\n\n<p><strong>Lista de m\u00e1quinas de teste de tra\u00e7\u00e3o universal<\/strong><\/p>\n\n\n\n<ul class=\"wp-block-list\">\n<li>(1) Greenster WDW-50<\/li>\n<\/ul>\n\n\n\n<p><strong>Lista de instrumentos de medi\u00e7\u00e3o de rugosidade<\/strong><\/p>\n\n\n\n<ul class=\"wp-block-list\">\n<li>(1) Accretech E35B<\/li>\n<\/ul>\n\n\n\n<p><strong>Lista de testadores de dureza<\/strong><\/p>\n\n\n\n<ul class=\"wp-block-list\">\n<li>(1) Lianer 187.5HBW<\/li>\n<\/ul>\n\n\n\n<p><strong>Lista de equipamentos de teste de limpeza<\/strong><\/p>\n\n\n\n<ul class=\"wp-block-list\">\n<li>(1) Fengming<\/li>\n<\/ul>\n\n\n\n<p><strong>Lista de espectr\u00f3grafos<\/strong><\/p>\n\n\n\n<ul class=\"wp-block-list\">\n<li>(1) Spect SPECTRO MAXX<\/li>\n<\/ul>\n\n\n\n<p><strong>Lista de detectores de defeitos por raios X<\/strong><\/p>\n\n\n\n<ul class=\"wp-block-list\">\n<li>(1) Aolong XYD-1504<\/li>\n<\/ul>\n\n\n\n<p><strong>Lista de testadores de n\u00e9voa salina<\/strong><\/p>\n\n\n\n<ul class=\"wp-block-list\">\n<li>(1) Wuxi Yingzhicheng YWX\/Q-150<\/li>\n<\/ul>\n\n\n\n<p><strong>Lista de projetores<\/strong><\/p>\n\n\n\n<ul class=\"wp-block-list\">\n<li>(1) Easson EV3020<\/li>\n<\/ul>\n\n\n\n<h2 class=\"wp-block-heading\">Pol\u00edtica ambiental<\/h2>\n\n\n\n<p>Na Die Castings China, promovemos uma instala\u00e7\u00e3o que respeita o meio ambiente. A preven\u00e7\u00e3o da polui\u00e7\u00e3o ambiental e o cumprimento das leis e regulamenta\u00e7\u00f5es regionais nos permitem alcan\u00e7ar o desenvolvimento sustent\u00e1vel e, ao mesmo tempo, limitar a polui\u00e7\u00e3o ambiental.<\/p>\n\n\n\n<figure class=\"wp-block-image aligncenter size-full\"><a href=\"\/pt\/fundicao-sob-pressao-de-contato-china\/\"><img fetchpriority=\"high\" decoding=\"async\" width=\"940\" height=\"80\" src=\"https:\/\/www.diecastingschina.com\/wp-content\/uploads\/2025\/02\/satisfaction.jpg\" alt=\"\" class=\"wp-image-652\" title=\"Solicite uma cota\u00e7\u00e3o e comece a trabalhar hoje mesmo\" srcset=\"https:\/\/www.diecastingschina.com\/wp-content\/uploads\/2025\/02\/satisfaction.jpg 940w, https:\/\/www.diecastingschina.com\/wp-content\/uploads\/2025\/02\/satisfaction-300x26.jpg 300w, https:\/\/www.diecastingschina.com\/wp-content\/uploads\/2025\/02\/satisfaction-768x65.jpg 768w\" sizes=\"(max-width: 940px) 100vw, 940px\" \/><\/a><\/figure>","protected":false},"excerpt":{"rendered":"<p>The quality control staff at Die Castings China ensure that our die casting team continues to provide the best aluminum die casting and zinc die cast parts. Our die casting inspection and quality control protocol are strictly enforced through TS16949 and QS9000 certifications. The 3D CMM sensors, scales and calipers are regularly serviced and calibrated [&hellip;]<\/p>\n","protected":false},"author":3,"featured_media":0,"parent":0,"menu_order":0,"comment_status":"closed","ping_status":"closed","template":"","meta":{"footnotes":""},"class_list":["post-722","page","type-page","status-publish","hentry"],"_links":{"self":[{"href":"https:\/\/www.diecastingschina.com\/pt\/wp-json\/wp\/v2\/pages\/722","targetHints":{"allow":["GET"]}}],"collection":[{"href":"https:\/\/www.diecastingschina.com\/pt\/wp-json\/wp\/v2\/pages"}],"about":[{"href":"https:\/\/www.diecastingschina.com\/pt\/wp-json\/wp\/v2\/types\/page"}],"author":[{"embeddable":true,"href":"https:\/\/www.diecastingschina.com\/pt\/wp-json\/wp\/v2\/users\/3"}],"replies":[{"embeddable":true,"href":"https:\/\/www.diecastingschina.com\/pt\/wp-json\/wp\/v2\/comments?post=722"}],"version-history":[{"count":0,"href":"https:\/\/www.diecastingschina.com\/pt\/wp-json\/wp\/v2\/pages\/722\/revisions"}],"wp:attachment":[{"href":"https:\/\/www.diecastingschina.com\/pt\/wp-json\/wp\/v2\/media?parent=722"}],"curies":[{"name":"wp","href":"https:\/\/api.w.org\/{rel}","templated":true}]}}