{"id":708,"date":"2025-02-28T10:16:46","date_gmt":"2025-02-28T10:16:46","guid":{"rendered":"https:\/\/www.diecastingschina.com\/?page_id=708"},"modified":"2025-02-28T10:18:09","modified_gmt":"2025-02-28T10:18:09","slug":"industrias-de-fundicao-sob-pressao-atendidas-na-china","status":"publish","type":"page","link":"https:\/\/www.diecastingschina.com\/pt\/industrias-de-fundicao-sob-pressao-atendidas-na-china\/","title":{"rendered":"Mercados e setores atendidos"},"content":{"rendered":"<p>A Die Castings China oferece um servi\u00e7o completo para as aplica\u00e7\u00f5es mais exigentes e dif\u00edceis do setor. Atendemos clientes OEM nos Estados Unidos e no M\u00e9xico. Nossos tipos de aplica\u00e7\u00f5es personalizadas s\u00e3o ilimitados, especialmente porque atendemos ao setor automotivo, que utiliza a maior quantidade de pe\u00e7as fundidas em alum\u00ednio do que qualquer outro tipo de produto.<\/p>\n\n\n\n<p>Nossos principais mercados de alum\u00ednio e zinco incluem os seguintes setores:<\/p>\n\n\n\n<ul class=\"wp-block-list\">\n<li><a href=\"\/pt\/fundicao-sob-pressao-automotiva\/\">Automotivo<\/a><\/li>\n\n\n\n<li><a href=\"\/pt\/fundicao-sob-pressao-agricola\/\">Agr\u00edcola<\/a><\/li>\n\n\n\n<li><a href=\"\/pt\/fundicao-sob-pressao-de-veiculos-comerciais\/\">Ve\u00edculo comercial<\/a><\/li>\n\n\n\n<li><a href=\"\/pt\/fundicao-sob-pressao-de-equipamentos-pesados\/\">Equipamentos pesados<\/a><\/li>\n<\/ul>\n\n\n\n<p>Nosso esfor\u00e7o constante para melhorar <a href=\"\/pt\/servicos-de-fundicao-sob-pressao-na-china\/fundicao-sob-pressao-de-aluminio\/\">fundi\u00e7\u00e3o<\/a> desempenho e desenvolvimento s\u00e3o apenas alguns exemplos de como nossa <a href=\"\/pt\/equipe-de-engenharia-de-fundicao-sob-pressao\/\">engenharia<\/a> e a experi\u00eancia em produ\u00e7\u00e3o criam um valor agregado significativo para cada cliente que atendemos. Para nossos clientes do setor automotivo, temos grande experi\u00eancia na fabrica\u00e7\u00e3o de pe\u00e7as fundidas de precis\u00e3o usadas em <a href=\"\/pt\/arruelas-de-pressao-de-aluminio-fundidas-sob-pressao\/\">aplica\u00e7\u00f5es do trem de for\u00e7a<\/a>. Nesses setores de OEM, o fornecimento de alto volume \u00e9 fundamental para manter essas demandas de projeto.<\/p>\n\n\n\n<p>Os clientes OEM que atendemos em todo o mundo incluem:<\/p>\n\n\n\n<figure class=\"wp-block-image aligncenter size-full\"><img fetchpriority=\"high\" decoding=\"async\" width=\"875\" height=\"381\" src=\"https:\/\/www.diecastingschina.com\/wp-content\/uploads\/2025\/02\/ningbo-xusheng-machinery-customers.jpg\" alt=\"\" class=\"wp-image-711\" title=\"Clientes da Ningbo Xusheng Machinery\" srcset=\"https:\/\/www.diecastingschina.com\/wp-content\/uploads\/2025\/02\/ningbo-xusheng-machinery-customers.jpg 875w, https:\/\/www.diecastingschina.com\/wp-content\/uploads\/2025\/02\/ningbo-xusheng-machinery-customers-300x131.jpg 300w, https:\/\/www.diecastingschina.com\/wp-content\/uploads\/2025\/02\/ningbo-xusheng-machinery-customers-768x334.jpg 768w\" sizes=\"(max-width: 875px) 100vw, 875px\" \/><\/figure>\n\n\n\n<h3 class=\"wp-block-heading\">Seja qual for o mercado que voc\u00ea representa, <a href=\"\/pt\/fundicao-sob-pressao-de-contato-china\/\">entre em contato conosco hoje mesmo para descobrir como voc\u00ea pode se beneficiar<\/a>.<\/h3>\n\n\n\n<figure class=\"wp-block-image aligncenter size-full\"><a href=\"\/pt\/fundicao-sob-pressao-de-contato-china\/\"><img decoding=\"async\" width=\"940\" height=\"80\" src=\"https:\/\/www.diecastingschina.com\/wp-content\/uploads\/2025\/02\/satisfaction.jpg\" alt=\"\" class=\"wp-image-652\" title=\"Solicite uma cota\u00e7\u00e3o e comece a trabalhar hoje mesmo\" srcset=\"https:\/\/www.diecastingschina.com\/wp-content\/uploads\/2025\/02\/satisfaction.jpg 940w, https:\/\/www.diecastingschina.com\/wp-content\/uploads\/2025\/02\/satisfaction-300x26.jpg 300w, https:\/\/www.diecastingschina.com\/wp-content\/uploads\/2025\/02\/satisfaction-768x65.jpg 768w\" sizes=\"(max-width: 940px) 100vw, 940px\" \/><\/a><\/figure>","protected":false},"excerpt":{"rendered":"<p>Die Castings China provides an all-in-one service for the most demanding and difficult industry applications. We serve OEM customers in the United States in Mexico. Our custom application types are limitless, especially since we service the Automotive Industry \u2013 which uses the most aluminum die cast parts of any commodity type. Our main aluminum and [&hellip;]<\/p>\n","protected":false},"author":3,"featured_media":0,"parent":0,"menu_order":0,"comment_status":"closed","ping_status":"closed","template":"","meta":{"footnotes":""},"class_list":["post-708","page","type-page","status-publish","hentry"],"_links":{"self":[{"href":"https:\/\/www.diecastingschina.com\/pt\/wp-json\/wp\/v2\/pages\/708","targetHints":{"allow":["GET"]}}],"collection":[{"href":"https:\/\/www.diecastingschina.com\/pt\/wp-json\/wp\/v2\/pages"}],"about":[{"href":"https:\/\/www.diecastingschina.com\/pt\/wp-json\/wp\/v2\/types\/page"}],"author":[{"embeddable":true,"href":"https:\/\/www.diecastingschina.com\/pt\/wp-json\/wp\/v2\/users\/3"}],"replies":[{"embeddable":true,"href":"https:\/\/www.diecastingschina.com\/pt\/wp-json\/wp\/v2\/comments?post=708"}],"version-history":[{"count":0,"href":"https:\/\/www.diecastingschina.com\/pt\/wp-json\/wp\/v2\/pages\/708\/revisions"}],"wp:attachment":[{"href":"https:\/\/www.diecastingschina.com\/pt\/wp-json\/wp\/v2\/media?parent=708"}],"curies":[{"name":"wp","href":"https:\/\/api.w.org\/{rel}","templated":true}]}}