{"id":695,"date":"2025-02-28T10:09:04","date_gmt":"2025-02-28T10:09:04","guid":{"rendered":"https:\/\/www.diecastingschina.com\/?page_id=695"},"modified":"2025-10-10T05:04:14","modified_gmt":"2025-10-10T05:04:14","slug":"servicos-de-jateamento-de-granalha","status":"publish","type":"page","link":"https:\/\/www.diecastingschina.com\/pt\/usinagem-de-fundicao-sob-pressao-na-china\/servicos-de-jateamento-de-granalha\/","title":{"rendered":"Jateamento com areia e granalha"},"content":{"rendered":"<figure class=\"wp-block-image alignright size-full\"><img fetchpriority=\"high\" decoding=\"async\" width=\"350\" height=\"271\" src=\"https:\/\/www.diecastingschina.com\/wp-content\/uploads\/2025\/02\/shot-blasting-services-die-casting-1.jpg\" alt=\"\" class=\"wp-image-698\" title=\"Servi\u00e7os de jateamento para projetos de fundi\u00e7\u00e3o sob press\u00e3o\" srcset=\"https:\/\/www.diecastingschina.com\/wp-content\/uploads\/2025\/02\/shot-blasting-services-die-casting-1.jpg 350w, https:\/\/www.diecastingschina.com\/wp-content\/uploads\/2025\/02\/shot-blasting-services-die-casting-1-300x232.jpg 300w\" sizes=\"(max-width: 350px) 100vw, 350px\" \/><\/figure>\n\n\n\n<p>O jateamento de granalha de fundi\u00e7\u00e3o \u00e9 um <a href=\"\/pt\/usinagem-de-fundicao-sob-pressao-na-china\/\">servi\u00e7o de acabamento de p\u00f3s-produ\u00e7\u00e3o<\/a> que \u00e9 processado por meio do impacto r\u00e1pido da superf\u00edcie de uma pe\u00e7a fundida com uma quantidade definida de material abrasivo. Isso resulta em um processo mais r\u00e1pido e eficiente em compara\u00e7\u00e3o com o lixamento para a remo\u00e7\u00e3o de rebarbas que permanecem em um componente fundido ap\u00f3s a remo\u00e7\u00e3o do zinco ou do metal. <a href=\"\/pt\/servicos-de-fundicao-sob-pressao-na-china\/fundicao-sob-pressao-de-aluminio\/\">Processo de fundi\u00e7\u00e3o de alum\u00ednio<\/a>. Usando tipos e quantidades muito espec\u00edficos de material de inje\u00e7\u00e3o, <a href=\"https:\/\/www.diecastingschina.com\/pt\">Fundi\u00e7\u00e3o sob press\u00e3o China<\/a> pode <strong>explos\u00e3o de tiros<\/strong> pe\u00e7as de todos os tamanhos e formatos. Por exemplo, uma granalha de a\u00e7o pequena \u00e9 utilizada para produzir uma superf\u00edcie muito polida e lisa. Tamanhos maiores de granalha podem remover de forma agressiva o flash pesado.<\/p>\n\n\n\n<h2 class=\"wp-block-heading\">O jateamento \u00e9 ideal para as seguintes aplica\u00e7\u00f5es:<\/h2>\n\n\n\n<ul class=\"wp-block-list\">\n<li>Aumento da vida \u00fatil \u00e0 fadiga do metal<\/li>\n\n\n\n<li>Descalcifica\u00e7\u00e3o (remo\u00e7\u00e3o de incrusta\u00e7\u00f5es de tratamento t\u00e9rmico)<\/li>\n\n\n\n<li>Remo\u00e7\u00e3o do flash<\/li>\n\n\n\n<li>Texturiza\u00e7\u00e3o da superf\u00edcie do produto para aumentar a ades\u00e3o<\/li>\n\n\n\n<li>Texturiza\u00e7\u00e3o para melhorar a fun\u00e7\u00e3o mec\u00e2nica<\/li>\n\n\n\n<li>Produzindo um acabamento cosm\u00e9tico de alta qualidade<\/li>\n<\/ul>\n\n\n\n<p><strong>Os tipos de material abrasivo que usamos durante o processo de jateamento incluem:<\/strong><\/p>\n\n\n\n<p><em>Acr\u00edlico<\/em> - O abrasivo mais macio (fam\u00edlia do pl\u00e1stico) utilizado para superf\u00edcies muito sens\u00edveis. Classe Tipo 5, m\u00eddia pl\u00e1stica mais duradoura - enquanto ainda fornece uma taxa de remo\u00e7\u00e3o eficaz.<\/p>\n\n\n\n<p><em>\u00d3xido de alum\u00ednio<\/em> - M\u00eddia de corte abrasiva afiada e de longa dura\u00e7\u00e3o que pode ser reutilizada durante v\u00e1rios ciclos. O \u00f3xido de alum\u00ednio est\u00e1 dispon\u00edvel em tamanhos variados e \u00e9 muito mais duro do que a maioria dos materiais de jateamento abrasivo seco, podendo cortar alguns dos tipos e superf\u00edcies de metal mais duros.<\/p>\n\n\n\n<p><em>Espiga de milho<\/em> - Material de jateamento biodegrad\u00e1vel que n\u00e3o deforma nem arranha a superf\u00edcie que est\u00e1 sendo jateada. Esse tipo de material abrasivo \u00e9 perfeito para metais finos e pl\u00e1sticos.<\/p>\n\n\n\n<p><em>Granalha de vidro triturada e contas de vidro<\/em> - abrasivo consum\u00edvel, sem s\u00edlica, que oferece perfilamento agressivo de superf\u00edcie e remo\u00e7\u00e3o de revestimento. Totalmente produzido por vidro reciclado, esse material \u00e9 conhecido por produzir um acabamento mais brilhante e muito limpo quando comparado a abrasivos de esc\u00f3ria\/mineral ou abrasivos angulares. As esferas de vidro podem ser recicladas em at\u00e9 trinta ciclos de jateamento.<\/p>\n\n\n\n<p><em>Melamina<\/em> - Os abrasivos mais duros da fam\u00edlia dos pl\u00e1sticos, oferecendo um equil\u00edbrio perfeito entre velocidade, desempenho e efici\u00eancia de custo. A melamina \u00e9 particularmente ideal para projetos que exigem altas taxas de decapagem, sem danificar a subsuperf\u00edcie.<\/p>\n\n\n\n<p><em>Pedra-pomes<\/em> - Esse \u00e9 o material de jateamento mais macio. Entretanto, a pedra-pomes oferece uma excelente funcionalidade de decapagem. \u00c9 excelente para jatear alum\u00ednio para remover tinta e revestimentos sem causar impacto no substrato.<\/p>\n\n\n\n<p><em>Carbeto de sil\u00edcio<\/em> - A m\u00eddia de jateamento mais dura dispon\u00edvel na Die Castings USA. Proporciona uma velocidade de corte muito r\u00e1pida e pode ser reutilizada muito mais do que a areia e o \u00f3xido de alum\u00ednio. A dureza do carbeto de sil\u00edcio permite tempos de jateamento muito mais curtos e menor custo total por hora em compara\u00e7\u00e3o com outros tipos.<\/p>\n\n\n\n<p><em>Granalha de a\u00e7o<\/em> - Um a\u00e7o-carbono angular, projetado para a remo\u00e7\u00e3o r\u00e1pida e eficaz de contaminantes da superf\u00edcie de metais. Muito mais macio do que o \u00f3xido de alum\u00ednio. Tamb\u00e9m tem muito menos probabilidade de fraturar e, ao mesmo tempo, proporciona uma superf\u00edcie gravada para melhorar a ades\u00e3o do revestimento.<\/p>\n\n\n\n<p>Granalha de a\u00e7o - Esse \u00e9 o melhor m\u00e9todo de peening para proporcionar um acabamento de superf\u00edcie limpo, liso e polido. Uma granalha muito lisa e pesada pode ser reciclada mais de 3.000 vezes para pe\u00e7as fundidas sob press\u00e3o. Os benef\u00edcios adicionais incluem o m\u00ednimo de poeira produzida durante o processo de jateamento e o aumento da resist\u00eancia \u00e0 compress\u00e3o da superf\u00edcie do produto.<\/p>\n\n\n\n<p>Ureia - De longe, o tipo de pl\u00e1stico mais comumente usado. Personaliz\u00e1vel em tamanhos variados para proporcionar uma taxa de remo\u00e7\u00e3o eficiente, evitando o empenamento do material ou danos \u00e0 superf\u00edcie do substrato.<\/p>\n\n\n\n<p>Walnut Shell Grit - tipo de abrasivo org\u00e2nico vers\u00e1til. Usado como um material de jateamento muito econ\u00f4mico para opera\u00e7\u00f5es fr\u00e1geis que precisam de uma remo\u00e7\u00e3o agressiva sem afetar o substrato.<\/p>\n\n\n\n<figure class=\"wp-block-image aligncenter size-full\"><a href=\"\/pt\/fundicao-sob-pressao-de-contato-china\/\"><img decoding=\"async\" width=\"940\" height=\"80\" src=\"https:\/\/www.diecastingschina.com\/wp-content\/uploads\/2025\/02\/satisfaction.jpg\" alt=\"\" class=\"wp-image-652\" title=\"Solicite uma cota\u00e7\u00e3o e comece a trabalhar hoje mesmo\" srcset=\"https:\/\/www.diecastingschina.com\/wp-content\/uploads\/2025\/02\/satisfaction.jpg 940w, https:\/\/www.diecastingschina.com\/wp-content\/uploads\/2025\/02\/satisfaction-300x26.jpg 300w, https:\/\/www.diecastingschina.com\/wp-content\/uploads\/2025\/02\/satisfaction-768x65.jpg 768w\" sizes=\"(max-width: 940px) 100vw, 940px\" \/><\/a><\/figure>","protected":false},"excerpt":{"rendered":"<p>Casting shot blasting is a post-production finishing service that is processed through the rapid impacting of a casting part\u2019s surface with a defined amount of abrasive material. This results in a faster and more efficient process when compared to filing for flash removal that remained on a die cast component after the zinc or aluminum [&hellip;]<\/p>\n","protected":false},"author":3,"featured_media":0,"parent":679,"menu_order":0,"comment_status":"closed","ping_status":"closed","template":"","meta":{"footnotes":""},"class_list":["post-695","page","type-page","status-publish","hentry"],"_links":{"self":[{"href":"https:\/\/www.diecastingschina.com\/pt\/wp-json\/wp\/v2\/pages\/695","targetHints":{"allow":["GET"]}}],"collection":[{"href":"https:\/\/www.diecastingschina.com\/pt\/wp-json\/wp\/v2\/pages"}],"about":[{"href":"https:\/\/www.diecastingschina.com\/pt\/wp-json\/wp\/v2\/types\/page"}],"author":[{"embeddable":true,"href":"https:\/\/www.diecastingschina.com\/pt\/wp-json\/wp\/v2\/users\/3"}],"replies":[{"embeddable":true,"href":"https:\/\/www.diecastingschina.com\/pt\/wp-json\/wp\/v2\/comments?post=695"}],"version-history":[{"count":0,"href":"https:\/\/www.diecastingschina.com\/pt\/wp-json\/wp\/v2\/pages\/695\/revisions"}],"up":[{"embeddable":true,"href":"https:\/\/www.diecastingschina.com\/pt\/wp-json\/wp\/v2\/pages\/679"}],"wp:attachment":[{"href":"https:\/\/www.diecastingschina.com\/pt\/wp-json\/wp\/v2\/media?parent=695"}],"curies":[{"name":"wp","href":"https:\/\/api.w.org\/{rel}","templated":true}]}}