{"id":673,"date":"2025-02-28T09:55:35","date_gmt":"2025-02-28T09:55:35","guid":{"rendered":"https:\/\/www.diecastingschina.com\/?page_id=673"},"modified":"2025-10-10T05:08:59","modified_gmt":"2025-10-10T05:08:59","slug":"fabricacao-de-moldes-para-ferramentas-de-fundicao-sob-pressao-na-china","status":"publish","type":"page","link":"https:\/\/www.diecastingschina.com\/pt\/fabricacao-de-moldes-para-ferramentas-de-fundicao-sob-pressao-na-china\/","title":{"rendered":"Servi\u00e7os internos de fabrica\u00e7\u00e3o de moldes de fundi\u00e7\u00e3o sob press\u00e3o"},"content":{"rendered":"<p><a href=\"https:\/\/www.diecastingschina.com\/pt\">Fundi\u00e7\u00e3o sob press\u00e3o China<\/a> utiliza um processo de projeto de ferramentas de fundi\u00e7\u00e3o sob press\u00e3o de primeira linha para criar nossos moldes a partir de diversos tipos de materiais. Dependendo das especifica\u00e7\u00f5es do projeto de fundi\u00e7\u00e3o sob press\u00e3o, usamos principalmente o a\u00e7o sueco DIEVAR para a constru\u00e7\u00e3o de ferramentas. O DIEVAR \u00e9 conhecido como um a\u00e7o para ferramentas de trabalho a quente de alto desempenho, com liga de cromo-molibd\u00eanio-van\u00e1dio. Al\u00e9m disso, o DIEVAR \u00e9 produzido com o que h\u00e1 de mais moderno em m\u00e9todos de produ\u00e7\u00e3o e refino. A qu\u00edmica especializada e a for\u00e7a de fabrica\u00e7\u00e3o do DIEVAR oferecem uma resist\u00eancia quase inigual\u00e1vel \u00e0 verifica\u00e7\u00e3o de calor, rachaduras grosseiras, desgaste a quente e deforma\u00e7\u00e3o.<\/p>\n\n\n\n<h2 class=\"wp-block-heading\">Como os moldes, as ferramentas e os insertos s\u00e3o usados para fundir pe\u00e7as<\/h2>\n\n\n\n<p>O metal fundido \u00e9 for\u00e7ado, sob alta press\u00e3o, a entrar em um DIEVAR especialmente projetado. <a href=\"https:\/\/aludiecasting.com\/company\/\" target=\"_blank\" rel=\"noopener\">molde de fundi\u00e7\u00e3o sob press\u00e3o<\/a> para criar o formato da pe\u00e7a. Esse processo vers\u00e1til permite a produ\u00e7\u00e3o de uma grande quantidade de pe\u00e7as de pequeno a grande porte. Essas matrizes pesadas de a\u00e7o DIEVAR podem receber milhares de inje\u00e7\u00f5es de metal para fabricar pe\u00e7as id\u00eanticas. <a href=\"\/pt\/servicos-de-fundicao-sob-pressao-na-china\/fundicao-sob-pressao-de-aluminio\/\">Fundi\u00e7\u00e3o de alum\u00ednio<\/a> e <a href=\"\/pt\/servicos-de-fundicao-sob-pressao-na-china\/fundicao-de-zinco-na-china\/\">Fundi\u00e7\u00e3o de zinco<\/a>.<\/p>\n\n\n\n<figure class=\"wp-block-embed is-type-video is-provider-youtube wp-block-embed-youtube wp-embed-aspect-16-9 wp-has-aspect-ratio\"><div class=\"wp-block-embed__wrapper\">\n<iframe title=\"Projeto de ferramentas de fundi\u00e7\u00e3o sob press\u00e3o e processo de fabrica\u00e7\u00e3o de moldes de a\u00e7o\" width=\"800\" height=\"450\" src=\"https:\/\/www.youtube.com\/embed\/M2oZKMlXlCU?feature=oembed\" frameborder=\"0\" allow=\"accelerometer; autoplay; clipboard-write; encrypted-media; gyroscope; picture-in-picture; web-share\" referrerpolicy=\"strict-origin-when-cross-origin\" allowfullscreen><\/iframe>\n<\/div><\/figure>\n\n\n\n<p>O <a href=\"https:\/\/www.diecastingschina.com\/pt\">DieCastingsChina<\/a> A nossa oficina de fabrica\u00e7\u00e3o de moldes e ferramentas tem recursos modernos de fundi\u00e7\u00e3o sob press\u00e3o para desenvolver rapidamente novos produtos para um mercado em evolu\u00e7\u00e3o. Equipados com mais de 30 conjuntos de m\u00e1quinas profissionais de processamento de moldes, podemos desenvolver todos os moldes de fundi\u00e7\u00e3o sob press\u00e3o usados em m\u00e1quinas de fundi\u00e7\u00e3o sob press\u00e3o de 160T a 2.500T.<\/p>\n\n\n\n<figure class=\"wp-block-image size-full\"><img fetchpriority=\"high\" decoding=\"async\" width=\"980\" height=\"135\" src=\"https:\/\/www.diecastingschina.com\/wp-content\/uploads\/2025\/02\/tooling-mold-making-machines.jpg\" alt=\"\" class=\"wp-image-676\" title=\"M\u00e1quinas para fabrica\u00e7\u00e3o de moldes e ferramentas\" srcset=\"https:\/\/www.diecastingschina.com\/wp-content\/uploads\/2025\/02\/tooling-mold-making-machines.jpg 980w, https:\/\/www.diecastingschina.com\/wp-content\/uploads\/2025\/02\/tooling-mold-making-machines-300x41.jpg 300w, https:\/\/www.diecastingschina.com\/wp-content\/uploads\/2025\/02\/tooling-mold-making-machines-768x106.jpg 768w\" sizes=\"(max-width: 980px) 100vw, 980px\" \/><\/figure>\n\n\n\n<h2 class=\"wp-block-heading\">Projeto, produ\u00e7\u00e3o e manuten\u00e7\u00e3o<\/h2>\n\n\n\n<p>Na Die Castings China, temos uma divis\u00e3o separada da empresa que \u00e9 totalmente dedicada ao projeto de ferramentas e moldes. Nossos <a href=\"\/pt\/equipe-de-engenharia-de-fundicao-sob-pressao\/\">equipe de engenharia<\/a> usam modelagem computadorizada para simular o enchimento, o resfriamento e o encolhimento esperado para componentes altamente complexos. Essa t\u00e9cnica permite a avalia\u00e7\u00e3o completa e o refinamento do projeto do ferramental antes do in\u00edcio da constru\u00e7\u00e3o do ferramental e garante que o ferramental produza a melhor pe\u00e7a poss\u00edvel com efici\u00eancia de produ\u00e7\u00e3o ideal. Nossa equipe interna de fabrica\u00e7\u00e3o de moldes tamb\u00e9m pode ajudar na formula\u00e7\u00e3o de um <a href=\"\/pt\/controle-de-qualidade-de-fundicao-sob-pressao\/\">programa abrangente de testes para garantir a integridade final de suas pe\u00e7as<\/a>.<\/p>\n\n\n\n<p>Nossos engenheiros experientes oferecem manuten\u00e7\u00e3o perp\u00e9tua de ferramentas e moldes durante toda a vida \u00fatil dos projetos de nossos clientes. Isso permite uma grande economia de custos que \u00e9 repassada aos nossos clientes nos Estados Unidos e no M\u00e9xico. O ferramental exige um grande investimento financeiro - n\u00f3s mantemos essas ferramentas e moldes em perfeitas condi\u00e7\u00f5es.<\/p>\n\n\n\n<figure class=\"wp-block-embed is-type-video is-provider-youtube wp-block-embed-youtube wp-embed-aspect-4-3 wp-has-aspect-ratio\"><div class=\"wp-block-embed__wrapper\">\n<iframe title=\"Simula\u00e7\u00e3o de fundi\u00e7\u00e3o sob press\u00e3o - fluxo de material de metal fundido no molde de fundi\u00e7\u00e3o sob press\u00e3o\" width=\"800\" height=\"600\" src=\"https:\/\/www.youtube.com\/embed\/v1gSbk4bcns?feature=oembed\" frameborder=\"0\" allow=\"accelerometer; autoplay; clipboard-write; encrypted-media; gyroscope; picture-in-picture; web-share\" referrerpolicy=\"strict-origin-when-cross-origin\" allowfullscreen><\/iframe>\n<\/div><\/figure>\n\n\n\n<p><strong>Lista de m\u00e1quinas de descarga el\u00e9trica<\/strong><\/p>\n\n\n\n<ul class=\"wp-block-list\">\n<li>(1) Hanspark HE100<\/li>\n\n\n\n<li>(2) Hanspark HE70<\/li>\n\n\n\n<li>(1) Maxsee CNC54<\/li>\n\n\n\n<li>(1) Beilun Electric DB7155<\/li>\n\n\n\n<li>(1) Changzhou DB7130<\/li>\n<\/ul>\n\n\n\n<p><strong>Lista de m\u00e1quinas de montagem de moldes<br><\/strong><\/p>\n\n\n\n<ul class=\"wp-block-list\">\n<li>(1) Ningbo Shunxing SX100JM<\/li>\n<\/ul>\n\n\n\n<p><strong>Lista de m\u00e1quinas de corte linear<br><\/strong><\/p>\n\n\n\n<ul class=\"wp-block-list\">\n<li>(1) Accutex AE-5<\/li>\n\n\n\n<li>(3) Adspark AR2000<\/li>\n\n\n\n<li>(1) Adspark AR3100<\/li>\n\n\n\n<li>(2) Cnskjc DK7740A<\/li>\n<\/ul>\n\n\n\n<figure class=\"wp-block-image aligncenter size-full\"><a href=\"\/pt\/fundicao-sob-pressao-de-contato-china\/\"><img decoding=\"async\" width=\"940\" height=\"80\" src=\"https:\/\/www.diecastingschina.com\/wp-content\/uploads\/2025\/02\/satisfaction.jpg\" alt=\"\" class=\"wp-image-652\" title=\"Solicite uma cota\u00e7\u00e3o e comece a trabalhar hoje mesmo\" srcset=\"https:\/\/www.diecastingschina.com\/wp-content\/uploads\/2025\/02\/satisfaction.jpg 940w, https:\/\/www.diecastingschina.com\/wp-content\/uploads\/2025\/02\/satisfaction-300x26.jpg 300w, https:\/\/www.diecastingschina.com\/wp-content\/uploads\/2025\/02\/satisfaction-768x65.jpg 768w\" sizes=\"(max-width: 940px) 100vw, 940px\" \/><\/a><\/figure>","protected":false},"excerpt":{"rendered":"<p>Die Castings China uses a top-of-the-line die cast tooling design process for creating our molds from several material types. Depending upon the die cast project specifications, we mainly use Swedish DIEVAR Steel for tool construction. DIEVAR is known as a high performance, chromium-molybdenum-vanadium alloyed, hot work tool steel. Also, DIEVAR is produced with the very [&hellip;]<\/p>\n","protected":false},"author":3,"featured_media":0,"parent":0,"menu_order":0,"comment_status":"closed","ping_status":"closed","template":"","meta":{"footnotes":""},"class_list":["post-673","page","type-page","status-publish","hentry"],"_links":{"self":[{"href":"https:\/\/www.diecastingschina.com\/pt\/wp-json\/wp\/v2\/pages\/673","targetHints":{"allow":["GET"]}}],"collection":[{"href":"https:\/\/www.diecastingschina.com\/pt\/wp-json\/wp\/v2\/pages"}],"about":[{"href":"https:\/\/www.diecastingschina.com\/pt\/wp-json\/wp\/v2\/types\/page"}],"author":[{"embeddable":true,"href":"https:\/\/www.diecastingschina.com\/pt\/wp-json\/wp\/v2\/users\/3"}],"replies":[{"embeddable":true,"href":"https:\/\/www.diecastingschina.com\/pt\/wp-json\/wp\/v2\/comments?post=673"}],"version-history":[{"count":0,"href":"https:\/\/www.diecastingschina.com\/pt\/wp-json\/wp\/v2\/pages\/673\/revisions"}],"wp:attachment":[{"href":"https:\/\/www.diecastingschina.com\/pt\/wp-json\/wp\/v2\/media?parent=673"}],"curies":[{"name":"wp","href":"https:\/\/api.w.org\/{rel}","templated":true}]}}