{"id":668,"date":"2025-02-28T09:53:10","date_gmt":"2025-02-28T09:53:10","guid":{"rendered":"https:\/\/www.diecastingschina.com\/?page_id=668"},"modified":"2025-12-14T06:37:07","modified_gmt":"2025-12-14T06:37:07","slug":"fundicao-de-zinco-na-china","status":"publish","type":"page","link":"https:\/\/www.diecastingschina.com\/pt\/servicos-de-fundicao-sob-pressao-na-china\/fundicao-de-zinco-na-china\/","title":{"rendered":"Servi\u00e7os de fundi\u00e7\u00e3o sob press\u00e3o de zinco"},"content":{"rendered":"<p><a href=\"https:\/\/www.diecastingschina.com\/pt\/servicos-de-fundicao-sob-pressao-na-china\/fundicao-de-zinco-na-china\/\">Fundi\u00e7\u00e3o sob press\u00e3o de zinco<\/a> As pe\u00e7as de zinco s\u00e3o outras ligas mais populares usadas no processo de fundi\u00e7\u00e3o sob press\u00e3o. A liga de zinco pode ser fundida com toler\u00e2ncias de precis\u00e3o, ter se\u00e7\u00f5es de parede mais finas, formas complexas e vida \u00fatil da ferramenta muito mais longa. A Die Castings China tem a capacidade de produzir <strong><em>pe\u00e7as de fundi\u00e7\u00e3o sob press\u00e3o de zinco<\/em><\/strong> com uma ampla variedade de acabamentos internos chapeados e\/ou pintados. Nosso objetivo \u00e9 entregar seu produto de fundi\u00e7\u00e3o de zinco exatamente de acordo com as especifica\u00e7\u00f5es de impress\u00e3o. Embora as pe\u00e7as fundidas em alum\u00ednio e zinco tenham uma demanda maior no mercado de OEM, nossas instala\u00e7\u00f5es de fabrica\u00e7\u00e3o com certifica\u00e7\u00e3o IATF 16949 t\u00eam v\u00e1rias m\u00e1quinas de fundi\u00e7\u00e3o de zinco da Lktech. Essas m\u00e1quinas nos permitem fornecer produtos de fundi\u00e7\u00e3o sob press\u00e3o projetados que variam em tamanho de v\u00e1rios gramas a quase 45 libras.<\/p>\n\n\n\n<figure class=\"wp-block-embed is-type-video is-provider-youtube wp-block-embed-youtube wp-embed-aspect-16-9 wp-has-aspect-ratio\"><div class=\"wp-block-embed__wrapper\">\n<iframe title=\"Como funciona uma m\u00e1quina de fundi\u00e7\u00e3o sob press\u00e3o | Carca\u00e7a de motor fundida sob press\u00e3o\" width=\"800\" height=\"450\" src=\"https:\/\/www.youtube.com\/embed\/LkJ2ByG1Goo?feature=oembed\" frameborder=\"0\" allow=\"accelerometer; autoplay; clipboard-write; encrypted-media; gyroscope; picture-in-picture; web-share\" referrerpolicy=\"strict-origin-when-cross-origin\" allowfullscreen><\/iframe>\n<\/div><\/figure>\n\n\n\n<h2 class=\"wp-block-heading\">Quando usar a fundi\u00e7\u00e3o sob press\u00e3o de zinco em vez de <a href=\"https:\/\/www.diecastingschina.com\/pt\/servicos-de-fundicao-sob-pressao-na-china\/fundicao-sob-pressao-de-aluminio\/\">Fundi\u00e7\u00e3o sob press\u00e3o de alum\u00ednio<\/a> Pe\u00e7as?<\/h2>\n\n\n\n<p>Al\u00e9m de nossas m\u00e1quinas de fundi\u00e7\u00e3o de zinco de primeira classe, nossa experiente equipe de engenharia de controle de qualidade interage com a produ\u00e7\u00e3o do dep\u00f3sito para detectar problemas e inspecionar o produto quanto a defeitos. A liga de zinco tem maior resist\u00eancia e dureza de superf\u00edcie, o que a torna uma alternativa ideal para itens usinados, prensados, estampados e fabricados. As pe\u00e7as de fundi\u00e7\u00e3o sob press\u00e3o de liga de zinco s\u00e3o conhecidas por sua resist\u00eancia em rela\u00e7\u00e3o aos materiais e processos concorrentes. O limite de escoamento geral desse material de fundi\u00e7\u00e3o sob press\u00e3o \u00e9 15 vezes maior do que o da liga de fundi\u00e7\u00e3o sob press\u00e3o de alum\u00ednio e da liga de fundi\u00e7\u00e3o sob press\u00e3o de magn\u00e9sio. A resist\u00eancia da liga \u00e9 a principal raz\u00e3o pela qual o processo de fundi\u00e7\u00e3o de zinco \u00e9 comumente usado para carca\u00e7as de caixas de c\u00e2mbio, componentes de janelas, componentes de hardware, aplica\u00e7\u00f5es eletromec\u00e2nicas e outros tipos de carca\u00e7a.<\/p>\n\n\n\n<p>Em compara\u00e7\u00e3o com a fundi\u00e7\u00e3o sob press\u00e3o de alum\u00ednio e a fundi\u00e7\u00e3o sob press\u00e3o de zinco, ambas t\u00eam suas vantagens e desvantagens. Normalmente, algumas pe\u00e7as de ligas grandes s\u00e3o fabricadas em ligas de alum\u00ednio e algumas pe\u00e7as de ligas met\u00e1licas pequenas s\u00e3o fabricadas em ligas de zinco, mas nem sempre \u00e9 assim. Por outro lado, algumas pe\u00e7as met\u00e1licas que precisam de acabamento de superf\u00edcie de alta qualidade, como cromagem e niquelagem, tamb\u00e9m podem usar ligas de Zamak para melhorar a qualidade da superf\u00edcie.<\/p>\n\n\n\n<p>Se tiver um projeto em m\u00e3os e n\u00e3o tiver certeza de quais materiais de liga devem ser usados, entre em contato conosco. Analisaremos isso para voc\u00ea e lhe daremos as melhores op\u00e7\u00f5es. Se tiver um projeto que precise de produtos de fundi\u00e7\u00e3o sob press\u00e3o de alum\u00ednio e zinco, envie-nos o seu desenho para que possamos fazer a cota\u00e7\u00e3o em 24 horas.<\/p>\n\n\n\n<figure class=\"wp-block-image size-large\"><img fetchpriority=\"high\" decoding=\"async\" width=\"1024\" height=\"515\" src=\"https:\/\/www.diecastingschina.com\/wp-content\/uploads\/2025\/12\/zinc-die-casting-1024x515.jpg\" alt=\"fundi\u00e7\u00e3o de zinco\" class=\"wp-image-2402\" srcset=\"https:\/\/www.diecastingschina.com\/wp-content\/uploads\/2025\/12\/zinc-die-casting-1024x515.jpg 1024w, https:\/\/www.diecastingschina.com\/wp-content\/uploads\/2025\/12\/zinc-die-casting-300x151.jpg 300w, https:\/\/www.diecastingschina.com\/wp-content\/uploads\/2025\/12\/zinc-die-casting-768x386.jpg 768w, https:\/\/www.diecastingschina.com\/wp-content\/uploads\/2025\/12\/zinc-die-casting-1536x772.jpg 1536w, https:\/\/www.diecastingschina.com\/wp-content\/uploads\/2025\/12\/zinc-die-casting-18x9.jpg 18w, https:\/\/www.diecastingschina.com\/wp-content\/uploads\/2025\/12\/zinc-die-casting.jpg 1548w\" sizes=\"(max-width: 1024px) 100vw, 1024px\" \/><\/figure>\n\n\n\n<p>Atualmente, a liga Zamak-3 \u00e9 a mais popular, mas a Zamak-7 tem o mesmo desempenho e, sob certas condi\u00e7\u00f5es, \u00e9 superior \u00e0 Zamak-3. As pe\u00e7as fundidas de zinco com a liga #7 t\u00eam propriedades de magn\u00e9sio reduzidas, com quantidades maiores de n\u00edquel - com limites de impureza reduzidos. Como o teor de magn\u00e9sio \u00e9 menor, a fluidez \u00e9 maior. Como resultado, esse tipo de liga Zamak possui melhor capacidade de fundi\u00e7\u00e3o do que a #3. No entanto, ela ainda oferece propriedades f\u00edsicas, mec\u00e2nicas e estabilidade dimensional praticamente id\u00eanticas. A liga Zamak 7 \u00e9 muito \u00fatil na fabrica\u00e7\u00e3o de pe\u00e7as fundidas de tamanho maior. Al\u00e9m disso, esse tipo de material \u00e9 excelente para a produ\u00e7\u00e3o de formas complexas e para a produ\u00e7\u00e3o que exige tipos de acabamento de hardware superiores. O uso da liga Zamak-5 limita-se a casos especiais em que \u00e9 necess\u00e1rio aumentar a resist\u00eancia \u00e0 flu\u00eancia e a dureza do material.<\/p>\n\n\n\n<ul class=\"wp-block-list\">\n<li>Monitora constantemente o equil\u00edbrio das m\u00e1quinas e das \"c\u00e9lulas de circuito fechado\"<\/li>\n\n\n\n<li>Assegura a consist\u00eancia do produto \"de uma tomada para outra\"<\/li>\n\n\n\n<li>Agiliza a corre\u00e7\u00e3o de qualquer problema durante a opera\u00e7\u00e3o<\/li>\n\n\n\n<li>Assegura a consist\u00eancia da produ\u00e7\u00e3o em todos os dias do processo<\/li>\n<\/ul>\n\n\n\n<figure class=\"wp-block-image alignright size-full\"><img decoding=\"async\" width=\"500\" height=\"313\" src=\"https:\/\/www.diecastingschina.com\/wp-content\/uploads\/2025\/02\/c-062-02.jpg\" alt=\"M\u00e1quina de fundi\u00e7\u00e3o sob press\u00e3o de zinco\" class=\"wp-image-669\" srcset=\"https:\/\/www.diecastingschina.com\/wp-content\/uploads\/2025\/02\/c-062-02.jpg 500w, https:\/\/www.diecastingschina.com\/wp-content\/uploads\/2025\/02\/c-062-02-300x188.jpg 300w\" sizes=\"(max-width: 500px) 100vw, 500px\" \/><\/figure>\n\n\n\n<p><br><strong>Vantagens da fundi\u00e7\u00e3o sob press\u00e3o de zinco:<\/strong><\/p>\n\n\n\n<ul class=\"wp-block-list\">\n<li>Alta resist\u00eancia e dureza<\/li>\n\n\n\n<li>Altamente resistente \u00e0 corros\u00e3o<\/li>\n\n\n\n<li>Excelente condutividade el\u00e9trica<\/li>\n\n\n\n<li>Alta condutividade t\u00e9rmica<\/li>\n\n\n\n<li>Mat\u00e9ria-prima de baixo custo<\/li>\n\n\n\n<li>Baixa viscosidade, possibilitando formas pequenas e complexas<\/li>\n\n\n\n<li>Alta precis\u00e3o dimensional e estabilidade<\/li>\n\n\n\n<li>Excelente capacidade para paredes finas<\/li>\n\n\n\n<li>Capacidade de moldagem a frio, o que facilita a uni\u00e3o<\/li>\n\n\n\n<li>Apar\u00eancia visualmente atraente<\/li>\n\n\n\n<li>Excelente resist\u00eancia \u00e0 corros\u00e3o<\/li>\n\n\n\n<li>Promove uma longa vida \u00fatil da matriz<\/li>\n\n\n\n<li>Econ\u00f4mico para pe\u00e7as pequenas<\/li>\n<\/ul>\n\n\n\n<p><strong>Tipos de materiais:<\/strong><\/p>\n\n\n\n<ul class=\"wp-block-list\">\n<li>Zinco 3<\/li>\n\n\n\n<li>Zinco 5<\/li>\n\n\n\n<li>ZAMAK 8<\/li>\n<\/ul>\n\n\n\n<p><strong>Fundi\u00e7\u00e3o sob press\u00e3o Faixas de tamanho e peso:<\/strong> 0,05-1kg Tamanho: 200*200mm<\/p>\n\n\n\n<figure class=\"wp-block-image alignright size-full is-resized\"><img decoding=\"async\" width=\"480\" height=\"480\" src=\"https:\/\/www.diecastingschina.com\/wp-content\/uploads\/2025\/12\/zinc-die-casting-products.jpg\" alt=\"produtos de fundi\u00e7\u00e3o sob press\u00e3o de zinco\" class=\"wp-image-2401\" style=\"width:292px;height:auto\" srcset=\"https:\/\/www.diecastingschina.com\/wp-content\/uploads\/2025\/12\/zinc-die-casting-products.jpg 480w, https:\/\/www.diecastingschina.com\/wp-content\/uploads\/2025\/12\/zinc-die-casting-products-300x300.jpg 300w, https:\/\/www.diecastingschina.com\/wp-content\/uploads\/2025\/12\/zinc-die-casting-products-150x150.jpg 150w, https:\/\/www.diecastingschina.com\/wp-content\/uploads\/2025\/12\/zinc-die-casting-products-12x12.jpg 12w\" sizes=\"(max-width: 480px) 100vw, 480px\" \/><\/figure>\n\n\n\n<p><strong>Lista de equipamentos<\/strong><\/p>\n\n\n\n<ul class=\"wp-block-list\">\n<li>(2) Lktech88<\/li>\n\n\n\n<li>(2) Lktech160<\/li>\n<\/ul>\n\n\n\n<p><strong>Forno de fus\u00e3o para concentra\u00e7\u00e3o de g\u00e1s natural<\/strong><\/p>\n\n\n\n<ul class=\"wp-block-list\">\n<li>(2) Shoei STM-500<\/li>\n\n\n\n<li>(1) Shoei ALM-500<\/li>\n<\/ul>\n\n\n\n<p>Se voc\u00ea estiver procurando um fabricante de fundi\u00e7\u00e3o sob press\u00e3o na China que tenha o certificado IATF 16949 para a sua produ\u00e7\u00e3o de alum\u00ednio ou de outros materiais de constru\u00e7\u00e3o, voc\u00ea pode optar por um fabricante de fundi\u00e7\u00e3o sob press\u00e3o na China. <a href=\"https:\/\/aludiecasting.com\/zamak-die-casting\/\" target=\"_blank\" rel=\"noopener\">Pe\u00e7as de fundi\u00e7\u00e3o sob press\u00e3o Zamak<\/a>, Entre em contato conosco.<\/p>\n\n\n\n<p><\/p>","protected":false},"excerpt":{"rendered":"<p>Zinc die casting parts is another mostly popular alloys that are used in die casting process. Zinc alloy can be casted to precision tolerances, have thinner wall sections, complex shapes and much longer tool life. Die Castings China has the capacity to produce zinc die casting parts with a wide variety of in-house plated and\/or [&hellip;]<\/p>\n","protected":false},"author":3,"featured_media":2402,"parent":645,"menu_order":0,"comment_status":"closed","ping_status":"closed","template":"","meta":{"footnotes":""},"class_list":["post-668","page","type-page","status-publish","has-post-thumbnail","hentry"],"_links":{"self":[{"href":"https:\/\/www.diecastingschina.com\/pt\/wp-json\/wp\/v2\/pages\/668","targetHints":{"allow":["GET"]}}],"collection":[{"href":"https:\/\/www.diecastingschina.com\/pt\/wp-json\/wp\/v2\/pages"}],"about":[{"href":"https:\/\/www.diecastingschina.com\/pt\/wp-json\/wp\/v2\/types\/page"}],"author":[{"embeddable":true,"href":"https:\/\/www.diecastingschina.com\/pt\/wp-json\/wp\/v2\/users\/3"}],"replies":[{"embeddable":true,"href":"https:\/\/www.diecastingschina.com\/pt\/wp-json\/wp\/v2\/comments?post=668"}],"version-history":[{"count":0,"href":"https:\/\/www.diecastingschina.com\/pt\/wp-json\/wp\/v2\/pages\/668\/revisions"}],"up":[{"embeddable":true,"href":"https:\/\/www.diecastingschina.com\/pt\/wp-json\/wp\/v2\/pages\/645"}],"wp:featuredmedia":[{"embeddable":true,"href":"https:\/\/www.diecastingschina.com\/pt\/wp-json\/wp\/v2\/media\/2402"}],"wp:attachment":[{"href":"https:\/\/www.diecastingschina.com\/pt\/wp-json\/wp\/v2\/media?parent=668"}],"curies":[{"name":"wp","href":"https:\/\/api.w.org\/{rel}","templated":true}]}}