{"id":645,"date":"2025-02-28T09:33:35","date_gmt":"2025-02-28T09:33:35","guid":{"rendered":"https:\/\/www.diecastingschina.com\/?page_id=645"},"modified":"2025-02-28T09:41:52","modified_gmt":"2025-02-28T09:41:52","slug":"servicos-de-fundicao-sob-pressao-na-china","status":"publish","type":"page","link":"https:\/\/www.diecastingschina.com\/pt\/servicos-de-fundicao-sob-pressao-na-china\/","title":{"rendered":"Servi\u00e7os de fundi\u00e7\u00e3o sob press\u00e3o"},"content":{"rendered":"<p><strong>Fundi\u00e7\u00e3o sob press\u00e3o<\/strong> \u00e9 usado para produzir <a href=\"\/pt\/servicos-de-fundicao-sob-pressao-na-china\/fundicao-de-zinco-na-china\/\">zinco<\/a> e <a href=\"\/pt\/servicos-de-fundicao-sob-pressao-na-china\/fundicao-sob-pressao-de-aluminio\/\">alum\u00ednio<\/a> pe\u00e7as, injetando material fundido - sob alta press\u00e3o - em pe\u00e7as reutiliz\u00e1veis <a href=\"\/pt\/fabricacao-de-moldes-para-ferramentas-de-fundicao-sob-pressao-na-china\/\">moldes de a\u00e7o (tamb\u00e9m conhecidos como matrizes)<\/a>. Eles podem ser projetados para produzir pe\u00e7as muito complicadas com precis\u00e3o de ponta a ponta. Nossa empresa de fundi\u00e7\u00e3o sob press\u00e3o fabrica pe\u00e7as com defini\u00e7\u00e3o n\u00edtida, forte integridade do material e acabamentos de superf\u00edcie lisos ou texturizados. Nossa empresa \u00e9 um fornecedor de N\u00edvel 1 e N\u00edvel 2 para os seguintes setores: <a href=\"\/pt\/fundicao-sob-pressao-automotiva\/\">Automotivo<\/a>, <a href=\"\/pt\/fundicao-sob-pressao-agricola\/\">Agr\u00edcola<\/a>, <a href=\"\/pt\/fundicao-sob-pressao-de-veiculos-comerciais\/\">Ve\u00edculo comercial<\/a>, <a href=\"\/pt\/fundicao-sob-pressao-de-equipamentos-pesados\/\">Equipamentos pesados<\/a>Ve\u00edculos fora de estrada e recreativos.<\/p>\n\n\n\n<figure class=\"wp-block-embed is-type-video is-provider-youtube wp-block-embed-youtube wp-embed-aspect-16-9 wp-has-aspect-ratio\"><div class=\"wp-block-embed__wrapper\">\n<iframe title=\"Die Casting 101 - Processo de fundi\u00e7\u00e3o de alum\u00ednio por Die Castings China\" width=\"800\" height=\"450\" src=\"https:\/\/www.youtube.com\/embed\/N6ODcxK8_lg?feature=oembed\" frameborder=\"0\" allow=\"accelerometer; autoplay; clipboard-write; encrypted-media; gyroscope; picture-in-picture; web-share\" referrerpolicy=\"strict-origin-when-cross-origin\" allowfullscreen><\/iframe>\n<\/div><\/figure>\n\n\n\n<h2 class=\"wp-block-heading\">Por que a Die Castings China?<\/h2>\n\n\n\n<p>Nossa empresa de servi\u00e7o completo \u00e9 especializada na fabrica\u00e7\u00e3o de produtos fundidos feitos de materiais de liga de alum\u00ednio e zinco. Nosso conhecimento, combinado com m\u00e9todos estruturados de gerenciamento de projetos, d\u00e1 suporte aos clientes desde o conceito, passando pelos est\u00e1gios de prototipagem r\u00e1pida, ferramental e pr\u00e9-produ\u00e7\u00e3o, at\u00e9 a fabrica\u00e7\u00e3o em escala total.<\/p>\n\n\n\n<p>O workshop em <a href=\"\/pt\/ningbo-xusheng-machinery-die-casting-china\/\">Fundi\u00e7\u00e3o sob press\u00e3o China<\/a> inclui uma grande variedade de m\u00e1quinas com tonelagem que varia de 160T a 2.500T.<\/p>\n\n\n\n<p>Al\u00e9m disso, contamos com se\u00e7\u00f5es dedicadas de primeira linha para <a href=\"\/pt\/servicos-de-fundicao-sob-pressao-na-china\/fundicao-de-zinco-na-china\/\">liga de zinco<\/a> e <a href=\"\/pt\/servicos-de-fundicao-sob-pressao-na-china\/fundicao-sob-pressao-de-aluminio\/\">fundi\u00e7\u00e3o de alum\u00ednio<\/a>. Estamos equipados com v\u00e1rios fornos de fus\u00e3o com concentra\u00e7\u00e3o de g\u00e1s natural, um forno el\u00e9trico de espera e uma linha de produ\u00e7\u00e3o de infiltra\u00e7\u00e3o. Somos um fabricante e fornecedor de pe\u00e7as mec\u00e2nicas voltado para a qualidade, aderindo \u00e0 conformidade total com os padr\u00f5es de qualidade TS16949. Nossa instala\u00e7\u00e3o de servi\u00e7os de 470.000 p\u00e9s quadrados \u00e9 dividida entre os processos de alum\u00ednio\/zinco e as opera\u00e7\u00f5es de usinagem secund\u00e1ria. Essa diversidade de fabrica\u00e7\u00e3o permite que voc\u00ea pegue seus componentes mais complexos e os entregue em sua f\u00e1brica usinados para impress\u00e3o.<\/p>\n\n\n\n<h3 class=\"wp-block-heading\">Tenho interesse em saber mais sobre esses processos espec\u00edficos de fundi\u00e7\u00e3o:<\/h3>\n\n\n\n<ul class=\"wp-block-list\">\n<li><a href=\"\/pt\/die-casting-china\/fundicao-sob-pressao-de-aluminio\/\"><strong>Servi\u00e7os de alum\u00ednio<\/strong><\/a><\/li>\n\n\n\n<li><a href=\"\/pt\/die-casting-china\/fundicao-de-zinco\/\"><strong>Servi\u00e7os de zinco<br><\/strong><\/a><\/li>\n\n\n\n<li><\/li>\n<\/ul>\n\n\n\n<figure class=\"wp-block-image aligncenter size-full\"><img fetchpriority=\"high\" decoding=\"async\" width=\"900\" height=\"500\" src=\"https:\/\/www.diecastingschina.com\/wp-content\/uploads\/2025\/02\/die-casting-machines.jpg\" alt=\"\" class=\"wp-image-653\" title=\"M\u00e1quinas de fundi\u00e7\u00e3o sob press\u00e3o\" srcset=\"https:\/\/www.diecastingschina.com\/wp-content\/uploads\/2025\/02\/die-casting-machines.jpg 900w, https:\/\/www.diecastingschina.com\/wp-content\/uploads\/2025\/02\/die-casting-machines-300x167.jpg 300w, https:\/\/www.diecastingschina.com\/wp-content\/uploads\/2025\/02\/die-casting-machines-768x427.jpg 768w\" sizes=\"(max-width: 900px) 100vw, 900px\" \/><\/figure>\n\n\n\n<p><\/p>\n\n\n\n<p>Os principais pontos fortes de fabrica\u00e7\u00e3o da nossa empresa incluem produtos fundidos sob press\u00e3o para powertrain ou controle de movimento em aplica\u00e7\u00f5es de motores, transmiss\u00f5es e eletr\u00f4nicos. Por exemplo, caixas de engrenagens para transmiss\u00f5es pesadas e carca\u00e7as para sensores, carca\u00e7as de motores, arruelas de press\u00e3o de alum\u00ednio e estatores para conversores de torque.<\/p>\n\n\n\n<figure class=\"wp-block-image aligncenter size-full\"><a href=\"\/pt\/fundicao-sob-pressao-de-contato-china\/\"><img decoding=\"async\" width=\"940\" height=\"80\" src=\"https:\/\/www.diecastingschina.com\/wp-content\/uploads\/2025\/02\/satisfaction.jpg\" alt=\"\" class=\"wp-image-652\" title=\"M\u00e1quinas de fundi\u00e7\u00e3o sob press\u00e3o\" srcset=\"https:\/\/www.diecastingschina.com\/wp-content\/uploads\/2025\/02\/satisfaction.jpg 940w, https:\/\/www.diecastingschina.com\/wp-content\/uploads\/2025\/02\/satisfaction-300x26.jpg 300w, https:\/\/www.diecastingschina.com\/wp-content\/uploads\/2025\/02\/satisfaction-768x65.jpg 768w\" sizes=\"(max-width: 940px) 100vw, 940px\" \/><\/a><\/figure>","protected":false},"excerpt":{"rendered":"<p>Die casting is used to produce zinc and aluminum parts, by injecting molten material \u2013 under high pressure \u2013 into reusable steel molds (also known as dies). They can be designed to produce very complicated parts with pin point accuracy. Our die casting company manufactures parts with sharp definition, strong material integrity and smooth or [&hellip;]<\/p>\n","protected":false},"author":3,"featured_media":0,"parent":0,"menu_order":0,"comment_status":"closed","ping_status":"closed","template":"","meta":{"footnotes":""},"class_list":["post-645","page","type-page","status-publish","hentry"],"_links":{"self":[{"href":"https:\/\/www.diecastingschina.com\/pt\/wp-json\/wp\/v2\/pages\/645","targetHints":{"allow":["GET"]}}],"collection":[{"href":"https:\/\/www.diecastingschina.com\/pt\/wp-json\/wp\/v2\/pages"}],"about":[{"href":"https:\/\/www.diecastingschina.com\/pt\/wp-json\/wp\/v2\/types\/page"}],"author":[{"embeddable":true,"href":"https:\/\/www.diecastingschina.com\/pt\/wp-json\/wp\/v2\/users\/3"}],"replies":[{"embeddable":true,"href":"https:\/\/www.diecastingschina.com\/pt\/wp-json\/wp\/v2\/comments?post=645"}],"version-history":[{"count":0,"href":"https:\/\/www.diecastingschina.com\/pt\/wp-json\/wp\/v2\/pages\/645\/revisions"}],"wp:attachment":[{"href":"https:\/\/www.diecastingschina.com\/pt\/wp-json\/wp\/v2\/media?parent=645"}],"curies":[{"name":"wp","href":"https:\/\/api.w.org\/{rel}","templated":true}]}}