{"id":739,"date":"2025-02-28T10:35:55","date_gmt":"2025-02-28T10:35:55","guid":{"rendered":"https:\/\/www.diecastingschina.com\/?page_id=739"},"modified":"2025-02-28T10:36:21","modified_gmt":"2025-02-28T10:36:21","slug":"biura-usa-meksyk","status":"publish","type":"page","link":"https:\/\/www.diecastingschina.com\/pl\/cnm-tech-die-casting-chiny\/biura-usa-meksyk\/","title":{"rendered":"Biura USA \/ Meksyk"},"content":{"rendered":"<p>Dla wielu producent\u00f3w oryginalnego sprz\u0119tu, dostarczanie tanich, wysokiej jako\u015bci produkt\u00f3w na hal\u0119 produkcyjn\u0105 bez problem\u00f3w magazynowych jest sta\u0142ym problemem. Brak dost\u0119pno\u015bci najmniejszych, najprostszych cz\u0119\u015bci mo\u017ce spowodowa\u0107 zatrzymanie ca\u0142ej linii produkcyjnej, powoduj\u0105c stres u nabywcy zwi\u0105zany z konieczno\u015bci\u0105 zamawiania cz\u0119\u015bci na ostatni\u0105 chwil\u0119, co wi\u0105\u017ce si\u0119 z dodatkowymi kosztami.<\/p>\n\n\n\n<h2 class=\"wp-block-heading\">Czy zmagasz si\u0119 z popytem, zawsze zamawiaj\u0105c cz\u0119\u015bci, kt\u00f3rych nie ma w magazynie?<\/h2>\n\n\n\n<p>Ustalaj\u0105c list\u0119 cz\u0119\u015bci produkcyjnych, szacowane wska\u017aniki zu\u017cycia, uzgadniamy zam\u00f3wienie zakupu z ustalonym okresem obowi\u0105zywania umowy i nieprzekraczaln\u0105 kwot\u0105 w dolarach. Ca\u0142y zapas jest zarz\u0105dzany w naszym <strong>Magazyny o powierzchni 50 000 st\u00f3p kwadratowych lub 75 000 st\u00f3p kwadratowych<\/strong>, umo\u017cliwiaj\u0105c szybkie zamawianie produktu w razie potrzeby.<\/p>\n\n\n\n<figure class=\"wp-block-image aligncenter size-full\"><a href=\"\/pl\/kontaktowe-odlewy-cisnieniowe-chiny\/\"><img fetchpriority=\"high\" decoding=\"async\" width=\"940\" height=\"80\" src=\"https:\/\/www.diecastingschina.com\/wp-content\/uploads\/2025\/02\/satisfaction.jpg\" alt=\"\" class=\"wp-image-652\" title=\"Popro\u015b o wycen\u0119 i zacznij ju\u017c dzi\u015b\" srcset=\"https:\/\/www.diecastingschina.com\/wp-content\/uploads\/2025\/02\/satisfaction.jpg 940w, https:\/\/www.diecastingschina.com\/wp-content\/uploads\/2025\/02\/satisfaction-300x26.jpg 300w, https:\/\/www.diecastingschina.com\/wp-content\/uploads\/2025\/02\/satisfaction-768x65.jpg 768w\" sizes=\"(max-width: 940px) 100vw, 940px\" \/><\/a><\/figure>","protected":false},"excerpt":{"rendered":"<p>For many original equipment manufacturers, getting low-cost, high quality products onto the production floor without stocking issues is an constant issue. Not having the smallest, simplest parts available, can shutdown an entire production line \u2013 creating purchaser stress by ordering last second parts at extra costs. Are you struggling with demand by always ordering out-of-stock [&hellip;]<\/p>\n","protected":false},"author":3,"featured_media":0,"parent":714,"menu_order":0,"comment_status":"closed","ping_status":"closed","template":"","meta":{"footnotes":""},"class_list":["post-739","page","type-page","status-publish","hentry"],"_links":{"self":[{"href":"https:\/\/www.diecastingschina.com\/pl\/wp-json\/wp\/v2\/pages\/739","targetHints":{"allow":["GET"]}}],"collection":[{"href":"https:\/\/www.diecastingschina.com\/pl\/wp-json\/wp\/v2\/pages"}],"about":[{"href":"https:\/\/www.diecastingschina.com\/pl\/wp-json\/wp\/v2\/types\/page"}],"author":[{"embeddable":true,"href":"https:\/\/www.diecastingschina.com\/pl\/wp-json\/wp\/v2\/users\/3"}],"replies":[{"embeddable":true,"href":"https:\/\/www.diecastingschina.com\/pl\/wp-json\/wp\/v2\/comments?post=739"}],"version-history":[{"count":0,"href":"https:\/\/www.diecastingschina.com\/pl\/wp-json\/wp\/v2\/pages\/739\/revisions"}],"up":[{"embeddable":true,"href":"https:\/\/www.diecastingschina.com\/pl\/wp-json\/wp\/v2\/pages\/714"}],"wp:attachment":[{"href":"https:\/\/www.diecastingschina.com\/pl\/wp-json\/wp\/v2\/media?parent=739"}],"curies":[{"name":"wp","href":"https:\/\/api.w.org\/{rel}","templated":true}]}}