{"id":732,"date":"2025-02-28T10:32:16","date_gmt":"2025-02-28T10:32:16","guid":{"rendered":"https:\/\/www.diecastingschina.com\/?page_id=732"},"modified":"2026-02-20T16:00:05","modified_gmt":"2026-02-20T16:00:05","slug":"certyfikaty-branzowe","status":"publish","type":"page","link":"https:\/\/www.diecastingschina.com\/pl\/certyfikaty-branzowe\/","title":{"rendered":"Certyfikaty i cz\u0142onkostwo"},"content":{"rendered":"<p>Jeste\u015bmy <strong>Firma odlewnicza z certyfikatem IATF 16949<\/strong> w Chinach, oferuj\u0105cy wysokiej jako\u015bci produkty odlewnicze z aluminium, cynku i magnezu. jeste\u015bmy gotowi podpisa\u0107 dokument NDA przed przes\u0142aniem nam danych.<\/p>\n\n\n\n<p>Systemy zarz\u0105dzania jako\u015bci\u0105 IATF 16949:2016, ISO 14001 i ISO 9001 s\u0105 \u015bci\u015ble egzekwowane przez producent\u00f3w odlew\u00f3w ci\u015bnieniowych, kt\u00f3rzy wytwarzaj\u0105 odlewy ci\u015bnieniowe dla przemys\u0142u motoryzacyjnego.<\/p>\n\n\n\n<p>Mo\u017cliwo\u015bci kontroli jako\u015bci Die Castings China obejmuj\u0105 <a href=\"\/pl\/zespol-inzynierow-odlewnictwa-cisnieniowego\/\">Najnowocze\u015bniejsze systemy inspekcji<\/a>. Dzi\u0119ki temu nasi technicy odlew\u00f3w ci\u015bnieniowych mog\u0105 zajrze\u0107 w g\u0142\u0105b odlew\u00f3w ci\u015bnieniowych i przeanalizowa\u0107 g\u0142\u0119boko\u015b\u0107 przep\u0142ywu metalu przez matryc\u0119 oraz inne krytyczne parametry testowe w produkcji odlew\u00f3w ci\u015bnieniowych. <a href=\"\/pl\/uslugi-odlewania-cisnieniowego-chiny\/odlew-cynkowy-chiny\/\">wysokiej jako\u015bci cynk<\/a> oraz <a href=\"\/pl\/uslugi-odlewania-cisnieniowego-chiny\/odlew-aluminiowy\/\">odlewy aluminiowe<\/a>.<\/p>\n\n\n\n<p>Nasz kompletny odlew ci\u015bnieniowy,&nbsp; <a href=\"\/pl\/obrobka-odlewow-cisnieniowych-w-chinach\/\">obr\u00f3bka<\/a>in\u017cynieria i <a href=\"\/pl\/ningbo-xusheng-machinery-die-casting-china\/zapewnienie-klienta\/\">Personel wykonawczy jest zaanga\u017cowany w produkcj\u0119 najwy\u017cszej jako\u015bci aluminiowych i cynkowych cz\u0119\u015bci odlewanych ci\u015bnieniowo dost\u0119pnych obecnie na rynku<\/a>.<\/p>\n\n\n\n<p><strong>Produkcja wielkoseryjna wymaga pe\u0142nego <a href=\"\/pl\/kontrola-jakosci-odlewow-cisnieniowych\/\">kontrola jako\u015bci<\/a> na wszystkich etapach projektu.<\/strong><\/p>\n\n\n\n<p>Aby utrzyma\u0107 t\u0119 filozofi\u0119 projektu, <a href=\"https:\/\/www.diecastingschina.com\/pl\" data-type=\"link\" data-id=\"https:\/\/www.diecastingschina.com\/\">Odlewy ci\u015bnieniowe Chiny<\/a>&nbsp; regularnie utrzymuje i inwestuje w najnowsze zasoby do oceny. Oddaj\u0105c ten sprz\u0119t w r\u0119ce naszych specjalist\u00f3w ds. zapewnienia jako\u015bci, byli\u015bmy w stanie uzyska\u0107 certyfikaty i cz\u0142onkostwo na najwy\u017cszym poziomie.<\/p>\n\n\n\n<p>Je\u015bli szukasz <strong>Producent odlew\u00f3w ci\u015bnieniowych z aluminium z certyfikatem IATF16949<\/strong>Zapraszamy do kontaktu z nami. podamy cen\u0119 w ci\u0105gu 24 godzin.<\/p>\n\n\n\n<figure class=\"wp-block-image size-large\"><img fetchpriority=\"high\" decoding=\"async\" width=\"717\" height=\"1024\" src=\"https:\/\/www.diecastingschina.com\/wp-content\/uploads\/2025\/06\/IATF16949-82132-717x1024.jpg\" alt=\"IATF16949-82132\" class=\"wp-image-1707\" srcset=\"https:\/\/www.diecastingschina.com\/wp-content\/uploads\/2025\/06\/IATF16949-82132-717x1024.jpg 717w, https:\/\/www.diecastingschina.com\/wp-content\/uploads\/2025\/06\/IATF16949-82132-210x300.jpg 210w, https:\/\/www.diecastingschina.com\/wp-content\/uploads\/2025\/06\/IATF16949-82132-768x1097.jpg 768w, https:\/\/www.diecastingschina.com\/wp-content\/uploads\/2025\/06\/IATF16949-82132-1075x1536.jpg 1075w, https:\/\/www.diecastingschina.com\/wp-content\/uploads\/2025\/06\/IATF16949-82132-8x12.jpg 8w, https:\/\/www.diecastingschina.com\/wp-content\/uploads\/2025\/06\/IATF16949-82132.jpg 1200w\" sizes=\"(max-width: 717px) 100vw, 717px\" \/><figcaption class=\"wp-element-caption\">IATF16949:2016-82132<\/figcaption><\/figure>\n\n\n\n<p><\/p>","protected":false},"excerpt":{"rendered":"<p>We are IATF 16949 certified die casting company in China, offering high quality die casting products from aluminum, zinc, and magnesium. we are willing to signed NDA document before you send us the data. The IATF 16949:2016, ISO 14001 and ISO 9001 quality management systems are strictly enforced to a die casting manufacturer who manufacutres [&hellip;]<\/p>\n","protected":false},"author":3,"featured_media":0,"parent":0,"menu_order":0,"comment_status":"closed","ping_status":"closed","template":"","meta":{"footnotes":""},"class_list":["post-732","page","type-page","status-publish","hentry"],"_links":{"self":[{"href":"https:\/\/www.diecastingschina.com\/pl\/wp-json\/wp\/v2\/pages\/732","targetHints":{"allow":["GET"]}}],"collection":[{"href":"https:\/\/www.diecastingschina.com\/pl\/wp-json\/wp\/v2\/pages"}],"about":[{"href":"https:\/\/www.diecastingschina.com\/pl\/wp-json\/wp\/v2\/types\/page"}],"author":[{"embeddable":true,"href":"https:\/\/www.diecastingschina.com\/pl\/wp-json\/wp\/v2\/users\/3"}],"replies":[{"embeddable":true,"href":"https:\/\/www.diecastingschina.com\/pl\/wp-json\/wp\/v2\/comments?post=732"}],"version-history":[{"count":0,"href":"https:\/\/www.diecastingschina.com\/pl\/wp-json\/wp\/v2\/pages\/732\/revisions"}],"wp:attachment":[{"href":"https:\/\/www.diecastingschina.com\/pl\/wp-json\/wp\/v2\/media?parent=732"}],"curies":[{"name":"wp","href":"https:\/\/api.w.org\/{rel}","templated":true}]}}