{"id":708,"date":"2025-02-28T10:16:46","date_gmt":"2025-02-28T10:16:46","guid":{"rendered":"https:\/\/www.diecastingschina.com\/?page_id=708"},"modified":"2025-02-28T10:18:09","modified_gmt":"2025-02-28T10:18:09","slug":"branze-odlewnicze-obslugiwane-w-chinach","status":"publish","type":"page","link":"https:\/\/www.diecastingschina.com\/pl\/branze-odlewnicze-obslugiwane-w-chinach\/","title":{"rendered":"Obs\u0142ugiwane rynki i bran\u017ce"},"content":{"rendered":"<p>Die Castings China zapewnia kompleksowe us\u0142ugi dla najbardziej wymagaj\u0105cych i trudnych zastosowa\u0144 przemys\u0142owych. Obs\u0142ugujemy klient\u00f3w OEM w Stanach Zjednoczonych i Meksyku. Nasze niestandardowe typy zastosowa\u0144 s\u0105 nieograniczone, zw\u0142aszcza \u017ce obs\u0142ugujemy przemys\u0142 motoryzacyjny - kt\u00f3ry wykorzystuje najwi\u0119cej aluminiowych cz\u0119\u015bci odlewanych ci\u015bnieniowo ze wszystkich rodzaj\u00f3w towar\u00f3w.<\/p>\n\n\n\n<p>Nasze g\u0142\u00f3wne rynki aluminium i cynku obejmuj\u0105 nast\u0119puj\u0105ce bran\u017ce:<\/p>\n\n\n\n<ul class=\"wp-block-list\">\n<li><a href=\"\/pl\/odlewnictwo-samochodowe\/\">Motoryzacja<\/a><\/li>\n\n\n\n<li><a href=\"\/pl\/odlewanie-cisnieniowe-w-rolnictwie\/\">Rolnictwo<\/a><\/li>\n\n\n\n<li><a href=\"\/pl\/odlewanie-cisnieniowe-pojazdow-uzytkowych\/\">Pojazd u\u017cytkowy<\/a><\/li>\n\n\n\n<li><a href=\"\/pl\/odlewanie-cisnieniowe-ciezkiego-sprzetu\/\">Ci\u0119\u017cki sprz\u0119t<\/a><\/li>\n<\/ul>\n\n\n\n<p>Nasze ci\u0105g\u0142e wysi\u0142ki na rzecz poprawy <a href=\"\/pl\/uslugi-odlewania-cisnieniowego-chiny\/odlew-aluminiowy\/\">casting<\/a> Wydajno\u015b\u0107 i rozw\u00f3j to tylko kilka przyk\u0142ad\u00f3w tego, jak nasze <a href=\"\/pl\/zespol-inzynierow-odlewnictwa-cisnieniowego\/\">in\u017cynieria<\/a> i do\u015bwiadczenie produkcyjne tworzy znacz\u0105c\u0105 warto\u015b\u0107 dodan\u0105 dla ka\u017cdego obs\u0142ugiwanego przez nas klienta. Naszym klientom z bran\u017cy motoryzacyjnej zapewniamy du\u017ce do\u015bwiadczenie w produkcji precyzyjnych odlew\u00f3w ci\u015bnieniowych stosowanych w <a href=\"\/pl\/aluminiowe-podkladki-oporowe-odlewane-cisnieniowo\/\">aplikacje uk\u0142adu nap\u0119dowego<\/a>. W tych bran\u017cach OEM dostawy na du\u017c\u0105 skal\u0119 maj\u0105 kluczowe znaczenie dla utrzymania tych wymaga\u0144 projektowych.<\/p>\n\n\n\n<p>Klienci OEM, kt\u00f3rych obs\u0142ugiwali\u015bmy na ca\u0142ym \u015bwiecie, to m.in:<\/p>\n\n\n\n<figure class=\"wp-block-image aligncenter size-full\"><img fetchpriority=\"high\" decoding=\"async\" width=\"875\" height=\"381\" src=\"https:\/\/www.diecastingschina.com\/wp-content\/uploads\/2025\/02\/ningbo-xusheng-machinery-customers.jpg\" alt=\"\" class=\"wp-image-711\" title=\"Klienci Ningbo Xusheng Machinery\" srcset=\"https:\/\/www.diecastingschina.com\/wp-content\/uploads\/2025\/02\/ningbo-xusheng-machinery-customers.jpg 875w, https:\/\/www.diecastingschina.com\/wp-content\/uploads\/2025\/02\/ningbo-xusheng-machinery-customers-300x131.jpg 300w, https:\/\/www.diecastingschina.com\/wp-content\/uploads\/2025\/02\/ningbo-xusheng-machinery-customers-768x334.jpg 768w\" sizes=\"(max-width: 875px) 100vw, 875px\" \/><\/figure>\n\n\n\n<h3 class=\"wp-block-heading\">Niezale\u017cnie od reprezentowanego rynku, <a href=\"\/pl\/kontaktowe-odlewy-cisnieniowe-chiny\/\">Skontaktuj si\u0119 z nami ju\u017c dzi\u015b, aby dowiedzie\u0107 si\u0119, jak mo\u017cesz skorzysta\u0107<\/a>.<\/h3>\n\n\n\n<figure class=\"wp-block-image aligncenter size-full\"><a href=\"\/pl\/kontaktowe-odlewy-cisnieniowe-chiny\/\"><img decoding=\"async\" width=\"940\" height=\"80\" src=\"https:\/\/www.diecastingschina.com\/wp-content\/uploads\/2025\/02\/satisfaction.jpg\" alt=\"\" class=\"wp-image-652\" title=\"Popro\u015b o wycen\u0119 i zacznij ju\u017c dzi\u015b\" srcset=\"https:\/\/www.diecastingschina.com\/wp-content\/uploads\/2025\/02\/satisfaction.jpg 940w, https:\/\/www.diecastingschina.com\/wp-content\/uploads\/2025\/02\/satisfaction-300x26.jpg 300w, https:\/\/www.diecastingschina.com\/wp-content\/uploads\/2025\/02\/satisfaction-768x65.jpg 768w\" sizes=\"(max-width: 940px) 100vw, 940px\" \/><\/a><\/figure>","protected":false},"excerpt":{"rendered":"<p>Die Castings China provides an all-in-one service for the most demanding and difficult industry applications. We serve OEM customers in the United States in Mexico. Our custom application types are limitless, especially since we service the Automotive Industry \u2013 which uses the most aluminum die cast parts of any commodity type. Our main aluminum and [&hellip;]<\/p>\n","protected":false},"author":3,"featured_media":0,"parent":0,"menu_order":0,"comment_status":"closed","ping_status":"closed","template":"","meta":{"footnotes":""},"class_list":["post-708","page","type-page","status-publish","hentry"],"_links":{"self":[{"href":"https:\/\/www.diecastingschina.com\/pl\/wp-json\/wp\/v2\/pages\/708","targetHints":{"allow":["GET"]}}],"collection":[{"href":"https:\/\/www.diecastingschina.com\/pl\/wp-json\/wp\/v2\/pages"}],"about":[{"href":"https:\/\/www.diecastingschina.com\/pl\/wp-json\/wp\/v2\/types\/page"}],"author":[{"embeddable":true,"href":"https:\/\/www.diecastingschina.com\/pl\/wp-json\/wp\/v2\/users\/3"}],"replies":[{"embeddable":true,"href":"https:\/\/www.diecastingschina.com\/pl\/wp-json\/wp\/v2\/comments?post=708"}],"version-history":[{"count":0,"href":"https:\/\/www.diecastingschina.com\/pl\/wp-json\/wp\/v2\/pages\/708\/revisions"}],"wp:attachment":[{"href":"https:\/\/www.diecastingschina.com\/pl\/wp-json\/wp\/v2\/media?parent=708"}],"curies":[{"name":"wp","href":"https:\/\/api.w.org\/{rel}","templated":true}]}}