{"id":703,"date":"2025-02-28T10:13:13","date_gmt":"2025-02-28T10:13:13","guid":{"rendered":"https:\/\/www.diecastingschina.com\/?page_id=703"},"modified":"2025-02-28T10:15:13","modified_gmt":"2025-02-28T10:15:13","slug":"vacuumimpregnatie","status":"publish","type":"page","link":"https:\/\/www.diecastingschina.com\/nl\/spuitgietbewerking-in-china\/vacuumimpregnatie\/","title":{"rendered":"Spuitgieten Impregneren"},"content":{"rendered":"<figure class=\"wp-block-image alignright size-full\"><img fetchpriority=\"high\" decoding=\"async\" width=\"450\" height=\"262\" src=\"https:\/\/www.diecastingschina.com\/wp-content\/uploads\/2025\/02\/die-casting-vacuum-impregnation.jpg\" alt=\"\" class=\"wp-image-705\" srcset=\"https:\/\/www.diecastingschina.com\/wp-content\/uploads\/2025\/02\/die-casting-vacuum-impregnation.jpg 450w, https:\/\/www.diecastingschina.com\/wp-content\/uploads\/2025\/02\/die-casting-vacuum-impregnation-300x175.jpg 300w\" sizes=\"(max-width: 450px) 100vw, 450px\" \/><\/figure>\n\n\n\n<p>Tijdens het spuitgietproces van technische componenten zijn kleine materiaaldefecten zeer moeilijk te vermijden. Defecten kunnen bestaan uit poreusheid van het oppervlak van de component, luchtbellen en andere soorten insnijdingen. Deze fabricage-uitdagingen kunnen prestatieproblemen veroorzaken in bedrijfsomstandigheden. Bovendien kunnen chemicali\u00ebn voor oppervlakteafwerking vast komen te zitten in deze porositeiten en vervolgens wegvloeien tijdens de daaropvolgende nabewerking.<\/p>\n\n\n\n<p>Ongeacht of de onvolkomenheden het onderdeel zelf aantasten of niet, er bestaat altijd het risico dat gassen of vloeistoffen ontsnappen via microscopische lekroutes in de wand van het gegoten onderdeel. Het vacu\u00fcmimpregnatieproces kan zorgen voor afdichting, minder vocht, minder inwendige corrosie en een betere integriteit van de spuitgietwand die poreuze gedeelten bevat.<\/p>\n\n\n\n<p><strong>In-house impregneerservices:<\/strong><\/p>\n\n\n\n<p><a href=\"\/nl\/ningbo-xusheng-machinery-die-casting-china\/\">Spuitgieten China<\/a> kan uw impregnatieprojecten voor spuitgietwerk verzorgen om porositeit in uw gietstukken te elimineren. Momenteel beschikken we over drie soorten vacu\u00fcmimpregnatieprocessen:<\/p>\n\n\n\n<ul class=\"wp-block-list\">\n<li><strong>Droge vacu\u00fcmdrukimpregnatie<br><\/strong>Idealiter gebruikt deze methode twee aparte procestanks voor projecten met zeer hoge productievolumes. De eerste vacu\u00fcmfase wordt vloeistofvrij uitgevoerd, zodat er geen interferentie mogelijk is met gassen die vrijkomen uit de poreuze gebieden. Ook kan het vocht dat in de pori\u00ebn zit worden verwijderd. Deze impregnatiemethode is verreweg de meest uitgebreide - perfect voor kritieke porositeitsbehoeften.<\/li>\n\n\n\n<li><strong>Vacu\u00fcmdrukimpregnatie<br><\/strong>Beter voor middelgrote productieseries (tienduizenden), omdat bij vacu\u00fcmdrukimpregneren slechts \u00e9\u00e9n procestank wordt gebruikt. Eerst worden de gegoten onderdelen gedurende langere tijd ondergedompeld in het afdichtmiddel. Daarna worden de ondergedompelde onderdelen vacu\u00fcm getrokken en afgewerkt met lucht onder druk.<\/li>\n\n\n\n<li><strong>Vacu\u00fcmimpregnatie<br><\/strong>Voor projecten met lage productievolumes is vacu\u00fcmimpregneren het snelste en meest kostenbewuste vacu\u00fcmimpregneerproces omdat er geen druk wordt gebruikt. De afdichtingshars wordt bij atmosferische druk in de porositeit gebracht.<\/li>\n<\/ul>\n\n\n\n<p>Welke impregneermethode je ook kiest voor je project met ons spuitgietbedrijf in Azi\u00eb, we zullen het verwijderen van gietfouten zo effici\u00ebnt mogelijk aanpakken.<\/p>\n\n\n\n<figure class=\"wp-block-image aligncenter size-full\"><a href=\"\/nl\/contactgietstukken-china\/\"><img decoding=\"async\" width=\"940\" height=\"80\" src=\"https:\/\/www.diecastingschina.com\/wp-content\/uploads\/2025\/02\/satisfaction.jpg\" alt=\"\" class=\"wp-image-652\" title=\"Vraag een offerte aan en begin vandaag nog\" srcset=\"https:\/\/www.diecastingschina.com\/wp-content\/uploads\/2025\/02\/satisfaction.jpg 940w, https:\/\/www.diecastingschina.com\/wp-content\/uploads\/2025\/02\/satisfaction-300x26.jpg 300w, https:\/\/www.diecastingschina.com\/wp-content\/uploads\/2025\/02\/satisfaction-768x65.jpg 768w\" sizes=\"(max-width: 940px) 100vw, 940px\" \/><\/a><\/figure>","protected":false},"excerpt":{"rendered":"<p>During the die casting process of engineered components, small material defects are very challenging to avoid. Defects can include porosity of the component surface, bubbles and other incursion types. These manufacturing challenges can allow performance problems in operating conditions. In addition, surface finishing chemicals can become trapped inside these porosities, then flow during following post-processing. [&hellip;]<\/p>\n","protected":false},"author":3,"featured_media":0,"parent":679,"menu_order":0,"comment_status":"closed","ping_status":"closed","template":"","meta":{"footnotes":""},"class_list":["post-703","page","type-page","status-publish","hentry"],"_links":{"self":[{"href":"https:\/\/www.diecastingschina.com\/nl\/wp-json\/wp\/v2\/pages\/703","targetHints":{"allow":["GET"]}}],"collection":[{"href":"https:\/\/www.diecastingschina.com\/nl\/wp-json\/wp\/v2\/pages"}],"about":[{"href":"https:\/\/www.diecastingschina.com\/nl\/wp-json\/wp\/v2\/types\/page"}],"author":[{"embeddable":true,"href":"https:\/\/www.diecastingschina.com\/nl\/wp-json\/wp\/v2\/users\/3"}],"replies":[{"embeddable":true,"href":"https:\/\/www.diecastingschina.com\/nl\/wp-json\/wp\/v2\/comments?post=703"}],"version-history":[{"count":0,"href":"https:\/\/www.diecastingschina.com\/nl\/wp-json\/wp\/v2\/pages\/703\/revisions"}],"up":[{"embeddable":true,"href":"https:\/\/www.diecastingschina.com\/nl\/wp-json\/wp\/v2\/pages\/679"}],"wp:attachment":[{"href":"https:\/\/www.diecastingschina.com\/nl\/wp-json\/wp\/v2\/media?parent=703"}],"curies":[{"name":"wp","href":"https:\/\/api.w.org\/{rel}","templated":true}]}}