{"id":739,"date":"2025-02-28T10:35:55","date_gmt":"2025-02-28T10:35:55","guid":{"rendered":"https:\/\/www.diecastingschina.com\/?page_id=739"},"modified":"2025-02-28T10:36:21","modified_gmt":"2025-02-28T10:36:21","slug":"usa-mexico-kontorer","status":"publish","type":"page","link":"https:\/\/www.diecastingschina.com\/nb\/cnm-tech-pressstoping-kina\/usa-mexico-kontorer\/","title":{"rendered":"Kontorer i USA \/ Mexico"},"content":{"rendered":"<p>For mange produsenter av originalutstyr er det et konstant problem \u00e5 f\u00e5 rimelige produkter av h\u00f8y kvalitet ut p\u00e5 produksjonsgulvet uten problemer med lagerbeholdningen. Hvis man ikke har de minste og enkleste delene tilgjengelig, kan det f\u00f8re til at en hel produksjonslinje stopper opp - noe som skaper stress for innkj\u00f8perne, som m\u00e5 bestille deler i siste sekund til ekstra kostnader.<\/p>\n\n\n\n<h2 class=\"wp-block-heading\">Sliter du med ettersp\u00f8rselen ved alltid \u00e5 bestille deler som ikke er p\u00e5 lager?<\/h2>\n\n\n\n<p>Ved \u00e5 sette opp en liste over produksjonsdeler og estimert forbruk, blir vi enige om en innkj\u00f8psordre med en fastsatt kontraktsperiode og et bel\u00f8p som ikke m\u00e5 overskrides. Hele lagerbeholdningen din administreres hos oss <strong>Lager p\u00e5 50 000 kvadratmeter eller 75 000 kvadratmeter<\/strong>slik at du raskt kan bestille produktet ditt etter behov.<\/p>\n\n\n\n<figure class=\"wp-block-image aligncenter size-full\"><a href=\"\/nb\/kontakt-trykkstopegods-kina\/\"><img fetchpriority=\"high\" decoding=\"async\" width=\"940\" height=\"80\" src=\"https:\/\/www.diecastingschina.com\/wp-content\/uploads\/2025\/02\/satisfaction.jpg\" alt=\"\" class=\"wp-image-652\" title=\"Be om et tilbud og kom i gang i dag\" srcset=\"https:\/\/www.diecastingschina.com\/wp-content\/uploads\/2025\/02\/satisfaction.jpg 940w, https:\/\/www.diecastingschina.com\/wp-content\/uploads\/2025\/02\/satisfaction-300x26.jpg 300w, https:\/\/www.diecastingschina.com\/wp-content\/uploads\/2025\/02\/satisfaction-768x65.jpg 768w\" sizes=\"(max-width: 940px) 100vw, 940px\" \/><\/a><\/figure>","protected":false},"excerpt":{"rendered":"<p>For many original equipment manufacturers, getting low-cost, high quality products onto the production floor without stocking issues is an constant issue. Not having the smallest, simplest parts available, can shutdown an entire production line \u2013 creating purchaser stress by ordering last second parts at extra costs. Are you struggling with demand by always ordering out-of-stock [&hellip;]<\/p>\n","protected":false},"author":3,"featured_media":0,"parent":714,"menu_order":0,"comment_status":"closed","ping_status":"closed","template":"","meta":{"footnotes":""},"class_list":["post-739","page","type-page","status-publish","hentry"],"_links":{"self":[{"href":"https:\/\/www.diecastingschina.com\/nb\/wp-json\/wp\/v2\/pages\/739","targetHints":{"allow":["GET"]}}],"collection":[{"href":"https:\/\/www.diecastingschina.com\/nb\/wp-json\/wp\/v2\/pages"}],"about":[{"href":"https:\/\/www.diecastingschina.com\/nb\/wp-json\/wp\/v2\/types\/page"}],"author":[{"embeddable":true,"href":"https:\/\/www.diecastingschina.com\/nb\/wp-json\/wp\/v2\/users\/3"}],"replies":[{"embeddable":true,"href":"https:\/\/www.diecastingschina.com\/nb\/wp-json\/wp\/v2\/comments?post=739"}],"version-history":[{"count":0,"href":"https:\/\/www.diecastingschina.com\/nb\/wp-json\/wp\/v2\/pages\/739\/revisions"}],"up":[{"embeddable":true,"href":"https:\/\/www.diecastingschina.com\/nb\/wp-json\/wp\/v2\/pages\/714"}],"wp:attachment":[{"href":"https:\/\/www.diecastingschina.com\/nb\/wp-json\/wp\/v2\/media?parent=739"}],"curies":[{"name":"wp","href":"https:\/\/api.w.org\/{rel}","templated":true}]}}