{"id":722,"date":"2025-02-28T10:24:40","date_gmt":"2025-02-28T10:24:40","guid":{"rendered":"https:\/\/www.diecastingschina.com\/?page_id=722"},"modified":"2025-02-28T10:27:04","modified_gmt":"2025-02-28T10:27:04","slug":"kvalitetskontroll-trykkstoping","status":"publish","type":"page","link":"https:\/\/www.diecastingschina.com\/nb\/kvalitetskontroll-trykkstoping\/","title":{"rendered":"Kvalitetskontroll"},"content":{"rendered":"<p>Kvalitetskontrollpersonalet ved <a href=\"\/nb\/ningbo-xusheng-machinery-die-casting-china\/\">Pressst\u00f8pegods Kina<\/a> sikre at v\u00e5r <a href=\"\/nb\/trykkstopetjenester-kina\/\">pressst\u00f8ping<\/a> teamet fortsetter \u00e5 tilby det beste<a href=\"\/nb\/trykkstopetjenester-kina\/trykkstoping-av-aluminium\/\"> trykkst\u00f8ping av aluminium<\/a> og <a href=\"\/nb\/trykkstopetjenester-kina\/sink-trykkstoping-kina\/\">trykkst\u00f8pte deler i sink<\/a>.<\/p>\n\n\n\n<p>V\u00e5re inspeksjons- og kvalitetskontrollprotokoller for trykkst\u00f8ping er strengt h\u00e5ndhevet gjennom TS16949- og QS9000-sertifiseringer. 3D CMM-sensorene, -vektene og -kalibrene blir regelmessig vedlikeholdt og kalibrert for \u00e5 sikre at de st\u00f8pte delene v\u00e5re er presise og oppfyller de n\u00f8dvendige spesifikasjonene.<\/p>\n\n\n\n<p>Kvalitetskontrollpersonalet gjennomf\u00f8rer kontinuerlig oppl\u00e6ring og trening i alle inspeksjonsmaskiner og nye funksjoner. Det er v\u00e5r filosofi at inspeksjonspersonalet skal v\u00e6re kvalitetsbevisste; ekstra tid og innsats fokusert p\u00e5 prosjektet ditt vil forbedre sluttproduktets finish.<\/p>\n\n\n\n<figure class=\"wp-block-embed is-type-video is-provider-youtube wp-block-embed-youtube wp-embed-aspect-16-9 wp-has-aspect-ratio\"><div class=\"wp-block-embed__wrapper\">\n<iframe title=\"Ingeni\u00f8rer i kvalitetskontroll hos Die Castings USA\" width=\"800\" height=\"450\" src=\"https:\/\/www.youtube.com\/embed\/39Wtxm-XzjE?feature=oembed\" frameborder=\"0\" allow=\"accelerometer; autoplay; clipboard-write; encrypted-media; gyroscope; picture-in-picture; web-share\" referrerpolicy=\"strict-origin-when-cross-origin\" allowfullscreen><\/iframe>\n<\/div><\/figure>\n\n\n\n<h2 class=\"wp-block-heading\">Kvalitetskontrollform\u00e5l<\/h2>\n\n\n\n<p>Vi bruker en kvalitetssikringssjekkliste for alle v\u00e5re st\u00f8pegods for effektivt \u00e5 spore og verifisere at de produserte st\u00f8pegodsene til kundene v\u00e5re oppfyller de n\u00f8dvendige standardene og kravene.<\/p>\n\n\n\n<ul class=\"wp-block-list\">\n<li>ISO-kompatibelt kvalitetssystem p\u00e5 plass<\/li>\n\n\n\n<li>F\u00f8rste artikkelinspeksjon \/ rapporter<\/li>\n\n\n\n<li>Materialsertifisering<\/li>\n\n\n\n<li>PPAP<\/li>\n<\/ul>\n\n\n\n<h2 class=\"wp-block-heading\">Liste over kvalitetskontrollutstyr<\/h2>\n\n\n\n<p><strong>CMM-liste med h\u00f8y presisjon<\/strong><\/p>\n\n\n\n<ul class=\"wp-block-list\">\n<li>(1) Metro-3D 7106<\/li>\n\n\n\n<li>(1) Metro-3D 675<\/li>\n\n\n\n<li>(1) Metro-3D 654<\/li>\n<\/ul>\n\n\n\n<p><strong>Liste over universelle strekkpr\u00f8vemaskiner<\/strong><\/p>\n\n\n\n<ul class=\"wp-block-list\">\n<li>(1) Greenster WDW-50<\/li>\n<\/ul>\n\n\n\n<p><strong>Liste over instrumenter for ruhetsm\u00e5ling<\/strong><\/p>\n\n\n\n<ul class=\"wp-block-list\">\n<li>(1) Accretech E35B<\/li>\n<\/ul>\n\n\n\n<p><strong>Liste over hardhetstestere<\/strong><\/p>\n\n\n\n<ul class=\"wp-block-list\">\n<li>(1) Lianer 187.5HBW<\/li>\n<\/ul>\n\n\n\n<p><strong>Liste over utstyr for renhetstester<\/strong><\/p>\n\n\n\n<ul class=\"wp-block-list\">\n<li>(1) Fengming<\/li>\n<\/ul>\n\n\n\n<p><strong>Liste over spektrografer<\/strong><\/p>\n\n\n\n<ul class=\"wp-block-list\">\n<li>(1) Spect SPECTRO MAXX<\/li>\n<\/ul>\n\n\n\n<p><strong>Liste over r\u00f8ntgenfeildetektorer<\/strong><\/p>\n\n\n\n<ul class=\"wp-block-list\">\n<li>(1) Aolong XYD-1504<\/li>\n<\/ul>\n\n\n\n<p><strong>Liste over saltt\u00e5ketestere<\/strong><\/p>\n\n\n\n<ul class=\"wp-block-list\">\n<li>(1) Wuxi Yingzhicheng YWX\/Q-150<\/li>\n<\/ul>\n\n\n\n<p><strong>Liste over projektorer<\/strong><\/p>\n\n\n\n<ul class=\"wp-block-list\">\n<li>(1) Easson EV3020<\/li>\n<\/ul>\n\n\n\n<h2 class=\"wp-block-heading\">Milj\u00f8politikk<\/h2>\n\n\n\n<p>Hos Die Castings China fremmer vi et milj\u00f8vennlig anlegg. Forebygging av milj\u00f8forurensning og overholdelse av regionale lover og forskrifter gj\u00f8r det mulig for oss \u00e5 oppn\u00e5 en b\u00e6rekraftig utvikling og samtidig begrense milj\u00f8forurensningen.<\/p>\n\n\n\n<figure class=\"wp-block-image aligncenter size-full\"><a href=\"\/nb\/kontakt-trykkstopegods-kina\/\"><img fetchpriority=\"high\" decoding=\"async\" width=\"940\" height=\"80\" src=\"https:\/\/www.diecastingschina.com\/wp-content\/uploads\/2025\/02\/satisfaction.jpg\" alt=\"\" class=\"wp-image-652\" title=\"Be om et tilbud og kom i gang i dag\" srcset=\"https:\/\/www.diecastingschina.com\/wp-content\/uploads\/2025\/02\/satisfaction.jpg 940w, https:\/\/www.diecastingschina.com\/wp-content\/uploads\/2025\/02\/satisfaction-300x26.jpg 300w, https:\/\/www.diecastingschina.com\/wp-content\/uploads\/2025\/02\/satisfaction-768x65.jpg 768w\" sizes=\"(max-width: 940px) 100vw, 940px\" \/><\/a><\/figure>","protected":false},"excerpt":{"rendered":"<p>The quality control staff at Die Castings China ensure that our die casting team continues to provide the best aluminum die casting and zinc die cast parts. Our die casting inspection and quality control protocol are strictly enforced through TS16949 and QS9000 certifications. The 3D CMM sensors, scales and calipers are regularly serviced and calibrated [&hellip;]<\/p>\n","protected":false},"author":3,"featured_media":0,"parent":0,"menu_order":0,"comment_status":"closed","ping_status":"closed","template":"","meta":{"footnotes":""},"class_list":["post-722","page","type-page","status-publish","hentry"],"_links":{"self":[{"href":"https:\/\/www.diecastingschina.com\/nb\/wp-json\/wp\/v2\/pages\/722","targetHints":{"allow":["GET"]}}],"collection":[{"href":"https:\/\/www.diecastingschina.com\/nb\/wp-json\/wp\/v2\/pages"}],"about":[{"href":"https:\/\/www.diecastingschina.com\/nb\/wp-json\/wp\/v2\/types\/page"}],"author":[{"embeddable":true,"href":"https:\/\/www.diecastingschina.com\/nb\/wp-json\/wp\/v2\/users\/3"}],"replies":[{"embeddable":true,"href":"https:\/\/www.diecastingschina.com\/nb\/wp-json\/wp\/v2\/comments?post=722"}],"version-history":[{"count":0,"href":"https:\/\/www.diecastingschina.com\/nb\/wp-json\/wp\/v2\/pages\/722\/revisions"}],"wp:attachment":[{"href":"https:\/\/www.diecastingschina.com\/nb\/wp-json\/wp\/v2\/media?parent=722"}],"curies":[{"name":"wp","href":"https:\/\/api.w.org\/{rel}","templated":true}]}}