{"id":718,"date":"2025-02-28T10:22:29","date_gmt":"2025-02-28T10:22:29","guid":{"rendered":"https:\/\/www.diecastingschina.com\/?page_id=718"},"modified":"2025-02-28T10:23:37","modified_gmt":"2025-02-28T10:23:37","slug":"formalsparagraf-ningbo-xusheng-machinery","status":"publish","type":"page","link":"https:\/\/www.diecastingschina.com\/nb\/cnm-tech-pressstoping-kina\/formalsparagraf-ningbo-xusheng-machinery\/","title":{"rendered":"Oppdragsbeskrivelse"},"content":{"rendered":"<p>\"For \u00e5 m\u00f8te den raskt foranderlige markedsf\u00f8ringssituasjonen og den horisontale harde konkurransen, videref\u00f8rer vi Die Castings China-folk den hardtarbeidende og ukuelige kamp\u00e5nden, folkorientert, integritetsstyring, styrker intern ledelse og forbedrer FoU og produksjonskapasiteter kontinuerlig og<a href=\"\/nb\/kvalitetskontroll-trykkstoping\/\"> kontinuerlig forbedre niv\u00e5et p\u00e5 kvalitetsstyringen<\/a>, og forbedre evnen til forretningsutvikling kontinuerlig, forbedre effektiv bruk av ressurser, insistere p\u00e5 utviklingsveien for b\u00e6rekraftig utvikling for \u00e5 skape resirkulerings\u00f8konomi. P\u00e5 n\u00e5v\u00e6rende tidspunkt, <a href=\"\/nb\/ningbo-xusheng-machinery-die-casting-china\/\">Die Castings USA<\/a> har v\u00e6rt en av de raskest voksende virksomhetene innen <a href=\"\/nb\/trykkstopetjenester-kina\/\">trykkst\u00f8peindustrien i Kina<\/a>.<\/p>\n\n\n\n<p>N\u00e5r vi ser tilbake p\u00e5 de siste \u00e5rs utviklingsprosess, husker vi alltid p\u00e5 den enorme st\u00f8tten og hjelpen fra alle niv\u00e5er av myndighetene, mennesker i alle kretser og v\u00e5re kunder og partnere i \u00e5 dele vind og storm, uten st\u00f8tte og hjelp fra dem alle, Die Castings USA ville ikke ha dagens resultater, her vil jeg uttrykke min mest hjertelige takk og oppriktige hilsener p\u00e5 vegne av alle ansatte i vi for st\u00f8tte og hjelp fra alle v\u00e5re gamle og nye venner!<\/p>\n\n\n\n<p>Ser vi fremover, alle ansatte i Die Castings China med bedrifts\u00e5nden \"ansvar, innovasjon, selvtillit\", er vi villige til \u00e5 utvikle oppriktig samarbeid med alle innenlandske og internasjonale kretser, for \u00e5 gi v\u00e5rt eget bidrag til bedriftsutviklingen, de nasjonale n\u00e6ringene som stiger og harmonisk samfunnsbygging, og for \u00e5 skape en bedre morgendag!<br><em>Visepresident<\/em><\/p>\n\n\n\n<figure class=\"wp-block-image aligncenter size-full\"><a href=\"\/nb\/kontakt-trykkstopegods-kina\/\"><img fetchpriority=\"high\" decoding=\"async\" width=\"940\" height=\"80\" src=\"https:\/\/www.diecastingschina.com\/wp-content\/uploads\/2025\/02\/satisfaction.jpg\" alt=\"\" class=\"wp-image-652\" title=\"Be om et tilbud og kom i gang i dag\" srcset=\"https:\/\/www.diecastingschina.com\/wp-content\/uploads\/2025\/02\/satisfaction.jpg 940w, https:\/\/www.diecastingschina.com\/wp-content\/uploads\/2025\/02\/satisfaction-300x26.jpg 300w, https:\/\/www.diecastingschina.com\/wp-content\/uploads\/2025\/02\/satisfaction-768x65.jpg 768w\" sizes=\"(max-width: 940px) 100vw, 940px\" \/><\/a><\/figure>","protected":false},"excerpt":{"rendered":"<p>\u201cTo face the rapid changeable marketing situation and the horizontal fierce competition, we Die Castings China people carry forward the hard working and indomitable fighting spirit, people-oriented, integrity management, strengthen internal management, and improve R &amp; D and manufacturing capabilities constantly and improve the level of quality management constantly, and improve the ability for business [&hellip;]<\/p>\n","protected":false},"author":3,"featured_media":0,"parent":714,"menu_order":0,"comment_status":"closed","ping_status":"closed","template":"","meta":{"footnotes":""},"class_list":["post-718","page","type-page","status-publish","hentry"],"_links":{"self":[{"href":"https:\/\/www.diecastingschina.com\/nb\/wp-json\/wp\/v2\/pages\/718","targetHints":{"allow":["GET"]}}],"collection":[{"href":"https:\/\/www.diecastingschina.com\/nb\/wp-json\/wp\/v2\/pages"}],"about":[{"href":"https:\/\/www.diecastingschina.com\/nb\/wp-json\/wp\/v2\/types\/page"}],"author":[{"embeddable":true,"href":"https:\/\/www.diecastingschina.com\/nb\/wp-json\/wp\/v2\/users\/3"}],"replies":[{"embeddable":true,"href":"https:\/\/www.diecastingschina.com\/nb\/wp-json\/wp\/v2\/comments?post=718"}],"version-history":[{"count":0,"href":"https:\/\/www.diecastingschina.com\/nb\/wp-json\/wp\/v2\/pages\/718\/revisions"}],"up":[{"embeddable":true,"href":"https:\/\/www.diecastingschina.com\/nb\/wp-json\/wp\/v2\/pages\/714"}],"wp:attachment":[{"href":"https:\/\/www.diecastingschina.com\/nb\/wp-json\/wp\/v2\/media?parent=718"}],"curies":[{"name":"wp","href":"https:\/\/api.w.org\/{rel}","templated":true}]}}