{"id":686,"date":"2025-02-28T10:04:11","date_gmt":"2025-02-28T10:04:11","guid":{"rendered":"https:\/\/www.diecastingschina.com\/?page_id=686"},"modified":"2025-02-28T10:05:23","modified_gmt":"2025-02-28T10:05:23","slug":"avgradingstjenester","status":"publish","type":"page","link":"https:\/\/www.diecastingschina.com\/nb\/maskinering-av-stopegods-i-kina\/avgradingstjenester\/","title":{"rendered":"Avgradingstjenester"},"content":{"rendered":"<p>V\u00e5r presisjon <strong>Avgradingstjenester<\/strong> er det beste valget for \u00e5 fjerne eventuelle bor p\u00e5 en st\u00f8pt del. Alle sink- eller aluminiumst\u00f8pegodsene vi produserer, er helt fri for alle grader. Denne avgradingstjenesten fungerer p\u00e5 samme m\u00e5te, uavhengig av materialtype i sink eller aluminium.<\/p>\n\n\n\n<h2 class=\"wp-block-heading\">Vibrasjonsavgrading<\/h2>\n\n\n\n<p>Denne spesifikke avgradingsmetoden er en storskala sekund\u00e6r etterbehandlingsprosess som er avhengig av sterk friksjon for \u00e5 oppn\u00e5 resultater. En spesialmaskin brukes til \u00e5 skape en unik vibrasjonsbevegelse som gj\u00f8r at mediet presses jevnt og trutt mot de st\u00f8pte komponentene.<\/p>\n\n\n\n<p>Flere forskjellige medietyper kan brukes under denne prosessen. Hver av dem vil gi ulike resultater for \u00e5 oppfylle kravene til finish i henhold til tegningsspesifikasjonene. Vibrasjonsavgrading kan fjerne grader, blinker og forbedre overflateruheten. Denne avgradingstjenesten for st\u00f8pegods kan ogs\u00e5 fungere som:<\/p>\n\n\n\n<ul class=\"wp-block-list\">\n<li>Reparasjon av flisete overflater<\/li>\n\n\n\n<li>Forbedre beleggets vedheft ved \u00e5 gj\u00f8re overflaten ru eller strukturert<\/li>\n\n\n\n<li>Avfetting av komponenten<\/li>\n\n\n\n<li>Skaper radiuskanter for sikker h\u00e5ndtering<\/li>\n\n\n\n<li>Klargj\u00f8ring av deler for plettering<\/li>\n\n\n\n<li>Polering av deler for utseende<\/li>\n\n\n\n<li><\/li>\n<\/ul>\n\n\n\n<figure class=\"wp-block-image aligncenter size-full\"><img fetchpriority=\"high\" decoding=\"async\" width=\"864\" height=\"247\" src=\"https:\/\/www.diecastingschina.com\/wp-content\/uploads\/2025\/02\/vibratory-deburring-services-for-die-cast-parts-1.jpg\" alt=\"\" class=\"wp-image-689\" srcset=\"https:\/\/www.diecastingschina.com\/wp-content\/uploads\/2025\/02\/vibratory-deburring-services-for-die-cast-parts-1.jpg 864w, https:\/\/www.diecastingschina.com\/wp-content\/uploads\/2025\/02\/vibratory-deburring-services-for-die-cast-parts-1-300x86.jpg 300w, https:\/\/www.diecastingschina.com\/wp-content\/uploads\/2025\/02\/vibratory-deburring-services-for-die-cast-parts-1-768x220.jpg 768w\" sizes=\"(max-width: 864px) 100vw, 864px\" \/><\/figure>\n\n\n\n<h2 class=\"wp-block-heading\">Harperizing eller sentrifugalavgrading<\/h2>\n\n\n\n<p>H\u00f8yenergimetode som bruker G-krefter for \u00e5 etterbehandle deler. Denne prosessen avgrater og glatter st\u00f8pegods p\u00e5 kortere tid enn konvensjonell vibrasjonsavgrading og manuell avgrading. Siden G-kreftene brukes, blir deler som standard avgradingstjenester ikke kan n\u00e5, fullstendig avgradet. Denne sekund\u00e6re etterbehandlingsprosessen er forbeholdt deler som varierer i st\u00f8rrelse fra 0,25 mm til 51 mm.<\/p>\n\n\n\n<h2 class=\"wp-block-heading\">Avgrading for h\u00e5nd<\/h2>\n\n\n\n<p>Denne prosessen er ogs\u00e5 kjent som manuell avgrading, og krever en spesialisert tekniker for \u00e5 kunne fullf\u00f8re hele operasjonen. Die Castings China har en spesialisert stab av teknikere som har mange \u00e5rs erfaring med \u00e5 betjene h\u00e5ndavgratingsavdelingen.<\/p>\n\n\n\n<p>H\u00e5ndavgrading er en allsidig prosess som kan v\u00e6re egnet for ulike trykkst\u00f8pte deler, fra produkter med sv\u00e6rt h\u00f8ye toleranser som krever sk\u00e5nsom avgrading under mikroskop, til bilkomponenter som krever at materialet fjernes med slipemaskiner eller kverner. Siden alt arbeidet utf\u00f8res for h\u00e5nd, kan vi inspisere delene underveis for \u00e5 sikre kvalitet og konsistens.<\/p>\n\n\n\n<p>Ofte det beste alternativet for de fleste trykkst\u00f8pte deler, spesielt for prosjekter med lave volum. Det er ogs\u00e5 ofte den mest effektive prosessen, spesielt n\u00e5r det er behov for rask leveringstid.<\/p>\n\n\n\n<figure class=\"wp-block-image aligncenter size-full\"><a href=\"\/nb\/kontakt-trykkstopegods-kina\/\"><img decoding=\"async\" width=\"940\" height=\"80\" src=\"https:\/\/www.diecastingschina.com\/wp-content\/uploads\/2025\/02\/satisfaction.jpg\" alt=\"\" class=\"wp-image-652\" title=\"Be om et tilbud og kom i gang i dag\" srcset=\"https:\/\/www.diecastingschina.com\/wp-content\/uploads\/2025\/02\/satisfaction.jpg 940w, https:\/\/www.diecastingschina.com\/wp-content\/uploads\/2025\/02\/satisfaction-300x26.jpg 300w, https:\/\/www.diecastingschina.com\/wp-content\/uploads\/2025\/02\/satisfaction-768x65.jpg 768w\" sizes=\"(max-width: 940px) 100vw, 940px\" \/><\/a><\/figure>","protected":false},"excerpt":{"rendered":"<p>Our precision deburring services are the best choice to remove any burs on a die cast part. All of the zinc or aluminum die castings we manufacture are completely free of all burs. This deburring service will operate in the same fashion, regardless of zinc or aluminum material types. Vibratory Deburring This specific deburring option [&hellip;]<\/p>\n","protected":false},"author":3,"featured_media":0,"parent":679,"menu_order":0,"comment_status":"closed","ping_status":"closed","template":"","meta":{"footnotes":""},"class_list":["post-686","page","type-page","status-publish","hentry"],"_links":{"self":[{"href":"https:\/\/www.diecastingschina.com\/nb\/wp-json\/wp\/v2\/pages\/686","targetHints":{"allow":["GET"]}}],"collection":[{"href":"https:\/\/www.diecastingschina.com\/nb\/wp-json\/wp\/v2\/pages"}],"about":[{"href":"https:\/\/www.diecastingschina.com\/nb\/wp-json\/wp\/v2\/types\/page"}],"author":[{"embeddable":true,"href":"https:\/\/www.diecastingschina.com\/nb\/wp-json\/wp\/v2\/users\/3"}],"replies":[{"embeddable":true,"href":"https:\/\/www.diecastingschina.com\/nb\/wp-json\/wp\/v2\/comments?post=686"}],"version-history":[{"count":0,"href":"https:\/\/www.diecastingschina.com\/nb\/wp-json\/wp\/v2\/pages\/686\/revisions"}],"up":[{"embeddable":true,"href":"https:\/\/www.diecastingschina.com\/nb\/wp-json\/wp\/v2\/pages\/679"}],"wp:attachment":[{"href":"https:\/\/www.diecastingschina.com\/nb\/wp-json\/wp\/v2\/media?parent=686"}],"curies":[{"name":"wp","href":"https:\/\/api.w.org\/{rel}","templated":true}]}}