{"id":679,"date":"2025-02-28T09:59:56","date_gmt":"2025-02-28T09:59:56","guid":{"rendered":"https:\/\/www.diecastingschina.com\/?page_id=679"},"modified":"2025-10-10T05:06:30","modified_gmt":"2025-10-10T05:06:30","slug":"maskinering-av-stopegods-i-kina","status":"publish","type":"page","link":"https:\/\/www.diecastingschina.com\/nb\/maskinering-av-stopegods-i-kina\/","title":{"rendered":"Maskinering og sekund\u00e6r etterbehandling"},"content":{"rendered":"<p>OEM-kunder s\u00f8ker regelmessig en komplett (alt-i-ett-hus) leverand\u00f8r for sine spesialtilpassede produkter. Die Castings USA dekker dette kundebehovet ved \u00e5 tilby en finjustert liste over sekund\u00e6re tjenester.<\/p>\n\n\n\n<p>For oppstart eller flerverkt\u00f8yoperasjoner bruker vi CNC-utstyret v\u00e5rt, slik at teamet v\u00e5rt kan fullf\u00f8re sekund\u00e6r maskinering p\u00e5 \u00e9n stasjon. P\u00e5 <a href=\"https:\/\/www.diecastingschina.com\/nb\">Pressst\u00f8pegods Kina<\/a>Vi tilpasser maskineringstjenestene v\u00e5re slik at de effektivt oppfyller de strenge toleransene og prosjektkravene.<\/p>\n\n\n\n<p>All maskinering og sekund\u00e6re tjenester utf\u00f8res internt ved hjelp av mer enn 40 sett med importerte CNC-maskineringssentre, 30 sett med dreiebenker og en rekke generelt prosessutstyr, fra bl\u00e5semaskiner til ultrasoniske vaskemaskiner. V\u00e5rt bransjeledende anlegg har et erfarent team av ingeni\u00f8rer, operat\u00f8rer og inspekt\u00f8rer som gj\u00f8r det mulig \u00e5 ferdigstille dine deler internt og unng\u00e5 ekstra kostnader med eksterne leverand\u00f8rer. Som du kan se p\u00e5 bildene nedenfor, har vi en stor del av produksjonsanlegget v\u00e5rt som er dedikert til maskinering og etterbehandlingstjenester.<\/p>\n\n\n\n<p>Maskineringstjenester er en av de viktigste fordelene ved v\u00e5rt anlegg i Kina. OEM-delene bearbeides ved hjelp av automatisert og brukerstyrt CNC-maskinering (typer CNC-utstyr inkluderer: horisontal, vertikal eller 5-akset). Disse sekund\u00e6re serviceoperasjonene kan omfatte sliping, trimming, avgrading, vibrerende etterbehandling, fresing, boring, gjengetapping, gjenging, polering, trykktesting, ultravasking og sluttmontering. Dette er bare noen av v\u00e5re sekund\u00e6re produksjonstjenester.<\/p>\n\n\n\n<p>V\u00e5rt utvalg av varmebehandlingsalternativer inkluderer: T4, T5, T6 og T7. Disse behandlingene gj\u00f8r det mulig \u00e5 sveise, nagle og lime sammen produkter, samt \u00e5 lage former med lav por\u00f8sitet.<\/p>\n\n\n\n<p>Vi tilbyr ogs\u00e5 komplett kitting og produktmontering med tilpasset emballasje i henhold til kundens spesifikasjoner og behov.<\/p>\n\n\n\n<figure class=\"wp-block-image aligncenter size-full\"><img fetchpriority=\"high\" decoding=\"async\" width=\"974\" height=\"250\" src=\"https:\/\/www.diecastingschina.com\/wp-content\/uploads\/2025\/02\/die-cast-machining-2.jpg\" alt=\"\" class=\"wp-image-683\" title=\"Maskinering av st\u00f8pegods og sekund\u00e6re tjenester\" srcset=\"https:\/\/www.diecastingschina.com\/wp-content\/uploads\/2025\/02\/die-cast-machining-2.jpg 974w, https:\/\/www.diecastingschina.com\/wp-content\/uploads\/2025\/02\/die-cast-machining-2-300x77.jpg 300w, https:\/\/www.diecastingschina.com\/wp-content\/uploads\/2025\/02\/die-cast-machining-2-768x197.jpg 768w\" sizes=\"(max-width: 974px) 100vw, 974px\" \/><\/figure>\n\n\n\n<h2 class=\"wp-block-heading\">V\u00e5r komplette liste over maskinering og sekund\u00e6re tjenester inkluderer<\/h2>\n\n\n\n<ul class=\"wp-block-list\">\n<li>Kromatering<\/li>\n\n\n\n<li>CNC-maskinering<\/li>\n\n\n\n<li><a href=\"\/nb\/maskinering-av-stopegods-i-kina\/avgradingstjenester\/\">Avgrading<\/a><\/li>\n\n\n\n<li>Elektrostatisk maling<\/li>\n\n\n\n<li><a href=\"\/nb\/maskinering-av-stopegods-i-kina\/varmebehandling-av-aluminium\/\">Varmebehandling<\/a><\/li>\n\n\n\n<li><a href=\"\/nb\/maskinering-av-stopegods-i-kina\/vakuumimpregnering\/\">Impregnering<\/a><\/li>\n\n\n\n<li>Polering<\/li>\n\n\n\n<li>Pulverlakkering<\/li>\n\n\n\n<li><a href=\"\/nb\/maskinering-av-stopegods-i-kina\/sprengningstjenester\/\">Skuddbl\u00e5sing<\/a><\/li>\n\n\n\n<li>Sandbl\u00e5sing<\/li>\n\n\n\n<li>Ultralydvasking<\/li>\n\n\n\n<li>V\u00e5tmaling<\/li>\n\n\n\n<li><a href=\"https:\/\/www.diecastingschina.com\/nb\/anodisering-av-trykkstopt-aluminium-3\/\">St\u00f8ping av aluminium Anodisering<\/a> <\/li>\n<\/ul>\n\n\n\n<p><em>Ultra Sonic Washing Machine | Celleproduksjon av deler til General Motors<\/em><\/p>\n\n\n\n<figure class=\"wp-block-image aligncenter size-full\"><img decoding=\"async\" width=\"974\" height=\"250\" src=\"https:\/\/www.diecastingschina.com\/wp-content\/uploads\/2025\/02\/new-machines.jpg\" alt=\"\" class=\"wp-image-682\" title=\"Ultra Sonic Washing Machine | Celleproduksjon av deler til General Motors\" srcset=\"https:\/\/www.diecastingschina.com\/wp-content\/uploads\/2025\/02\/new-machines.jpg 974w, https:\/\/www.diecastingschina.com\/wp-content\/uploads\/2025\/02\/new-machines-300x77.jpg 300w, https:\/\/www.diecastingschina.com\/wp-content\/uploads\/2025\/02\/new-machines-768x197.jpg 768w\" sizes=\"(max-width: 974px) 100vw, 974px\" \/><\/figure>\n\n\n\n<p><strong>Liste over CNC-maskineringssentre<\/strong><\/p>\n\n\n\n<ul class=\"wp-block-list\">\n<li>(2) Haoyang A-650<\/li>\n\n\n\n<li>(1) Haoyang AS-500T<\/li>\n\n\n\n<li>(2) Orient (Shanghai) Machinery Technical Center TC-S2A-0<\/li>\n\n\n\n<li>(8) Mazak VTC-160AN<\/li>\n\n\n\n<li>(8) F\u00f8ler VM-32SA<\/li>\n\n\n\n<li>(1) F\u00f8ler VM-32S<\/li>\n\n\n\n<li>(4) Hundai-kia VX400FOi-MC<\/li>\n\n\n\n<li>(4) Hundai-kia VX500FOi-MC<\/li>\n\n\n\n<li>(3) Hundai-kia VX500<\/li>\n\n\n\n<li>(1) Hundai-kia VB-610<\/li>\n\n\n\n<li>(1) Hundai-kia QM-32<\/li>\n\n\n\n<li>(1) Leaderway Machinery Taiwan MV-1100<\/li>\n\n\n\n<li>(2) Akira Seiki V2.5XP<\/li>\n\n\n\n<li>(2) Hision HTM-850G<\/li>\n<\/ul>\n\n\n\n<p><strong>Liste over CNC-dreiebenkemaskiner<\/strong><\/p>\n\n\n\n<ul class=\"wp-block-list\">\n<li>(5) Kaida CK6136S<\/li>\n\n\n\n<li>(6) Kaida CK6125S<\/li>\n\n\n\n<li>(2) Kaida KDCK-25<\/li>\n\n\n\n<li>(1) Yaofa CJK0640<\/li>\n\n\n\n<li>(2) Yunnan Cy Group CYNC-360TE<\/li>\n\n\n\n<li>(9) Hision HTM-TC16<\/li>\n\n\n\n<li>(2) Hision HTM-TC25<\/li>\n\n\n\n<li>(8) Xknc L20<\/li>\n\n\n\n<li>(1) Xknc L21<\/li>\n\n\n\n<li>(1) Xknc L22<\/li>\n\n\n\n<li>(1) Xknc L23<\/li>\n<\/ul>\n\n\n\n<p><strong>Liste over skuddbl\u00e5singsmaskiner<\/strong><\/p>\n\n\n\n<ul class=\"wp-block-list\">\n<li>(2) Xingyang Machinery 316<\/li>\n<\/ul>\n\n\n\n<p><strong>Liste over utstyr for ultralydvasking<\/strong><\/p>\n\n\n\n<ul class=\"wp-block-list\">\n<li>(1) Wxmeiji MJLH-7500B<\/li>\n\n\n\n<li>(1) Wxmeiji MJLH-6000<\/li>\n<\/ul>\n\n\n\n<p><strong>Liste over varmebehandlingsutstyr<\/strong><\/p>\n\n\n\n<ul class=\"wp-block-list\">\n<li>(1) Zhejiang Sanmen Sanli Spraying and Moulding Equipment Factory HK-435<\/li>\n<\/ul>\n\n\n\n<figure class=\"wp-block-embed is-type-video is-provider-youtube wp-block-embed-youtube wp-embed-aspect-16-9 wp-has-aspect-ratio\"><div class=\"wp-block-embed__wrapper\">\n<iframe title=\"Bearbeiding av st\u00f8pegods og sekund\u00e6re tjenester TS16949 QS9000 ISO14001\" width=\"800\" height=\"450\" src=\"https:\/\/www.youtube.com\/embed\/nO1VH-8_aQ4?feature=oembed\" frameborder=\"0\" allow=\"accelerometer; autoplay; clipboard-write; encrypted-media; gyroscope; picture-in-picture; web-share\" referrerpolicy=\"strict-origin-when-cross-origin\" allowfullscreen><\/iframe>\n<\/div><\/figure>\n\n\n\n<figure class=\"wp-block-image aligncenter size-full\"><a href=\"\/nb\/kontakt-trykkstopegods-kina\/\"><img decoding=\"async\" width=\"940\" height=\"80\" src=\"https:\/\/www.diecastingschina.com\/wp-content\/uploads\/2025\/02\/satisfaction.jpg\" alt=\"\" class=\"wp-image-652\" title=\"Be om et tilbud og kom i gang i dag\" srcset=\"https:\/\/www.diecastingschina.com\/wp-content\/uploads\/2025\/02\/satisfaction.jpg 940w, https:\/\/www.diecastingschina.com\/wp-content\/uploads\/2025\/02\/satisfaction-300x26.jpg 300w, https:\/\/www.diecastingschina.com\/wp-content\/uploads\/2025\/02\/satisfaction-768x65.jpg 768w\" sizes=\"(max-width: 940px) 100vw, 940px\" \/><\/a><\/figure>","protected":false},"excerpt":{"rendered":"<p>OEM customers are regularly seeking a complete (all-in-one-house) supplier for their custom products. Die Castings USA serves this customer need by providing an fine tuned list of secondary services. For start-up or multi-tool operations we utilize our CNC equipment, allowing our team to complete secondary machining at one station. At Die Castings China, we customize [&hellip;]<\/p>\n","protected":false},"author":3,"featured_media":0,"parent":0,"menu_order":0,"comment_status":"closed","ping_status":"closed","template":"","meta":{"footnotes":""},"class_list":["post-679","page","type-page","status-publish","hentry"],"_links":{"self":[{"href":"https:\/\/www.diecastingschina.com\/nb\/wp-json\/wp\/v2\/pages\/679","targetHints":{"allow":["GET"]}}],"collection":[{"href":"https:\/\/www.diecastingschina.com\/nb\/wp-json\/wp\/v2\/pages"}],"about":[{"href":"https:\/\/www.diecastingschina.com\/nb\/wp-json\/wp\/v2\/types\/page"}],"author":[{"embeddable":true,"href":"https:\/\/www.diecastingschina.com\/nb\/wp-json\/wp\/v2\/users\/3"}],"replies":[{"embeddable":true,"href":"https:\/\/www.diecastingschina.com\/nb\/wp-json\/wp\/v2\/comments?post=679"}],"version-history":[{"count":0,"href":"https:\/\/www.diecastingschina.com\/nb\/wp-json\/wp\/v2\/pages\/679\/revisions"}],"wp:attachment":[{"href":"https:\/\/www.diecastingschina.com\/nb\/wp-json\/wp\/v2\/media?parent=679"}],"curies":[{"name":"wp","href":"https:\/\/api.w.org\/{rel}","templated":true}]}}