{"id":668,"date":"2025-02-28T09:53:10","date_gmt":"2025-02-28T09:53:10","guid":{"rendered":"https:\/\/www.diecastingschina.com\/?page_id=668"},"modified":"2025-12-14T06:37:07","modified_gmt":"2025-12-14T06:37:07","slug":"sink-trykkstoping-kina","status":"publish","type":"page","link":"https:\/\/www.diecastingschina.com\/nb\/trykkstopetjenester-kina\/sink-trykkstoping-kina\/","title":{"rendered":"St\u00f8petjenester i sink"},"content":{"rendered":"<p><a href=\"https:\/\/www.diecastingschina.com\/nb\/trykkstopetjenester-kina\/sink-trykkstoping-kina\/\">Pressst\u00f8ping av sink<\/a> deler er en annen mest popul\u00e6re legeringer som brukes i st\u00f8peprosessen. Sinklegering kan st\u00f8pes til presisjonstoleranser, har tynnere veggseksjoner, komplekse former og mye lengre verkt\u00f8ylevetid. Die Castings China har kapasitet til \u00e5 produsere <strong><em>trykkst\u00f8pte deler i sink<\/em><\/strong> med et bredt utvalg av egenproduserte pletterte og\/eller lakkerte overflater. V\u00e5rt m\u00e5l er \u00e5 levere ditt sinkst\u00f8peprodukt n\u00f8yaktig i henhold til utskriftsspesifikasjonene. Selv om det er st\u00f8rre ettersp\u00f8rsel etter st\u00f8pte deler i aluminium og sink p\u00e5 OEM-markedet, har v\u00e5rt IATF 16949-sertifiserte produksjonsanlegg flere Lktech-sinkst\u00f8pemaskiner. Disse maskinene gj\u00f8r det mulig for oss \u00e5 levere st\u00f8peprodukter som varierer i st\u00f8rrelse fra noen f\u00e5 gram til nesten 45 pund.<\/p>\n\n\n\n<figure class=\"wp-block-embed is-type-video is-provider-youtube wp-block-embed-youtube wp-embed-aspect-16-9 wp-has-aspect-ratio\"><div class=\"wp-block-embed__wrapper\">\n<iframe title=\"Hvordan en pressst\u00f8pemaskin fungerer | Pressst\u00f8pt motorhus\" width=\"800\" height=\"450\" src=\"https:\/\/www.youtube.com\/embed\/LkJ2ByG1Goo?feature=oembed\" frameborder=\"0\" allow=\"accelerometer; autoplay; clipboard-write; encrypted-media; gyroscope; picture-in-picture; web-share\" referrerpolicy=\"strict-origin-when-cross-origin\" allowfullscreen><\/iframe>\n<\/div><\/figure>\n\n\n\n<h2 class=\"wp-block-heading\">N\u00e5r b\u00f8r man bruke pressst\u00f8ping av sink i stedet for <a href=\"https:\/\/www.diecastingschina.com\/nb\/trykkstopetjenester-kina\/trykkstoping-av-aluminium\/\">Pressst\u00f8ping av aluminium<\/a> Deler?<\/h2>\n\n\n\n<p>I tillegg til v\u00e5re f\u00f8rsteklasses trykkst\u00f8pemaskiner i sink, samarbeider v\u00e5re erfarne QC-ingeni\u00f8rer med lagerproduksjonen for \u00e5 oppdage eventuelle problemer og inspisere produktet for eventuelle defekter. Sinklegering har forbedret overflatestyrke og hardhet, noe som gj\u00f8r den til et ideelt alternativ til maskinbearbeidede, pressede, stemplede og fabrikkerte gjenstander. St\u00f8pegodsdeler i sinklegering er kjent for sin seighet i forhold til konkurrerende materialer og prosesser. Den totale flytestyrken til dette st\u00f8pematerialet er 15 ganger mer enn aluminiumsst\u00f8pegodslegering og magnesiumst\u00f8pegodslegering. Legeringsstyrken er en viktig \u00e5rsak til at sinkst\u00f8peprosessen ofte brukes til girkassehus, vinduskomponenter, maskinvarekomponenter, elektromekaniske applikasjoner og andre typer hus.<\/p>\n\n\n\n<p>Sammenlignet med b\u00e5de aluminiumsst\u00f8ping og sinkst\u00f8ping, har begge sine fordeler og ulemper, normalt er noen av store legeringsdeler laget i aluminiumslegeringer og noen av sm\u00e5 metalllegeringsdeler laget i sinklegeringer, men dette er ikke alltid slik. p\u00e5 den annen side, noen av metalldeler som trenger overflatebehandling av h\u00f8y kvalitet, for eksempel forkromming, nikkelbelegg, for \u00e5 forbedre overflatekvaliteten som de ogs\u00e5 kan bruke Zamak-legeringer.<\/p>\n\n\n\n<p>Hvis du har et prosjekt i hendene og ikke er sikker p\u00e5 hvilke legeringsmaterialer som skal brukes, kan du kontakte oss, vi vil gjennomg\u00e5 dette for deg og gi deg de beste alternativene, hvis du har et prosjekt som trenger b\u00e5de aluminium og sinkst\u00f8peprodukter, sender du oss tegningen din, slik at vi kan sitere deg innen 24 timer.<\/p>\n\n\n\n<figure class=\"wp-block-image size-large\"><img fetchpriority=\"high\" decoding=\"async\" width=\"1024\" height=\"515\" src=\"https:\/\/www.diecastingschina.com\/wp-content\/uploads\/2025\/12\/zinc-die-casting-1024x515.jpg\" alt=\"trykkst\u00f8ping av sink\" class=\"wp-image-2402\" srcset=\"https:\/\/www.diecastingschina.com\/wp-content\/uploads\/2025\/12\/zinc-die-casting-1024x515.jpg 1024w, https:\/\/www.diecastingschina.com\/wp-content\/uploads\/2025\/12\/zinc-die-casting-300x151.jpg 300w, https:\/\/www.diecastingschina.com\/wp-content\/uploads\/2025\/12\/zinc-die-casting-768x386.jpg 768w, https:\/\/www.diecastingschina.com\/wp-content\/uploads\/2025\/12\/zinc-die-casting-1536x772.jpg 1536w, https:\/\/www.diecastingschina.com\/wp-content\/uploads\/2025\/12\/zinc-die-casting-18x9.jpg 18w, https:\/\/www.diecastingschina.com\/wp-content\/uploads\/2025\/12\/zinc-die-casting.jpg 1548w\" sizes=\"(max-width: 1024px) 100vw, 1024px\" \/><\/figure>\n\n\n\n<p>Legeringen Zamak-3 er for tiden den mest popul\u00e6re legeringen, men Zamak-7 gir like gode resultater og er under visse forhold Zamak-3 overlegen. Sinkst\u00f8pegods med legering #7 har lavere magnesiumegenskaper og h\u00f8yere nikkelinnhold - med lavere grenseverdier for urenheter. Siden det er et lavere magnesiuminnhold, har den st\u00f8rre flytbarhet. Som et resultat har denne Zamak-legeringstypen bedre st\u00f8peegenskaper enn #3. Den har likevel nesten identiske fysiske, mekaniske egenskaper og dimensjonsstabilitet. Zamak 7-legeringen er sv\u00e6rt nyttig ved produksjon av st\u00f8rre st\u00f8pte deler. Denne materialtypen er ogs\u00e5 ypperlig for produksjon av komplekse former og for produksjon som krever overlegen maskinvarefinish. Zamak-5-legeringen kan bare brukes i spesielle tilfeller der det er behov for \u00f8kt krypstyrke og materialhardhet.<\/p>\n\n\n\n<ul class=\"wp-block-list\">\n<li>Overv\u00e5ker kontinuerlig balansen i maskinene og \"closed loop cells\"<\/li>\n\n\n\n<li>Sikrer produktkonsistens fra \"shot til shot\"<\/li>\n\n\n\n<li>Fremskynder korrigering av eventuelle problemer under drift<\/li>\n\n\n\n<li>Sikrer at produksjonen er konsistent dag ut og dag inn i prosessen<\/li>\n<\/ul>\n\n\n\n<figure class=\"wp-block-image alignright size-full\"><img decoding=\"async\" width=\"500\" height=\"313\" src=\"https:\/\/www.diecastingschina.com\/wp-content\/uploads\/2025\/02\/c-062-02.jpg\" alt=\"Trykkst\u00f8pemaskin for sink\" class=\"wp-image-669\" srcset=\"https:\/\/www.diecastingschina.com\/wp-content\/uploads\/2025\/02\/c-062-02.jpg 500w, https:\/\/www.diecastingschina.com\/wp-content\/uploads\/2025\/02\/c-062-02-300x188.jpg 300w\" sizes=\"(max-width: 500px) 100vw, 500px\" \/><\/figure>\n\n\n\n<p><br><strong>Fordeler med trykkst\u00f8ping av sink:<\/strong><\/p>\n\n\n\n<ul class=\"wp-block-list\">\n<li>H\u00f8y styrke og hardhet<\/li>\n\n\n\n<li>Sv\u00e6rt korrosjonsbestandig<\/li>\n\n\n\n<li>Utmerket elektrisk ledningsevne<\/li>\n\n\n\n<li>H\u00f8y varmeledningsevne<\/li>\n\n\n\n<li>Billig r\u00e5vare<\/li>\n\n\n\n<li>Lav viskositet gj\u00f8r det mulig \u00e5 lage sm\u00e5 og intrikate former<\/li>\n\n\n\n<li>H\u00f8y dimensjonsn\u00f8yaktighet og stabilitet<\/li>\n\n\n\n<li>Utmerket kapasitet for tynne vegger<\/li>\n\n\n\n<li>Evne til kaldforming, noe som forenkler sammenf\u00f8yning<\/li>\n\n\n\n<li>Visuelt tiltalende utseende<\/li>\n\n\n\n<li>Enest\u00e5ende korrosjonsbestandighet<\/li>\n\n\n\n<li>Fremmer lang levetid for matriser<\/li>\n\n\n\n<li>\u00d8konomisk for sm\u00e5 deler<\/li>\n<\/ul>\n\n\n\n<p><strong>Materialtyper:<\/strong><\/p>\n\n\n\n<ul class=\"wp-block-list\">\n<li>Sink 3<\/li>\n\n\n\n<li>Sink 5<\/li>\n\n\n\n<li>ZAMAK 8<\/li>\n<\/ul>\n\n\n\n<p><strong>Pressst\u00f8ping St\u00f8rrelses- og vektomr\u00e5der:<\/strong> 0,05-1kg St\u00f8rrelse: 200*200mm<\/p>\n\n\n\n<figure class=\"wp-block-image alignright size-full is-resized\"><img decoding=\"async\" width=\"480\" height=\"480\" src=\"https:\/\/www.diecastingschina.com\/wp-content\/uploads\/2025\/12\/zinc-die-casting-products.jpg\" alt=\"trykkst\u00f8peprodukter av sink\" class=\"wp-image-2401\" style=\"width:292px;height:auto\" srcset=\"https:\/\/www.diecastingschina.com\/wp-content\/uploads\/2025\/12\/zinc-die-casting-products.jpg 480w, https:\/\/www.diecastingschina.com\/wp-content\/uploads\/2025\/12\/zinc-die-casting-products-300x300.jpg 300w, https:\/\/www.diecastingschina.com\/wp-content\/uploads\/2025\/12\/zinc-die-casting-products-150x150.jpg 150w, https:\/\/www.diecastingschina.com\/wp-content\/uploads\/2025\/12\/zinc-die-casting-products-12x12.jpg 12w\" sizes=\"(max-width: 480px) 100vw, 480px\" \/><\/figure>\n\n\n\n<p><strong>Utstyrsliste<\/strong><\/p>\n\n\n\n<ul class=\"wp-block-list\">\n<li>(2) Lktech88<\/li>\n\n\n\n<li>(2) Lktech160<\/li>\n<\/ul>\n\n\n\n<p><strong>Smelteovn med konsentrasjon av naturgass<\/strong><\/p>\n\n\n\n<ul class=\"wp-block-list\">\n<li>(2) Shoei STM-500<\/li>\n\n\n\n<li>(1) Shoei ALM-500<\/li>\n<\/ul>\n\n\n\n<p>Hvis du leter etter en st\u00f8peprodusent i Kina som har IATF 16949-sertifikat for din aluminium eller <a href=\"https:\/\/aludiecasting.com\/zamak-die-casting\/\" target=\"_blank\" rel=\"noopener\">Zamak pressst\u00f8pte deler<\/a>, er du velkommen til \u00e5 kontakte oss.<\/p>\n\n\n\n<p><\/p>","protected":false},"excerpt":{"rendered":"<p>Zinc die casting parts is another mostly popular alloys that are used in die casting process. Zinc alloy can be casted to precision tolerances, have thinner wall sections, complex shapes and much longer tool life. Die Castings China has the capacity to produce zinc die casting parts with a wide variety of in-house plated and\/or [&hellip;]<\/p>\n","protected":false},"author":3,"featured_media":2402,"parent":645,"menu_order":0,"comment_status":"closed","ping_status":"closed","template":"","meta":{"footnotes":""},"class_list":["post-668","page","type-page","status-publish","has-post-thumbnail","hentry"],"_links":{"self":[{"href":"https:\/\/www.diecastingschina.com\/nb\/wp-json\/wp\/v2\/pages\/668","targetHints":{"allow":["GET"]}}],"collection":[{"href":"https:\/\/www.diecastingschina.com\/nb\/wp-json\/wp\/v2\/pages"}],"about":[{"href":"https:\/\/www.diecastingschina.com\/nb\/wp-json\/wp\/v2\/types\/page"}],"author":[{"embeddable":true,"href":"https:\/\/www.diecastingschina.com\/nb\/wp-json\/wp\/v2\/users\/3"}],"replies":[{"embeddable":true,"href":"https:\/\/www.diecastingschina.com\/nb\/wp-json\/wp\/v2\/comments?post=668"}],"version-history":[{"count":0,"href":"https:\/\/www.diecastingschina.com\/nb\/wp-json\/wp\/v2\/pages\/668\/revisions"}],"up":[{"embeddable":true,"href":"https:\/\/www.diecastingschina.com\/nb\/wp-json\/wp\/v2\/pages\/645"}],"wp:featuredmedia":[{"embeddable":true,"href":"https:\/\/www.diecastingschina.com\/nb\/wp-json\/wp\/v2\/media\/2402"}],"wp:attachment":[{"href":"https:\/\/www.diecastingschina.com\/nb\/wp-json\/wp\/v2\/media?parent=668"}],"curies":[{"name":"wp","href":"https:\/\/api.w.org\/{rel}","templated":true}]}}