{"id":722,"date":"2025-02-28T10:24:40","date_gmt":"2025-02-28T10:24:40","guid":{"rendered":"https:\/\/www.diecastingschina.com\/?page_id=722"},"modified":"2025-02-28T10:27:04","modified_gmt":"2025-02-28T10:27:04","slug":"controllo-qualita-pressofusione","status":"publish","type":"page","link":"https:\/\/www.diecastingschina.com\/it\/controllo-qualita-pressofusione\/","title":{"rendered":"Controllo qualit\u00e0"},"content":{"rendered":"<p>Lo staff del controllo qualit\u00e0 di <a href=\"\/it\/ningbo-xusheng-machinery-die-casting-china\/\">Pressofusioni Cina<\/a> garantire che il nostro <a href=\"\/it\/servizi-di-pressofusione-in-cina\/\">pressofusione<\/a> continua a fornire i migliori<a href=\"\/it\/servizi-di-pressofusione-in-cina\/pressofusione-di-alluminio\/\"> pressofusione di alluminio<\/a> e <a href=\"\/it\/servizi-di-pressofusione-in-cina\/zinco-pressofuso-cina\/\">parti in zinco pressofuso<\/a>.<\/p>\n\n\n\n<p>Il nostro protocollo di ispezione e controllo della qualit\u00e0 della pressofusione \u00e8 rigorosamente applicato attraverso le certificazioni TS16949 e QS9000. I sensori, le bilance e i calibri della CMM 3D vengono regolarmente revisionati e calibrati per garantire che i nostri pezzi pressofusi siano precisi e conformi alle specifiche richieste.<\/p>\n\n\n\n<p>Il personale addetto al controllo della qualit\u00e0 \u00e8 in costante formazione e addestramento su tutte le macchine di ispezione e sulle nuove funzioni. \u00c8 nostra filosofia che il personale addetto all'ispezione sia attento alla qualit\u00e0; il tempo e l'impegno in pi\u00f9 dedicati al vostro progetto miglioreranno la finitura del prodotto finale.<\/p>\n\n\n\n<figure class=\"wp-block-embed is-type-video is-provider-youtube wp-block-embed-youtube wp-embed-aspect-16-9 wp-has-aspect-ratio\"><div class=\"wp-block-embed__wrapper\">\n<iframe title=\"Ingegneri del controllo qualit\u00e0 presso Die Castings USA\" width=\"800\" height=\"450\" src=\"https:\/\/www.youtube.com\/embed\/39Wtxm-XzjE?feature=oembed\" frameborder=\"0\" allow=\"accelerometer; autoplay; clipboard-write; encrypted-media; gyroscope; picture-in-picture; web-share\" referrerpolicy=\"strict-origin-when-cross-origin\" allowfullscreen><\/iframe>\n<\/div><\/figure>\n\n\n\n<h2 class=\"wp-block-heading\">Controllo di qualit\u00e0<\/h2>\n\n\n\n<p>Utilizziamo una lista di controllo di garanzia della qualit\u00e0 per tutte le nostre pressofusioni per monitorare e verificare efficacemente che le pressofusioni prodotte per i nostri clienti soddisfino gli standard e i requisiti necessari.<\/p>\n\n\n\n<ul class=\"wp-block-list\">\n<li>Sistema di qualit\u00e0 conforme alle norme ISO in vigore<\/li>\n\n\n\n<li>Ispezione del primo articolo \/ Rapporti<\/li>\n\n\n\n<li>Certificazione del materiale<\/li>\n\n\n\n<li>PPAP<\/li>\n<\/ul>\n\n\n\n<h2 class=\"wp-block-heading\">Elenco delle apparecchiature per il controllo qualit\u00e0<\/h2>\n\n\n\n<p><strong>Elenco delle CMM ad alta precisione<\/strong><\/p>\n\n\n\n<ul class=\"wp-block-list\">\n<li>(1) Metro-3D 7106<\/li>\n\n\n\n<li>(1) Metro-3D 675<\/li>\n\n\n\n<li>(1) Metro-3D 654<\/li>\n<\/ul>\n\n\n\n<p><strong>Elenco delle macchine per prove di trazione universali<\/strong><\/p>\n\n\n\n<ul class=\"wp-block-list\">\n<li>(1) Greenster WDW-50<\/li>\n<\/ul>\n\n\n\n<p><strong>Elenco degli strumenti di misura della rugosit\u00e0<\/strong><\/p>\n\n\n\n<ul class=\"wp-block-list\">\n<li>(1) Accretech E35B<\/li>\n<\/ul>\n\n\n\n<p><strong>Elenco dei durometri<\/strong><\/p>\n\n\n\n<ul class=\"wp-block-list\">\n<li>(1) Lianer 187.5HBW<\/li>\n<\/ul>\n\n\n\n<p><strong>Elenco delle apparecchiature per i test di pulizia<\/strong><\/p>\n\n\n\n<ul class=\"wp-block-list\">\n<li>(1) Fengming<\/li>\n<\/ul>\n\n\n\n<p><strong>Elenco degli spettrografi<\/strong><\/p>\n\n\n\n<ul class=\"wp-block-list\">\n<li>(1) SPECTRO MAXX<\/li>\n<\/ul>\n\n\n\n<p><strong>Elenco dei rivelatori di difetti a raggi X<\/strong><\/p>\n\n\n\n<ul class=\"wp-block-list\">\n<li>(1) Aolong XYD-1504<\/li>\n<\/ul>\n\n\n\n<p><strong>Elenco dei tester per nebbia salina<\/strong><\/p>\n\n\n\n<ul class=\"wp-block-list\">\n<li>(1) Wuxi Yingzhicheng YWX\/Q-150<\/li>\n<\/ul>\n\n\n\n<p><strong>Elenco dei proiettori<\/strong><\/p>\n\n\n\n<ul class=\"wp-block-list\">\n<li>(1) Easson EV3020<\/li>\n<\/ul>\n\n\n\n<h2 class=\"wp-block-heading\">Politica ambientale<\/h2>\n\n\n\n<p>Presso Die Castings China promuoviamo una struttura rispettosa dell'ambiente. La prevenzione dell'inquinamento ambientale e il rispetto delle leggi e dei regolamenti regionali ci permettono di raggiungere uno sviluppo sostenibile limitando l'inquinamento ambientale.<\/p>\n\n\n\n<figure class=\"wp-block-image aligncenter size-full\"><a href=\"\/it\/contatto-con-la-cina\/\"><img fetchpriority=\"high\" decoding=\"async\" width=\"940\" height=\"80\" src=\"https:\/\/www.diecastingschina.com\/wp-content\/uploads\/2025\/02\/satisfaction.jpg\" alt=\"\" class=\"wp-image-652\" title=\"Richiedete un preventivo e iniziate oggi stesso\" srcset=\"https:\/\/www.diecastingschina.com\/wp-content\/uploads\/2025\/02\/satisfaction.jpg 940w, https:\/\/www.diecastingschina.com\/wp-content\/uploads\/2025\/02\/satisfaction-300x26.jpg 300w, https:\/\/www.diecastingschina.com\/wp-content\/uploads\/2025\/02\/satisfaction-768x65.jpg 768w\" sizes=\"(max-width: 940px) 100vw, 940px\" \/><\/a><\/figure>","protected":false},"excerpt":{"rendered":"<p>The quality control staff at Die Castings China ensure that our die casting team continues to provide the best aluminum die casting and zinc die cast parts. Our die casting inspection and quality control protocol are strictly enforced through TS16949 and QS9000 certifications. The 3D CMM sensors, scales and calipers are regularly serviced and calibrated [&hellip;]<\/p>\n","protected":false},"author":3,"featured_media":0,"parent":0,"menu_order":0,"comment_status":"closed","ping_status":"closed","template":"","meta":{"footnotes":""},"class_list":["post-722","page","type-page","status-publish","hentry"],"_links":{"self":[{"href":"https:\/\/www.diecastingschina.com\/it\/wp-json\/wp\/v2\/pages\/722","targetHints":{"allow":["GET"]}}],"collection":[{"href":"https:\/\/www.diecastingschina.com\/it\/wp-json\/wp\/v2\/pages"}],"about":[{"href":"https:\/\/www.diecastingschina.com\/it\/wp-json\/wp\/v2\/types\/page"}],"author":[{"embeddable":true,"href":"https:\/\/www.diecastingschina.com\/it\/wp-json\/wp\/v2\/users\/3"}],"replies":[{"embeddable":true,"href":"https:\/\/www.diecastingschina.com\/it\/wp-json\/wp\/v2\/comments?post=722"}],"version-history":[{"count":0,"href":"https:\/\/www.diecastingschina.com\/it\/wp-json\/wp\/v2\/pages\/722\/revisions"}],"wp:attachment":[{"href":"https:\/\/www.diecastingschina.com\/it\/wp-json\/wp\/v2\/media?parent=722"}],"curies":[{"name":"wp","href":"https:\/\/api.w.org\/{rel}","templated":true}]}}