{"id":703,"date":"2025-02-28T10:13:13","date_gmt":"2025-02-28T10:13:13","guid":{"rendered":"https:\/\/www.diecastingschina.com\/?page_id=703"},"modified":"2025-02-28T10:15:13","modified_gmt":"2025-02-28T10:15:13","slug":"impregnazione-sotto-vuoto","status":"publish","type":"page","link":"https:\/\/www.diecastingschina.com\/it\/lavorazione-in-pressofusione-in-cina\/impregnazione-sotto-vuoto\/","title":{"rendered":"Impregnazione della pressofusione"},"content":{"rendered":"<figure class=\"wp-block-image alignright size-full\"><img fetchpriority=\"high\" decoding=\"async\" width=\"450\" height=\"262\" src=\"https:\/\/www.diecastingschina.com\/wp-content\/uploads\/2025\/02\/die-casting-vacuum-impregnation.jpg\" alt=\"\" class=\"wp-image-705\" srcset=\"https:\/\/www.diecastingschina.com\/wp-content\/uploads\/2025\/02\/die-casting-vacuum-impregnation.jpg 450w, https:\/\/www.diecastingschina.com\/wp-content\/uploads\/2025\/02\/die-casting-vacuum-impregnation-300x175.jpg 300w\" sizes=\"(max-width: 450px) 100vw, 450px\" \/><\/figure>\n\n\n\n<p>Durante il processo di pressofusione di componenti ingegnerizzati, i piccoli difetti del materiale sono molto difficili da evitare. I difetti possono includere porosit\u00e0 della superficie del componente, bolle e altri tipi di incursione. Questi problemi di produzione possono causare problemi di prestazioni in condizioni operative. Inoltre, i prodotti chimici per la finitura superficiale possono rimanere intrappolati all'interno di queste porosit\u00e0 e fluire durante la successiva post-lavorazione.<\/p>\n\n\n\n<p>Indipendentemente dal fatto che le imperfezioni riguardino o meno il pezzo stesso, c'\u00e8 sempre il rischio che gas o fluidi fuoriescano attraverso microscopiche vie di fuga nella parete del pezzo pressofuso. Il processo di impregnazione sotto vuoto pu\u00f2 garantire la tenuta, ridurre l'umidit\u00e0, ridurre la corrosione interna e migliorare l'integrit\u00e0 della parete della pressofusione che contiene sezioni di porosit\u00e0.<\/p>\n\n\n\n<p><strong>Servizi di impregnazione in-house:<\/strong><\/p>\n\n\n\n<p><a href=\"\/it\/ningbo-xusheng-machinery-die-casting-china\/\">Pressofusione Cina<\/a> \u00e8 in grado di soddisfare le vostre esigenze di progetto di impregnazione della pressofusione, per eliminare la porosit\u00e0 nei vostri getti. Attualmente disponiamo di tre tipi di processi di impregnazione sotto vuoto:<\/p>\n\n\n\n<ul class=\"wp-block-list\">\n<li><strong>Impregnazione a secco sotto vuoto e pressione<br><\/strong>Idealmente, questo metodo utilizza due serbatoi di processo separati per progetti con volumi di produzione molto elevati. La fase iniziale del vuoto viene eseguita in assenza di fluidi, evitando qualsiasi possibilit\u00e0 di interferenza con i gas rilasciati dalle aree porose. Inoltre, \u00e8 possibile rimuovere l'umidit\u00e0 intrappolata nei pori. Questo metodo di impregnazione \u00e8 di gran lunga il pi\u00f9 completo, perfetto per le esigenze di porosit\u00e0 critiche.<\/li>\n\n\n\n<li><strong>Impregnazione sotto vuoto e pressione<br><\/strong>Meglio per produzioni di medio livello (decine di migliaia), poich\u00e9 l'impregnazione sottovuoto a pressione utilizza solo una vasca di processo. In primo luogo, i pezzi pressofusi vengono immersi nel sigillante per un tempo prolungato. Quindi si applica il vuoto alle parti immerse e si termina con la pressurizzazione dell'aria.<\/li>\n\n\n\n<li><strong>Impregnazione sotto vuoto<br><\/strong>Per i progetti con bassi volumi di produzione, l'impregnazione sottovuoto \u00e8 il processo di impregnazione pi\u00f9 rapido e conveniente, perch\u00e9 non viene utilizzata la pressurizzazione. La resina sigillante viene introdotta nella porosit\u00e0 a pressione atmosferica.<\/li>\n<\/ul>\n\n\n\n<p>Indipendentemente dal metodo di impregnazione scelto per il vostro progetto con la nostra azienda di pressofusione in Asia, ci occuperemo della rimozione dei difetti di fusione nel modo pi\u00f9 efficiente possibile.<\/p>\n\n\n\n<figure class=\"wp-block-image aligncenter size-full\"><a href=\"\/it\/contatto-con-la-cina\/\"><img decoding=\"async\" width=\"940\" height=\"80\" src=\"https:\/\/www.diecastingschina.com\/wp-content\/uploads\/2025\/02\/satisfaction.jpg\" alt=\"\" class=\"wp-image-652\" title=\"Richiedete un preventivo e iniziate oggi stesso\" srcset=\"https:\/\/www.diecastingschina.com\/wp-content\/uploads\/2025\/02\/satisfaction.jpg 940w, https:\/\/www.diecastingschina.com\/wp-content\/uploads\/2025\/02\/satisfaction-300x26.jpg 300w, https:\/\/www.diecastingschina.com\/wp-content\/uploads\/2025\/02\/satisfaction-768x65.jpg 768w\" sizes=\"(max-width: 940px) 100vw, 940px\" \/><\/a><\/figure>","protected":false},"excerpt":{"rendered":"<p>During the die casting process of engineered components, small material defects are very challenging to avoid. Defects can include porosity of the component surface, bubbles and other incursion types. These manufacturing challenges can allow performance problems in operating conditions. In addition, surface finishing chemicals can become trapped inside these porosities, then flow during following post-processing. [&hellip;]<\/p>\n","protected":false},"author":3,"featured_media":0,"parent":679,"menu_order":0,"comment_status":"closed","ping_status":"closed","template":"","meta":{"footnotes":""},"class_list":["post-703","page","type-page","status-publish","hentry"],"_links":{"self":[{"href":"https:\/\/www.diecastingschina.com\/it\/wp-json\/wp\/v2\/pages\/703","targetHints":{"allow":["GET"]}}],"collection":[{"href":"https:\/\/www.diecastingschina.com\/it\/wp-json\/wp\/v2\/pages"}],"about":[{"href":"https:\/\/www.diecastingschina.com\/it\/wp-json\/wp\/v2\/types\/page"}],"author":[{"embeddable":true,"href":"https:\/\/www.diecastingschina.com\/it\/wp-json\/wp\/v2\/users\/3"}],"replies":[{"embeddable":true,"href":"https:\/\/www.diecastingschina.com\/it\/wp-json\/wp\/v2\/comments?post=703"}],"version-history":[{"count":0,"href":"https:\/\/www.diecastingschina.com\/it\/wp-json\/wp\/v2\/pages\/703\/revisions"}],"up":[{"embeddable":true,"href":"https:\/\/www.diecastingschina.com\/it\/wp-json\/wp\/v2\/pages\/679"}],"wp:attachment":[{"href":"https:\/\/www.diecastingschina.com\/it\/wp-json\/wp\/v2\/media?parent=703"}],"curies":[{"name":"wp","href":"https:\/\/api.w.org\/{rel}","templated":true}]}}