{"id":695,"date":"2025-02-28T10:09:04","date_gmt":"2025-02-28T10:09:04","guid":{"rendered":"https:\/\/www.diecastingschina.com\/?page_id=695"},"modified":"2025-10-10T05:04:14","modified_gmt":"2025-10-10T05:04:14","slug":"servizi-di-granigliatura","status":"publish","type":"page","link":"https:\/\/www.diecastingschina.com\/it\/lavorazione-in-pressofusione-in-cina\/servizi-di-granigliatura\/","title":{"rendered":"Sabbia e granigliatura"},"content":{"rendered":"<figure class=\"wp-block-image alignright size-full\"><img fetchpriority=\"high\" decoding=\"async\" width=\"350\" height=\"271\" src=\"https:\/\/www.diecastingschina.com\/wp-content\/uploads\/2025\/02\/shot-blasting-services-die-casting-1.jpg\" alt=\"\" class=\"wp-image-698\" title=\"Servizi di granigliatura per progetti di pressofusione\" srcset=\"https:\/\/www.diecastingschina.com\/wp-content\/uploads\/2025\/02\/shot-blasting-services-die-casting-1.jpg 350w, https:\/\/www.diecastingschina.com\/wp-content\/uploads\/2025\/02\/shot-blasting-services-die-casting-1-300x232.jpg 300w\" sizes=\"(max-width: 350px) 100vw, 350px\" \/><\/figure>\n\n\n\n<p>La granigliatura per colata \u00e8 un <a href=\"\/it\/lavorazione-in-pressofusione-in-cina\/\">Servizio di finitura in post-produzione<\/a> che viene elaborato mediante un impatto rapido della superficie di un pezzo di fusione con una quantit\u00e0 definita di materiale abrasivo. Il risultato \u00e8 un processo pi\u00f9 rapido ed efficiente rispetto alla limatura per la rimozione delle scorie rimaste su un componente pressofuso dopo l'applicazione di zinco o di alluminio. <a href=\"\/it\/servizi-di-pressofusione-in-cina\/pressofusione-di-alluminio\/\">processo di pressofusione dell'alluminio<\/a>. Utilizzando tipi e quantit\u00e0 di graniglia molto specifici, <a href=\"https:\/\/www.diecastingschina.com\/it\">Pressofusioni Cina<\/a> pu\u00f2 <strong>esplosione di colpi<\/strong> parti di tutte le dimensioni e forme. Ad esempio, i piccoli grani di acciaio vengono utilizzati per produrre una superficie molto lucida e liscia. I grani di dimensioni maggiori possono rimuovere in modo aggressivo le scorie pesanti.<\/p>\n\n\n\n<h2 class=\"wp-block-heading\">La granigliatura \u00e8 ideale per le seguenti applicazioni:<\/h2>\n\n\n\n<ul class=\"wp-block-list\">\n<li>Aumento della durata a fatica del metallo<\/li>\n\n\n\n<li>Decalcificazione (rimozione delle incrostazioni da trattamento termico)<\/li>\n\n\n\n<li>Rimozione del flash<\/li>\n\n\n\n<li>Testurizzazione della superficie del prodotto per una maggiore adesione<\/li>\n\n\n\n<li>Testurizzazione per una migliore funzionalit\u00e0 meccanica<\/li>\n\n\n\n<li>Produrre una finitura cosmetica di alta qualit\u00e0<\/li>\n<\/ul>\n\n\n\n<p><strong>I tipi di materiale abrasivo che utilizziamo durante il processo di granigliatura includono:<\/strong><\/p>\n\n\n\n<p><em>Acrilico<\/em> - L'abrasivo pi\u00f9 morbido (famiglia della plastica) utilizzato per superfici molto delicate. Tipo 5, il supporto in plastica pi\u00f9 duraturo, pur garantendo un'efficace velocit\u00e0 di asportazione.<\/p>\n\n\n\n<p><em>Ossido di alluminio<\/em> - Mezzi di taglio abrasivi affilati e di lunga durata che possono essere riutilizzati per diversi cicli. L'ossido di alluminio, disponibile in varie dimensioni, \u00e8 molto pi\u00f9 duro della maggior parte dei materiali abrasivi a secco e pu\u00f2 tagliare alcuni dei tipi di metallo e delle superfici pi\u00f9 dure.<\/p>\n\n\n\n<p><em>Pannocchia di mais<\/em> - Materiale di sabbiatura biodegradabile che non si deforma e non graffia la superficie da sabbiare. Questo tipo di materiale abrasivo \u00e8 perfetto per metalli sottili e plastica.<\/p>\n\n\n\n<p><em>Graniglia di vetro frantumata e perle di vetro<\/em> - abrasivo consumabile, privo di silice, che offre una profilatura aggressiva della superficie e la rimozione del rivestimento. Prodotto interamente da vetro riciclato, questo materiale \u00e8 noto per produrre una finitura pi\u00f9 brillante e molto pulita rispetto agli abrasivi minerali o angolari. Le perle di vetro possono essere riciclate fino a trenta cicli di sabbiatura.<\/p>\n\n\n\n<p><em>Melamina<\/em> - Gli abrasivi pi\u00f9 duri della famiglia delle materie plastiche, che offrono un perfetto equilibrio tra velocit\u00e0, prestazioni ed efficienza dei costi. La melamina \u00e8 particolarmente ideale per i progetti che richiedono un'elevata velocit\u00e0 di sverniciatura, senza danneggiare il sottosuolo.<\/p>\n\n\n\n<p><em>Pomice<\/em> - \u00c8 il materiale di sabbiatura pi\u00f9 morbido. Tuttavia, la pomice offre un'eccellente funzionalit\u00e0 di sverniciatura. \u00c8 eccellente per la sabbiatura dell'alluminio per rimuovere vernici e rivestimenti senza alcun impatto sul substrato.<\/p>\n\n\n\n<p><em>Carburo di silicio<\/em> - Il mezzo di sabbiatura pi\u00f9 duro disponibile presso Die Castings USA. Offre una velocit\u00e0 di taglio molto elevata e pu\u00f2 essere riutilizzato molto di pi\u00f9 rispetto alla sabbia e all'ossido di alluminio. La durezza del carburo di silicio consente tempi di sabbiatura molto pi\u00f9 brevi e un costo orario complessivo inferiore rispetto ad altri tipi.<\/p>\n\n\n\n<p><em>Graniglia d'acciaio<\/em> - Acciaio al carbonio angolato, progettato per una rimozione efficace e rapida dei contaminanti superficiali dai metalli. Molto pi\u00f9 morbido dell'ossido di alluminio. Inoltre \u00e8 molto meno probabile che si rompa, pur garantendo una superficie incisa per una migliore adesione del rivestimento.<\/p>\n\n\n\n<p>Graniglia d'acciaio - \u00c8 il metodo migliore per la pallinatura, per ottenere una finitura superficiale pulita, liscia e lucida. Una graniglia molto liscia e pesante pu\u00f2 essere riciclata pi\u00f9 di 3.000 volte per i pezzi pressofusi. Ulteriori vantaggi sono la riduzione al minimo della polvere prodotta durante il processo di granigliatura e l'aumento della resistenza alla compressione della superficie del prodotto.<\/p>\n\n\n\n<p>Urea - Di gran lunga il tipo di plastica pi\u00f9 utilizzato. Personalizzabile in varie dimensioni per garantire una velocit\u00e0 di sverniciatura efficiente, evitando al contempo la deformazione del materiale o il danneggiamento della superficie del substrato.<\/p>\n\n\n\n<p>Graniglia di guscio di noce - tipo di abrasivo organico versatile. Utilizzato come materiale di granigliatura molto economico per operazioni fragili che richiedono una sverniciatura aggressiva senza intaccare il substrato.<\/p>\n\n\n\n<figure class=\"wp-block-image aligncenter size-full\"><a href=\"\/it\/contatto-con-la-cina\/\"><img decoding=\"async\" width=\"940\" height=\"80\" src=\"https:\/\/www.diecastingschina.com\/wp-content\/uploads\/2025\/02\/satisfaction.jpg\" alt=\"\" class=\"wp-image-652\" title=\"Richiedete un preventivo e iniziate oggi stesso\" srcset=\"https:\/\/www.diecastingschina.com\/wp-content\/uploads\/2025\/02\/satisfaction.jpg 940w, https:\/\/www.diecastingschina.com\/wp-content\/uploads\/2025\/02\/satisfaction-300x26.jpg 300w, https:\/\/www.diecastingschina.com\/wp-content\/uploads\/2025\/02\/satisfaction-768x65.jpg 768w\" sizes=\"(max-width: 940px) 100vw, 940px\" \/><\/a><\/figure>","protected":false},"excerpt":{"rendered":"<p>Casting shot blasting is a post-production finishing service that is processed through the rapid impacting of a casting part\u2019s surface with a defined amount of abrasive material. This results in a faster and more efficient process when compared to filing for flash removal that remained on a die cast component after the zinc or aluminum [&hellip;]<\/p>\n","protected":false},"author":3,"featured_media":0,"parent":679,"menu_order":0,"comment_status":"closed","ping_status":"closed","template":"","meta":{"footnotes":""},"class_list":["post-695","page","type-page","status-publish","hentry"],"_links":{"self":[{"href":"https:\/\/www.diecastingschina.com\/it\/wp-json\/wp\/v2\/pages\/695","targetHints":{"allow":["GET"]}}],"collection":[{"href":"https:\/\/www.diecastingschina.com\/it\/wp-json\/wp\/v2\/pages"}],"about":[{"href":"https:\/\/www.diecastingschina.com\/it\/wp-json\/wp\/v2\/types\/page"}],"author":[{"embeddable":true,"href":"https:\/\/www.diecastingschina.com\/it\/wp-json\/wp\/v2\/users\/3"}],"replies":[{"embeddable":true,"href":"https:\/\/www.diecastingschina.com\/it\/wp-json\/wp\/v2\/comments?post=695"}],"version-history":[{"count":0,"href":"https:\/\/www.diecastingschina.com\/it\/wp-json\/wp\/v2\/pages\/695\/revisions"}],"up":[{"embeddable":true,"href":"https:\/\/www.diecastingschina.com\/it\/wp-json\/wp\/v2\/pages\/679"}],"wp:attachment":[{"href":"https:\/\/www.diecastingschina.com\/it\/wp-json\/wp\/v2\/media?parent=695"}],"curies":[{"name":"wp","href":"https:\/\/api.w.org\/{rel}","templated":true}]}}