{"id":686,"date":"2025-02-28T10:04:11","date_gmt":"2025-02-28T10:04:11","guid":{"rendered":"https:\/\/www.diecastingschina.com\/?page_id=686"},"modified":"2025-02-28T10:05:23","modified_gmt":"2025-02-28T10:05:23","slug":"servizi-di-sbavatura","status":"publish","type":"page","link":"https:\/\/www.diecastingschina.com\/it\/lavorazione-in-pressofusione-in-cina\/servizi-di-sbavatura\/","title":{"rendered":"Servizi di sbavatura"},"content":{"rendered":"<p>La nostra precisione <strong>servizi di sbavatura<\/strong> sono la scelta migliore per rimuovere le bave su un pezzo pressofuso. Tutti i pezzi pressofusi in zinco o alluminio che produciamo sono completamente privi di bave. Questo servizio di sbavatura funziona allo stesso modo, indipendentemente dal tipo di materiale in zinco o alluminio.<\/p>\n\n\n\n<h2 class=\"wp-block-heading\">Sbavatura vibrante<\/h2>\n\n\n\n<p>Questa specifica opzione di sbavatura \u00e8 un processo di finitura secondaria su larga scala che si basa su un forte attrito per ottenere risultati. Una macchina specializzata viene utilizzata per fornire un movimento vibratorio unico che fa s\u00ec che i media premano costantemente contro i componenti pressofusi.<\/p>\n\n\n\n<p>Durante questo processo si possono utilizzare diversi tipi di supporti. Ognuno di essi fornir\u00e0 risultati diversi per soddisfare la finitura richiesta dalle specifiche del progetto. La finitura vibratoria pu\u00f2 rimuovere bave, scorie e affinare la rugosit\u00e0 della superficie. Inoltre, questo servizio di sbavatura della pressofusione pu\u00f2 funzionare come:<\/p>\n\n\n\n<ul class=\"wp-block-list\">\n<li>Fissare le superfici scheggiate<\/li>\n\n\n\n<li>Miglioramento dell'adesione del rivestimento attraverso l'irruvidimento o la testurizzazione della superficie<\/li>\n\n\n\n<li>Sgrassare il componente<\/li>\n\n\n\n<li>Creazione di bordi radi per una manipolazione sicura<\/li>\n\n\n\n<li>Preparazione dei pezzi per la placcatura<\/li>\n\n\n\n<li>Lucidatura delle parti per l'aspetto estetico<\/li>\n\n\n\n<li><\/li>\n<\/ul>\n\n\n\n<figure class=\"wp-block-image aligncenter size-full\"><img fetchpriority=\"high\" decoding=\"async\" width=\"864\" height=\"247\" src=\"https:\/\/www.diecastingschina.com\/wp-content\/uploads\/2025\/02\/vibratory-deburring-services-for-die-cast-parts-1.jpg\" alt=\"\" class=\"wp-image-689\" srcset=\"https:\/\/www.diecastingschina.com\/wp-content\/uploads\/2025\/02\/vibratory-deburring-services-for-die-cast-parts-1.jpg 864w, https:\/\/www.diecastingschina.com\/wp-content\/uploads\/2025\/02\/vibratory-deburring-services-for-die-cast-parts-1-300x86.jpg 300w, https:\/\/www.diecastingschina.com\/wp-content\/uploads\/2025\/02\/vibratory-deburring-services-for-die-cast-parts-1-768x220.jpg 768w\" sizes=\"(max-width: 864px) 100vw, 864px\" \/><\/figure>\n\n\n\n<h2 class=\"wp-block-heading\">Sbavatura ad arpione o centrifuga<\/h2>\n\n\n\n<p>Metodo di burattatura di massa ad alta energia che utilizza forze G per la finitura dei pezzi. Questo processo sbaver\u00e0 e levigher\u00e0 le fusioni in un periodo di tempo pi\u00f9 breve rispetto alla sbavatura a vibrazione e alla sbavatura manuale. Poich\u00e9 vengono prodotte forze G, le aree dei pezzi che i servizi di sbavatura standard non riescono a raggiungere vengono sbavate completamente. Questo processo di finitura secondaria \u00e8 riservato ai pezzi di dimensioni comprese tra 0,25 mm e 51 mm.<\/p>\n\n\n\n<h2 class=\"wp-block-heading\">Sbavatura manuale<\/h2>\n\n\n\n<p>Conosciuto anche come sbavatura manuale, questo processo richiede un tecnico specializzato per completare correttamente l'operazione. Die Castings China dispone di uno staff di tecnici specializzati con anni di esperienza nella gestione del reparto di sbavatura manuale.<\/p>\n\n\n\n<p>La sbavatura manuale \u00e8 un processo versatile che pu\u00f2 essere adatto a diversi pezzi pressofusi, da prodotti con tolleranze molto elevate che richiedono una sbavatura delicata al microscopio a componenti automobilistici che richiedono la rimozione di materiale con levigatrici o smerigliatrici. Poich\u00e9 tutto il lavoro viene eseguito a mano, siamo in grado di ispezionare i pezzi durante il processo per garantire qualit\u00e0 e coerenza.<\/p>\n\n\n\n<p>Spesso \u00e8 l'opzione migliore per la maggior parte dei pezzi pressofusi, soprattutto per i progetti a basso volume. Spesso \u00e8 anche il processo pi\u00f9 efficiente, soprattutto quando sono necessari tempi di consegna rapidi.<\/p>\n\n\n\n<figure class=\"wp-block-image aligncenter size-full\"><a href=\"\/it\/contatto-con-la-cina\/\"><img decoding=\"async\" width=\"940\" height=\"80\" src=\"https:\/\/www.diecastingschina.com\/wp-content\/uploads\/2025\/02\/satisfaction.jpg\" alt=\"\" class=\"wp-image-652\" title=\"Richiedete un preventivo e iniziate oggi stesso\" srcset=\"https:\/\/www.diecastingschina.com\/wp-content\/uploads\/2025\/02\/satisfaction.jpg 940w, https:\/\/www.diecastingschina.com\/wp-content\/uploads\/2025\/02\/satisfaction-300x26.jpg 300w, https:\/\/www.diecastingschina.com\/wp-content\/uploads\/2025\/02\/satisfaction-768x65.jpg 768w\" sizes=\"(max-width: 940px) 100vw, 940px\" \/><\/a><\/figure>","protected":false},"excerpt":{"rendered":"<p>Our precision deburring services are the best choice to remove any burs on a die cast part. All of the zinc or aluminum die castings we manufacture are completely free of all burs. This deburring service will operate in the same fashion, regardless of zinc or aluminum material types. Vibratory Deburring This specific deburring option [&hellip;]<\/p>\n","protected":false},"author":3,"featured_media":0,"parent":679,"menu_order":0,"comment_status":"closed","ping_status":"closed","template":"","meta":{"footnotes":""},"class_list":["post-686","page","type-page","status-publish","hentry"],"_links":{"self":[{"href":"https:\/\/www.diecastingschina.com\/it\/wp-json\/wp\/v2\/pages\/686","targetHints":{"allow":["GET"]}}],"collection":[{"href":"https:\/\/www.diecastingschina.com\/it\/wp-json\/wp\/v2\/pages"}],"about":[{"href":"https:\/\/www.diecastingschina.com\/it\/wp-json\/wp\/v2\/types\/page"}],"author":[{"embeddable":true,"href":"https:\/\/www.diecastingschina.com\/it\/wp-json\/wp\/v2\/users\/3"}],"replies":[{"embeddable":true,"href":"https:\/\/www.diecastingschina.com\/it\/wp-json\/wp\/v2\/comments?post=686"}],"version-history":[{"count":0,"href":"https:\/\/www.diecastingschina.com\/it\/wp-json\/wp\/v2\/pages\/686\/revisions"}],"up":[{"embeddable":true,"href":"https:\/\/www.diecastingschina.com\/it\/wp-json\/wp\/v2\/pages\/679"}],"wp:attachment":[{"href":"https:\/\/www.diecastingschina.com\/it\/wp-json\/wp\/v2\/media?parent=686"}],"curies":[{"name":"wp","href":"https:\/\/api.w.org\/{rel}","templated":true}]}}