{"id":679,"date":"2025-02-28T09:59:56","date_gmt":"2025-02-28T09:59:56","guid":{"rendered":"https:\/\/www.diecastingschina.com\/?page_id=679"},"modified":"2025-10-10T05:06:30","modified_gmt":"2025-10-10T05:06:30","slug":"lavorazione-in-pressofusione-in-cina","status":"publish","type":"page","link":"https:\/\/www.diecastingschina.com\/it\/lavorazione-in-pressofusione-in-cina\/","title":{"rendered":"Servizi di lavorazione e finitura secondaria"},"content":{"rendered":"<p>I clienti OEM cercano regolarmente un fornitore completo (all-in-one-house) per i loro prodotti personalizzati. Die Castings USA soddisfa questa esigenza dei clienti fornendo un elenco ben calibrato di servizi secondari.<\/p>\n\n\n\n<p>Per le operazioni di avviamento o multiutensile utilizziamo la nostra attrezzatura CNC, che consente al nostro team di completare la lavorazione secondaria in un'unica stazione. A <a href=\"https:\/\/www.diecastingschina.com\/it\">Pressofusioni Cina<\/a>personalizziamo i nostri servizi di lavorazione per soddisfare in modo efficiente le tolleranze rigorose e i requisiti del progetto.<\/p>\n\n\n\n<p>Tutte le lavorazioni interne e i servizi secondari sono completati da oltre 40 set di centri di lavoro CNC importati, 30 set di torni e una variet\u00e0 di attrezzature di lavorazione generale, dalle sabbiatrici alle lavatrici Ultra Sonic. La nostra struttura, leader del settore, dispone di un team esperto di ingegneri, operatori e ispettori in grado di finire i vostri pezzi internamente e di evitare costi eccessivi con i fornitori esterni. Come si pu\u00f2 vedere dalle foto qui sotto, abbiamo un'ampia sezione della nostra struttura produttiva dedicata ai servizi di lavorazione e finitura.<\/p>\n\n\n\n<p>I servizi di lavorazione sono uno dei principali vantaggi del nostro stabilimento in Cina. I pezzi OEM vengono lavorati attraverso una lavorazione CNC automatizzata e gestita dall'utente (i tipi di apparecchiature CNC includono: orizzontale, verticale o a 5 assi). Queste operazioni di servizio secondario possono includere la rettifica, la rifilatura, la sbavatura, la finitura a vibrazione, la fresatura, la foratura, la maschiatura, la filettatura, la lucidatura, il test di pressione, l'ultra lavaggio e l'assemblaggio finale. Questi sono solo alcuni dei nostri servizi di produzione secondaria.<\/p>\n\n\n\n<p>La nostra gamma di opzioni di trattamento termico comprende: T4, T5, T6 e T7. Questi servizi di trattamento consentono la saldabilit\u00e0 del prodotto, la giunzione con rivetti e colla, nonch\u00e9 forme a bassa porosit\u00e0.<\/p>\n\n\n\n<p>Inoltre, forniamo assemblaggi di prodotti e kitting completi con imballaggi personalizzati in base alle specifiche e alle esigenze dei clienti.<\/p>\n\n\n\n<figure class=\"wp-block-image aligncenter size-full\"><img fetchpriority=\"high\" decoding=\"async\" width=\"974\" height=\"250\" src=\"https:\/\/www.diecastingschina.com\/wp-content\/uploads\/2025\/02\/die-cast-machining-2.jpg\" alt=\"\" class=\"wp-image-683\" title=\"Lavorazione pressofusa e servizi secondari\" srcset=\"https:\/\/www.diecastingschina.com\/wp-content\/uploads\/2025\/02\/die-cast-machining-2.jpg 974w, https:\/\/www.diecastingschina.com\/wp-content\/uploads\/2025\/02\/die-cast-machining-2-300x77.jpg 300w, https:\/\/www.diecastingschina.com\/wp-content\/uploads\/2025\/02\/die-cast-machining-2-768x197.jpg 768w\" sizes=\"(max-width: 974px) 100vw, 974px\" \/><\/figure>\n\n\n\n<h2 class=\"wp-block-heading\">Il nostro elenco completo di servizi di lavorazione e secondari comprende:<\/h2>\n\n\n\n<ul class=\"wp-block-list\">\n<li>Cromatura<\/li>\n\n\n\n<li>Lavorazione CNC<\/li>\n\n\n\n<li><a href=\"\/it\/lavorazione-in-pressofusione-in-cina\/servizi-di-sbavatura\/\">Sbavatura<\/a><\/li>\n\n\n\n<li>Pittura elettrostatica<\/li>\n\n\n\n<li><a href=\"\/it\/lavorazione-in-pressofusione-in-cina\/trattamento-termico-dellalluminio\/\">Trattamento termico<\/a><\/li>\n\n\n\n<li><a href=\"\/it\/lavorazione-in-pressofusione-in-cina\/impregnazione-sotto-vuoto\/\">Impregnazione<\/a><\/li>\n\n\n\n<li>Lucidatura<\/li>\n\n\n\n<li>Rivestimento in polvere<\/li>\n\n\n\n<li><a href=\"\/it\/lavorazione-in-pressofusione-in-cina\/servizi-di-granigliatura\/\">Granigliatura<\/a><\/li>\n\n\n\n<li>Sabbiatura<\/li>\n\n\n\n<li>Lavaggio a ultrasuoni<\/li>\n\n\n\n<li>Pittura a umido<\/li>\n\n\n\n<li><a href=\"https:\/\/www.diecastingschina.com\/it\/anodizzazione-dellalluminio-pressofuso\/\">Pressofusione di alluminio Anodizzazione<\/a> <\/li>\n<\/ul>\n\n\n\n<p><em>Lavatrice Ultra Sonic | Produzione di parti di ricambio per General Motors<\/em><\/p>\n\n\n\n<figure class=\"wp-block-image aligncenter size-full\"><img decoding=\"async\" width=\"974\" height=\"250\" src=\"https:\/\/www.diecastingschina.com\/wp-content\/uploads\/2025\/02\/new-machines.jpg\" alt=\"\" class=\"wp-image-682\" title=\"Lavatrice Ultra Sonic | Produzione di parti di ricambio per General Motors\" srcset=\"https:\/\/www.diecastingschina.com\/wp-content\/uploads\/2025\/02\/new-machines.jpg 974w, https:\/\/www.diecastingschina.com\/wp-content\/uploads\/2025\/02\/new-machines-300x77.jpg 300w, https:\/\/www.diecastingschina.com\/wp-content\/uploads\/2025\/02\/new-machines-768x197.jpg 768w\" sizes=\"(max-width: 974px) 100vw, 974px\" \/><\/figure>\n\n\n\n<p><strong>Elenco dei centri di lavoro CNC<\/strong><\/p>\n\n\n\n<ul class=\"wp-block-list\">\n<li>(2) Haoyang A-650<\/li>\n\n\n\n<li>(1) Haoyang AS-500T<\/li>\n\n\n\n<li>(2) Centro tecnico macchine Orient (Shanghai) TC-S2A-0<\/li>\n\n\n\n<li>(8) Mazak VTC-160AN<\/li>\n\n\n\n<li>(8) Spessimetro VM-32SA<\/li>\n\n\n\n<li>(1) Feeler VM-32S<\/li>\n\n\n\n<li>(4) Hundai-kia VX400FOi-MC<\/li>\n\n\n\n<li>(4) Hundai-kia VX500FOi-MC<\/li>\n\n\n\n<li>(3) Hundai-kia VX500<\/li>\n\n\n\n<li>(1) Hundai-kia VB-610<\/li>\n\n\n\n<li>(1) Hundai-kia QM-32<\/li>\n\n\n\n<li>(1) Macchinario Leaderway Taiwan MV-1100<\/li>\n\n\n\n<li>(2) Akira Seiki V2.5XP<\/li>\n\n\n\n<li>(2) Hision HTM-850G<\/li>\n<\/ul>\n\n\n\n<p><strong>Elenco macchine del tornio CNC<\/strong><\/p>\n\n\n\n<ul class=\"wp-block-list\">\n<li>(5) Kaida CK6136S<\/li>\n\n\n\n<li>(6) Kaida CK6125S<\/li>\n\n\n\n<li>(2) Kaida KDCK-25<\/li>\n\n\n\n<li>(1) Yaofa CJK0640<\/li>\n\n\n\n<li>(2) Yunnan Cy Group CYNC-360TE<\/li>\n\n\n\n<li>(9) Hision HTM-TC16<\/li>\n\n\n\n<li>(2) Hision HTM-TC25<\/li>\n\n\n\n<li>(8) Xknc L20<\/li>\n\n\n\n<li>(1) Xknc L21<\/li>\n\n\n\n<li>(1) Xknc L22<\/li>\n\n\n\n<li>(1) Xknc L23<\/li>\n<\/ul>\n\n\n\n<p><strong>Elenco delle macchine per la granigliatura<\/strong><\/p>\n\n\n\n<ul class=\"wp-block-list\">\n<li>(2) Xingyang Machinery 316<\/li>\n<\/ul>\n\n\n\n<p><strong>Elenco delle apparecchiature di lavaggio a ultrasuoni<\/strong><\/p>\n\n\n\n<ul class=\"wp-block-list\">\n<li>(1) Wxmeiji MJLH-7500B<\/li>\n\n\n\n<li>(1) Wxmeiji MJLH-6000<\/li>\n<\/ul>\n\n\n\n<p><strong>Elenco delle apparecchiature per il trattamento termico<\/strong><\/p>\n\n\n\n<ul class=\"wp-block-list\">\n<li>(1) Zhejiang Sanmen Sanli Spraying and Moulding Equipment Factory HK-435<\/li>\n<\/ul>\n\n\n\n<figure class=\"wp-block-embed is-type-video is-provider-youtube wp-block-embed-youtube wp-embed-aspect-16-9 wp-has-aspect-ratio\"><div class=\"wp-block-embed__wrapper\">\n<iframe title=\"Lavorazione della pressofusione e servizi secondari TS16949 QS9000 ISO14001\" width=\"800\" height=\"450\" src=\"https:\/\/www.youtube.com\/embed\/nO1VH-8_aQ4?feature=oembed\" frameborder=\"0\" allow=\"accelerometer; autoplay; clipboard-write; encrypted-media; gyroscope; picture-in-picture; web-share\" referrerpolicy=\"strict-origin-when-cross-origin\" allowfullscreen><\/iframe>\n<\/div><\/figure>\n\n\n\n<figure class=\"wp-block-image aligncenter size-full\"><a href=\"\/it\/contatto-con-la-cina\/\"><img decoding=\"async\" width=\"940\" height=\"80\" src=\"https:\/\/www.diecastingschina.com\/wp-content\/uploads\/2025\/02\/satisfaction.jpg\" alt=\"\" class=\"wp-image-652\" title=\"Richiedete un preventivo e iniziate oggi stesso\" srcset=\"https:\/\/www.diecastingschina.com\/wp-content\/uploads\/2025\/02\/satisfaction.jpg 940w, https:\/\/www.diecastingschina.com\/wp-content\/uploads\/2025\/02\/satisfaction-300x26.jpg 300w, https:\/\/www.diecastingschina.com\/wp-content\/uploads\/2025\/02\/satisfaction-768x65.jpg 768w\" sizes=\"(max-width: 940px) 100vw, 940px\" \/><\/a><\/figure>","protected":false},"excerpt":{"rendered":"<p>OEM customers are regularly seeking a complete (all-in-one-house) supplier for their custom products. Die Castings USA serves this customer need by providing an fine tuned list of secondary services. For start-up or multi-tool operations we utilize our CNC equipment, allowing our team to complete secondary machining at one station. At Die Castings China, we customize [&hellip;]<\/p>\n","protected":false},"author":3,"featured_media":0,"parent":0,"menu_order":0,"comment_status":"closed","ping_status":"closed","template":"","meta":{"footnotes":""},"class_list":["post-679","page","type-page","status-publish","hentry"],"_links":{"self":[{"href":"https:\/\/www.diecastingschina.com\/it\/wp-json\/wp\/v2\/pages\/679","targetHints":{"allow":["GET"]}}],"collection":[{"href":"https:\/\/www.diecastingschina.com\/it\/wp-json\/wp\/v2\/pages"}],"about":[{"href":"https:\/\/www.diecastingschina.com\/it\/wp-json\/wp\/v2\/types\/page"}],"author":[{"embeddable":true,"href":"https:\/\/www.diecastingschina.com\/it\/wp-json\/wp\/v2\/users\/3"}],"replies":[{"embeddable":true,"href":"https:\/\/www.diecastingschina.com\/it\/wp-json\/wp\/v2\/comments?post=679"}],"version-history":[{"count":0,"href":"https:\/\/www.diecastingschina.com\/it\/wp-json\/wp\/v2\/pages\/679\/revisions"}],"wp:attachment":[{"href":"https:\/\/www.diecastingschina.com\/it\/wp-json\/wp\/v2\/media?parent=679"}],"curies":[{"name":"wp","href":"https:\/\/api.w.org\/{rel}","templated":true}]}}