{"id":668,"date":"2025-02-28T09:53:10","date_gmt":"2025-02-28T09:53:10","guid":{"rendered":"https:\/\/www.diecastingschina.com\/?page_id=668"},"modified":"2025-12-14T06:37:07","modified_gmt":"2025-12-14T06:37:07","slug":"zinco-pressofuso-cina","status":"publish","type":"page","link":"https:\/\/www.diecastingschina.com\/it\/servizi-di-pressofusione-in-cina\/zinco-pressofuso-cina\/","title":{"rendered":"Servizi di pressofusione di zinco"},"content":{"rendered":"<p><a href=\"https:\/\/www.diecastingschina.com\/it\/servizi-di-pressofusione-in-cina\/zinco-pressofuso-cina\/\">Pressofusione di zinco<\/a> \u00e8 un'altra delle leghe pi\u00f9 diffuse che vengono utilizzate nel processo di pressofusione. La lega di zinco pu\u00f2 essere fusa con tolleranze di precisione, avere sezioni di parete pi\u00f9 sottili, forme complesse e una durata molto pi\u00f9 lunga. Die Castings China ha la capacit\u00e0 di produrre <strong><em>parti in pressofusione di zinco<\/em><\/strong> con un'ampia variet\u00e0 di finiture placcate e\/o verniciate in-house. Il nostro obiettivo \u00e8 consegnare il vostro prodotto di pressofusione di zinco esattamente secondo le specifiche di stampa. Sebbene i componenti in alluminio e zinco siano pi\u00f9 richiesti dal mercato OEM, il nostro stabilimento di produzione certificato IATF 16949 dispone di diverse macchine per la pressofusione di zinco Lktech. Queste macchine ci consentono di fornire prodotti di pressofusione ingegnerizzati con dimensioni che vanno da alcuni grammi a quasi 45 libbre.<\/p>\n\n\n\n<figure class=\"wp-block-embed is-type-video is-provider-youtube wp-block-embed-youtube wp-embed-aspect-16-9 wp-has-aspect-ratio\"><div class=\"wp-block-embed__wrapper\">\n<iframe title=\"Come funziona una macchina per la pressofusione | Alloggiamento del motore in pressofusione\" width=\"800\" height=\"450\" src=\"https:\/\/www.youtube.com\/embed\/LkJ2ByG1Goo?feature=oembed\" frameborder=\"0\" allow=\"accelerometer; autoplay; clipboard-write; encrypted-media; gyroscope; picture-in-picture; web-share\" referrerpolicy=\"strict-origin-when-cross-origin\" allowfullscreen><\/iframe>\n<\/div><\/figure>\n\n\n\n<h2 class=\"wp-block-heading\">Quando utilizzare la pressofusione di zinco invece di <a href=\"https:\/\/www.diecastingschina.com\/it\/servizi-di-pressofusione-in-cina\/pressofusione-di-alluminio\/\">Pressofusione di alluminio<\/a> Pezzi di ricambio?<\/h2>\n\n\n\n<p>Oltre alle nostre macchine per la pressofusione di zinco di prima classe, il nostro esperto staff tecnico di controllo qualit\u00e0 si interfaccia con la produzione del magazzino per individuare eventuali problemi e ispezionare il prodotto per verificare la presenza di eventuali difetti. La lega di zinco ha una maggiore tenacit\u00e0 e durezza superficiale che la rendono un'alternativa ideale agli articoli lavorati, stampati, imbutiti e fabbricati. I pezzi di pressofusione in lega di zinco sono noti per la loro tenacit\u00e0 rispetto ai materiali e ai processi concorrenti. Il carico di snervamento complessivo di questo materiale di pressofusione \u00e8 15 volte superiore a quello delle leghe di alluminio e magnesio. La resistenza della lega \u00e8 il motivo principale per cui il processo di pressofusione dello zinco \u00e8 comunemente utilizzato per gli alloggiamenti dei cambi, i componenti delle finestre, i componenti della ferramenta, le applicazioni elettromeccaniche e altri tipi di alloggiamenti.<\/p>\n\n\n\n<p>Confrontando la pressofusione di alluminio e la pressofusione di zinco, entrambi hanno i loro vantaggi e svantaggi, normalmente alcune parti in lega di grandi dimensioni sono realizzate in leghe di alluminio e alcune parti in lega di metallo di piccole dimensioni sono realizzate in leghe di zinco, ma non \u00e8 sempre cos\u00ec. d'altra parte, alcune parti in metallo che hanno bisogno di una finitura superficiale di alta qualit\u00e0 come la cromatura, la nichelatura, per migliorare la qualit\u00e0 della superficie che possono utilizzare leghe Zamak pure.<\/p>\n\n\n\n<p>Se avete un progetto in mano e non siete sicuri di quali materiali in lega dovrebbe essere utilizzando, si pu\u00f2 contattare, ci esaminer\u00e0 questo per voi e dare il vostro le migliori opzioni, se avete un progetto che ha bisogno di entrambi i prodotti di alluminio e zinco pressofusione, si sono inviare il vostro disegno, in modo che abbiamo potuto citare in 24 ore.<\/p>\n\n\n\n<figure class=\"wp-block-image size-large\"><img fetchpriority=\"high\" decoding=\"async\" width=\"1024\" height=\"515\" src=\"https:\/\/www.diecastingschina.com\/wp-content\/uploads\/2025\/12\/zinc-die-casting-1024x515.jpg\" alt=\"pressofusione di zinco\" class=\"wp-image-2402\" srcset=\"https:\/\/www.diecastingschina.com\/wp-content\/uploads\/2025\/12\/zinc-die-casting-1024x515.jpg 1024w, https:\/\/www.diecastingschina.com\/wp-content\/uploads\/2025\/12\/zinc-die-casting-300x151.jpg 300w, https:\/\/www.diecastingschina.com\/wp-content\/uploads\/2025\/12\/zinc-die-casting-768x386.jpg 768w, https:\/\/www.diecastingschina.com\/wp-content\/uploads\/2025\/12\/zinc-die-casting-1536x772.jpg 1536w, https:\/\/www.diecastingschina.com\/wp-content\/uploads\/2025\/12\/zinc-die-casting-18x9.jpg 18w, https:\/\/www.diecastingschina.com\/wp-content\/uploads\/2025\/12\/zinc-die-casting.jpg 1548w\" sizes=\"(max-width: 1024px) 100vw, 1024px\" \/><\/figure>\n\n\n\n<p>La lega Zamak-3 \u00e8 attualmente la pi\u00f9 popolare, ma la Zamak-7 offre prestazioni altrettanto buone e, in determinate condizioni, \u00e8 superiore alla Zamak-3. Le pressofusioni di zinco con la lega #7 hanno propriet\u00e0 di magnesio ridotte, con un aumento della quantit\u00e0 di nichel - con limiti di impurit\u00e0 ridotti. Poich\u00e9 il contenuto di magnesio \u00e8 inferiore, la fluidit\u00e0 \u00e8 maggiore. Di conseguenza, questo tipo di lega Zamak possiede una migliore capacit\u00e0 di colata rispetto alla #3. Tuttavia, offre ancora propriet\u00e0 fisiche, meccaniche e stabilit\u00e0 dimensionale quasi identiche. La lega Zamak 7 \u00e8 molto utile per la produzione di pezzi fusi di dimensioni maggiori. Inoltre, questo tipo di materiale \u00e8 ottimo per la produzione di forme complesse e per le produzioni che richiedono tipi di finitura hardware superiori. L'uso della lega Zamak-5 \u00e8 limitato a casi speciali in cui sono necessarie una maggiore resistenza allo scorrimento e una maggiore durezza del materiale.<\/p>\n\n\n\n<ul class=\"wp-block-list\">\n<li>Monitoraggio costante dell'equilibrio delle macchine e delle \"celle a circuito chiuso\".<\/li>\n\n\n\n<li>Garantisce la coerenza del prodotto \"shot to shot\".<\/li>\n\n\n\n<li>Accelera la correzione di eventuali problemi durante il funzionamento<\/li>\n\n\n\n<li>Assicura l'uniformit\u00e0 della produzione giorno per giorno<\/li>\n<\/ul>\n\n\n\n<figure class=\"wp-block-image alignright size-full\"><img decoding=\"async\" width=\"500\" height=\"313\" src=\"https:\/\/www.diecastingschina.com\/wp-content\/uploads\/2025\/02\/c-062-02.jpg\" alt=\"Macchina per la pressofusione di zinco\" class=\"wp-image-669\" srcset=\"https:\/\/www.diecastingschina.com\/wp-content\/uploads\/2025\/02\/c-062-02.jpg 500w, https:\/\/www.diecastingschina.com\/wp-content\/uploads\/2025\/02\/c-062-02-300x188.jpg 300w\" sizes=\"(max-width: 500px) 100vw, 500px\" \/><\/figure>\n\n\n\n<p><br><strong>Vantaggi della pressofusione di zinco:<\/strong><\/p>\n\n\n\n<ul class=\"wp-block-list\">\n<li>Elevata resistenza e durezza<\/li>\n\n\n\n<li>Altamente resistente alla corrosione<\/li>\n\n\n\n<li>Eccellente conducibilit\u00e0 elettrica<\/li>\n\n\n\n<li>Elevata conducibilit\u00e0 termica<\/li>\n\n\n\n<li>Materia prima a basso costo<\/li>\n\n\n\n<li>La bassa viscosit\u00e0 consente di realizzare forme piccole e complesse<\/li>\n\n\n\n<li>Elevata precisione dimensionale e stabilit\u00e0<\/li>\n\n\n\n<li>Eccellente capacit\u00e0 di lavorare su pareti sottili<\/li>\n\n\n\n<li>Capacit\u00e0 di formatura a freddo, che facilita le giunzioni<\/li>\n\n\n\n<li>Aspetto visivamente accattivante<\/li>\n\n\n\n<li>Eccezionale resistenza alla corrosione<\/li>\n\n\n\n<li>Promuove una lunga durata dello stampo<\/li>\n\n\n\n<li>Economico per i piccoli pezzi<\/li>\n<\/ul>\n\n\n\n<p><strong>Tipi di materiale:<\/strong><\/p>\n\n\n\n<ul class=\"wp-block-list\">\n<li>Zinco 3<\/li>\n\n\n\n<li>Zinco 5<\/li>\n\n\n\n<li>ZAMAK 8<\/li>\n<\/ul>\n\n\n\n<p><strong>Gamme di dimensioni e peso della pressofusione:<\/strong> 0,05-1kg Dimensione: 200*200mm<\/p>\n\n\n\n<figure class=\"wp-block-image alignright size-full is-resized\"><img decoding=\"async\" width=\"480\" height=\"480\" src=\"https:\/\/www.diecastingschina.com\/wp-content\/uploads\/2025\/12\/zinc-die-casting-products.jpg\" alt=\"prodotti per la pressofusione di zinco\" class=\"wp-image-2401\" style=\"width:292px;height:auto\" srcset=\"https:\/\/www.diecastingschina.com\/wp-content\/uploads\/2025\/12\/zinc-die-casting-products.jpg 480w, https:\/\/www.diecastingschina.com\/wp-content\/uploads\/2025\/12\/zinc-die-casting-products-300x300.jpg 300w, https:\/\/www.diecastingschina.com\/wp-content\/uploads\/2025\/12\/zinc-die-casting-products-150x150.jpg 150w, https:\/\/www.diecastingschina.com\/wp-content\/uploads\/2025\/12\/zinc-die-casting-products-12x12.jpg 12w\" sizes=\"(max-width: 480px) 100vw, 480px\" \/><\/figure>\n\n\n\n<p><strong>Elenco delle attrezzature<\/strong><\/p>\n\n\n\n<ul class=\"wp-block-list\">\n<li>(2) Lktech88<\/li>\n\n\n\n<li>(2) Lktech160<\/li>\n<\/ul>\n\n\n\n<p><strong>Forno di fusione a concentrazione di gas naturale<\/strong><\/p>\n\n\n\n<ul class=\"wp-block-list\">\n<li>(2) Shoei STM-500<\/li>\n\n\n\n<li>(1) Shoei ALM-500<\/li>\n<\/ul>\n\n\n\n<p>Se siete alla ricerca di un produttore di pressofusione in Cina che abbia il certificato IATF 16949 per il vostro impianto di alluminio o di <a href=\"https:\/\/aludiecasting.com\/zamak-die-casting\/\" target=\"_blank\" rel=\"noopener\">Parti di pressofusione in zama<\/a>, siete invitati a contattarci.<\/p>\n\n\n\n<p><\/p>","protected":false},"excerpt":{"rendered":"<p>Zinc die casting parts is another mostly popular alloys that are used in die casting process. Zinc alloy can be casted to precision tolerances, have thinner wall sections, complex shapes and much longer tool life. Die Castings China has the capacity to produce zinc die casting parts with a wide variety of in-house plated and\/or [&hellip;]<\/p>\n","protected":false},"author":3,"featured_media":2402,"parent":645,"menu_order":0,"comment_status":"closed","ping_status":"closed","template":"","meta":{"footnotes":""},"class_list":["post-668","page","type-page","status-publish","has-post-thumbnail","hentry"],"_links":{"self":[{"href":"https:\/\/www.diecastingschina.com\/it\/wp-json\/wp\/v2\/pages\/668","targetHints":{"allow":["GET"]}}],"collection":[{"href":"https:\/\/www.diecastingschina.com\/it\/wp-json\/wp\/v2\/pages"}],"about":[{"href":"https:\/\/www.diecastingschina.com\/it\/wp-json\/wp\/v2\/types\/page"}],"author":[{"embeddable":true,"href":"https:\/\/www.diecastingschina.com\/it\/wp-json\/wp\/v2\/users\/3"}],"replies":[{"embeddable":true,"href":"https:\/\/www.diecastingschina.com\/it\/wp-json\/wp\/v2\/comments?post=668"}],"version-history":[{"count":0,"href":"https:\/\/www.diecastingschina.com\/it\/wp-json\/wp\/v2\/pages\/668\/revisions"}],"up":[{"embeddable":true,"href":"https:\/\/www.diecastingschina.com\/it\/wp-json\/wp\/v2\/pages\/645"}],"wp:featuredmedia":[{"embeddable":true,"href":"https:\/\/www.diecastingschina.com\/it\/wp-json\/wp\/v2\/media\/2402"}],"wp:attachment":[{"href":"https:\/\/www.diecastingschina.com\/it\/wp-json\/wp\/v2\/media?parent=668"}],"curies":[{"name":"wp","href":"https:\/\/api.w.org\/{rel}","templated":true}]}}