{"id":739,"date":"2025-02-28T10:35:55","date_gmt":"2025-02-28T10:35:55","guid":{"rendered":"https:\/\/www.diecastingschina.com\/?page_id=739"},"modified":"2025-02-28T10:36:21","modified_gmt":"2025-02-28T10:36:21","slug":"usa-mexikoi-irodak","status":"publish","type":"page","link":"https:\/\/www.diecastingschina.com\/hu\/cnm-tech-szerszamontes-porcelan\/usa-mexikoi-irodak\/","title":{"rendered":"USA \/ Mexik\u00f3 irod\u00e1k"},"content":{"rendered":"<p>Sok eredeti berendez\u00e9sgy\u00e1rt\u00f3 sz\u00e1m\u00e1ra \u00e1lland\u00f3 probl\u00e9m\u00e1t jelent, hogy olcs\u00f3 \u00e9s j\u00f3 min\u0151s\u00e9g\u0171 term\u00e9keket juttasson a gy\u00e1rt\u00e1s folyos\u00f3j\u00e1ra k\u00e9szletez\u00e9si probl\u00e9m\u00e1k n\u00e9lk\u00fcl. Ha nem \u00e1llnak rendelkez\u00e9sre a legkisebb, legegyszer\u0171bb alkatr\u00e9szek, az eg\u00e9sz gy\u00e1rt\u00f3sor le\u00e1llhat - ami a v\u00e1s\u00e1rl\u00f3k sz\u00e1m\u00e1ra stresszt okozhat az utols\u00f3 pillanatban, extra k\u00f6lts\u00e9ggel megrendelt alkatr\u00e9szek miatt.<\/p>\n\n\n\n<h2 class=\"wp-block-heading\">Azzal k\u00fczd a kereslettel, hogy mindig k\u00e9szleten k\u00edv\u00fcli alkatr\u00e9szeket rendel?<\/h2>\n\n\n\n<p>A gy\u00e1rt\u00e1si alkatr\u00e9szek list\u00e1j\u00e1nak \u00f6ssze\u00e1ll\u00edt\u00e1s\u00e1val, a becs\u00fclt felhaszn\u00e1l\u00e1si ar\u00e1nyok meghat\u00e1roz\u00e1s\u00e1val meg\u00e1llapodunk egy megrendel\u00e9sben, a szerz\u0151d\u00e9s meghat\u00e1rozott id\u0151tartam\u00e1val \u00e9s a nem meghaladhat\u00f3 doll\u00e1r\u00f6sszeggel. Az \u00d6n teljes k\u00e9szlet\u00e9t a mi <strong>50,000 n\u00e9gyzetm\u00e9teres vagy 75,000 n\u00e9gyzetm\u00e9teres rakt\u00e1rak<\/strong>, lehet\u0151v\u00e9 t\u00e9ve, hogy sz\u00fcks\u00e9g eset\u00e9n gyorsan megrendelhesse a term\u00e9ket.<\/p>\n\n\n\n<figure class=\"wp-block-image aligncenter size-full\"><a href=\"\/hu\/erintkezes-szerszamontvenyek-porcelan\/\"><img fetchpriority=\"high\" decoding=\"async\" width=\"940\" height=\"80\" src=\"https:\/\/www.diecastingschina.com\/wp-content\/uploads\/2025\/02\/satisfaction.jpg\" alt=\"\" class=\"wp-image-652\" title=\"K\u00e9rjen \u00e1raj\u00e1nlatot \u00e9s kezdje el m\u00e9g ma\" srcset=\"https:\/\/www.diecastingschina.com\/wp-content\/uploads\/2025\/02\/satisfaction.jpg 940w, https:\/\/www.diecastingschina.com\/wp-content\/uploads\/2025\/02\/satisfaction-300x26.jpg 300w, https:\/\/www.diecastingschina.com\/wp-content\/uploads\/2025\/02\/satisfaction-768x65.jpg 768w\" sizes=\"(max-width: 940px) 100vw, 940px\" \/><\/a><\/figure>","protected":false},"excerpt":{"rendered":"<p>For many original equipment manufacturers, getting low-cost, high quality products onto the production floor without stocking issues is an constant issue. Not having the smallest, simplest parts available, can shutdown an entire production line \u2013 creating purchaser stress by ordering last second parts at extra costs. Are you struggling with demand by always ordering out-of-stock [&hellip;]<\/p>\n","protected":false},"author":3,"featured_media":0,"parent":714,"menu_order":0,"comment_status":"closed","ping_status":"closed","template":"","meta":{"footnotes":""},"class_list":["post-739","page","type-page","status-publish","hentry"],"_links":{"self":[{"href":"https:\/\/www.diecastingschina.com\/hu\/wp-json\/wp\/v2\/pages\/739","targetHints":{"allow":["GET"]}}],"collection":[{"href":"https:\/\/www.diecastingschina.com\/hu\/wp-json\/wp\/v2\/pages"}],"about":[{"href":"https:\/\/www.diecastingschina.com\/hu\/wp-json\/wp\/v2\/types\/page"}],"author":[{"embeddable":true,"href":"https:\/\/www.diecastingschina.com\/hu\/wp-json\/wp\/v2\/users\/3"}],"replies":[{"embeddable":true,"href":"https:\/\/www.diecastingschina.com\/hu\/wp-json\/wp\/v2\/comments?post=739"}],"version-history":[{"count":0,"href":"https:\/\/www.diecastingschina.com\/hu\/wp-json\/wp\/v2\/pages\/739\/revisions"}],"up":[{"embeddable":true,"href":"https:\/\/www.diecastingschina.com\/hu\/wp-json\/wp\/v2\/pages\/714"}],"wp:attachment":[{"href":"https:\/\/www.diecastingschina.com\/hu\/wp-json\/wp\/v2\/media?parent=739"}],"curies":[{"name":"wp","href":"https:\/\/api.w.org\/{rel}","templated":true}]}}