{"id":718,"date":"2025-02-28T10:22:29","date_gmt":"2025-02-28T10:22:29","guid":{"rendered":"https:\/\/www.diecastingschina.com\/?page_id=718"},"modified":"2025-02-28T10:23:37","modified_gmt":"2025-02-28T10:23:37","slug":"kuldetesnyilatkozat-ningbo-xusheng-gepek","status":"publish","type":"page","link":"https:\/\/www.diecastingschina.com\/hu\/cnm-tech-szerszamontes-porcelan\/kuldetesnyilatkozat-ningbo-xusheng-gepek\/","title":{"rendered":"K\u00fcldet\u00e9snyilatkozat"},"content":{"rendered":"<p>\"A gyorsan v\u00e1ltoz\u00f3 marketing helyzet \u00e9s a horizont\u00e1lis \u00e9les verseny, mi Die Castings K\u00edna emberek folytatj\u00e1k a kem\u00e9nyen dolgoz\u00f3 \u00e9s f\u00e9kezhetetlen harci szellem, emberk\u00f6zpont\u00fa, integrit\u00e1s menedzsment, er\u0151s\u00edti a bels\u0151 ir\u00e1ny\u00edt\u00e1s, \u00e9s jav\u00edtja a K + F \u00e9s gy\u00e1rt\u00e1si k\u00e9pess\u00e9gek folyamatosan \u00e9s<a href=\"\/hu\/minoseg-ellenorzesi-ontveny\/\"> a min\u0151s\u00e9gir\u00e1ny\u00edt\u00e1s szintj\u00e9nek folyamatos jav\u00edt\u00e1sa<\/a>, \u00e9s folyamatosan jav\u00edtsa az \u00fczleti fejl\u0151d\u00e9s k\u00e9pess\u00e9g\u00e9t, jav\u00edtsa az er\u0151forr\u00e1sok hat\u00e9kony felhaszn\u00e1l\u00e1s\u00e1t, ragaszkodjon a fenntarthat\u00f3 fejl\u0151d\u00e9s fejl\u0151d\u0151 m\u00f3dj\u00e1hoz, hogy \u00fajrahasznos\u00edt\u00f3 gazdas\u00e1got hozzon l\u00e9tre. Jelenleg, <a href=\"\/hu\/ningbo-xusheng-machinery-die-casting-china\/\">Die Castings USA<\/a> az egyik leggyorsabban n\u00f6vekv\u0151 v\u00e1llalkoz\u00e1s a <a href=\"\/hu\/szerszamontesi-szolgaltatasok-porcelan\/\">\u00f6ntv\u00e9nyipar K\u00edn\u00e1ban<\/a>.<\/p>\n\n\n\n<p>Visszatekintve az elm\u00falt n\u00e9h\u00e1ny \u00e9v fejleszt\u00e9si folyamat\u00e1ra, mindig szem el\u0151tt tartjuk a hatalmas t\u00e1mogat\u00e1st \u00e9s seg\u00edts\u00e9get minden szinten a korm\u00e1nyok, az emberek minden k\u00f6r\u00f6k \u00e9s \u00fcgyfeleink \u00e9s partnereink a sz\u00e9l \u00e9s a vihar megoszt\u00e1s\u00e1ban, a t\u00e1mogat\u00e1s \u00e9s a seg\u00edts\u00e9g n\u00e9lk\u00fcl mindannyiuk, Die Castings USA nem lenne a mai eredm\u00e9nyek, itt, szeretn\u00e9m kifejezni a legsz\u00edv\u00e9lyesebb k\u00f6sz\u00f6netet \u00e9s \u0151szinte \u00fcdv\u00f6zletet nev\u00e9ben minden alkalmazottunk a t\u00e1mogat\u00e1st \u00e9s seg\u00edts\u00e9get minden r\u00e9gi \u00e9s \u00faj bar\u00e1tunk!<\/p>\n\n\n\n<p>El\u0151re tekintve, a Die Castings China minden alkalmazottja a \"felel\u0151ss\u00e9g, innov\u00e1ci\u00f3, \u00f6nbizalom\" v\u00e1llalati szellem\u00e9vel, hajland\u00f3ak vagyunk \u0151szint\u00e9n egy\u00fcttm\u0171k\u00f6dni minden hazai \u00e9s nemzetk\u00f6zi k\u00f6rrel, hogy saj\u00e1t hozz\u00e1j\u00e1rul\u00e1sunkat a v\u00e1llalati fejl\u0151d\u00e9shez, a nemzeti ipar\u00e1gak emelked\u00e9s\u00e9hez \u00e9s a harmonikus t\u00e1rsadalom \u00e9p\u00edt\u00e9s\u00e9hez, valamint a jobb holnap megteremt\u00e9s\u00e9hez!\"<br><em>Aleln\u00f6k<\/em><\/p>\n\n\n\n<figure class=\"wp-block-image aligncenter size-full\"><a href=\"\/hu\/erintkezes-szerszamontvenyek-porcelan\/\"><img fetchpriority=\"high\" decoding=\"async\" width=\"940\" height=\"80\" src=\"https:\/\/www.diecastingschina.com\/wp-content\/uploads\/2025\/02\/satisfaction.jpg\" alt=\"\" class=\"wp-image-652\" title=\"K\u00e9rjen \u00e1raj\u00e1nlatot \u00e9s kezdje el m\u00e9g ma\" srcset=\"https:\/\/www.diecastingschina.com\/wp-content\/uploads\/2025\/02\/satisfaction.jpg 940w, https:\/\/www.diecastingschina.com\/wp-content\/uploads\/2025\/02\/satisfaction-300x26.jpg 300w, https:\/\/www.diecastingschina.com\/wp-content\/uploads\/2025\/02\/satisfaction-768x65.jpg 768w\" sizes=\"(max-width: 940px) 100vw, 940px\" \/><\/a><\/figure>","protected":false},"excerpt":{"rendered":"<p>\u201cTo face the rapid changeable marketing situation and the horizontal fierce competition, we Die Castings China people carry forward the hard working and indomitable fighting spirit, people-oriented, integrity management, strengthen internal management, and improve R &amp; D and manufacturing capabilities constantly and improve the level of quality management constantly, and improve the ability for business [&hellip;]<\/p>\n","protected":false},"author":3,"featured_media":0,"parent":714,"menu_order":0,"comment_status":"closed","ping_status":"closed","template":"","meta":{"footnotes":""},"class_list":["post-718","page","type-page","status-publish","hentry"],"_links":{"self":[{"href":"https:\/\/www.diecastingschina.com\/hu\/wp-json\/wp\/v2\/pages\/718","targetHints":{"allow":["GET"]}}],"collection":[{"href":"https:\/\/www.diecastingschina.com\/hu\/wp-json\/wp\/v2\/pages"}],"about":[{"href":"https:\/\/www.diecastingschina.com\/hu\/wp-json\/wp\/v2\/types\/page"}],"author":[{"embeddable":true,"href":"https:\/\/www.diecastingschina.com\/hu\/wp-json\/wp\/v2\/users\/3"}],"replies":[{"embeddable":true,"href":"https:\/\/www.diecastingschina.com\/hu\/wp-json\/wp\/v2\/comments?post=718"}],"version-history":[{"count":0,"href":"https:\/\/www.diecastingschina.com\/hu\/wp-json\/wp\/v2\/pages\/718\/revisions"}],"up":[{"embeddable":true,"href":"https:\/\/www.diecastingschina.com\/hu\/wp-json\/wp\/v2\/pages\/714"}],"wp:attachment":[{"href":"https:\/\/www.diecastingschina.com\/hu\/wp-json\/wp\/v2\/media?parent=718"}],"curies":[{"name":"wp","href":"https:\/\/api.w.org\/{rel}","templated":true}]}}