{"id":708,"date":"2025-02-28T10:16:46","date_gmt":"2025-02-28T10:16:46","guid":{"rendered":"https:\/\/www.diecastingschina.com\/?page_id=708"},"modified":"2025-02-28T10:18:09","modified_gmt":"2025-02-28T10:18:09","slug":"kinaban-kiszolgalt-ontvenyiparagak","status":"publish","type":"page","link":"https:\/\/www.diecastingschina.com\/hu\/kinaban-kiszolgalt-ontvenyiparagak\/","title":{"rendered":"Piacok \u00e9s kiszolg\u00e1lt ipar\u00e1gak"},"content":{"rendered":"<p>A Die Castings China teljes k\u00f6r\u0171 szolg\u00e1ltat\u00e1st ny\u00fajt a legig\u00e9nyesebb \u00e9s legnehezebb ipari alkalmaz\u00e1sokhoz. OEM \u00fcgyfeleket szolg\u00e1lunk ki az Egyes\u00fclt \u00c1llamokban Mexik\u00f3ban. Egyedi alkalmaz\u00e1st\u00edpusaink hat\u00e1rtalanok, k\u00fcl\u00f6n\u00f6sen mivel az aut\u00f3ipart szolg\u00e1ljuk ki - amely a legt\u00f6bb alum\u00ednium \u00f6nt\u00f6tt alkatr\u00e9szt haszn\u00e1lja minden \u00e1rut\u00edpus k\u00f6z\u00fcl.<\/p>\n\n\n\n<p>F\u0151 alum\u00ednium- \u00e9s cinkpiacaink a k\u00f6vetkez\u0151 ipar\u00e1gakra terjednek ki:<\/p>\n\n\n\n<ul class=\"wp-block-list\">\n<li><a href=\"\/hu\/autoipari-ontvenyek\/\">Aut\u00f3ipar<\/a><\/li>\n\n\n\n<li><a href=\"\/hu\/mezogazdasagi-ontvenyek\/\">Mez\u0151gazdas\u00e1gi<\/a><\/li>\n\n\n\n<li><a href=\"\/hu\/haszongepjarmuvek-ontese\/\">Haszonj\u00e1rm\u0171<\/a><\/li>\n\n\n\n<li><a href=\"\/hu\/nehezgepek-ontese\/\">Neh\u00e9zg\u00e9pek<\/a><\/li>\n<\/ul>\n\n\n\n<p>Folyamatos t\u00f6rekv\u00e9s\u00fcnk a jav\u00edt\u00e1sra <a href=\"\/hu\/szerszamontesi-szolgaltatasok-porcelan\/aluminium-ontveny\/\">casting<\/a> a teljes\u00edtm\u00e9ny \u00e9s a fejl\u0151d\u00e9s csak n\u00e9h\u00e1ny p\u00e9lda arra, hogy a mi <a href=\"\/hu\/ontveny-mernoki-csapat\/\">m\u00e9rn\u00f6ki tev\u00e9kenys\u00e9g<\/a> \u00e9s gy\u00e1rt\u00e1si tapasztalatunk jelent\u0151s hozz\u00e1adott \u00e9rt\u00e9ket teremt minden \u00fcgyfel\u00fcnk sz\u00e1m\u00e1ra. Aut\u00f3ipari \u00fcgyfeleink sz\u00e1m\u00e1ra nagy tapasztalatot ny\u00fajtunk a prec\u00edzi\u00f3s \u00f6ntv\u00e9nyek gy\u00e1rt\u00e1s\u00e1ban, amelyeket a k\u00f6vetkez\u0151kben haszn\u00e1lnak fel <a href=\"\/hu\/aluminium-tolo-alatetek-ontveny\/\">hajt\u00e1sl\u00e1nc alkalmaz\u00e1sok<\/a>. Ezekben az OEM ipar\u00e1gakban a nagy volumen\u0171 ell\u00e1t\u00e1s kritikus fontoss\u00e1g\u00fa a projektig\u00e9nyek fenntart\u00e1s\u00e1hoz.<\/p>\n\n\n\n<p>Az \u00e1ltalunk vil\u00e1gszerte kiszolg\u00e1lt OEM \u00fcgyfelek k\u00f6z\u00e9 tartoznak:<\/p>\n\n\n\n<figure class=\"wp-block-image aligncenter size-full\"><img fetchpriority=\"high\" decoding=\"async\" width=\"875\" height=\"381\" src=\"https:\/\/www.diecastingschina.com\/wp-content\/uploads\/2025\/02\/ningbo-xusheng-machinery-customers.jpg\" alt=\"\" class=\"wp-image-711\" title=\"Ningbo Xusheng Machinery \u00dcgyfelek\" srcset=\"https:\/\/www.diecastingschina.com\/wp-content\/uploads\/2025\/02\/ningbo-xusheng-machinery-customers.jpg 875w, https:\/\/www.diecastingschina.com\/wp-content\/uploads\/2025\/02\/ningbo-xusheng-machinery-customers-300x131.jpg 300w, https:\/\/www.diecastingschina.com\/wp-content\/uploads\/2025\/02\/ningbo-xusheng-machinery-customers-768x334.jpg 768w\" sizes=\"(max-width: 875px) 100vw, 875px\" \/><\/figure>\n\n\n\n<h3 class=\"wp-block-heading\">B\u00e1rmelyik piacot is k\u00e9pviseli, <a href=\"\/hu\/erintkezes-szerszamontvenyek-porcelan\/\">l\u00e9pjen kapcsolatba vel\u00fcnk m\u00e9g ma, hogy megtudja, hogyan profit\u00e1lhat<\/a>.<\/h3>\n\n\n\n<figure class=\"wp-block-image aligncenter size-full\"><a href=\"\/hu\/erintkezes-szerszamontvenyek-porcelan\/\"><img decoding=\"async\" width=\"940\" height=\"80\" src=\"https:\/\/www.diecastingschina.com\/wp-content\/uploads\/2025\/02\/satisfaction.jpg\" alt=\"\" class=\"wp-image-652\" title=\"K\u00e9rjen \u00e1raj\u00e1nlatot \u00e9s kezdje el m\u00e9g ma\" srcset=\"https:\/\/www.diecastingschina.com\/wp-content\/uploads\/2025\/02\/satisfaction.jpg 940w, https:\/\/www.diecastingschina.com\/wp-content\/uploads\/2025\/02\/satisfaction-300x26.jpg 300w, https:\/\/www.diecastingschina.com\/wp-content\/uploads\/2025\/02\/satisfaction-768x65.jpg 768w\" sizes=\"(max-width: 940px) 100vw, 940px\" \/><\/a><\/figure>","protected":false},"excerpt":{"rendered":"<p>Die Castings China provides an all-in-one service for the most demanding and difficult industry applications. We serve OEM customers in the United States in Mexico. Our custom application types are limitless, especially since we service the Automotive Industry \u2013 which uses the most aluminum die cast parts of any commodity type. Our main aluminum and [&hellip;]<\/p>\n","protected":false},"author":3,"featured_media":0,"parent":0,"menu_order":0,"comment_status":"closed","ping_status":"closed","template":"","meta":{"footnotes":""},"class_list":["post-708","page","type-page","status-publish","hentry"],"_links":{"self":[{"href":"https:\/\/www.diecastingschina.com\/hu\/wp-json\/wp\/v2\/pages\/708","targetHints":{"allow":["GET"]}}],"collection":[{"href":"https:\/\/www.diecastingschina.com\/hu\/wp-json\/wp\/v2\/pages"}],"about":[{"href":"https:\/\/www.diecastingschina.com\/hu\/wp-json\/wp\/v2\/types\/page"}],"author":[{"embeddable":true,"href":"https:\/\/www.diecastingschina.com\/hu\/wp-json\/wp\/v2\/users\/3"}],"replies":[{"embeddable":true,"href":"https:\/\/www.diecastingschina.com\/hu\/wp-json\/wp\/v2\/comments?post=708"}],"version-history":[{"count":0,"href":"https:\/\/www.diecastingschina.com\/hu\/wp-json\/wp\/v2\/pages\/708\/revisions"}],"wp:attachment":[{"href":"https:\/\/www.diecastingschina.com\/hu\/wp-json\/wp\/v2\/media?parent=708"}],"curies":[{"name":"wp","href":"https:\/\/api.w.org\/{rel}","templated":true}]}}