{"id":695,"date":"2025-02-28T10:09:04","date_gmt":"2025-02-28T10:09:04","guid":{"rendered":"https:\/\/www.diecastingschina.com\/?page_id=695"},"modified":"2025-10-10T05:04:14","modified_gmt":"2025-10-10T05:04:14","slug":"robbantasi-szolgaltatasok","status":"publish","type":"page","link":"https:\/\/www.diecastingschina.com\/hu\/ontveny-megmunkalas-kinaban\/robbantasi-szolgaltatasok\/","title":{"rendered":"Homok- \u00e9s l\u00f6ved\u00e9kf\u00fav\u00e1s"},"content":{"rendered":"<figure class=\"wp-block-image alignright size-full\"><img fetchpriority=\"high\" decoding=\"async\" width=\"350\" height=\"271\" src=\"https:\/\/www.diecastingschina.com\/wp-content\/uploads\/2025\/02\/shot-blasting-services-die-casting-1.jpg\" alt=\"\" class=\"wp-image-698\" title=\"L\u00e9gf\u00fav\u00e1si szolg\u00e1ltat\u00e1sok \u00f6nt\u00e9si projektekhez\" srcset=\"https:\/\/www.diecastingschina.com\/wp-content\/uploads\/2025\/02\/shot-blasting-services-die-casting-1.jpg 350w, https:\/\/www.diecastingschina.com\/wp-content\/uploads\/2025\/02\/shot-blasting-services-die-casting-1-300x232.jpg 300w\" sizes=\"(max-width: 350px) 100vw, 350px\" \/><\/figure>\n\n\n\n<p>Az \u00f6nt\u00e9ses l\u00f6ved\u00e9kf\u00fav\u00e1s egy <a href=\"\/hu\/ontveny-megmunkalas-kinaban\/\">ut\u00f3munka befejez\u0151 szolg\u00e1ltat\u00e1s<\/a> amelyet egy \u00f6ntv\u00e9nydarab fel\u00fclet\u00e9nek meghat\u00e1rozott mennyis\u00e9g\u0171 csiszol\u00f3anyaggal t\u00f6rt\u00e9n\u0151 gyors \u00fct\u00f6get\u00e9s\u00e9vel dolgoznak fel. Ez gyorsabb \u00e9s hat\u00e9konyabb folyamatot eredm\u00e9nyez, mint a reszel\u00e9s, amely az \u00f6nt\u00f6tt alkatr\u00e9szen a cink- vagy a cink- vagy <a href=\"\/hu\/szerszamontesi-szolgaltatasok-porcelan\/aluminium-ontveny\/\">alum\u00ednium \u00f6nt\u00e9si folyamat<\/a>. Nagyon speci\u00e1lis t\u00edpus\u00fa \u00e9s mennyis\u00e9g\u0171 l\u00f6ved\u00e9kanyag felhaszn\u00e1l\u00e1s\u00e1val, <a href=\"https:\/\/www.diecastingschina.com\/hu\">Die Castings K\u00edna<\/a> lehet <strong>l\u00f6v\u00e9s robban\u00e1s<\/strong> minden m\u00e9ret\u0171 \u00e9s form\u00e1j\u00fa alkatr\u00e9sz. P\u00e9ld\u00e1ul apr\u00f3 ac\u00e9ls\u00f6r\u00e9tet haszn\u00e1lnak, hogy nagyon csiszolt \u00e9s sima fel\u00fcletet hozzanak l\u00e9tre. A nagyobb m\u00e9ret\u0171 s\u00f6r\u00e9tek agressz\u00edvan elt\u00e1vol\u00edthatj\u00e1k az er\u0151s csillog\u00e1st.<\/p>\n\n\n\n<h2 class=\"wp-block-heading\">A s\u00f6r\u00e9tf\u00fav\u00e1s ide\u00e1lis a k\u00f6vetkez\u0151 alkalmaz\u00e1sokhoz:<\/h2>\n\n\n\n<ul class=\"wp-block-list\">\n<li>A f\u00e9m f\u00e1rad\u00e1si \u00e9lettartam\u00e1nak n\u00f6vel\u00e9se<\/li>\n\n\n\n<li>V\u00edzk\u0151mentes\u00edt\u00e9s (a h\u0151kezelt v\u00edzk\u0151 elt\u00e1vol\u00edt\u00e1sa)<\/li>\n\n\n\n<li>A vaku elt\u00e1vol\u00edt\u00e1sa<\/li>\n\n\n\n<li>A term\u00e9k fel\u00fclet\u00e9nek text\u00far\u00e1z\u00e1sa a fokozott tapad\u00e1s \u00e9rdek\u00e9ben<\/li>\n\n\n\n<li>Text\u00far\u00e1z\u00e1s a jobb mechanikai m\u0171k\u00f6d\u00e9s \u00e9rdek\u00e9ben<\/li>\n\n\n\n<li>Kiv\u00e1l\u00f3 min\u0151s\u00e9g\u0171 kozmetikai fel\u00fclet el\u0151\u00e1ll\u00edt\u00e1sa<\/li>\n<\/ul>\n\n\n\n<p><strong>Az \u00e1ltalunk haszn\u00e1lt csiszol\u00f3anyagok t\u00edpusai a k\u00f6vetkez\u0151k:<\/strong><\/p>\n\n\n\n<p><em>Akril<\/em> - A legl\u00e1gyabb (m\u0171anyag csal\u00e1dba tartoz\u00f3) csiszol\u00f3anyag, amelyet nagyon \u00e9rz\u00e9keny fel\u00fcletekhez haszn\u00e1lnak. 5-\u00f6s t\u00edpus\u00fa, legtart\u00f3sabb m\u0171anyag csiszol\u00f3anyag - mik\u00f6zben m\u00e9g mindig hat\u00e9kony csiszol\u00e1si sebess\u00e9get biztos\u00edt.<\/p>\n\n\n\n<p><em>Alum\u00ednium-oxid<\/em> - \u00c9les, hossz\u00fa \u00e9lettartam\u00fa csiszol\u00f3anyag, amely t\u00f6bb cikluson kereszt\u00fcl \u00fajra felhaszn\u00e1lhat\u00f3. Az alum\u00ednium-oxid k\u00fcl\u00f6nb\u00f6z\u0151 m\u00e9retekben kaphat\u00f3, \u00e9s sokkal kem\u00e9nyebb, mint a legt\u00f6bb sz\u00e1raz csiszol\u00f3anyag, \u00e9s k\u00e9pes a legkem\u00e9nyebb f\u00e9mt\u00edpusok \u00e9s fel\u00fcletek v\u00e1g\u00e1s\u00e1ra.<\/p>\n\n\n\n<p><em>Kukoricacsutka<\/em> - Biol\u00f3giailag leboml\u00f3 f\u00fav\u00f3anyag, amely nem vetemedik \u00e9s nem karcolja meg a f\u00favand\u00f3 fel\u00fcletet. Ez a csiszol\u00f3anyag-t\u00edpus t\u00f6k\u00e9letesen alkalmas v\u00e9kony f\u00e9mekhez \u00e9s m\u0171anyagokhoz.<\/p>\n\n\n\n<p><em>Z\u00fazott \u00fcvegszemcse \u00e9s \u00fcveggy\u00f6ngy\u00f6k<\/em> - szil\u00edcium-dioxid-mentes, fogy\u00f3 csiszol\u00f3anyag, amely agressz\u00edv fel\u00fcleti profiloz\u00e1st \u00e9s bevonatelt\u00e1vol\u00edt\u00e1st k\u00edn\u00e1l. Ez az anyag teljes eg\u00e9sz\u00e9ben \u00fajrahasznos\u00edtott \u00fcvegb\u0151l k\u00e9sz\u00fcl, \u00e9s arr\u00f3l ismert, hogy a salakos\/\u00e1sv\u00e1nyi csiszol\u00f3anyagokhoz vagy sz\u00f6gletes csiszol\u00f3anyagokhoz k\u00e9pest f\u00e9nyesebb, nagyon tiszta fel\u00fcletet eredm\u00e9nyez. Az \u00fcveggy\u00f6ngy\u00f6k ak\u00e1r harminc f\u00fav\u00e1si ciklusban is \u00fajrahasznos\u00edthat\u00f3k.<\/p>\n\n\n\n<p><em>Melamin<\/em> - A legkem\u00e9nyebb m\u0171anyagcsal\u00e1d csiszol\u00f3anyagai, amelyek a sebess\u00e9g, a teljes\u00edtm\u00e9ny \u00e9s a k\u00f6lts\u00e9ghat\u00e9konys\u00e1g t\u00f6k\u00e9letes egyens\u00faly\u00e1t k\u00edn\u00e1lj\u00e1k. A melamin k\u00fcl\u00f6n\u00f6sen ide\u00e1lis az olyan projektekhez, amelyekn\u00e9l nagy lecsiszol\u00e1si sebess\u00e9gre van sz\u00fcks\u00e9g, a felsz\u00edn alatti fel\u00fclet k\u00e1rosod\u00e1sa n\u00e9lk\u00fcl.<\/p>\n\n\n\n<p><em>Pumice<\/em> - Ez a legpuh\u00e1bb robbant\u00e1si anyag. A habk\u0151 azonban kiv\u00e1l\u00f3 lecsiszol\u00e1si funkci\u00f3t biztos\u00edt. Kiv\u00e1l\u00f3an alkalmas alum\u00ednium f\u00fav\u00e1s\u00e1ra a fest\u00e9k \u00e9s a bevonatok elt\u00e1vol\u00edt\u00e1s\u00e1ra, az aljzatra gyakorolt hat\u00e1s n\u00e9lk\u00fcl.<\/p>\n\n\n\n<p><em>Szil\u00edcium-karbid<\/em> - A Die Castings USA-n\u00e1l kaphat\u00f3 legkem\u00e9nyebb sug\u00e1rz\u00f3anyag. Nagyon gyors v\u00e1g\u00e1si sebess\u00e9get biztos\u00edt, sokkal t\u00f6bbsz\u00f6r haszn\u00e1lhat\u00f3 \u00fajra, mint a homok \u00e9s az alum\u00ednium-oxid. A szil\u00edciumkarbid kem\u00e9nys\u00e9ge sokkal r\u00f6videbb f\u00fav\u00e1si id\u0151t \u00e9s alacsonyabb \u00f3r\u00e1nk\u00e9nti \u00f6sszk\u00f6lts\u00e9get tesz lehet\u0151v\u00e9 m\u00e1s t\u00edpusokhoz k\u00e9pest.<\/p>\n\n\n\n<p><em>Ac\u00e9lszemcse<\/em> - Sz\u00f6gletes sz\u00e9nac\u00e9l; a fel\u00fcleti szennyez\u0151d\u00e9sek hat\u00e9kony \u00e9s gyors elt\u00e1vol\u00edt\u00e1s\u00e1ra tervezt\u00e9k a f\u00e9mekr\u0151l. Sokkal puh\u00e1bb, mint az alum\u00ednium-oxid. Szint\u00e9n sokkal kisebb a t\u00f6r\u00e9s val\u00f3sz\u00edn\u0171s\u00e9ge, mik\u00f6zben maratott fel\u00fcletet biztos\u00edt a bevonat jobb tapad\u00e1sa \u00e9rdek\u00e9ben.<\/p>\n\n\n\n<p>Ac\u00e9ls\u00f6r\u00e9t - Ez a legjobb m\u00f3dszer a h\u00e1moz\u00e1shoz, hogy tiszta, sima \u00e9s pol\u00edrozott fel\u00fcletet biztos\u00edtson. A nagyon sima \u00e9s neh\u00e9z l\u00f6ved\u00e9k t\u00f6bb mint 3000-szer \u00fajrahasznos\u00edthat\u00f3 az \u00f6nt\u00f6tt alkatr\u00e9szek eset\u00e9ben. Tov\u00e1bbi el\u0151ny\u00f6k k\u00f6z\u00e9 tartozik a l\u00f6ved\u00e9kf\u00fav\u00e1s sor\u00e1n keletkez\u0151 minim\u00e1lis por \u00e9s a term\u00e9k fel\u00fclet\u00e9nek megn\u00f6vekedett nyom\u00f3szil\u00e1rds\u00e1ga.<\/p>\n\n\n\n<p>Karbamid - messze a leggyakrabban haszn\u00e1lt m\u0171anyag t\u00edpus. V\u00e1ltoz\u00f3 m\u00e9retben testreszabhat\u00f3, hogy hat\u00e9kony elt\u00e1vol\u00edt\u00e1si sebess\u00e9get biztos\u00edtson, mik\u00f6zben megakad\u00e1lyozza az anyag vetemed\u00e9s\u00e9t vagy az aljzat fel\u00fcleti s\u00e9r\u00fcl\u00e9s\u00e9t.<\/p>\n\n\n\n<p>Walnut Shell Grit - sokoldal\u00fa szerves csiszol\u00f3anyag t\u00edpus. Nagyon k\u00f6lts\u00e9ghat\u00e9kony l\u00f6ved\u00e9kf\u00fav\u00f3 anyagk\u00e9nt haszn\u00e1lj\u00e1k t\u00f6r\u00e9keny m\u0171veletekhez, amelyekhez agressz\u00edv csiszol\u00e1sra van sz\u00fcks\u00e9g a hordoz\u00f3anyag befoly\u00e1sol\u00e1sa n\u00e9lk\u00fcl.<\/p>\n\n\n\n<figure class=\"wp-block-image aligncenter size-full\"><a href=\"\/hu\/erintkezes-szerszamontvenyek-porcelan\/\"><img decoding=\"async\" width=\"940\" height=\"80\" src=\"https:\/\/www.diecastingschina.com\/wp-content\/uploads\/2025\/02\/satisfaction.jpg\" alt=\"\" class=\"wp-image-652\" title=\"K\u00e9rjen \u00e1raj\u00e1nlatot \u00e9s kezdje el m\u00e9g ma\" srcset=\"https:\/\/www.diecastingschina.com\/wp-content\/uploads\/2025\/02\/satisfaction.jpg 940w, https:\/\/www.diecastingschina.com\/wp-content\/uploads\/2025\/02\/satisfaction-300x26.jpg 300w, https:\/\/www.diecastingschina.com\/wp-content\/uploads\/2025\/02\/satisfaction-768x65.jpg 768w\" sizes=\"(max-width: 940px) 100vw, 940px\" \/><\/a><\/figure>","protected":false},"excerpt":{"rendered":"<p>Casting shot blasting is a post-production finishing service that is processed through the rapid impacting of a casting part\u2019s surface with a defined amount of abrasive material. This results in a faster and more efficient process when compared to filing for flash removal that remained on a die cast component after the zinc or aluminum [&hellip;]<\/p>\n","protected":false},"author":3,"featured_media":0,"parent":679,"menu_order":0,"comment_status":"closed","ping_status":"closed","template":"","meta":{"footnotes":""},"class_list":["post-695","page","type-page","status-publish","hentry"],"_links":{"self":[{"href":"https:\/\/www.diecastingschina.com\/hu\/wp-json\/wp\/v2\/pages\/695","targetHints":{"allow":["GET"]}}],"collection":[{"href":"https:\/\/www.diecastingschina.com\/hu\/wp-json\/wp\/v2\/pages"}],"about":[{"href":"https:\/\/www.diecastingschina.com\/hu\/wp-json\/wp\/v2\/types\/page"}],"author":[{"embeddable":true,"href":"https:\/\/www.diecastingschina.com\/hu\/wp-json\/wp\/v2\/users\/3"}],"replies":[{"embeddable":true,"href":"https:\/\/www.diecastingschina.com\/hu\/wp-json\/wp\/v2\/comments?post=695"}],"version-history":[{"count":0,"href":"https:\/\/www.diecastingschina.com\/hu\/wp-json\/wp\/v2\/pages\/695\/revisions"}],"up":[{"embeddable":true,"href":"https:\/\/www.diecastingschina.com\/hu\/wp-json\/wp\/v2\/pages\/679"}],"wp:attachment":[{"href":"https:\/\/www.diecastingschina.com\/hu\/wp-json\/wp\/v2\/media?parent=695"}],"curies":[{"name":"wp","href":"https:\/\/api.w.org\/{rel}","templated":true}]}}