{"id":679,"date":"2025-02-28T09:59:56","date_gmt":"2025-02-28T09:59:56","guid":{"rendered":"https:\/\/www.diecastingschina.com\/?page_id=679"},"modified":"2025-10-10T05:06:30","modified_gmt":"2025-10-10T05:06:30","slug":"ontveny-megmunkalas-kinaban","status":"publish","type":"page","link":"https:\/\/www.diecastingschina.com\/hu\/ontveny-megmunkalas-kinaban\/","title":{"rendered":"Megmunk\u00e1l\u00e1s \u00e9s m\u00e1sodlagos befejez\u0151 szolg\u00e1ltat\u00e1sok"},"content":{"rendered":"<p>Az OEM-\u00fcgyfelek rendszeresen keresnek teljes k\u00f6r\u0171 (all-in-one-house) besz\u00e1ll\u00edt\u00f3t egyedi term\u00e9keikhez. A Die Castings USA a m\u00e1sodlagos szolg\u00e1ltat\u00e1sok finomhangolt list\u00e1j\u00e1nak biztos\u00edt\u00e1s\u00e1val szolg\u00e1lja ki ezt a vev\u0151i ig\u00e9nyt.<\/p>\n\n\n\n<p>Az ind\u00edt\u00e1si vagy t\u00f6bbszersz\u00e1mos m\u0171veletekhez CNC-berendez\u00e9seinket haszn\u00e1ljuk, amelyek lehet\u0151v\u00e9 teszik csapatunk sz\u00e1m\u00e1ra, hogy a m\u00e1sodlagos megmunk\u00e1l\u00e1st egy \u00e1llom\u00e1son v\u00e9gezz\u00e9k el. A  oldalon <a href=\"https:\/\/www.diecastingschina.com\/hu\">Die Castings K\u00edna<\/a>, testre szabjuk megmunk\u00e1l\u00e1si szolg\u00e1ltat\u00e1sainkat, hogy hat\u00e9konyan megfeleljenek a szigor\u00fa t\u0171r\u00e9shat\u00e1roknak \u00e9s a projekt k\u00f6vetelm\u00e9nyeinek.<\/p>\n\n\n\n<p>Az \u00f6sszes h\u00e1zon bel\u00fcli megmunk\u00e1l\u00e1st \u00e9s m\u00e1sodlagos szolg\u00e1ltat\u00e1st t\u00f6bb mint 40 import\u00e1lt CNC megmunk\u00e1l\u00f3k\u00f6zpont, 30 esztergag\u00e9p-k\u00e9szlet \u00e9s k\u00fcl\u00f6nf\u00e9le \u00e1ltal\u00e1nos feldolgoz\u00f3 berendez\u00e9sek - a f\u00fav\u00f3g\u00e9pekt\u0151l az Ultra Sonic mos\u00f3g\u00e9pekig - v\u00e9gzik. Az ipar\u00e1gban vezet\u0151 l\u00e9tes\u00edtm\u00e9ny\u00fcnk rendelkezik a m\u00e9rn\u00f6k\u00f6k, kezel\u0151k \u00e9s ellen\u0151r\u00f6k tapasztalt csapat\u00e1val, hogy az alkatr\u00e9szt h\u00e1zon bel\u00fcl fejezz\u00fck be, \u00e9s elker\u00fclj\u00fck a k\u00fcls\u0151 besz\u00e1ll\u00edt\u00f3kkal j\u00e1r\u00f3 t\u00f6bbletk\u00f6lts\u00e9geket. Amint az al\u00e1bbi k\u00e9peken is l\u00e1that\u00f3, gy\u00e1rt\u00f3\u00fczem\u00fcnk nagy r\u00e9sz\u00e9t a megmunk\u00e1l\u00e1si \u00e9s befejez\u0151 szolg\u00e1ltat\u00e1soknak szentelj\u00fck.<\/p>\n\n\n\n<p>A megmunk\u00e1l\u00e1si szolg\u00e1ltat\u00e1sok a k\u00ednai l\u00e9tes\u00edtm\u00e9ny\u00fcnk egyik f\u0151 el\u0151nye. Az OEM alkatr\u00e9szek megmunk\u00e1l\u00e1sa automatiz\u00e1lt \u00e9s felhaszn\u00e1l\u00f3 \u00e1ltal m\u0171k\u00f6dtetett CNC megmunk\u00e1l\u00e1ssal t\u00f6rt\u00e9nik (a CNC berendez\u00e9sek t\u00edpusai: v\u00edzszintes, f\u00fcgg\u0151leges vagy 5 tengelyes). Ezek a m\u00e1sodlagos szolg\u00e1ltat\u00e1si m\u0171veletek magukban foglalhatj\u00e1k a k\u00f6sz\u00f6r\u00fcl\u00e9st, a trimmel\u00e9st, a s\u00f6rtelen\u00edt\u00e9st, a vibr\u00e1ci\u00f3s ut\u00f3munk\u00e1latokat, a mar\u00e1st, a f\u00far\u00e1st, a menetf\u00far\u00e1st, a menetv\u00e1g\u00e1st, a pol\u00edroz\u00e1st, a nyom\u00e1spr\u00f3b\u00e1t, az ultramos\u00e1st \u00e9s a v\u00e9gs\u0151 \u00f6sszeszerel\u00e9st. Ez csak n\u00e9h\u00e1ny a m\u00e1sodlagos gy\u00e1rt\u00e1si szolg\u00e1ltat\u00e1saink k\u00f6z\u00fcl.<\/p>\n\n\n\n<p>H\u0151kezel\u00e9si lehet\u0151s\u00e9geink k\u00f6z\u00e9 tartozik: T4, T5, T6 \u00e9s T7. Ezek a kezel\u00e9si szolg\u00e1ltat\u00e1sok lehet\u0151v\u00e9 teszik a term\u00e9k hegeszthet\u0151s\u00e9g\u00e9t, szegecsel\u00e9ssel \u00e9s ragaszt\u00e1ssal t\u00f6rt\u00e9n\u0151 illeszt\u00e9s\u00e9t, valamint az alacsony porozit\u00e1s\u00fa form\u00e1kat.<\/p>\n\n\n\n<p>Emellett teljes k\u00f6r\u0171en biztos\u00edtjuk az \u00fcgyf\u00e9l specifik\u00e1ci\u00f3inak \u00e9s ig\u00e9nyeinek megfelel\u0151, egyedi csomagol\u00e1s\u00fa szerelv\u00e9nyeket \u00e9s term\u00e9k\u00f6sszeszerel\u00e9seket.<\/p>\n\n\n\n<figure class=\"wp-block-image aligncenter size-full\"><img fetchpriority=\"high\" decoding=\"async\" width=\"974\" height=\"250\" src=\"https:\/\/www.diecastingschina.com\/wp-content\/uploads\/2025\/02\/die-cast-machining-2.jpg\" alt=\"\" class=\"wp-image-683\" title=\"Die Cast megmunk\u00e1l\u00e1s \u00e9s m\u00e1sodlagos szolg\u00e1ltat\u00e1sok\" srcset=\"https:\/\/www.diecastingschina.com\/wp-content\/uploads\/2025\/02\/die-cast-machining-2.jpg 974w, https:\/\/www.diecastingschina.com\/wp-content\/uploads\/2025\/02\/die-cast-machining-2-300x77.jpg 300w, https:\/\/www.diecastingschina.com\/wp-content\/uploads\/2025\/02\/die-cast-machining-2-768x197.jpg 768w\" sizes=\"(max-width: 974px) 100vw, 974px\" \/><\/figure>\n\n\n\n<h2 class=\"wp-block-heading\">Megmunk\u00e1l\u00e1si \u00e9s m\u00e1sodlagos szolg\u00e1ltat\u00e1saink teljes list\u00e1ja a k\u00f6vetkez\u0151ket tartalmazza:<\/h2>\n\n\n\n<ul class=\"wp-block-list\">\n<li>Kr\u00f3moz\u00e1s<\/li>\n\n\n\n<li>CNC megmunk\u00e1l\u00e1s<\/li>\n\n\n\n<li><a href=\"\/hu\/ontveny-megmunkalas-kinaban\/sorjazasi-szolgaltatasok\/\">Elt\u00e1vol\u00edt\u00e1s<\/a><\/li>\n\n\n\n<li>Elektrosztatikus fest\u00e9s<\/li>\n\n\n\n<li><a href=\"\/hu\/ontveny-megmunkalas-kinaban\/aluminium-hokezelese\/\">H\u0151kezel\u00e9s<\/a><\/li>\n\n\n\n<li><a href=\"\/hu\/ontveny-megmunkalas-kinaban\/vakuum-impregnalas\/\">Impregn\u00e1l\u00e1s<\/a><\/li>\n\n\n\n<li>Pol\u00edroz\u00e1s<\/li>\n\n\n\n<li>Porbevonat<\/li>\n\n\n\n<li><a href=\"\/hu\/ontveny-megmunkalas-kinaban\/robbantasi-szolgaltatasok\/\">L\u00f6ved\u00e9kf\u00fav\u00e1s<\/a><\/li>\n\n\n\n<li>Homokf\u00fav\u00e1s<\/li>\n\n\n\n<li>Ultrahangos mos\u00e1s<\/li>\n\n\n\n<li>Nedves fest\u00e9s<\/li>\n\n\n\n<li><a href=\"https:\/\/www.diecastingschina.com\/hu\/eloxalas-ontott-aluminium\/\">Die Casting alum\u00ednium elox\u00e1l\u00e1s<\/a> <\/li>\n<\/ul>\n\n\n\n<p><em>Ultra Sonic mos\u00f3g\u00e9p | alkatr\u00e9szek cellagy\u00e1rt\u00e1sa a General Motors sz\u00e1m\u00e1ra<\/em><\/p>\n\n\n\n<figure class=\"wp-block-image aligncenter size-full\"><img decoding=\"async\" width=\"974\" height=\"250\" src=\"https:\/\/www.diecastingschina.com\/wp-content\/uploads\/2025\/02\/new-machines.jpg\" alt=\"\" class=\"wp-image-682\" title=\"Ultra Sonic mos\u00f3g\u00e9p | alkatr\u00e9szek cellagy\u00e1rt\u00e1sa a General Motors sz\u00e1m\u00e1ra\" srcset=\"https:\/\/www.diecastingschina.com\/wp-content\/uploads\/2025\/02\/new-machines.jpg 974w, https:\/\/www.diecastingschina.com\/wp-content\/uploads\/2025\/02\/new-machines-300x77.jpg 300w, https:\/\/www.diecastingschina.com\/wp-content\/uploads\/2025\/02\/new-machines-768x197.jpg 768w\" sizes=\"(max-width: 974px) 100vw, 974px\" \/><\/figure>\n\n\n\n<p><strong>CNC megmunk\u00e1l\u00f3 k\u00f6zpontok list\u00e1ja<\/strong><\/p>\n\n\n\n<ul class=\"wp-block-list\">\n<li>(2) Haoyang A-650<\/li>\n\n\n\n<li>(1) Haoyang AS-500T<\/li>\n\n\n\n<li>(2) Orient (Shanghai) Machinery Technical Center TC-S2A-0<\/li>\n\n\n\n<li>(8) Mazak VTC-160AN<\/li>\n\n\n\n<li>(8) \u00c9rz\u00e9kel\u0151 VM-32SA<\/li>\n\n\n\n<li>(1) Feeler VM-32S<\/li>\n\n\n\n<li>(4) Hundai-kia VX400FOi-MC<\/li>\n\n\n\n<li>(4) Hundai-kia VX500FOi-MC<\/li>\n\n\n\n<li>(3) Hundai-kia VX500<\/li>\n\n\n\n<li>(1) Hundai-kia VB-610<\/li>\n\n\n\n<li>(1) Hundai-kia QM-32<\/li>\n\n\n\n<li>(1) Leaderway Machinery Tajvan MV-1100<\/li>\n\n\n\n<li>(2) Akira Seiki V2.5XP<\/li>\n\n\n\n<li>(2) Hision HTM-850G<\/li>\n<\/ul>\n\n\n\n<p><strong>CNC esztergag\u00e9pek list\u00e1ja<\/strong><\/p>\n\n\n\n<ul class=\"wp-block-list\">\n<li>(5) Kaida CK6136S<\/li>\n\n\n\n<li>(6) Kaida CK6125S<\/li>\n\n\n\n<li>(2) Kaida KDCK-25<\/li>\n\n\n\n<li>(1) Yaofa CJK0640<\/li>\n\n\n\n<li>(2) Yunnan Cy csoport CYNC-360TE<\/li>\n\n\n\n<li>(9) Hision HTM-TC16<\/li>\n\n\n\n<li>(2) Hision HTM-TC25<\/li>\n\n\n\n<li>(8) Xknc L20<\/li>\n\n\n\n<li>(1) Xknc L21<\/li>\n\n\n\n<li>(1) Xknc L22<\/li>\n\n\n\n<li>(1) Xknc L23<\/li>\n<\/ul>\n\n\n\n<p><strong>L\u00f6ved\u00e9kf\u00fav\u00f3g\u00e9pek list\u00e1ja<\/strong><\/p>\n\n\n\n<ul class=\"wp-block-list\">\n<li>(2) Xingyang Machinery 316<\/li>\n<\/ul>\n\n\n\n<p><strong>Ultrahangos mos\u00f3 berendez\u00e9sek list\u00e1ja<\/strong><\/p>\n\n\n\n<ul class=\"wp-block-list\">\n<li>(1) Wxmeiji MJLH-7500B<\/li>\n\n\n\n<li>(1) Wxmeiji MJLH-6000<\/li>\n<\/ul>\n\n\n\n<p><strong>H\u0151kezel\u0151 berendez\u00e9sek list\u00e1ja<\/strong><\/p>\n\n\n\n<ul class=\"wp-block-list\">\n<li>(1) Zhejiang Sanmen Sanli Sanli permetez\u0151 \u00e9s \u00f6nt\u0151berendez\u00e9sek gy\u00e1ra HK-435<\/li>\n<\/ul>\n\n\n\n<figure class=\"wp-block-embed is-type-video is-provider-youtube wp-block-embed-youtube wp-embed-aspect-16-9 wp-has-aspect-ratio\"><div class=\"wp-block-embed__wrapper\">\n<iframe title=\"Die Cast megmunk\u00e1l\u00e1s \u00e9s m\u00e1sodlagos szolg\u00e1ltat\u00e1sok TS16949 QS9000 ISO14001\" width=\"800\" height=\"450\" src=\"https:\/\/www.youtube.com\/embed\/nO1VH-8_aQ4?feature=oembed\" frameborder=\"0\" allow=\"accelerometer; autoplay; clipboard-write; encrypted-media; gyroscope; picture-in-picture; web-share\" referrerpolicy=\"strict-origin-when-cross-origin\" allowfullscreen><\/iframe>\n<\/div><\/figure>\n\n\n\n<figure class=\"wp-block-image aligncenter size-full\"><a href=\"\/hu\/erintkezes-szerszamontvenyek-porcelan\/\"><img decoding=\"async\" width=\"940\" height=\"80\" src=\"https:\/\/www.diecastingschina.com\/wp-content\/uploads\/2025\/02\/satisfaction.jpg\" alt=\"\" class=\"wp-image-652\" title=\"K\u00e9rjen \u00e1raj\u00e1nlatot \u00e9s kezdje el m\u00e9g ma\" srcset=\"https:\/\/www.diecastingschina.com\/wp-content\/uploads\/2025\/02\/satisfaction.jpg 940w, https:\/\/www.diecastingschina.com\/wp-content\/uploads\/2025\/02\/satisfaction-300x26.jpg 300w, https:\/\/www.diecastingschina.com\/wp-content\/uploads\/2025\/02\/satisfaction-768x65.jpg 768w\" sizes=\"(max-width: 940px) 100vw, 940px\" \/><\/a><\/figure>","protected":false},"excerpt":{"rendered":"<p>OEM customers are regularly seeking a complete (all-in-one-house) supplier for their custom products. Die Castings USA serves this customer need by providing an fine tuned list of secondary services. For start-up or multi-tool operations we utilize our CNC equipment, allowing our team to complete secondary machining at one station. At Die Castings China, we customize [&hellip;]<\/p>\n","protected":false},"author":3,"featured_media":0,"parent":0,"menu_order":0,"comment_status":"closed","ping_status":"closed","template":"","meta":{"footnotes":""},"class_list":["post-679","page","type-page","status-publish","hentry"],"_links":{"self":[{"href":"https:\/\/www.diecastingschina.com\/hu\/wp-json\/wp\/v2\/pages\/679","targetHints":{"allow":["GET"]}}],"collection":[{"href":"https:\/\/www.diecastingschina.com\/hu\/wp-json\/wp\/v2\/pages"}],"about":[{"href":"https:\/\/www.diecastingschina.com\/hu\/wp-json\/wp\/v2\/types\/page"}],"author":[{"embeddable":true,"href":"https:\/\/www.diecastingschina.com\/hu\/wp-json\/wp\/v2\/users\/3"}],"replies":[{"embeddable":true,"href":"https:\/\/www.diecastingschina.com\/hu\/wp-json\/wp\/v2\/comments?post=679"}],"version-history":[{"count":0,"href":"https:\/\/www.diecastingschina.com\/hu\/wp-json\/wp\/v2\/pages\/679\/revisions"}],"wp:attachment":[{"href":"https:\/\/www.diecastingschina.com\/hu\/wp-json\/wp\/v2\/media?parent=679"}],"curies":[{"name":"wp","href":"https:\/\/api.w.org\/{rel}","templated":true}]}}