{"id":739,"date":"2025-02-28T10:35:55","date_gmt":"2025-02-28T10:35:55","guid":{"rendered":"https:\/\/www.diecastingschina.com\/?page_id=739"},"modified":"2025-02-28T10:36:21","modified_gmt":"2025-02-28T10:36:21","slug":"usa-mexico-bureaux","status":"publish","type":"page","link":"https:\/\/www.diecastingschina.com\/fr\/cnm-tech-die-casting-china\/usa-mexico-bureaux\/","title":{"rendered":"Bureaux USA \/ Mexique"},"content":{"rendered":"<p>Pour de nombreux fabricants d'\u00e9quipements d'origine, la mise en production de produits bon march\u00e9 et de haute qualit\u00e9 sans probl\u00e8mes de stockage est un probl\u00e8me constant. Le fait de ne pas disposer des pi\u00e8ces les plus petites et les plus simples peut entra\u00eener l'arr\u00eat de toute une cha\u00eene de production, ce qui cr\u00e9e un stress chez l'acheteur qui doit commander des pi\u00e8ces de derni\u00e8re minute \u00e0 des co\u00fbts suppl\u00e9mentaires.<\/p>\n\n\n\n<h2 class=\"wp-block-heading\">Vous avez du mal \u00e0 r\u00e9pondre \u00e0 la demande en commandant toujours des pi\u00e8ces en rupture de stock ?<\/h2>\n\n\n\n<p>En \u00e9tablissant une liste des pi\u00e8ces de production et des taux d'utilisation estim\u00e9s, nous convenons d'un bon de commande avec la dur\u00e9e du contrat et le montant \u00e0 ne pas d\u00e9passer. L'ensemble de votre stock est g\u00e9r\u00e9 dans notre <strong>Entrep\u00f4ts de 50 000 pieds carr\u00e9s ou 75 000 pieds carr\u00e9s<\/strong>Vous pouvez ainsi commander rapidement vos produits en fonction de vos besoins.<\/p>\n\n\n\n<figure class=\"wp-block-image aligncenter size-full\"><a href=\"\/fr\/contact-die-castings-china\/\"><img fetchpriority=\"high\" decoding=\"async\" width=\"940\" height=\"80\" src=\"https:\/\/www.diecastingschina.com\/wp-content\/uploads\/2025\/02\/satisfaction.jpg\" alt=\"\" class=\"wp-image-652\" title=\"Demandez un devis et commencez d\u00e8s aujourd&#039;hui\" srcset=\"https:\/\/www.diecastingschina.com\/wp-content\/uploads\/2025\/02\/satisfaction.jpg 940w, https:\/\/www.diecastingschina.com\/wp-content\/uploads\/2025\/02\/satisfaction-300x26.jpg 300w, https:\/\/www.diecastingschina.com\/wp-content\/uploads\/2025\/02\/satisfaction-768x65.jpg 768w\" sizes=\"(max-width: 940px) 100vw, 940px\" \/><\/a><\/figure>","protected":false},"excerpt":{"rendered":"<p>For many original equipment manufacturers, getting low-cost, high quality products onto the production floor without stocking issues is an constant issue. Not having the smallest, simplest parts available, can shutdown an entire production line \u2013 creating purchaser stress by ordering last second parts at extra costs. Are you struggling with demand by always ordering out-of-stock [&hellip;]<\/p>\n","protected":false},"author":3,"featured_media":0,"parent":714,"menu_order":0,"comment_status":"closed","ping_status":"closed","template":"","meta":{"footnotes":""},"class_list":["post-739","page","type-page","status-publish","hentry"],"_links":{"self":[{"href":"https:\/\/www.diecastingschina.com\/fr\/wp-json\/wp\/v2\/pages\/739","targetHints":{"allow":["GET"]}}],"collection":[{"href":"https:\/\/www.diecastingschina.com\/fr\/wp-json\/wp\/v2\/pages"}],"about":[{"href":"https:\/\/www.diecastingschina.com\/fr\/wp-json\/wp\/v2\/types\/page"}],"author":[{"embeddable":true,"href":"https:\/\/www.diecastingschina.com\/fr\/wp-json\/wp\/v2\/users\/3"}],"replies":[{"embeddable":true,"href":"https:\/\/www.diecastingschina.com\/fr\/wp-json\/wp\/v2\/comments?post=739"}],"version-history":[{"count":0,"href":"https:\/\/www.diecastingschina.com\/fr\/wp-json\/wp\/v2\/pages\/739\/revisions"}],"up":[{"embeddable":true,"href":"https:\/\/www.diecastingschina.com\/fr\/wp-json\/wp\/v2\/pages\/714"}],"wp:attachment":[{"href":"https:\/\/www.diecastingschina.com\/fr\/wp-json\/wp\/v2\/media?parent=739"}],"curies":[{"name":"wp","href":"https:\/\/api.w.org\/{rel}","templated":true}]}}