{"id":692,"date":"2025-02-28T10:06:21","date_gmt":"2025-02-28T10:06:21","guid":{"rendered":"https:\/\/www.diecastingschina.com\/?page_id=692"},"modified":"2025-02-28T10:06:52","modified_gmt":"2025-02-28T10:06:52","slug":"traitement-thermique-de-laluminium","status":"publish","type":"page","link":"https:\/\/www.diecastingschina.com\/fr\/usinage-de-pieces-moulees-sous-pression-en-chine\/traitement-thermique-de-laluminium\/","title":{"rendered":"Traitement thermique"},"content":{"rendered":"<p>Le traitement thermique est utilis\u00e9 comme <a href=\"\/fr\/usinage-de-pieces-moulees-sous-pression-en-chine\/\">processus de moulage sous pression secondaire<\/a>apr\u00e8s la phase initiale de moulage. Ce processus est utilis\u00e9 pour am\u00e9liorer les propri\u00e9t\u00e9s m\u00e9caniques et physiques d'un produit. <a href=\"\/fr\/services-de-moulage-sous-pression-en-chine\/moulage-sous-pression-de-laluminium\/\">moulage sous pression de l'aluminium<\/a>. Ce processus consiste \u00e0 chauffer et \u00e0 refroidir une pi\u00e8ce moul\u00e9e sous pression, ce qui ne modifie ni n'affecte la forme de la pi\u00e8ce. Il am\u00e9liore consid\u00e9rablement la r\u00e9sistance, la duret\u00e9 et la conductivit\u00e9 \u00e9lectrique de la pi\u00e8ce moul\u00e9e sous pression. En outre, le traitement thermique am\u00e9liore \u00e9galement l'usinage de finition des pi\u00e8ces moul\u00e9es en aluminium.<\/p>\n\n\n\n<p>Le processus de traitement thermique de l'aluminium comporte plusieurs \u00e9tapes :<\/p>\n\n\n\n<p><em>Pr\u00e9chauffage \/ Homog\u00e9n\u00e9isation<\/em> - La premi\u00e8re op\u00e9ration thermique appliqu\u00e9e aux lingots d'aluminium avant le travail \u00e0 chaud. Le principal objectif du pr\u00e9chauffage est d'am\u00e9liorer consid\u00e9rablement la maniabilit\u00e9. L'homog\u00e9n\u00e9isation permet de r\u00e9duire ou d'\u00e9liminer la s\u00e9gr\u00e9gation chimique et les structures dendritiques dans une pi\u00e8ce moul\u00e9e sous pression.<\/p>\n\n\n\n<p><em>Recuit<\/em> - Cette op\u00e9ration de traitement thermique permet d'\u00e9liminer les contraintes ou d'assouplir le mat\u00e9riau pour am\u00e9liorer la r\u00e9ponse \u00e0 l'usinage, de modifier les propri\u00e9t\u00e9s physiques ou m\u00e9caniques et de produire une structure d\u00e9finie.<\/p>\n\n\n\n<p><em>Durcissement \/ Trempe<\/em> - Le durcissement par trempe \u00e0 l'eau, trempe \u00e0 l'huile, trempe \u00e0 l'air forc\u00e9 ou trempe \u00e0 l'air calme permet d'am\u00e9liorer les propri\u00e9t\u00e9s m\u00e9caniques, la t\u00e9nacit\u00e9 et la duret\u00e9 de la structure de l'alliage d'aluminium.<\/p>\n\n\n\n<p>En conclusion, notre combinaison d'\u00e9quipements et de personnel de traitement thermique de premier ordre permet d'offrir des services de traitement thermique efficaces. Die Castings China est en mesure de proposer \u00e0 ses clients de nombreux types d'options de traitement.<\/p>\n\n\n\n<figure class=\"wp-block-image aligncenter size-full\"><a href=\"\/fr\/contact-die-castings-china\/\"><img fetchpriority=\"high\" decoding=\"async\" width=\"940\" height=\"80\" src=\"https:\/\/www.diecastingschina.com\/wp-content\/uploads\/2025\/02\/satisfaction.jpg\" alt=\"\" class=\"wp-image-652\" title=\"Demandez un devis et commencez d\u00e8s aujourd&#039;hui\" srcset=\"https:\/\/www.diecastingschina.com\/wp-content\/uploads\/2025\/02\/satisfaction.jpg 940w, https:\/\/www.diecastingschina.com\/wp-content\/uploads\/2025\/02\/satisfaction-300x26.jpg 300w, https:\/\/www.diecastingschina.com\/wp-content\/uploads\/2025\/02\/satisfaction-768x65.jpg 768w\" sizes=\"(max-width: 940px) 100vw, 940px\" \/><\/a><\/figure>","protected":false},"excerpt":{"rendered":"<p>Heat treating is used as a secondary die casting process, after the initial casting phase. This process is used to improve the mechanical and physical properties of an aluminum die casting. This process consists of the heating and cooling of a die casting, which does not change or affect the shape of a casting. This [&hellip;]<\/p>\n","protected":false},"author":3,"featured_media":0,"parent":679,"menu_order":0,"comment_status":"closed","ping_status":"closed","template":"","meta":{"footnotes":""},"class_list":["post-692","page","type-page","status-publish","hentry"],"_links":{"self":[{"href":"https:\/\/www.diecastingschina.com\/fr\/wp-json\/wp\/v2\/pages\/692","targetHints":{"allow":["GET"]}}],"collection":[{"href":"https:\/\/www.diecastingschina.com\/fr\/wp-json\/wp\/v2\/pages"}],"about":[{"href":"https:\/\/www.diecastingschina.com\/fr\/wp-json\/wp\/v2\/types\/page"}],"author":[{"embeddable":true,"href":"https:\/\/www.diecastingschina.com\/fr\/wp-json\/wp\/v2\/users\/3"}],"replies":[{"embeddable":true,"href":"https:\/\/www.diecastingschina.com\/fr\/wp-json\/wp\/v2\/comments?post=692"}],"version-history":[{"count":0,"href":"https:\/\/www.diecastingschina.com\/fr\/wp-json\/wp\/v2\/pages\/692\/revisions"}],"up":[{"embeddable":true,"href":"https:\/\/www.diecastingschina.com\/fr\/wp-json\/wp\/v2\/pages\/679"}],"wp:attachment":[{"href":"https:\/\/www.diecastingschina.com\/fr\/wp-json\/wp\/v2\/media?parent=692"}],"curies":[{"name":"wp","href":"https:\/\/api.w.org\/{rel}","templated":true}]}}