{"id":686,"date":"2025-02-28T10:04:11","date_gmt":"2025-02-28T10:04:11","guid":{"rendered":"https:\/\/www.diecastingschina.com\/?page_id=686"},"modified":"2025-02-28T10:05:23","modified_gmt":"2025-02-28T10:05:23","slug":"services-debavurage","status":"publish","type":"page","link":"https:\/\/www.diecastingschina.com\/fr\/usinage-de-pieces-moulees-sous-pression-en-chine\/services-debavurage\/","title":{"rendered":"Services d'\u00e9bavurage"},"content":{"rendered":"<p>Notre pr\u00e9cision <strong>services d'\u00e9bavurage<\/strong> sont le meilleur choix pour \u00e9liminer les bavures sur une pi\u00e8ce moul\u00e9e sous pression. Toutes les pi\u00e8ces moul\u00e9es sous pression en zinc ou en aluminium que nous fabriquons sont totalement exemptes de bavures. Ce service d'\u00e9bavurage fonctionnera de la m\u00eame mani\u00e8re, quel que soit le type de mat\u00e9riau (zinc ou aluminium).<\/p>\n\n\n\n<h2 class=\"wp-block-heading\">\u00c9bavurage par vibration<\/h2>\n\n\n\n<p>Cette option d'\u00e9bavurage sp\u00e9cifique est un processus de finition secondaire \u00e0 grande \u00e9chelle dont les r\u00e9sultats reposent sur une forte friction. Une machine sp\u00e9cialis\u00e9e est utilis\u00e9e pour fournir un mouvement vibratoire unique qui provoque une pression constante du m\u00e9dia sur les composants moul\u00e9s sous pression.<\/p>\n\n\n\n<p>Plusieurs types de supports peuvent \u00eatre utilis\u00e9s au cours de ce processus. Chacun d'entre eux fournira des r\u00e9sultats diff\u00e9rents afin d'obtenir la finition requise par les sp\u00e9cifications du plan. La finition vibratoire permet d'\u00e9liminer les bavures, les bavures et d'affiner la rugosit\u00e9 de la surface. Ce service d'\u00e9bavurage de pi\u00e8ces moul\u00e9es sous pression peut \u00e9galement servir de.. :<\/p>\n\n\n\n<ul class=\"wp-block-list\">\n<li>R\u00e9paration des surfaces \u00e9caill\u00e9es<\/li>\n\n\n\n<li>Am\u00e9liorer l'adh\u00e9rence du rev\u00eatement en rendant la surface rugueuse ou en la texturant<\/li>\n\n\n\n<li>D\u00e9graissage du composant<\/li>\n\n\n\n<li>Cr\u00e9ation de bords arrondis pour une manipulation s\u00fbre<\/li>\n\n\n\n<li>Pr\u00e9paration des pi\u00e8ces pour le placage<\/li>\n\n\n\n<li>Polissage des pi\u00e8ces pour en am\u00e9liorer l'aspect<\/li>\n\n\n\n<li><\/li>\n<\/ul>\n\n\n\n<figure class=\"wp-block-image aligncenter size-full\"><img fetchpriority=\"high\" decoding=\"async\" width=\"864\" height=\"247\" src=\"https:\/\/www.diecastingschina.com\/wp-content\/uploads\/2025\/02\/vibratory-deburring-services-for-die-cast-parts-1.jpg\" alt=\"\" class=\"wp-image-689\" srcset=\"https:\/\/www.diecastingschina.com\/wp-content\/uploads\/2025\/02\/vibratory-deburring-services-for-die-cast-parts-1.jpg 864w, https:\/\/www.diecastingschina.com\/wp-content\/uploads\/2025\/02\/vibratory-deburring-services-for-die-cast-parts-1-300x86.jpg 300w, https:\/\/www.diecastingschina.com\/wp-content\/uploads\/2025\/02\/vibratory-deburring-services-for-die-cast-parts-1-768x220.jpg 768w\" sizes=\"(max-width: 864px) 100vw, 864px\" \/><\/figure>\n\n\n\n<h2 class=\"wp-block-heading\">\u00c9bavurage par harp\u00e9risation ou centrifuge<\/h2>\n\n\n\n<p>M\u00e9thode de grenaillage de masse \u00e0 haute \u00e9nergie qui utilise les forces G pour finir les pi\u00e8ces. Ce proc\u00e9d\u00e9 permet d'\u00e9bavurer et de lisser les pi\u00e8ces moul\u00e9es sous pression dans un d\u00e9lai plus court que l'\u00e9bavurage vibratoire conventionnel et l'\u00e9bavurage manuel. Les forces G produites permettent d'\u00e9bavurer compl\u00e8tement les zones de la pi\u00e8ce que les services d'\u00e9bavurage standard ne peuvent pas atteindre. Ce processus de finition secondaire est r\u00e9serv\u00e9 aux pi\u00e8ces dont la taille est comprise entre 0,25 mm et 51 mm.<\/p>\n\n\n\n<h2 class=\"wp-block-heading\">\u00c9bavurage manuel<\/h2>\n\n\n\n<p>\u00c9galement connu sous le nom d'\u00e9bavurage manuel, ce processus n\u00e9cessite un technicien sp\u00e9cialis\u00e9 pour mener \u00e0 bien l'ensemble de l'op\u00e9ration. Die Castings China dispose d'une \u00e9quipe de techniciens sp\u00e9cialis\u00e9s qui ont des ann\u00e9es d'exp\u00e9rience dans le fonctionnement du service d'\u00e9bavurage manuel.<\/p>\n\n\n\n<p>L'\u00e9barbage manuel est un proc\u00e9d\u00e9 polyvalent qui peut convenir \u00e0 diverses pi\u00e8ces moul\u00e9es sous pression, qu'il s'agisse de produits \u00e0 tr\u00e8s haute tol\u00e9rance n\u00e9cessitant un \u00e9barbage d\u00e9licat sous microscope ou de composants automobiles n\u00e9cessitant l'enl\u00e8vement de mati\u00e8re \u00e0 l'aide de ponceuses ou de meuleuses. Comme tout le travail est effectu\u00e9 \u00e0 la main, nous sommes en mesure d'inspecter les pi\u00e8ces au fur et \u00e0 mesure pour garantir la qualit\u00e9 et la coh\u00e9rence.<\/p>\n\n\n\n<p>C'est souvent la meilleure option pour la plupart des pi\u00e8ces moul\u00e9es sous pression, en particulier pour les projets de faible volume. C'est aussi souvent le processus le plus efficace, en particulier lorsqu'un d\u00e9lai de livraison rapide est n\u00e9cessaire.<\/p>\n\n\n\n<figure class=\"wp-block-image aligncenter size-full\"><a href=\"\/fr\/contact-die-castings-china\/\"><img decoding=\"async\" width=\"940\" height=\"80\" src=\"https:\/\/www.diecastingschina.com\/wp-content\/uploads\/2025\/02\/satisfaction.jpg\" alt=\"\" class=\"wp-image-652\" title=\"Demandez un devis et commencez d\u00e8s aujourd&#039;hui\" srcset=\"https:\/\/www.diecastingschina.com\/wp-content\/uploads\/2025\/02\/satisfaction.jpg 940w, https:\/\/www.diecastingschina.com\/wp-content\/uploads\/2025\/02\/satisfaction-300x26.jpg 300w, https:\/\/www.diecastingschina.com\/wp-content\/uploads\/2025\/02\/satisfaction-768x65.jpg 768w\" sizes=\"(max-width: 940px) 100vw, 940px\" \/><\/a><\/figure>","protected":false},"excerpt":{"rendered":"<p>Our precision deburring services are the best choice to remove any burs on a die cast part. All of the zinc or aluminum die castings we manufacture are completely free of all burs. This deburring service will operate in the same fashion, regardless of zinc or aluminum material types. Vibratory Deburring This specific deburring option [&hellip;]<\/p>\n","protected":false},"author":3,"featured_media":0,"parent":679,"menu_order":0,"comment_status":"closed","ping_status":"closed","template":"","meta":{"footnotes":""},"class_list":["post-686","page","type-page","status-publish","hentry"],"_links":{"self":[{"href":"https:\/\/www.diecastingschina.com\/fr\/wp-json\/wp\/v2\/pages\/686","targetHints":{"allow":["GET"]}}],"collection":[{"href":"https:\/\/www.diecastingschina.com\/fr\/wp-json\/wp\/v2\/pages"}],"about":[{"href":"https:\/\/www.diecastingschina.com\/fr\/wp-json\/wp\/v2\/types\/page"}],"author":[{"embeddable":true,"href":"https:\/\/www.diecastingschina.com\/fr\/wp-json\/wp\/v2\/users\/3"}],"replies":[{"embeddable":true,"href":"https:\/\/www.diecastingschina.com\/fr\/wp-json\/wp\/v2\/comments?post=686"}],"version-history":[{"count":0,"href":"https:\/\/www.diecastingschina.com\/fr\/wp-json\/wp\/v2\/pages\/686\/revisions"}],"up":[{"embeddable":true,"href":"https:\/\/www.diecastingschina.com\/fr\/wp-json\/wp\/v2\/pages\/679"}],"wp:attachment":[{"href":"https:\/\/www.diecastingschina.com\/fr\/wp-json\/wp\/v2\/media?parent=686"}],"curies":[{"name":"wp","href":"https:\/\/api.w.org\/{rel}","templated":true}]}}