{"id":722,"date":"2025-02-28T10:24:40","date_gmt":"2025-02-28T10:24:40","guid":{"rendered":"https:\/\/www.diecastingschina.com\/?page_id=722"},"modified":"2025-02-28T10:27:04","modified_gmt":"2025-02-28T10:27:04","slug":"laadunvalvonta-die-casting","status":"publish","type":"page","link":"https:\/\/www.diecastingschina.com\/fi\/laadunvalvonta-die-casting\/","title":{"rendered":"Laadunvalvonta"},"content":{"rendered":"<p>Laadunvalvontahenkil\u00f6st\u00f6 <a href=\"\/fi\/ningbo-xusheng-machinery-die-casting-china\/\">Die Castings Kiina<\/a> varmistaa, ett\u00e4 <a href=\"\/fi\/painevalupalvelut-kiinassa\/\">painevalu<\/a> tiimi tarjoaa edelleen parhaan<a href=\"\/fi\/painevalupalvelut-kiinassa\/alumiinin-painevalu\/\"> alumiinin painevalu<\/a> ja <a href=\"\/fi\/painevalupalvelut-kiinassa\/sinkki-painevalu-kiina\/\">sinkkivaletut osat<\/a>.<\/p>\n\n\n\n<p>Meid\u00e4n painevalun tarkastus- ja laadunvalvontaprotokollamme on tiukasti valvottu TS16949- ja QS9000-sertifioinneilla. 3D CMM-anturit, vaa'at ja kalibrointimittarit huolletaan ja kalibroidaan s\u00e4\u00e4nn\u00f6llisesti, jotta varmistetaan, ett\u00e4 painevaletut osat ovat tarkkoja ja t\u00e4ytt\u00e4v\u00e4t vaaditut vaatimukset.<\/p>\n\n\n\n<p>Laadunvalvontahenkil\u00f6st\u00f6 suorittaa jatkuvaa koulutusta kaikista tarkastuskoneista ja uusista ominaisuuksista. Filosofiamme on, ett\u00e4 tarkastushenkil\u00f6st\u00f6 on laatutietoista; ylim\u00e4\u00e4r\u00e4inen aika ja ty\u00f6, joka on keskitetty projektiisi, parantavat lopputuotteen viimeistely\u00e4.<\/p>\n\n\n\n<figure class=\"wp-block-embed is-type-video is-provider-youtube wp-block-embed-youtube wp-embed-aspect-16-9 wp-has-aspect-ratio\"><div class=\"wp-block-embed__wrapper\">\n<iframe title=\"Laadunvalvontainsin\u00f6\u00f6rit Die Castings USA:ssa\" width=\"800\" height=\"450\" src=\"https:\/\/www.youtube.com\/embed\/39Wtxm-XzjE?feature=oembed\" frameborder=\"0\" allow=\"accelerometer; autoplay; clipboard-write; encrypted-media; gyroscope; picture-in-picture; web-share\" referrerpolicy=\"strict-origin-when-cross-origin\" allowfullscreen><\/iframe>\n<\/div><\/figure>\n\n\n\n<h2 class=\"wp-block-heading\">Laadunvalvontatarkoitukset<\/h2>\n\n\n\n<p>K\u00e4yt\u00e4mme laadunvarmistuksen tarkistuslistaa kaikille painevaluillemme, jotta voimme tehokkaasti seurata ja varmistaa, ett\u00e4 asiakkaillemme tuotetut painevalut t\u00e4ytt\u00e4v\u00e4t tarvittavat standardit ja vaatimukset.<\/p>\n\n\n\n<ul class=\"wp-block-list\">\n<li>ISO-vaatimusten mukainen laatuj\u00e4rjestelm\u00e4 k\u00e4yt\u00f6ss\u00e4<\/li>\n\n\n\n<li>Ensimm\u00e4isen artikkelin tarkastus \/ raportit<\/li>\n\n\n\n<li>Materiaalin sertifiointi<\/li>\n\n\n\n<li>PPAP<\/li>\n<\/ul>\n\n\n\n<h2 class=\"wp-block-heading\">Laadunvalvontalaitteiden luettelo<\/h2>\n\n\n\n<p><strong>Korkean tarkkuuden CMM-luettelo<\/strong><\/p>\n\n\n\n<ul class=\"wp-block-list\">\n<li>(1) Metro-3D 7106<\/li>\n\n\n\n<li>(1) Metro-3D 675<\/li>\n\n\n\n<li>(1) Metro-3D 654<\/li>\n<\/ul>\n\n\n\n<p><strong>Universal vetotestauskone Luettelo<\/strong><\/p>\n\n\n\n<ul class=\"wp-block-list\">\n<li>(1) Greenster WDW-50<\/li>\n<\/ul>\n\n\n\n<p><strong>Karheuden mittauslaitteiden luettelo<\/strong><\/p>\n\n\n\n<ul class=\"wp-block-list\">\n<li>(1) Accretech E35B<\/li>\n<\/ul>\n\n\n\n<p><strong>Kovuuden testaaja Luettelo<\/strong><\/p>\n\n\n\n<ul class=\"wp-block-list\">\n<li>(1) Lianer 187.5HBW<\/li>\n<\/ul>\n\n\n\n<p><strong>Puhtaustestauslaitteiden luettelo<\/strong><\/p>\n\n\n\n<ul class=\"wp-block-list\">\n<li>(1) Fengming<\/li>\n<\/ul>\n\n\n\n<p><strong>Spektrografien luettelo<\/strong><\/p>\n\n\n\n<ul class=\"wp-block-list\">\n<li>(1) Spect SPECTRO MAXX<\/li>\n<\/ul>\n\n\n\n<p><strong>R\u00f6ntgens\u00e4teen vianilmaisimen luettelo<\/strong><\/p>\n\n\n\n<ul class=\"wp-block-list\">\n<li>(1) Aolong XYD-1504<\/li>\n<\/ul>\n\n\n\n<p><strong>Suolasumun testaaja Luettelo<\/strong><\/p>\n\n\n\n<ul class=\"wp-block-list\">\n<li>(1) Wuxi Yingzhicheng YWX\/Q-150<\/li>\n<\/ul>\n\n\n\n<p><strong>Projektoriluettelo<\/strong><\/p>\n\n\n\n<ul class=\"wp-block-list\">\n<li>(1) Easson EV3020<\/li>\n<\/ul>\n\n\n\n<h2 class=\"wp-block-heading\">Ymp\u00e4rist\u00f6politiikka<\/h2>\n\n\n\n<p>Die Castings China edist\u00e4\u00e4 ymp\u00e4rist\u00f6yst\u00e4v\u00e4llist\u00e4 laitosta. Ymp\u00e4rist\u00f6n pilaantumisen ehk\u00e4iseminen ja alueellisten lakien ja asetusten noudattaminen mahdollistavat kest\u00e4v\u00e4n kehityksen ja ymp\u00e4rist\u00f6n pilaantumisen rajoittamisen.<\/p>\n\n\n\n<figure class=\"wp-block-image aligncenter size-full\"><a href=\"\/fi\/contact-die-castings-china\/\"><img fetchpriority=\"high\" decoding=\"async\" width=\"940\" height=\"80\" src=\"https:\/\/www.diecastingschina.com\/wp-content\/uploads\/2025\/02\/satisfaction.jpg\" alt=\"\" class=\"wp-image-652\" title=\"Pyyd\u00e4 tarjous ja aloita jo t\u00e4n\u00e4\u00e4n\" srcset=\"https:\/\/www.diecastingschina.com\/wp-content\/uploads\/2025\/02\/satisfaction.jpg 940w, https:\/\/www.diecastingschina.com\/wp-content\/uploads\/2025\/02\/satisfaction-300x26.jpg 300w, https:\/\/www.diecastingschina.com\/wp-content\/uploads\/2025\/02\/satisfaction-768x65.jpg 768w\" sizes=\"(max-width: 940px) 100vw, 940px\" \/><\/a><\/figure>","protected":false},"excerpt":{"rendered":"<p>The quality control staff at Die Castings China ensure that our die casting team continues to provide the best aluminum die casting and zinc die cast parts. Our die casting inspection and quality control protocol are strictly enforced through TS16949 and QS9000 certifications. The 3D CMM sensors, scales and calipers are regularly serviced and calibrated [&hellip;]<\/p>\n","protected":false},"author":3,"featured_media":0,"parent":0,"menu_order":0,"comment_status":"closed","ping_status":"closed","template":"","meta":{"footnotes":""},"class_list":["post-722","page","type-page","status-publish","hentry"],"_links":{"self":[{"href":"https:\/\/www.diecastingschina.com\/fi\/wp-json\/wp\/v2\/pages\/722","targetHints":{"allow":["GET"]}}],"collection":[{"href":"https:\/\/www.diecastingschina.com\/fi\/wp-json\/wp\/v2\/pages"}],"about":[{"href":"https:\/\/www.diecastingschina.com\/fi\/wp-json\/wp\/v2\/types\/page"}],"author":[{"embeddable":true,"href":"https:\/\/www.diecastingschina.com\/fi\/wp-json\/wp\/v2\/users\/3"}],"replies":[{"embeddable":true,"href":"https:\/\/www.diecastingschina.com\/fi\/wp-json\/wp\/v2\/comments?post=722"}],"version-history":[{"count":0,"href":"https:\/\/www.diecastingschina.com\/fi\/wp-json\/wp\/v2\/pages\/722\/revisions"}],"wp:attachment":[{"href":"https:\/\/www.diecastingschina.com\/fi\/wp-json\/wp\/v2\/media?parent=722"}],"curies":[{"name":"wp","href":"https:\/\/api.w.org\/{rel}","templated":true}]}}