{"id":735,"date":"2025-02-28T10:33:22","date_gmt":"2025-02-28T10:33:22","guid":{"rendered":"https:\/\/www.diecastingschina.com\/?page_id=735"},"modified":"2025-02-28T10:34:49","modified_gmt":"2025-02-28T10:34:49","slug":"garantia-al-cliente","status":"publish","type":"page","link":"https:\/\/www.diecastingschina.com\/es_mx\/cnm-tech-die-casting-china\/garantia-al-cliente\/","title":{"rendered":"Garant\u00eda del cliente"},"content":{"rendered":"<h2 class=\"wp-block-heading\">Nos aseguramos de que los productos de calidad salgan de nuestras instalaciones y lleguen a las suyas a tiempo<\/h2>\n\n\n\n<p>En <a href=\"\/es_mx\/ningbo-xusheng-machinery-die-casting-china\/\">Fundici\u00f3n a presi\u00f3n China<\/a>, nuestro <a href=\"\/es_mx\/servicios-de-fundicion-a-presion-china\/\">fundici\u00f3n a presi\u00f3n<\/a> se basan en la creencia de que la fabricaci\u00f3n de piezas de fundici\u00f3n a presi\u00f3n es una ciencia. Durante m\u00e1s de 20 a\u00f1os hemos perfeccionado nuestro protocolo de garant\u00eda al cliente. Para mantener nuestra posici\u00f3n de l\u00edder en fundici\u00f3n a presi\u00f3n, contamos con las normas de garant\u00eda de proveedores y clientes que respaldan esta base.<\/p>\n\n\n\n<p>Nuestro m\u00e9todo de garant\u00eda al cliente abarca todas las fases del proceso de fabricaci\u00f3n y suministro de piezas de fundici\u00f3n a presi\u00f3n. Empezando por el <a href=\"\/es_mx\/equipo-de-ingenieria-de-fundicion-a-presion\/\">fase de ingenier\u00eda<\/a> y terminando con entregas JIT. Como nos mantenemos al d\u00eda y mejoramos continuamente nuestra gesti\u00f3n de proyectos, podemos mantener nuestros plazos de entrega y nuestros costes de piezas bajos. Esto se traduce en unos \u00edndices muy elevados de satisfacci\u00f3n del cliente y de retenci\u00f3n de la producci\u00f3n.<\/p>\n\n\n\n<figure class=\"wp-block-image aligncenter size-full\"><a href=\"\/es_mx\/contact-die-castings-china\/\"><img fetchpriority=\"high\" decoding=\"async\" width=\"940\" height=\"80\" src=\"https:\/\/www.diecastingschina.com\/wp-content\/uploads\/2025\/02\/satisfaction.jpg\" alt=\"\" class=\"wp-image-652\" title=\"Solicite un presupuesto y empiece hoy mismo\" srcset=\"https:\/\/www.diecastingschina.com\/wp-content\/uploads\/2025\/02\/satisfaction.jpg 940w, https:\/\/www.diecastingschina.com\/wp-content\/uploads\/2025\/02\/satisfaction-300x26.jpg 300w, https:\/\/www.diecastingschina.com\/wp-content\/uploads\/2025\/02\/satisfaction-768x65.jpg 768w\" sizes=\"(max-width: 940px) 100vw, 940px\" \/><\/a><\/figure>","protected":false},"excerpt":{"rendered":"<p>We ensure quality products leave our facility and arrive at your facility on-time At Die Castings China, our die casting processes are built on the belief that manufacturing die cast parts is a science. For over 20 years we have fine tuned our customer assurance protocol. To maintain our position as a die casting leader, [&hellip;]<\/p>\n","protected":false},"author":3,"featured_media":0,"parent":714,"menu_order":0,"comment_status":"closed","ping_status":"closed","template":"","meta":{"footnotes":""},"class_list":["post-735","page","type-page","status-publish","hentry"],"_links":{"self":[{"href":"https:\/\/www.diecastingschina.com\/es_mx\/wp-json\/wp\/v2\/pages\/735","targetHints":{"allow":["GET"]}}],"collection":[{"href":"https:\/\/www.diecastingschina.com\/es_mx\/wp-json\/wp\/v2\/pages"}],"about":[{"href":"https:\/\/www.diecastingschina.com\/es_mx\/wp-json\/wp\/v2\/types\/page"}],"author":[{"embeddable":true,"href":"https:\/\/www.diecastingschina.com\/es_mx\/wp-json\/wp\/v2\/users\/3"}],"replies":[{"embeddable":true,"href":"https:\/\/www.diecastingschina.com\/es_mx\/wp-json\/wp\/v2\/comments?post=735"}],"version-history":[{"count":0,"href":"https:\/\/www.diecastingschina.com\/es_mx\/wp-json\/wp\/v2\/pages\/735\/revisions"}],"up":[{"embeddable":true,"href":"https:\/\/www.diecastingschina.com\/es_mx\/wp-json\/wp\/v2\/pages\/714"}],"wp:attachment":[{"href":"https:\/\/www.diecastingschina.com\/es_mx\/wp-json\/wp\/v2\/media?parent=735"}],"curies":[{"name":"wp","href":"https:\/\/api.w.org\/{rel}","templated":true}]}}