{"id":726,"date":"2025-02-28T10:28:50","date_gmt":"2025-02-28T10:28:50","guid":{"rendered":"https:\/\/www.diecastingschina.com\/?page_id=726"},"modified":"2025-02-28T10:30:09","modified_gmt":"2025-02-28T10:30:09","slug":"equipo-de-ingenieria-de-fundicion-a-presion","status":"publish","type":"page","link":"https:\/\/www.diecastingschina.com\/es_mx\/equipo-de-ingenieria-de-fundicion-a-presion\/","title":{"rendered":"Equipo de ingenier\u00eda"},"content":{"rendered":"<h2 class=\"wp-block-heading\">Garantizar que sus proyectos de fundici\u00f3n a presi\u00f3n reciben el an\u00e1lisis de ingenier\u00eda m\u00e1s eficaz<\/h2>\n\n\n\n<figure class=\"wp-block-image alignright size-full\"><img fetchpriority=\"high\" decoding=\"async\" width=\"400\" height=\"411\" src=\"https:\/\/www.diecastingschina.com\/wp-content\/uploads\/2025\/02\/ningbo-xusheng-engineering-team.jpg\" alt=\"\" class=\"wp-image-728\" title=\"Equipo de ingenier\u00eda de maquinaria Ningbo Xusheng\" srcset=\"https:\/\/www.diecastingschina.com\/wp-content\/uploads\/2025\/02\/ningbo-xusheng-engineering-team.jpg 400w, https:\/\/www.diecastingschina.com\/wp-content\/uploads\/2025\/02\/ningbo-xusheng-engineering-team-292x300.jpg 292w\" sizes=\"(max-width: 400px) 100vw, 400px\" \/><\/figure>\n\n\n\n<p><a href=\"\/es_mx\/ningbo-xusheng-machinery-die-casting-china\/\">Fundici\u00f3n a presi\u00f3n China<\/a> es un \"l\u00edder orientado a las personas y centrado en la tecnolog\u00eda\" en el <a href=\"\/es_mx\/servicios-de-fundicion-a-presion-china\/\">industria de fundici\u00f3n a presi\u00f3n<\/a>. Nuestro personal de ingenier\u00eda se mantiene al d\u00eda de las \u00faltimas tecnolog\u00edas recibiendo peri\u00f3dicamente la formaci\u00f3n t\u00e9cnica y de gesti\u00f3n m\u00e1s avanzada.<\/p>\n\n\n\n<p>Nuestros ingenieros, altamente cualificados y especializados, ayudan a nuestros clientes y posibles clientes con presupuestos, prototipado r\u00e1pido y dise\u00f1o de herramientas. Colaboran estrechamente con la producci\u00f3n de componentes y la estrategia de calidad. Estos esfuerzos estandarizados crean un m\u00e9todo eficiente de dise\u00f1os de herramientas funcionales y pr\u00e1cticas para mejorar la calidad en todas las fases de ingenier\u00eda y producci\u00f3n.<\/p>\n\n\n\n<p>En la actualidad, contamos con m\u00e1s de 130 empleados internos experimentados para diversas funciones cient\u00edficas y t\u00e9cnicas. Adem\u00e1s, contamos con m\u00e1s de 40 miembros de equipo dedicados exclusivamente a la investigaci\u00f3n y la tecnolog\u00eda.<\/p>\n\n\n\n<h2 class=\"wp-block-heading\">Servicios de ingenier\u00eda de prototipos<\/h2>\n\n\n\n<p>Nos esforzamos continuamente por proporcionar prototipos de fundici\u00f3n a presi\u00f3n que van desde componentes individuales m\u00e1s peque\u00f1os hasta conjuntos completos que pueden probarse para comprobar su ajuste, forma y funci\u00f3n antes de la producci\u00f3n. Se pueden fabricar prototipos con propiedades similares a las de una fundici\u00f3n a alta presi\u00f3n. Estas piezas pueden utilizarse para verificar el rendimiento del producto acabado.<\/p>\n\n\n\n<p>El modelado de flujo proporciona una simulaci\u00f3n por ordenador del flujo de metal dentro de la matriz de acero fundido a presi\u00f3n. Las simulaciones de flujo muestran posibles puntos problem\u00e1ticos que pueden eliminarse introduciendo cambios en la pieza, el canal, la compuerta o los sistemas de desbordamiento antes de la construcci\u00f3n de la matriz. Esto mejora nuestro \u00e9xito en la primera tirada y ayuda a reducir el tiempo necesario para lanzar un nuevo programa.<\/p>\n\n\n\n<figure class=\"wp-block-image aligncenter size-full\"><a href=\"\/es_mx\/contact-die-castings-china\/\"><img decoding=\"async\" width=\"940\" height=\"80\" src=\"https:\/\/www.diecastingschina.com\/wp-content\/uploads\/2025\/02\/satisfaction.jpg\" alt=\"\" class=\"wp-image-652\" title=\"Solicite un presupuesto y empiece hoy mismo\" srcset=\"https:\/\/www.diecastingschina.com\/wp-content\/uploads\/2025\/02\/satisfaction.jpg 940w, https:\/\/www.diecastingschina.com\/wp-content\/uploads\/2025\/02\/satisfaction-300x26.jpg 300w, https:\/\/www.diecastingschina.com\/wp-content\/uploads\/2025\/02\/satisfaction-768x65.jpg 768w\" sizes=\"(max-width: 940px) 100vw, 940px\" \/><\/a><\/figure>","protected":false},"excerpt":{"rendered":"<p>Ensuring your die cast projects receive the most efficient engineering analysis Die Castings China is a \u201cpeople oriented, technology focused leader\u201d in the die casting industry. Our Engineering staff&nbsp; stays current with the latest technology by receiving the most advanced management and technical training on a regular basis. Our highly skilled, specialized engineers provide assistance [&hellip;]<\/p>\n","protected":false},"author":3,"featured_media":0,"parent":0,"menu_order":0,"comment_status":"closed","ping_status":"closed","template":"","meta":{"footnotes":""},"class_list":["post-726","page","type-page","status-publish","hentry"],"_links":{"self":[{"href":"https:\/\/www.diecastingschina.com\/es_mx\/wp-json\/wp\/v2\/pages\/726","targetHints":{"allow":["GET"]}}],"collection":[{"href":"https:\/\/www.diecastingschina.com\/es_mx\/wp-json\/wp\/v2\/pages"}],"about":[{"href":"https:\/\/www.diecastingschina.com\/es_mx\/wp-json\/wp\/v2\/types\/page"}],"author":[{"embeddable":true,"href":"https:\/\/www.diecastingschina.com\/es_mx\/wp-json\/wp\/v2\/users\/3"}],"replies":[{"embeddable":true,"href":"https:\/\/www.diecastingschina.com\/es_mx\/wp-json\/wp\/v2\/comments?post=726"}],"version-history":[{"count":0,"href":"https:\/\/www.diecastingschina.com\/es_mx\/wp-json\/wp\/v2\/pages\/726\/revisions"}],"wp:attachment":[{"href":"https:\/\/www.diecastingschina.com\/es_mx\/wp-json\/wp\/v2\/media?parent=726"}],"curies":[{"name":"wp","href":"https:\/\/api.w.org\/{rel}","templated":true}]}}