{"id":722,"date":"2025-02-28T10:24:40","date_gmt":"2025-02-28T10:24:40","guid":{"rendered":"https:\/\/www.diecastingschina.com\/?page_id=722"},"modified":"2025-02-28T10:27:04","modified_gmt":"2025-02-28T10:27:04","slug":"control-de-calidad-fundicion-a-presion","status":"publish","type":"page","link":"https:\/\/www.diecastingschina.com\/es_mx\/control-de-calidad-fundicion-a-presion\/","title":{"rendered":"Control de calidad"},"content":{"rendered":"<p>El personal de control de calidad de <a href=\"\/es_mx\/ningbo-xusheng-machinery-die-casting-china\/\">Fundici\u00f3n a presi\u00f3n China<\/a> garantizar que nuestros <a href=\"\/es_mx\/servicios-de-fundicion-a-presion-china\/\">fundici\u00f3n a presi\u00f3n<\/a> equipo sigue proporcionando los mejores<a href=\"\/es_mx\/servicios-de-fundicion-a-presion-china\/fundicion-de-aluminio-a-presion\/\"> fundici\u00f3n de aluminio a presi\u00f3n<\/a> y <a href=\"\/es_mx\/servicios-de-fundicion-a-presion-china\/zinc-die-casting-china\/\">piezas de fundici\u00f3n inyectada de cinc<\/a>.<\/p>\n\n\n\n<p>Nuestro protocolo de inspecci\u00f3n y control de calidad de la fundici\u00f3n a presi\u00f3n se aplica estrictamente mediante las certificaciones TS16949 y QS9000. Los sensores 3D CMM, las b\u00e1sculas y los calibradores se revisan y calibran peri\u00f3dicamente para garantizar que nuestras piezas de fundici\u00f3n a presi\u00f3n sean precisas y cumplan las especificaciones requeridas.<\/p>\n\n\n\n<p>El personal de control de calidad recibe formaci\u00f3n continua sobre todas las m\u00e1quinas de inspecci\u00f3n y sus nuevas caracter\u00edsticas. Nuestra filosof\u00eda es que el personal de inspecci\u00f3n sea consciente de la calidad; el tiempo y el esfuerzo adicionales centrados en su proyecto mejorar\u00e1n el acabado final del producto.<\/p>\n\n\n\n<figure class=\"wp-block-embed is-type-video is-provider-youtube wp-block-embed-youtube wp-embed-aspect-16-9 wp-has-aspect-ratio\"><div class=\"wp-block-embed__wrapper\">\n<iframe title=\"Ingenieros de control de calidad en Die Castings USA\" width=\"800\" height=\"450\" src=\"https:\/\/www.youtube.com\/embed\/39Wtxm-XzjE?feature=oembed\" frameborder=\"0\" allow=\"accelerometer; autoplay; clipboard-write; encrypted-media; gyroscope; picture-in-picture; web-share\" referrerpolicy=\"strict-origin-when-cross-origin\" allowfullscreen><\/iframe>\n<\/div><\/figure>\n\n\n\n<h2 class=\"wp-block-heading\">Control de calidad<\/h2>\n\n\n\n<p>Utilizamos una lista de comprobaci\u00f3n de garant\u00eda de calidad para todas nuestras piezas de fundici\u00f3n a presi\u00f3n con el fin de realizar un seguimiento eficaz y verificar que las piezas de fundici\u00f3n a presi\u00f3n producidas para nuestros clientes cumplen las normas y requisitos necesarios.<\/p>\n\n\n\n<ul class=\"wp-block-list\">\n<li>Sistema de calidad conforme a la norma ISO<\/li>\n\n\n\n<li>Inspecci\u00f3n del primer art\u00edculo \/ Informes<\/li>\n\n\n\n<li>Certificaci\u00f3n de materiales<\/li>\n\n\n\n<li>PPAP<\/li>\n<\/ul>\n\n\n\n<h2 class=\"wp-block-heading\">Lista de equipos de control de calidad<\/h2>\n\n\n\n<p><strong>Lista de MMC de alta precisi\u00f3n<\/strong><\/p>\n\n\n\n<ul class=\"wp-block-list\">\n<li>(1) Metro-3D 7106<\/li>\n\n\n\n<li>(1) Metro-3D 675<\/li>\n\n\n\n<li>(1) Metro-3D 654<\/li>\n<\/ul>\n\n\n\n<p><strong>Lista de m\u00e1quinas universales de ensayo de tracci\u00f3n<\/strong><\/p>\n\n\n\n<ul class=\"wp-block-list\">\n<li>(1) Greenster WDW-50<\/li>\n<\/ul>\n\n\n\n<p><strong>Lista de instrumentos de medici\u00f3n de la rugosidad<\/strong><\/p>\n\n\n\n<ul class=\"wp-block-list\">\n<li>(1) Accretech E35B<\/li>\n<\/ul>\n\n\n\n<p><strong>Lista de dur\u00f3metros<\/strong><\/p>\n\n\n\n<ul class=\"wp-block-list\">\n<li>(1) Lianer 187.5HBW<\/li>\n<\/ul>\n\n\n\n<p><strong>Lista de equipos para pruebas de limpieza<\/strong><\/p>\n\n\n\n<ul class=\"wp-block-list\">\n<li>(1) Fengming<\/li>\n<\/ul>\n\n\n\n<p><strong>Lista de espectr\u00f3grafos<\/strong><\/p>\n\n\n\n<ul class=\"wp-block-list\">\n<li>(1) Espectro SPECTRO MAXX<\/li>\n<\/ul>\n\n\n\n<p><strong>Lista de detectores de defectos por rayos X<\/strong><\/p>\n\n\n\n<ul class=\"wp-block-list\">\n<li>(1) Aolong XYD-1504<\/li>\n<\/ul>\n\n\n\n<p><strong>Lista de comprobadores de niebla salina<\/strong><\/p>\n\n\n\n<ul class=\"wp-block-list\">\n<li>(1) Wuxi Yingzhicheng YWX\/Q-150<\/li>\n<\/ul>\n\n\n\n<p><strong>Lista de proyectores<\/strong><\/p>\n\n\n\n<ul class=\"wp-block-list\">\n<li>(1) Easson EV3020<\/li>\n<\/ul>\n\n\n\n<h2 class=\"wp-block-heading\">Pol\u00edtica medioambiental<\/h2>\n\n\n\n<p>En Die Castings China promovemos unas instalaciones respetuosas con el medio ambiente. La prevenci\u00f3n de la contaminaci\u00f3n ambiental y el cumplimiento de las leyes y normativas regionales nos permiten lograr un desarrollo sostenible al tiempo que limitamos la contaminaci\u00f3n ambiental.<\/p>\n\n\n\n<figure class=\"wp-block-image aligncenter size-full\"><a href=\"\/es_mx\/contact-die-castings-china\/\"><img fetchpriority=\"high\" decoding=\"async\" width=\"940\" height=\"80\" src=\"https:\/\/www.diecastingschina.com\/wp-content\/uploads\/2025\/02\/satisfaction.jpg\" alt=\"\" class=\"wp-image-652\" title=\"Solicite un presupuesto y empiece hoy mismo\" srcset=\"https:\/\/www.diecastingschina.com\/wp-content\/uploads\/2025\/02\/satisfaction.jpg 940w, https:\/\/www.diecastingschina.com\/wp-content\/uploads\/2025\/02\/satisfaction-300x26.jpg 300w, https:\/\/www.diecastingschina.com\/wp-content\/uploads\/2025\/02\/satisfaction-768x65.jpg 768w\" sizes=\"(max-width: 940px) 100vw, 940px\" \/><\/a><\/figure>","protected":false},"excerpt":{"rendered":"<p>The quality control staff at Die Castings China ensure that our die casting team continues to provide the best aluminum die casting and zinc die cast parts. Our die casting inspection and quality control protocol are strictly enforced through TS16949 and QS9000 certifications. The 3D CMM sensors, scales and calipers are regularly serviced and calibrated [&hellip;]<\/p>\n","protected":false},"author":3,"featured_media":0,"parent":0,"menu_order":0,"comment_status":"closed","ping_status":"closed","template":"","meta":{"footnotes":""},"class_list":["post-722","page","type-page","status-publish","hentry"],"_links":{"self":[{"href":"https:\/\/www.diecastingschina.com\/es_mx\/wp-json\/wp\/v2\/pages\/722","targetHints":{"allow":["GET"]}}],"collection":[{"href":"https:\/\/www.diecastingschina.com\/es_mx\/wp-json\/wp\/v2\/pages"}],"about":[{"href":"https:\/\/www.diecastingschina.com\/es_mx\/wp-json\/wp\/v2\/types\/page"}],"author":[{"embeddable":true,"href":"https:\/\/www.diecastingschina.com\/es_mx\/wp-json\/wp\/v2\/users\/3"}],"replies":[{"embeddable":true,"href":"https:\/\/www.diecastingschina.com\/es_mx\/wp-json\/wp\/v2\/comments?post=722"}],"version-history":[{"count":0,"href":"https:\/\/www.diecastingschina.com\/es_mx\/wp-json\/wp\/v2\/pages\/722\/revisions"}],"wp:attachment":[{"href":"https:\/\/www.diecastingschina.com\/es_mx\/wp-json\/wp\/v2\/media?parent=722"}],"curies":[{"name":"wp","href":"https:\/\/api.w.org\/{rel}","templated":true}]}}